{"id":5000,"date":"2018-11-08T11:14:21","date_gmt":"2018-11-08T11:14:21","guid":{"rendered":"https:\/\/poezjaiewangelia.pl\/?page_id=5000"},"modified":"2022-07-18T18:08:38","modified_gmt":"2022-07-18T17:08:38","slug":"swieto-podwyzszenia-krzyza-swietego-rok-a-b-c-14-09","status":"publish","type":"page","link":"https:\/\/poezjaiewangelia.pl\/?page_id=5000","title":{"rendered":"\u015awi\u0119to Podwy\u017cszenia Krzy\u017ca \u015awi\u0119tego rok ABC; (14.09.)"},"content":{"rendered":"\n<p><span style=\"color: #1e73be;\"><a style=\"color: #1e73be;\" href=\"https:\/\/poezjaiewangelia.pl\/?page_id=63#S63\">Powr\u00f3t do \u015awi\u0119ta,<\/a>&nbsp;&nbsp;<\/span><a id=\"S5000\"><\/a><span style=\"color: #1e73be;\"><a style=\"color: #1e73be;\" href=\"https:\/\/poezjaiewangelia.pl\/?page_id=4993#S4993\"> Uroczysto\u015bci i \u015bwi\u0119ta IX \u2013 X,&nbsp; <\/a><\/span><a id=\"Gora\"><\/a><span style=\"color: #1e73be;\">&nbsp;<a style=\"color: #1e73be;\" href=\"https:\/\/poezjaiewangelia.pl\/?page_id=703#S703\">Powr\u00f3t do Linki<\/a><\/span><\/p>\n\n\n<div class=\"wp-block-image\">\n<figure class=\"alignright size-large\"><img loading=\"lazy\" decoding=\"async\" width=\"150\" height=\"150\" src=\"https:\/\/poezjaiewangelia.pl\/wp-content\/uploads\/2018\/11\/Czerwona-r\u00f3\u017ca2-e1592152757895.png\" alt=\"Czerwona r\u00f3\u017ca\" class=\"wp-image-4739\"\/><figcaption>Kolor szat<\/figcaption><\/figure>\n<\/div>\n\n<div class=\"wp-block-image\">\n<figure class=\"alignleft size-large\"><a href=\"https:\/\/pl.wikipedia.org\/wiki\/Krzy%C5%BC_jerozolimski\" target=\"_blank\" rel=\"noopener noreferrer\"><img loading=\"lazy\" decoding=\"async\" width=\"101\" height=\"100\" src=\"https:\/\/poezjaiewangelia.pl\/wp-content\/uploads\/2015\/11\/Krzyz-Jerozolimski.jpg\" alt=\"Krzy\u017c Jerozolimski\" class=\"wp-image-107\" title=\"Krzy\u017c Jerozolimski\"\/><\/a><\/figure>\n<\/div>\n\n\n<hr class=\"wp-block-separator has-text-color has-luminous-vivid-amber-color has-css-opacity has-luminous-vivid-amber-background-color has-background is-style-dots\"\/>\n\n\n\n<p><strong>Ewangelia: J 3, 13 \u2013 17;<\/strong><\/p>\n\n\n\n<h2 class=\"wp-block-heading\"><strong><span class=\"has-inline-color has-luminous-vivid-orange-color\">S\u0141OWO BO\u017bE<\/span><\/strong><\/h2>\n\n\n\n<p><strong>Nikodem<\/strong><\/p>\n<p>13 I nikt nie wst\u0105pi\u0142 do nieba, opr\u00f3cz Tego, kt\u00f3ry z nieba zst\u0105pi\u0142 \u2013 Syna Cz\u0142owieczego.<br \/>14 A jak Moj\u017cesz wywy\u017cszy\u0142 w\u0119\u017ca na pustyni, tak potrzeba, by wywy\u017cszono Syna Cz\u0142owieczego,<br \/>15 aby ka\u017cdy, kto w Niego wierzy, mia\u0142 \u017cycie wieczne.<br \/><span style=\"color: #993300;\"><strong>16 Tak bowiem B\u00f3g umi\u0142owa\u0142 \u015bwiat, \u017ce Syna swego Jednorodzonego da\u0142, aby ka\u017cdy, kto w Niego wierzy, nie zgin\u0105\u0142, ale mia\u0142 \u017cycie wieczne.<\/strong><\/span><br \/><span style=\"color: #993300;\"><strong> 17 Albowiem B\u00f3g nie pos\u0142a\u0142 swego Syna na \u015bwiat po to, aby \u015bwiat pot\u0119pi\u0142, ale po to, by \u015bwiat zosta\u0142 przez Niego zbawiony.<\/strong><\/span><\/p>\n\n\n\n<h2 class=\"wp-block-heading\"><strong><span class=\"has-inline-color has-luminous-vivid-orange-color\">REFLEKSJA<\/span><\/strong><\/h2>\n\n\n<div class=\"wp-block-image\">\n<figure class=\"alignright size-large is-resized\"><a href=\"https:\/\/commons.wikimedia.org\/wiki\/File:Peter_Paul_Rubens_-_The_Crucified_Christ_-_WGA20190.jpg\" target=\"_blank\" rel=\"noopener noreferrer\"><img loading=\"lazy\" decoding=\"async\" src=\"https:\/\/poezjaiewangelia.pl\/wp-content\/uploads\/2015\/11\/0a7ac756572411879ba3979d74feedaa-e1458600813242.jpg\" alt=\"Peter Paul Rubens Chrystus ukrzy\u017cowany\" class=\"wp-image-2806\" width=\"300\" height=\"521\" title=\"Peter Paul Rubens Chrystus ukrzy\u017cowany\"\/><\/a><figcaption><center><em>Peter Paul Rubens Chrystus ukrzy\u017cowany<\/em><\/center><\/figcaption><\/figure>\n<\/div>\n\n\n<p><strong>Jan Twardowski&nbsp;<\/strong><\/p>\n\n\n\n<p><em><strong>Spotkanie pi\u0105tkowe<\/strong><\/em><\/p>\n\n\n\n<p>W kt\u00f3ry\u015b pi\u0105tek gdy p\u0142aka\u0142o serce<br>wszed\u0142e\u015b nagle zamkni\u0119tymi drzwiami<br>i z\u0142o\u017cy\u0142e\u015b mi r\u0119ce na g\u0142owie,<br>r\u0119ce swoje ranami pokryte.<\/p>\n\n\n\n<p>To Ty Jezu, co si\u0119 z Tob\u0105 sta\u0142o?..<br>krzy\u017c rzuci\u0142e\u015b w pobliskich kasztanach \u2013<br>cierpie\u0144 ziemskich mi teraz zbyt ma\u0142o,<br>ukrytemu nagle w ranach Twoich.<\/p>\n\n\n\n<p>A co b\u0119dzie, gdy odejdziesz noc\u0105?<br>b\u00f3l powr\u00f3ci, smutek, niepokoje\u2026<br>s\u0142ysz\u0119 jeszcze, cho\u0107 brzozy trzepoc\u0105 \u2013<br>szept jak potok: \u2013 Rany moje kochaj<\/p>\n\n\n\n<p><em><strong>\u201ePos\u0142aniec nadziei\u201d, Warszawa \u2013 Rzesz\u00f3w 2005, str. 55<\/strong><\/em><\/p>\n\n\n\n<p><strong>J<\/strong><strong>an Twardowski&nbsp;<\/strong><\/p>\n\n\n\n<p><em><strong>Nie jak ale dlaczego<\/strong><\/em><\/p>\n\n\n\n<p>Dlaczego krzy\u017c<br>u\u015bmiech<br>rana g\u0142\u0119boka<\/p>\n\n\n\n<p>widzisz<br>to takie proste<br>kiedy si\u0119 kocha<\/p>\n\n\n\n<p><em><strong>\u201ePos\u0142aniec nadziei\u201d, Warszawa \u2013 Rzesz\u00f3w 2005, str.117<\/strong><\/em><\/p>\n\n\n\n<p class=\"has-text-align-center\"><a href=\"https:\/\/poezjaiewangelia.pl\/?page_id=5000#Gora\"><span style=\"color:#1e73be\" class=\"has-inline-color\">Do g\u00f3ry<\/span><\/a><\/p>\n","protected":false},"excerpt":{"rendered":"<p>Powr\u00f3t do \u015awi\u0119ta,&nbsp;&nbsp; Uroczysto\u015bci i \u015bwi\u0119ta IX \u2013 X,&nbsp; &nbsp;Powr\u00f3t do Linki Ewangelia: J 3, 13 \u2013 17; Nikodem 13 I nikt nie wst\u0105pi\u0142 do nieba, opr\u00f3cz Tego, kt\u00f3ry z nieba zst\u0105pi\u0142 \u2013 Syna Cz\u0142owieczego.14 A jak Moj\u017cesz wywy\u017cszy\u0142 w\u0119\u017ca na pustyni, tak potrzeba, by wywy\u017cszono Syna Cz\u0142owieczego,15 aby ka\u017cdy, kto w Niego wierzy, mia\u0142 &hellip; <a href=\"https:\/\/poezjaiewangelia.pl\/?page_id=5000\" class=\"more-link\">Czytaj dalej <span class=\"screen-reader-text\">\u015awi\u0119to Podwy\u017cszenia Krzy\u017ca \u015awi\u0119tego rok ABC; (14.09.)<\/span><\/a><\/p>\n","protected":false},"author":1,"featured_media":0,"parent":4993,"menu_order":2,"comment_status":"closed","ping_status":"closed","template":"","meta":{"_monsterinsights_skip_tracking":false,"_monsterinsights_sitenote_active":false,"_monsterinsights_sitenote_note":"","_monsterinsights_sitenote_category":0,"footnotes":""},"class_list":["post-5000","page","type-page","status-publish","hentry"],"aioseo_notices":[],"_links":{"self":[{"href":"https:\/\/poezjaiewangelia.pl\/index.php?rest_route=\/wp\/v2\/pages\/5000","targetHints":{"allow":["GET"]}}],"collection":[{"href":"https:\/\/poezjaiewangelia.pl\/index.php?rest_route=\/wp\/v2\/pages"}],"about":[{"href":"https:\/\/poezjaiewangelia.pl\/index.php?rest_route=\/wp\/v2\/types\/page"}],"author":[{"embeddable":true,"href":"https:\/\/poezjaiewangelia.pl\/index.php?rest_route=\/wp\/v2\/users\/1"}],"replies":[{"embeddable":true,"href":"https:\/\/poezjaiewangelia.pl\/index.php?rest_route=%2Fwp%2Fv2%2Fcomments&post=5000"}],"version-history":[{"count":11,"href":"https:\/\/poezjaiewangelia.pl\/index.php?rest_route=\/wp\/v2\/pages\/5000\/revisions"}],"predecessor-version":[{"id":10034,"href":"https:\/\/poezjaiewangelia.pl\/index.php?rest_route=\/wp\/v2\/pages\/5000\/revisions\/10034"}],"up":[{"embeddable":true,"href":"https:\/\/poezjaiewangelia.pl\/index.php?rest_route=\/wp\/v2\/pages\/4993"}],"wp:attachment":[{"href":"https:\/\/poezjaiewangelia.pl\/index.php?rest_route=%2Fwp%2Fv2%2Fmedia&parent=5000"}],"curies":[{"name":"wp","href":"https:\/\/api.w.org\/{rel}","templated":true}]}}