{"id":5002,"date":"2018-11-08T11:40:43","date_gmt":"2018-11-08T11:40:43","guid":{"rendered":"https:\/\/poezjaiewangelia.pl\/?page_id=5002"},"modified":"2022-07-18T18:09:52","modified_gmt":"2022-07-18T17:09:52","slug":"swieto-sw-stanislawa-kostki-patrona-polski-rok-a-b-c-18-09","status":"publish","type":"page","link":"https:\/\/poezjaiewangelia.pl\/?page_id=5002","title":{"rendered":"\u015awi\u0119to \u015aw. Stanis\u0142awa Kostki \u2013 Patrona Polski rok ABC; (18.09.)"},"content":{"rendered":"\n<p><span style=\"color: #1e73be;\"><a style=\"color: #1e73be;\" href=\"https:\/\/poezjaiewangelia.pl\/?page_id=63#S63\">Powr\u00f3t do \u015awi\u0119ta,<\/a>&nbsp;&nbsp;<\/span><a id=\"S5002\"><\/a><span style=\"color: #1e73be;\"><strong>&nbsp;<\/strong><a style=\"color: #1e73be;\" href=\"https:\/\/poezjaiewangelia.pl\/?page_id=4993#S4993\">Uroczysto\u015bci i \u015bwi\u0119ta IX \u2013 X<\/a>,&nbsp; <a id=\"Gora\" style=\"color: #1e73be;\"><\/a> &nbsp;<a style=\"color: #1e73be;\" href=\"https:\/\/poezjaiewangelia.pl\/?page_id=703#S703\">Powr\u00f3t do Linki<\/a><\/span><\/p>\n\n\n<div class=\"wp-block-image\">\n<figure class=\"alignright size-large\"><img loading=\"lazy\" decoding=\"async\" width=\"150\" height=\"150\" src=\"https:\/\/poezjaiewangelia.pl\/wp-content\/uploads\/2018\/10\/R\u00f3\u017ca-bia\u0142a-e1592148272533.png\" alt=\"Kolor szat\" class=\"wp-image-4591\"\/><figcaption>Kolor szat<\/figcaption><\/figure>\n<\/div>\n\n<div class=\"wp-block-image\">\n<figure class=\"alignleft size-large\"><a href=\"https:\/\/commons.wikimedia.org\/wiki\/File:St._Stanislaus_Kostka.JPG\" target=\"_blank\" rel=\"noopener noreferrer\"><img loading=\"lazy\" decoding=\"async\" width=\"100\" height=\"125\" src=\"https:\/\/poezjaiewangelia.pl\/wp-content\/uploads\/2020\/06\/\u015aw.-Stanisaw-Kostka.jpg\" alt=\"\u015aw. Stanisaw Kostka\" class=\"wp-image-8656\" title=\"\u015aw. Stanisaw Kostka\"\/><\/a><\/figure>\n<\/div>\n\n\n<hr class=\"wp-block-separator has-text-color has-luminous-vivid-amber-color has-css-opacity has-luminous-vivid-amber-background-color has-background is-style-dots\"\/>\n\n\n\n<p><strong>Ewangelia: \u0141k 2, 41 \u2013 52;<\/strong><\/p>\n\n\n\n<h2 class=\"wp-block-heading\"><strong><span class=\"has-inline-color has-luminous-vivid-orange-color\">S\u0141OWO BO\u017bE<\/span><\/strong><\/h2>\n\n\n<div class=\"wp-block-image\">\n<figure class=\"alignleft size-large is-resized\"><a href=\"https:\/\/www.wga.hu\/frames-e.html?\/html\/p\/pinturic\/baglioni\/2doctor.html\" target=\"_blank\" rel=\"noopener noreferrer\"><img loading=\"lazy\" decoding=\"async\" src=\"https:\/\/poezjaiewangelia.pl\/wp-content\/uploads\/2015\/11\/e8c4b7171a0f82fb96633286eff1d023-e1462099766839.jpg\" alt=\"Pinturiccio Chrystus w\u015br\u00f3d doktor\u00f3w\" class=\"wp-image-2809\" width=\"318\" height=\"381\" title=\"Pinturiccio Chrystus w\u015br\u00f3d doktor\u00f3w\"\/><\/a><figcaption><center><em>Pinturiccio Chrystus w\u015br\u00f3d doktor\u00f3w<\/em><\/center><\/figcaption><\/figure>\n<\/div>\n\n\n<p><strong>Dwunastoletni Jezus w \u015bwi\u0105tyni<\/strong><\/p>\n<p>41 Rodzice Jego chodzili co roku do Jerozolimy na \u015awi\u0119to Paschy.<br \/>42 Gdy mia\u0142 lat dwana\u015bcie*, udali si\u0119 tam zwyczajem \u015bwi\u0105tecznym.<br \/>43 Kiedy wracali po sko\u0144czonych uroczysto\u015bciach, zosta\u0142 Jezus w Jerozolimie, a tego nie zauwa\u017cyli Jego Rodzice.<br \/>44 Przypuszczaj\u0105c, \u017ce jest w towarzystwie p\u0105tnik\u00f3w, uszli dzie\u0144 drogi i szukali Go w\u015br\u00f3d krewnych i znajomych.<br \/>45 Gdy Go nie znale\u017ali, wr\u00f3cili do Jerozolimy szukaj\u0105c Go.<br \/>46 Dopiero po trzech dniach odnale\u017ali Go w \u015bwi\u0105tyni, gdzie siedzia\u0142 mi\u0119dzy nauczycielami, przys\u0142uchiwa\u0142 si\u0119 im i zadawa\u0142 pytania.<br \/>47 Wszyscy za\u015b, kt\u00f3rzy Go s\u0142uchali, byli zdumieni bystro\u015bci\u0105 Jego umys\u0142u i odpowiedziami.<br \/><span style=\"color: #993300;\"><strong>48 Na ten widok zdziwili si\u0119 bardzo, a Jego Matka rzek\u0142a do Niego: \u00abSynu, czemu\u015b nam to uczyni\u0142? Oto ojciec Tw\u00f3j i ja z b\u00f3lem serca szukali\u015bmy Ciebie\u00bb.<\/strong><\/span><br \/><span style=\"color: #993300;\"><strong>49 Lecz On im odpowiedzia\u0142: \u00abCzemu\u015bcie Mnie szukali? Czy nie wiedzieli\u015bcie, \u017ce powinienem by\u0107 w tym, co nale\u017cy* do mego Ojca?\u00bb<\/strong><\/span><br \/>50 Oni jednak nie zrozumieli tego, co im powiedzia\u0142.<\/p>\n<p><strong>\u017bycie w Nazarecie<\/strong><\/p>\n<p>51 Potem poszed\u0142 z nimi i wr\u00f3ci\u0142 do Nazaretu; i by\u0142 im poddany. A Matka Jego chowa\u0142a wiernie wszystkie te wspomnienia w swym sercu.<br \/>52 Jezus za\u015b czyni\u0142 post\u0119py w m\u0105dro\u015bci*, w latach i w \u0142asce* u Boga i u ludzi.<\/p>\n\n\n\n<h2 class=\"wp-block-heading\"><strong><span class=\"has-inline-color has-luminous-vivid-orange-color\">REFLEKSJA<\/span><\/strong><\/h2>\n\n\n\n<p><strong>Jan Zieli\u0144ski<\/strong><\/p>\n\n\n\n<p><em><strong>\u201cCierpienie jest termometrem, kt\u00f3ry mierzy mi\u0142o\u015b\u0107 Bo\u017c\u0105 w duszy.\u201d (S. Faustyna)<\/strong><\/em><\/p>\n\n\n<div class=\"wp-block-image\">\n<figure class=\"alignright size-large is-resized\"><a href=\"http:\/\/www.parafiakorzenna.pl\/index.php\/galerie?AG_MK=0&amp;AG_form_paginInitPages_1=1&amp;AG_form_albumInitFolders_1=\/Witra%C5%BCe&amp;AG_form_scrollTop=871&amp;AG_form_scrollLeft=0&amp;AG_MK=0\" target=\"_blank\" rel=\"noopener noreferrer\"><img loading=\"lazy\" decoding=\"async\" src=\"https:\/\/poezjaiewangelia.pl\/wp-content\/uploads\/2020\/06\/\u015aw.-Stanis\u0142aw-Kostka-witra\u017c-Korzenna-diec.-Tarn\u00f3w.jpg\" alt=\"\u015aw. Stanis\u0142aw Kostka witra\u017c Korzenna diec. Tarn\u00f3w\" class=\"wp-image-8659\" width=\"300\" height=\"530\"\/><\/a><figcaption><center><em>\u015aw. Stanis\u0142aw Kostka witra\u017c Korzenna diec. Tarn\u00f3w<\/em><\/center><\/figcaption><\/figure>\n<\/div>\n\n\n<p>Nie ominiemy cierpienia<br>przychodzi pewnego dnia<br>nie zamawiane<br>jak brzydka pogoda<\/p>\n\n\n\n<p>za nim id\u0105 wyja\u015bnienia<br>przyjaciele Hioba<br>nie s\u0142uchaj ich<\/p>\n\n\n\n<p>ten b\u00f3l jest potrzebny<br>jako miasto ucieczki<br>tylko on naprawd\u0119<br>okre\u015bla mi\u0142o\u015b\u0107<\/p>\n\n\n\n<p><em><strong>\u00abWiersze podarowane\u00bb, Warszawa 1994, str.117<\/strong><\/em><\/p>\n\n\n\n<p><strong>Cyprian Kamil Norwid<\/strong><\/p>\n\n\n\n<p><em><strong>[\u015aw. Stanis\u0142aw]<\/strong><\/em><\/p>\n\n\n\n<p>W komnacie, gdzie Stanis\u0142aw \u015bwi\u0119ty zasn\u0105\u0142 w Bogu,<br>Na miejscu \u0142o\u017ca jego stoi gr\u00f3b z marmuru,<br>\u2013 Taki, \u017ce widz niechc\u0105cy wstrzymuje si\u0119 w progu,<br>My\u015bl\u0105c, \u017ce \u015bwi\u0119ty we \u015bnie zwr\u00f3ci\u0142 twarz od muru,<br>I rannych dzwon\u00f3w echa w powietrzu dochodzi,<br>I wsta\u0107 chce, i po pierwszy raz cz\u0142owieka zwodzi.<br>Nad \u0142o\u017cem tym i grobem \u015bwieci wizerunek<br>Kr\u00f3lowej nieba, kt\u00f3ra z \u015bwi\u0119tych ch\u00f3rem schodzi<br>I tron opuszcza, n\u0119dzy \u015bpiesz\u0105c na ratunek.<br>Palm wiele, kwiat\u00f3w wiele anio\u0142owie nios\u0105,<br>Skrzyd\u0142ami z ram lub nog\u0105 wyst\u0119puj\u0105c bos\u0105.<br>Gdzie za\u015b od do\u0142u obraz ko\u0144czy si\u0119, ku stronie,<\/p>\n\n\n<div class=\"wp-block-image\">\n<figure class=\"alignright size-large is-resized\"><a href=\"https:\/\/en.wikipedia.org\/wiki\/File:St_stanislaus_is_beaten_by_his_brother_%2819678314%29.jpg\" target=\"_blank\" rel=\"noopener noreferrer\"><img loading=\"lazy\" decoding=\"async\" src=\"https:\/\/poezjaiewangelia.pl\/wp-content\/uploads\/2015\/11\/759dde033a9e7b5bff4898ec5338ad01-e1462099798906.jpg\" alt=\"Andrea Pozzo \u015aw. Stanis\u0142aw pobity przez brata\" class=\"wp-image-2810\" width=\"386\" height=\"290\" title=\"Andrea Pozzo \u015aw. Stanis\u0142aw pobity przez brata\"\/><\/a><figcaption><center><em>Andrea Pozzo \u015aw. Stanis\u0142aw pobity przez brata<\/em><\/center><\/figcaption><\/figure>\n<\/div>\n\n\n<p>Jeszcze na ram z\u0142ocenia r\u00f3\u017ca jedna \u015bwieci:<br>Niby \u017ce, po obrazu stoczywszy si\u0119 p\u0142\u00f3tnie,<br>Upa\u015b\u0107 ma, jak ostatni d\u017awi\u0119k, gdy sk\u0142adasz lutni\u0119.<br>I nie zlecia\u0142a dot\u0105d na ziemi\u0119 \u2014 i leci\u2026<\/p>\n\n\n\n<p><em><strong>\u00abIntencje serca\u00bb, Pozna\u0144 1985, str. 612<\/strong><\/em><\/p>\n\n\n\n<p><strong>Jan Twardowski<\/strong><\/p>\n\n\n\n<p><em><strong>Ma\u0142o czasu<\/strong><\/em><\/p>\n\n\n\n<p>\u015awi\u0119ty Stanis\u0142awie Kostko<br>opisany w ksi\u0105\u017ckach<br>\u017cy\u0142e\u015b kr\u00f3tko Jezusem przej\u0119ty<\/p>\n\n\n\n<p>jak ma\u0142o nieraz czasu \u017ceby zosta\u0107 \u015bwi\u0119tym<\/p>\n\n\n\n<p><em><strong>\u00abMi\u0142o\u015b\u0107 mi\u0142o\u015bci szuka,&nbsp;1939 \u2013 1998\u00bb,&nbsp;Warszawa 1999<\/strong><\/em><\/p>\n\n\n\n<p class=\"has-text-align-center\"><a href=\"https:\/\/poezjaiewangelia.pl\/?page_id=5002#Gora\"><span style=\"color:#1e73be\" class=\"has-inline-color\">Do g\u00f3ry<\/span><\/a><\/p>\n","protected":false},"excerpt":{"rendered":"<p>Powr\u00f3t do \u015awi\u0119ta,&nbsp;&nbsp;&nbsp;Uroczysto\u015bci i \u015bwi\u0119ta IX \u2013 X,&nbsp; &nbsp;Powr\u00f3t do Linki Ewangelia: \u0141k 2, 41 \u2013 52; Dwunastoletni Jezus w \u015bwi\u0105tyni 41 Rodzice Jego chodzili co roku do Jerozolimy na \u015awi\u0119to Paschy.42 Gdy mia\u0142 lat dwana\u015bcie*, udali si\u0119 tam zwyczajem \u015bwi\u0105tecznym.43 Kiedy wracali po sko\u0144czonych uroczysto\u015bciach, zosta\u0142 Jezus w Jerozolimie, a tego nie zauwa\u017cyli Jego &hellip; <a href=\"https:\/\/poezjaiewangelia.pl\/?page_id=5002\" class=\"more-link\">Czytaj dalej <span class=\"screen-reader-text\">\u015awi\u0119to \u015aw. Stanis\u0142awa Kostki \u2013 Patrona Polski rok ABC; (18.09.)<\/span><\/a><\/p>\n","protected":false},"author":1,"featured_media":0,"parent":4993,"menu_order":3,"comment_status":"closed","ping_status":"closed","template":"","meta":{"_monsterinsights_skip_tracking":false,"_monsterinsights_sitenote_active":false,"_monsterinsights_sitenote_note":"","_monsterinsights_sitenote_category":0,"footnotes":""},"class_list":["post-5002","page","type-page","status-publish","hentry"],"aioseo_notices":[],"_links":{"self":[{"href":"https:\/\/poezjaiewangelia.pl\/index.php?rest_route=\/wp\/v2\/pages\/5002","targetHints":{"allow":["GET"]}}],"collection":[{"href":"https:\/\/poezjaiewangelia.pl\/index.php?rest_route=\/wp\/v2\/pages"}],"about":[{"href":"https:\/\/poezjaiewangelia.pl\/index.php?rest_route=\/wp\/v2\/types\/page"}],"author":[{"embeddable":true,"href":"https:\/\/poezjaiewangelia.pl\/index.php?rest_route=\/wp\/v2\/users\/1"}],"replies":[{"embeddable":true,"href":"https:\/\/poezjaiewangelia.pl\/index.php?rest_route=%2Fwp%2Fv2%2Fcomments&post=5002"}],"version-history":[{"count":13,"href":"https:\/\/poezjaiewangelia.pl\/index.php?rest_route=\/wp\/v2\/pages\/5002\/revisions"}],"predecessor-version":[{"id":10035,"href":"https:\/\/poezjaiewangelia.pl\/index.php?rest_route=\/wp\/v2\/pages\/5002\/revisions\/10035"}],"up":[{"embeddable":true,"href":"https:\/\/poezjaiewangelia.pl\/index.php?rest_route=\/wp\/v2\/pages\/4993"}],"wp:attachment":[{"href":"https:\/\/poezjaiewangelia.pl\/index.php?rest_route=%2Fwp%2Fv2%2Fmedia&parent=5002"}],"curies":[{"name":"wp","href":"https:\/\/api.w.org\/{rel}","templated":true}]}}