{"id":5016,"date":"2018-11-09T12:56:48","date_gmt":"2018-11-09T12:56:48","guid":{"rendered":"https:\/\/poezjaiewangelia.pl\/?page_id=5016"},"modified":"2022-07-18T18:13:05","modified_gmt":"2022-07-18T17:13:05","slug":"uroczystosc-wszystkich-swietych-rok-a-b-c-1-11","status":"publish","type":"page","link":"https:\/\/poezjaiewangelia.pl\/?page_id=5016","title":{"rendered":"Uroczysto\u015b\u0107 Wszystkich \u015awi\u0119tych  rok ABC; (1.11.)"},"content":{"rendered":"\n<p><span style=\"color: #1e73be;\"><a style=\"color: #1e73be;\" href=\"https:\/\/poezjaiewangelia.pl\/?page_id=63#S63\">Powr\u00f3t do \u015awi\u0119ta,<\/a>&nbsp;&nbsp;<\/span><a id=\"S5016\"><\/a><span style=\"color: #1e73be;\"><a style=\"color: #1e73be;\" href=\"https:\/\/poezjaiewangelia.pl\/?page_id=140#S140\"> Uroczysto\u015bci i \u015bwi\u0119ta XI \u2013 XII<\/a>, <\/span><a id=\"Gora\"><\/a><span style=\"color: #1e73be;\">&nbsp;&nbsp;<a style=\"color: #1e73be;\" href=\"https:\/\/poezjaiewangelia.pl\/?page_id=703#S703\">Powr\u00f3t do Linki<\/a><\/span><\/p>\n\n\n<div class=\"wp-block-image\">\n<figure class=\"alignright size-large\"><img loading=\"lazy\" decoding=\"async\" width=\"150\" height=\"150\" src=\"https:\/\/poezjaiewangelia.pl\/wp-content\/uploads\/2018\/10\/R\u00f3\u017ca-bia\u0142a-e1592148272533.png\" alt=\"Kolor szat\" class=\"wp-image-4591\"\/><figcaption>Kolor szat<\/figcaption><\/figure>\n<\/div>\n\n<div class=\"wp-block-image\">\n<figure class=\"alignleft size-large\"><a href=\"https:\/\/pl.wikipedia.org\/wiki\/Krzy%C5%BC_jerozolimski\" target=\"_blank\" rel=\"noopener noreferrer\"><img loading=\"lazy\" decoding=\"async\" width=\"101\" height=\"100\" src=\"https:\/\/poezjaiewangelia.pl\/wp-content\/uploads\/2015\/11\/Krzyz-Jerozolimski.jpg\" alt=\"Krzy\u017c Jerozolimski\" class=\"wp-image-107\" title=\"Krzy\u017c Jerozolimski\"\/><\/a><\/figure>\n<\/div>\n\n\n<hr class=\"wp-block-separator has-text-color has-luminous-vivid-amber-color has-css-opacity has-luminous-vivid-amber-background-color has-background is-style-dots\"\/>\n\n\n\n<p><strong>Ewangelia: Mt 5, 1 \u2013 12 a;<\/strong><\/p>\n\n\n\n<h2 class=\"wp-block-heading\"><strong><span class=\"has-inline-color has-luminous-vivid-orange-color\">S\u0141OWO BO\u017bE<\/span><\/strong><\/h2>\n\n\n<div class=\"wp-block-image\">\n<figure class=\"alignleft size-large is-resized\"><a href=\"https:\/\/commons.wikimedia.org\/wiki\/File:BSOTM.jpg\" target=\"_blank\" rel=\"noopener noreferrer\"><img loading=\"lazy\" decoding=\"async\" src=\"https:\/\/poezjaiewangelia.pl\/wp-content\/uploads\/2015\/11\/d098956fb2138fcb579ff143682df651-e1462099904621.jpg\" alt=\"Carl H. Bloch - Kazanie na G\u00f3rze\" class=\"wp-image-2819\" width=\"349\" height=\"390\" title=\"Carl H. Bloch Kazanie na G\u00f3rze\"\/><\/a><figcaption><center><em>Carl H. Bloch &#8211; Kazanie na G\u00f3rze<\/em><\/center><\/figcaption><\/figure>\n<\/div>\n\n\n<p><strong>Osiem b\u0142ogos\u0142awie\u0144stw<\/strong><\/p>\n<p>3 \u00abB\u0142ogos\u0142awieni ubodzy w duchu, albowiem do nich nale\u017cy kr\u00f3lestwo niebieskie.<br \/>4 B\u0142ogos\u0142awieni, kt\u00f3rzy si\u0119 smuc\u0105, albowiem oni b\u0119d\u0105 pocieszeni.<br \/>5 B\u0142ogos\u0142awieni cisi, albowiem oni na w\u0142asno\u015b\u0107 posi\u0105d\u0105 ziemi\u0119.<br \/>6 B\u0142ogos\u0142awieni, kt\u00f3rzy \u0142akn\u0105 i pragn\u0105 sprawiedliwo\u015bci, albowiem oni b\u0119d\u0105 nasyceni.<br \/>7 B\u0142ogos\u0142awieni mi\u0142osierni, albowiem oni mi\u0142osierdzia dost\u0105pi\u0105.<br \/>8 B\u0142ogos\u0142awieni czystego serca, albowiem oni Boga ogl\u0105da\u0107 b\u0119d\u0105.<br \/>9 B\u0142ogos\u0142awieni, kt\u00f3rzy wprowadzaj\u0105 pok\u00f3j, albowiem oni b\u0119d\u0105 nazwani synami Bo\u017cymi.<br \/>10 B\u0142ogos\u0142awieni, kt\u00f3rzy cierpi\u0105 prze\u015bladowanie dla sprawiedliwo\u015bci, albowiem do nich nale\u017cy kr\u00f3lestwo niebieskie.<br \/><span style=\"color: #993300;\"><strong>11 B\u0142ogos\u0142awieni jeste\u015bcie, gdy [ludzie] wam ur\u0105gaj\u0105 i prze\u015bladuj\u0105 was, i gdy z mego powodu m\u00f3wi\u0105 k\u0142amliwie wszystko z\u0142e na was.<\/strong><\/span><br \/><span style=\"color: #993300;\"><strong>12 Cieszcie si\u0119 i radujcie, albowiem wasza nagroda wielka jest w niebie.<\/strong><\/span><\/p>\n\n\n\n<h2 class=\"wp-block-heading\"><strong><span class=\"has-inline-color has-luminous-vivid-orange-color\">REFLEKSJA<\/span><\/strong><\/h2>\n\n\n\n<p><strong>Jan Twardowski<\/strong><\/p>\n\n\n\n<p><em><strong>bezdomna<\/strong><\/em><\/p>\n\n\n\n<p>Modl\u0119 si\u0119 do swej \u015bwi\u0119tej wci\u0105\u017c bezdomnej w niebie<br>co m\u00f3wi do anio\u0142\u00f3w nie bardzo si\u0119 czuj\u0119<br>wol\u0119 polne kamienie zwyk\u0142y polny jaskier<br>co kwitnie tak nied\u0142ugo od kwietnia do maja<br>t\u0119skni\u0119 za star\u0105 \u0142y\u017ck\u0105 i herbat\u0105 z mlekiem<\/p>\n\n\n\n<p>a kto w niebie jest smutny ten ziemi\u0119 rozumie<\/p>\n\n\n\n<p><em><strong>\u201cnie przyszed\u0142em pana nawraca\u0107\u201d, Warszawa 1986, str. 207<\/strong><\/em><\/p>\n\n\n\n<p><strong>Wojciech B\u0105k<\/strong><\/p>\n\n\n\n<p><strong>* * *<\/strong><br>M\u00f3dlcie si\u0119 za nas, B\u00f3g was s\u0142ucha,<br>Jak gdyby s\u0142ucha\u0142 Siebie \u2014<br>I u\u015bmiech Ojca, Syna, Ducha<br>Na pro\u015bby wasze w niebie.<\/p>\n\n\n\n<p>Wy znacie ziemi grzech i zbrodnie<br>Co pal\u0105 nasze r\u0119ce \u2014<br>I p\u0142on\u0105 d\u0142onie jak pochodnie,<br>I ognia coraz wi\u0119cej.<\/p>\n\n\n\n<p>Pro\u015bcie, niech wicher przebaczenia<br>Ten \u017cywy ogie\u0144 zgasi \u2014<br>Udzielcie ch\u0142odu uciszenia<br>P\u0142on\u0105cym w gniewu czasie.<\/p>\n\n\n\n<p>Wy znacie nas \u2014 i zbrodni ogie\u0144,<br>I b\u00f3l p\u0142on\u0105cych d\u0142oni \u2014<br>Kl\u0119knijcie przed Wszechmocnym Bogiem,<br>Niech nas przed grzechem broni!<\/p>\n\n\n\n<p>Niech nas wyzwoli, by\u015bmy czy\u015bci<br>Stan\u0119li od p\u0142omieni \u2014<br>M\u00f3dlcie si\u0119 za nas, o \u015bwietli\u015bci<br>I wyzwoleni!<\/p>\n\n\n\n<p><em><strong>\u00abIntencje serca\u00bb, Pozna\u0144 1985, str. 325<\/strong><\/em><\/p>\n\n\n<div class=\"wp-block-image\">\n<figure class=\"alignright size-large is-resized\"><a href=\"https:\/\/pl.painting-planet.com\/adoracja-trojcy-swietej-albrecht-durer\/\" target=\"_blank\" rel=\"noopener noreferrer\"><img loading=\"lazy\" decoding=\"async\" src=\"https:\/\/poezjaiewangelia.pl\/wp-content\/uploads\/2015\/11\/d8a0996036170a665c21ce3fea943d0f-e1462099929985.jpg\" alt=\"Albrecht D\u00fcrer - Adoracja Tr\u00f3jcy \u015awi\u0119tej\" class=\"wp-image-2820\" width=\"351\" height=\"379\" title=\"Albrecht D\u00fcrer Adoracja Tr\u00f3jcy \u015awi\u0119tej\"\/><\/a><figcaption><center><em>Albrecht D\u00fcrer &#8211; Adoracja Tr\u00f3jcy \u015awi\u0119tej<\/em><\/center><\/figcaption><\/figure>\n<\/div>\n\n\n<p><strong>Jan Twardowski<\/strong><\/p>\n\n\n\n<p><em><strong>z Ziemi\u0105 kr\u0105\u017cymy<\/strong><\/em><\/p>\n\n\n\n<p>Z Ziemi\u0105 kr\u0105\u017cymy wok\u00f3\u0142 s\u0142o\u0144ca<br>jak drzewo morze g\u0142az<br>jak bazalt czarny i spokojny<br>co najmniej milion lat<\/p>\n\n\n\n<p>z wod\u0105 niebiesk\u0105 i zielon\u0105<br>z g\u0142ow\u0105 nad \u015bmierci\u0105 zamy\u015blon\u0105<br>z nierozpoznanym a koniecznym<br>w mi\u0142o\u015bci ma\u0142ym smutkiem serca<br>ze \u015bcie\u017ck\u0105 kt\u00f3r\u0105 odchodzimy<br>z listem wrzuconym po rozstaniu<br>zamiast na poczcie w skrzynk\u0119 szpaka<br>z mi\u0142o\u015bci\u0105 kt\u00f3ra przesz\u0142a obok<br>samotni razem i osobno<br>tylko jak z tob\u0105 dot\u0105d nie wiem<br>dr\u017c\u0119 \u017ce zostajesz z tym cierpieniem<br>co kr\u0105\u017cy tylko wok\u00f3\u0142 siebie<\/p>\n\n\n\n<p><em><strong>\u201eNie przyszed\u0142em pana nawraca\u0107\u201d, Warszawa 1986, str. 210<\/strong><\/em><\/p>\n\n\n\n<p class=\"has-text-align-center\"><a href=\"https:\/\/poezjaiewangelia.pl\/?page_id=5016#Gora\"><span style=\"color:#1e73be\" class=\"has-inline-color\">Do g\u00f3ry<\/span><\/a><\/p>\n","protected":false},"excerpt":{"rendered":"<p>Powr\u00f3t do \u015awi\u0119ta,&nbsp;&nbsp; Uroczysto\u015bci i \u015bwi\u0119ta XI \u2013 XII, &nbsp;&nbsp;Powr\u00f3t do Linki Ewangelia: Mt 5, 1 \u2013 12 a; Osiem b\u0142ogos\u0142awie\u0144stw 3 \u00abB\u0142ogos\u0142awieni ubodzy w duchu, albowiem do nich nale\u017cy kr\u00f3lestwo niebieskie.4 B\u0142ogos\u0142awieni, kt\u00f3rzy si\u0119 smuc\u0105, albowiem oni b\u0119d\u0105 pocieszeni.5 B\u0142ogos\u0142awieni cisi, albowiem oni na w\u0142asno\u015b\u0107 posi\u0105d\u0105 ziemi\u0119.6 B\u0142ogos\u0142awieni, kt\u00f3rzy \u0142akn\u0105 i pragn\u0105 sprawiedliwo\u015bci, albowiem &hellip; <a href=\"https:\/\/poezjaiewangelia.pl\/?page_id=5016\" class=\"more-link\">Czytaj dalej <span class=\"screen-reader-text\">Uroczysto\u015b\u0107 Wszystkich \u015awi\u0119tych  rok ABC; (1.11.)<\/span><\/a><\/p>\n","protected":false},"author":1,"featured_media":0,"parent":140,"menu_order":1,"comment_status":"closed","ping_status":"closed","template":"","meta":{"_monsterinsights_skip_tracking":false,"_monsterinsights_sitenote_active":false,"_monsterinsights_sitenote_note":"","_monsterinsights_sitenote_category":0,"footnotes":""},"class_list":["post-5016","page","type-page","status-publish","hentry"],"aioseo_notices":[],"_links":{"self":[{"href":"https:\/\/poezjaiewangelia.pl\/index.php?rest_route=\/wp\/v2\/pages\/5016","targetHints":{"allow":["GET"]}}],"collection":[{"href":"https:\/\/poezjaiewangelia.pl\/index.php?rest_route=\/wp\/v2\/pages"}],"about":[{"href":"https:\/\/poezjaiewangelia.pl\/index.php?rest_route=\/wp\/v2\/types\/page"}],"author":[{"embeddable":true,"href":"https:\/\/poezjaiewangelia.pl\/index.php?rest_route=\/wp\/v2\/users\/1"}],"replies":[{"embeddable":true,"href":"https:\/\/poezjaiewangelia.pl\/index.php?rest_route=%2Fwp%2Fv2%2Fcomments&post=5016"}],"version-history":[{"count":11,"href":"https:\/\/poezjaiewangelia.pl\/index.php?rest_route=\/wp\/v2\/pages\/5016\/revisions"}],"predecessor-version":[{"id":10037,"href":"https:\/\/poezjaiewangelia.pl\/index.php?rest_route=\/wp\/v2\/pages\/5016\/revisions\/10037"}],"up":[{"embeddable":true,"href":"https:\/\/poezjaiewangelia.pl\/index.php?rest_route=\/wp\/v2\/pages\/140"}],"wp:attachment":[{"href":"https:\/\/poezjaiewangelia.pl\/index.php?rest_route=%2Fwp%2Fv2%2Fmedia&parent=5016"}],"curies":[{"name":"wp","href":"https:\/\/api.w.org\/{rel}","templated":true}]}}