{"id":5024,"date":"2018-11-09T12:59:44","date_gmt":"2018-11-09T12:59:44","guid":{"rendered":"https:\/\/poezjaiewangelia.pl\/?page_id=5024"},"modified":"2022-07-18T18:14:55","modified_gmt":"2022-07-18T17:14:55","slug":"swieto-rocznicy-poswiecenia-bazyliki-lateranskiej-rok-a-b-c-9-11","status":"publish","type":"page","link":"https:\/\/poezjaiewangelia.pl\/?page_id=5024","title":{"rendered":"\u015awi\u0119to rocznicy po\u015bwi\u0119cenia Bazyliki Latera\u0144skiej rok ABC; (9.11.)"},"content":{"rendered":"\n<p><span style=\"color: #1e73be;\"><a style=\"color: #1e73be;\" href=\"https:\/\/poezjaiewangelia.pl\/?page_id=63#S63\">Powr\u00f3t do \u015awi\u0119ta,<\/a>&nbsp;&nbsp;<\/span><a id=\"S5024\"><\/a><span style=\"color: #1e73be;\"><a style=\"color: #1e73be;\" href=\"https:\/\/poezjaiewangelia.pl\/?page_id=140#S140\"> Uroczysto\u015bci i \u015bwi\u0119ta XI \u2013 XII<\/a>, <\/span><a id=\"Gora\"><\/a><span style=\"color: #1e73be;\">&nbsp;&nbsp;<a style=\"color: #1e73be;\" href=\"https:\/\/poezjaiewangelia.pl\/?page_id=703#S703\">Powr\u00f3t do Linki<\/a><\/span><\/p>\n\n\n<div class=\"wp-block-image\">\n<figure class=\"alignright size-large\"><img loading=\"lazy\" decoding=\"async\" width=\"150\" height=\"150\" src=\"https:\/\/poezjaiewangelia.pl\/wp-content\/uploads\/2018\/10\/R\u00f3\u017ca-bia\u0142a-e1592148272533.png\" alt=\"Kolor szat\" class=\"wp-image-4591\"\/><figcaption>Kolor szat<\/figcaption><\/figure>\n<\/div>\n\n<div class=\"wp-block-image\">\n<figure class=\"alignleft size-large\"><a href=\"https:\/\/commons.wikimedia.org\/wiki\/File:San_Giovanni_Laterano_Rom.jpg\" target=\"_blank\" rel=\"noopener noreferrer\"><img loading=\"lazy\" decoding=\"async\" width=\"100\" height=\"100\" src=\"https:\/\/poezjaiewangelia.pl\/wp-content\/uploads\/2020\/06\/Bazylika-Latera\u0144ska-Rzym-e1591781218652.jpg\" alt=\"Bazylika Latera\u0144ska Rzym\" class=\"wp-image-8662\" title=\"Bazylika Latera\u0144ska Rzym\"\/><\/a><\/figure>\n<\/div>\n\n\n<hr class=\"wp-block-separator has-text-color has-luminous-vivid-amber-color has-css-opacity has-luminous-vivid-amber-background-color has-background is-style-dots\"\/>\n\n\n\n<p><strong>Ewangelia: J 2, 13 \u2013 22;<\/strong><\/p>\n\n\n\n<h2 class=\"wp-block-heading\"><strong><span class=\"has-inline-color has-luminous-vivid-orange-color\">S\u0141OWO BO\u017bE<\/span><\/strong><\/h2>\n\n\n<div class=\"wp-block-image\">\n<figure class=\"alignleft size-large is-resized\"><a href=\"https:\/\/commons.wikimedia.org\/wiki\/File:El_Greco_016.jpg\" target=\"_blank\" rel=\"noopener noreferrer\"><img loading=\"lazy\" decoding=\"async\" src=\"https:\/\/poezjaiewangelia.pl\/wp-content\/uploads\/2018\/09\/El-Greco-Oczyszczenie-\u015bwi\u0105tyni-1024x778.jpg\" alt=\"El Greco Oczyszczenie \u015bwi\u0105tyni\" class=\"wp-image-3788\" width=\"398\" height=\"303\" title=\"El Greco Oczyszczenie \u015bwi\u0105tyni\"\/><\/a><figcaption><center><em>El Greco Oczyszczenie \u015bwi\u0105tyni<\/em><\/center><\/figcaption><\/figure>\n<\/div>\n\n\n<p><strong>Znak oczyszczenia \u015bwi\u0105tyni<\/strong><\/p>\n<p>13\u00a0Zbli\u017ca\u0142a si\u0119 pora Paschy \u017cydowskiej i Jezus uda\u0142 si\u0119 do Jerozolimy.<br \/>14\u00a0W \u015bwi\u0105tyni napotka\u0142 siedz\u0105cych za sto\u0142ami bankier\u00f3w oraz tych, kt\u00f3rzy sprzedawali wo\u0142y, baranki i go\u0142\u0119bie.<br \/>15\u00a0W\u00f3wczas sporz\u0105dziwszy sobie bicz ze sznurk\u00f3w, powyp\u0119dza\u0142 wszystkich ze \u015bwi\u0105tyni, tak\u017ce baranki i wo\u0142y, porozrzuca\u0142 monety bankier\u00f3w, a sto\u0142y powywraca\u0142.<br \/>16\u00a0Do tych za\u015b, kt\u00f3rzy sprzedawali go\u0142\u0119bie, rzek\u0142: \u00abWe\u017acie to st\u0105d, a nie r\u00f3bcie z domu mego Ojca targowiska!\u00bb<br \/><span style=\"color: #993300;\"><strong>17\u00a0Uczniowie Jego przypomnieli sobie, \u017ce napisano: Gorliwo\u015b\u0107 o dom Tw\u00f3j poch\u0142onie Mnie.<\/strong><\/span><br \/>18\u00a0W odpowiedzi za\u015b na to \u017bydzi rzekli do Niego:, \u00abJakim znakiem wyka\u017cesz si\u0119 wobec nas, skoro takie rzeczy czynisz?\u00bb<br \/>19\u00a0Jezus da\u0142 im tak\u0105 odpowied\u017a: \u00abZburzcie t\u0119 \u015bwi\u0105tyni\u0119, a Ja w trzech dniach wznios\u0119 j\u0105 na nowo\u00bb.<br \/>20\u00a0Powiedzieli do Niego \u017bydzi: \u00abCzterdzie\u015bci sze\u015b\u0107 lat budowano t\u0119 \u015bwi\u0105tyni\u0119, a Ty j\u0105 wzniesiesz w przeci\u0105gu trzech dni?\u00bb<br \/>21\u00a0On za\u015b m\u00f3wi\u0142 o \u015bwi\u0105tyni swego cia\u0142a.<br \/>22\u00a0Gdy wi\u0119c zmartwychwsta\u0142, przypomnieli sobie uczniowie Jego, \u017ce to powiedzia\u0142, i uwierzyli Pismu i s\u0142owu, kt\u00f3re wyrzek\u0142 Jezus.<\/p>\n\n\n\n<h2 class=\"wp-block-heading\"><strong><span class=\"has-inline-color has-luminous-vivid-orange-color\">REFLEKSJA<\/span><\/strong><\/h2>\n\n\n\n<p><strong>Jan Twardowski<\/strong><\/p>\n\n\n\n<p><em><strong>Dzi\u0119kuj\u0119<\/strong><\/em><\/p>\n\n\n\n<p>Dzi\u0119kuj\u0119 Ci \u017ce mia\u0142e\u015b r\u0119ce nogi cia\u0142o<br>\u017ce przyja\u017ani\u0142e\u015b si\u0119 z grzeszn\u0105 Magdalen\u0105<br>\u017ce wyp\u0119dzi\u0142e\u015b na zbit\u0105 g\u0142ow\u0119 kupc\u00f3w ze \u015bwi\u0105tyni<br>\u017ce nie by\u0142e\u015b oboj\u0119tn\u0105 liczb\u0105 doskona\u0142\u0105<\/p>\n\n\n\n<p><em><strong>\u00abABC ksi\u0119dza Twardowskiego. Rok C\u00bb, Warszawa 2002, str. 133<\/strong><\/em><\/p>\n\n\n\n<p><strong>Jan Twardowski<\/strong><\/p>\n\n\n\n<p><em><strong>O ko\u015bciele<\/strong><\/em><\/p>\n\n\n\n<p>Ko\u015bciele w kt\u00f3ry wypad\u0142o mi po raz pierwszy w \u017cyciu pi\u0107 ustami msz\u0119<br>chowa\u0107 si\u0119 do konfesjona\u0142u kt\u00f3remu stale odrastaj\u0105 uszy<br>w kt\u00f3rym Matka Naj\u015bwi\u0119tsza mia\u0142a z\u0142ot\u0105 koron\u0119 i bose nogi<br>w kt\u00f3rym obraz \u015bwi\u0119tej Tereski s\u0142u\u017cy\u0142 latem za pla\u017c\u0119 dla much<br>drewniany \u015bwi\u0119ty Antoni oblaz\u0142 z habitu ciemny i czysty<\/p>\n\n\n\n<p>Ko\u015bciele w kt\u00f3rym zielenia\u0142a mied\u017a<br>zas\u0142aniano sumienie listkiem brzozowym<br>kolor nieba wylenia\u0142 jak szelest<br>smutny jakby jask\u00f3\u0142ki mia\u0142y tylko chodzi\u0107<\/p>\n\n\n\n<p>Ko\u015bciele z posadzk\u0105 od pacierzy wytart\u0105 i krzyw\u0105<br>gdzie skrzypia\u0142y obcasy<br>pluska\u0142o korytko wody \u015bwi\u0119conej<br>szczeka\u0142 zegar jak emerytowany ludo\u017cercavz ambon\u0105 tak prost\u0105 \u017ce nie spos\u00f3b by\u0142o zakry\u0107<br>na niej \u017cadnym kazaniem swej w\u0142asnej twarzy<\/p>\n\n\n\n<p>Ko\u015bciele przed kt\u00f3rym kl\u0119ka\u0142 las<br>krzy\u017codzioby otwiera\u0142y szyszki<br>\u0142askota\u0142 zaj\u0119czy szczaw<br>cieszy\u0142o babie lato jak grzech za lekki<br>fika\u0142y \u017caby a ka\u017cda \u017caba ma zawsze czkawk\u0119<br>jesieni\u0105 czernia\u0142y coraz bardziej szpaki<br>zim\u0105 sikory sypia\u0142y na mrozie<br>parafianki rozbiera\u0142y si\u0119 ze \u015bniegu<br>gdzie zamyka\u0142em Jezusa w tabernakulum zawsze z cz\u0105stk\u0105 czyjego\u015b p\u0142aczu<br>gdzie modli\u0142em si\u0119 \u017ceby nigdy nie by\u0107 wa\u017cnym.<\/p>\n\n\n\n<p><em><strong>\u00abABC ksi\u0119dza Twardowskiego. Rok B\u00bb, Warszawa 2002, str. 135<\/strong><\/em><\/p>\n\n\n<div class=\"wp-block-image\">\n<figure class=\"aligncenter size-large is-resized\"><a href=\"https:\/\/www.wga.hu\/frames-e.html?\/html\/b\/bassano\/jacopo\/2\/13purifi.html\" target=\"_blank\" rel=\"noopener noreferrer\"><img loading=\"lazy\" decoding=\"async\" src=\"https:\/\/poezjaiewangelia.pl\/wp-content\/uploads\/2018\/09\/BASSANO-Jacopo-Oczyszczenie-\u015bwi\u0105tyni.jpg\" alt=\"Jacopo Bassano Oczyszczenie \u015bwi\u0105tyni\" class=\"wp-image-3801\" width=\"531\" height=\"313\" title=\"Jacopo Bassano Oczyszczenie \u015bwi\u0105tyni.\" srcset=\"https:\/\/poezjaiewangelia.pl\/wp-content\/uploads\/2018\/09\/BASSANO-Jacopo-Oczyszczenie-\u015bwi\u0105tyni.jpg 850w, https:\/\/poezjaiewangelia.pl\/wp-content\/uploads\/2018\/09\/BASSANO-Jacopo-Oczyszczenie-\u015bwi\u0105tyni-300x177.jpg 300w, https:\/\/poezjaiewangelia.pl\/wp-content\/uploads\/2018\/09\/BASSANO-Jacopo-Oczyszczenie-\u015bwi\u0105tyni-768x454.jpg 768w\" sizes=\"auto, (max-width: 531px) 100vw, 531px\" \/><\/a><figcaption><center><em>Jacopo Bassano Oczyszczenie \u015bwi\u0105tyni<\/em><\/center><\/figcaption><\/figure>\n<\/div>\n\n\n<p><strong><br>Jan Twardowski<\/strong><\/p>\n\n\n\n<p><em><strong>Spojrza\u0142<\/strong><\/em><\/p>\n\n\n\n<p>na gotyk co stale stroi \u015bredniowieczne miny<br>na osiemnastowieczny o\u0142tarz jak barokow\u0105 trumn\u0119 na szczurzych \u0142apkach<br>na w\u0142ochate dywany kt\u00f3re zmieniaj\u0105 nasze kroki w skradaj\u0105ce si\u0119 koty<br>na \u017cyrandol jak dziedziczk\u0119 w krynolinie<br>na ja\u015bnie o\u015bwiecony sufit<br>na pyszno pokutne kl\u0119czniki<br>na anio\u0142a co stale o jeden numer za ma\u0142y<br>na li\u015bcie co w \u015bwietle lampki czerwonej wydaj\u0105 si\u0119 czarne<\/p>\n\n\n\n<p>stan\u0105\u0142 w k\u0105cie za\u0142ama\u0142 odj\u0119te z krzy\u017ca r\u0119ce<br>i pomy\u015bla\u0142<br>chyba to wszystko nie dla mnie<\/p>\n\n\n\n<p><em><strong>\u00abNie przyszed\u0142em pana nawraca\u0107\u00bb, Pozna\u0144 2009, str. 88<\/strong><\/em><\/p>\n\n\n\n<p class=\"has-text-align-center\"><a href=\"https:\/\/poezjaiewangelia.pl\/?page_id=5024#Gora\"><span style=\"color:#1e73be\" class=\"has-inline-color\">Do g\u00f3ry<\/span><\/a><\/p>\n","protected":false},"excerpt":{"rendered":"<p>Powr\u00f3t do \u015awi\u0119ta,&nbsp;&nbsp; Uroczysto\u015bci i \u015bwi\u0119ta XI \u2013 XII, &nbsp;&nbsp;Powr\u00f3t do Linki Ewangelia: J 2, 13 \u2013 22; Znak oczyszczenia \u015bwi\u0105tyni 13\u00a0Zbli\u017ca\u0142a si\u0119 pora Paschy \u017cydowskiej i Jezus uda\u0142 si\u0119 do Jerozolimy.14\u00a0W \u015bwi\u0105tyni napotka\u0142 siedz\u0105cych za sto\u0142ami bankier\u00f3w oraz tych, kt\u00f3rzy sprzedawali wo\u0142y, baranki i go\u0142\u0119bie.15\u00a0W\u00f3wczas sporz\u0105dziwszy sobie bicz ze sznurk\u00f3w, powyp\u0119dza\u0142 wszystkich ze \u015bwi\u0105tyni, &hellip; <a href=\"https:\/\/poezjaiewangelia.pl\/?page_id=5024\" class=\"more-link\">Czytaj dalej <span class=\"screen-reader-text\">\u015awi\u0119to rocznicy po\u015bwi\u0119cenia Bazyliki Latera\u0144skiej rok ABC; (9.11.)<\/span><\/a><\/p>\n","protected":false},"author":1,"featured_media":0,"parent":140,"menu_order":3,"comment_status":"closed","ping_status":"closed","template":"","meta":{"_monsterinsights_skip_tracking":false,"_monsterinsights_sitenote_active":false,"_monsterinsights_sitenote_note":"","_monsterinsights_sitenote_category":0,"footnotes":""},"class_list":["post-5024","page","type-page","status-publish","hentry"],"aioseo_notices":[],"_links":{"self":[{"href":"https:\/\/poezjaiewangelia.pl\/index.php?rest_route=\/wp\/v2\/pages\/5024","targetHints":{"allow":["GET"]}}],"collection":[{"href":"https:\/\/poezjaiewangelia.pl\/index.php?rest_route=\/wp\/v2\/pages"}],"about":[{"href":"https:\/\/poezjaiewangelia.pl\/index.php?rest_route=\/wp\/v2\/types\/page"}],"author":[{"embeddable":true,"href":"https:\/\/poezjaiewangelia.pl\/index.php?rest_route=\/wp\/v2\/users\/1"}],"replies":[{"embeddable":true,"href":"https:\/\/poezjaiewangelia.pl\/index.php?rest_route=%2Fwp%2Fv2%2Fcomments&post=5024"}],"version-history":[{"count":16,"href":"https:\/\/poezjaiewangelia.pl\/index.php?rest_route=\/wp\/v2\/pages\/5024\/revisions"}],"predecessor-version":[{"id":10039,"href":"https:\/\/poezjaiewangelia.pl\/index.php?rest_route=\/wp\/v2\/pages\/5024\/revisions\/10039"}],"up":[{"embeddable":true,"href":"https:\/\/poezjaiewangelia.pl\/index.php?rest_route=\/wp\/v2\/pages\/140"}],"wp:attachment":[{"href":"https:\/\/poezjaiewangelia.pl\/index.php?rest_route=%2Fwp%2Fv2%2Fmedia&parent=5024"}],"curies":[{"name":"wp","href":"https:\/\/api.w.org\/{rel}","templated":true}]}}