{"id":5048,"date":"2018-11-09T16:36:29","date_gmt":"2018-11-09T16:36:29","guid":{"rendered":"https:\/\/poezjaiewangelia.pl\/?page_id=5048"},"modified":"2022-07-19T18:30:41","modified_gmt":"2022-07-19T17:30:41","slug":"niedziele-zwykle-2-7","status":"publish","type":"page","link":"https:\/\/poezjaiewangelia.pl\/?page_id=5048","title":{"rendered":"Niedziele zwyk\u0142e 2 &#8211; 7"},"content":{"rendered":"\n<p><span style=\"color: #ffff00;\">i<a id=\"S5048\"><\/a><\/span><\/p>\n\n\n<div class=\"wp-block-image\">\n<figure class=\"aligncenter size-large is-resized\"><a href=\"https:\/\/www.wga.hu\/frames-e.html?\/html\/v\/veronese\/05_1580s\/04lattu2.html\" target=\"_blank\" rel=\"noopener noreferrer\"><img loading=\"lazy\" decoding=\"async\" src=\"https:\/\/poezjaiewangelia.pl\/wp-content\/uploads\/2018\/11\/Paolo-Veronese-Chrzest-i-kuszenie-Jezusa.jpg\" alt=\"Paolo Veronese Chrzest i kuszenie Jezusa\" class=\"wp-image-5049\" width=\"599\" height=\"308\" title=\"Paolo Veronese Chrzest i kuszenie Jezusa\" srcset=\"https:\/\/poezjaiewangelia.pl\/wp-content\/uploads\/2018\/11\/Paolo-Veronese-Chrzest-i-kuszenie-Jezusa.jpg 800w, https:\/\/poezjaiewangelia.pl\/wp-content\/uploads\/2018\/11\/Paolo-Veronese-Chrzest-i-kuszenie-Jezusa-300x155.jpg 300w, https:\/\/poezjaiewangelia.pl\/wp-content\/uploads\/2018\/11\/Paolo-Veronese-Chrzest-i-kuszenie-Jezusa-768x396.jpg 768w\" sizes=\"auto, (max-width: 599px) 100vw, 599px\" \/><\/a><figcaption><center><em>Paolo Veronese  Chrzest i kuszenie Jezusa<\/em><\/center><\/figcaption><\/figure>\n<\/div>\n\n<div class=\"wp-block-image\">\n<figure class=\"alignleft size-large is-resized\"><img loading=\"lazy\" decoding=\"async\" src=\"https:\/\/poezjaiewangelia.pl\/wp-content\/uploads\/2018\/11\/Zielona-r\u00f3\u017ca-e1587421321818.png\" alt=\"Zielona r\u00f3\u017ca\" class=\"wp-image-4943\" width=\"113\" height=\"113\"\/><figcaption>Kolor szat<\/figcaption><\/figure>\n<\/div>\n\n\n<p>\u00a0<\/p>\n<p><span style=\"color: #1e73be;\"><a style=\"color: #1e73be;\" href=\"https:\/\/poezjaiewangelia.pl\/?page_id=5051#S5051\"><span style=\"color: #1e73be;\">2 Niedziela zwyk\u0142a rok A, B, C;<\/span><\/a>\u00a0\u00a0\u00a0<a style=\"color: #1e73be;\" href=\"https:\/\/poezjaiewangelia.pl\/?page_id=5149#S5149\">3 Niedziela zwyk\u0142a rok A, B, C;<\/a>\u00a0\u00a0\u00a0<a style=\"color: #1e73be;\" href=\"https:\/\/poezjaiewangelia.pl\/?page_id=5163#S5163\">4 Niedziela zwyk\u0142a rok A, B, C<\/a>;\u00a0\u00a0\u00a0<a style=\"color: #1e73be;\" href=\"https:\/\/poezjaiewangelia.pl\/?page_id=5167#S5167\">5 Niedziela zwyk\u0142a rok A, B, C;<\/a>\u00a0\u00a0\u00a0<a style=\"color: #1e73be;\" href=\"https:\/\/poezjaiewangelia.pl\/?page_id=5176#S5176\">6 Niedziela zwyk\u0142a rok A, B, C;<\/a>\u00a0\u00a0\u00a0<a style=\"color: #1e73be;\" href=\"https:\/\/poezjaiewangelia.pl\/?page_id=5183#S5183\">7 Niedziela zwyk\u0142a rok A, B, C;<\/a><\/span><\/p>\n<p><span style=\"color: #1e73be;\"><a style=\"color: #1e73be;\" href=\"https:\/\/poezjaiewangelia.pl\/?page_id=61#S61\">Powr\u00f3t do Niedziele zwyk\u0142e\u00a0<\/a>\u00a0\u00a0<a style=\"color: #1e73be;\" href=\"https:\/\/poezjaiewangelia.pl\/?page_id=703#$703\">Powr\u00f3t do Linki<\/a><\/span><\/p>\n<p>\u00a0<\/p>\n\n\n\n<figure class=\"wp-block-image size-full\"><a href=\"https:\/\/www.wga.hu\/html\/a\/angelico\/00\/11fieso1.html\" target=\"_blank\" rel=\"noopener\"><img loading=\"lazy\" decoding=\"async\" width=\"2410\" height=\"350\" src=\"https:\/\/poezjaiewangelia.pl\/wp-content\/uploads\/2018\/11\/Fra-Angelico-Predella-w-o\u0142tarzu-San-Domenico-w-Fiesole.jpg\" alt=\"Fra Angelico Predella w o\u0142tarzu San Domenico w Fiesole\" class=\"wp-image-5546\"\/><\/a><figcaption>Fra Angelico <em>Predella w o\u0142tarzu San Domenico w Fiesole<\/em><\/figcaption><\/figure>\n","protected":false},"excerpt":{"rendered":"<p>i \u00a0 2 Niedziela zwyk\u0142a rok A, B, C;\u00a0\u00a0\u00a03 Niedziela zwyk\u0142a rok A, B, C;\u00a0\u00a0\u00a04 Niedziela zwyk\u0142a rok A, B, C;\u00a0\u00a0\u00a05 Niedziela zwyk\u0142a rok A, B, C;\u00a0\u00a0\u00a06 Niedziela zwyk\u0142a rok A, B, C;\u00a0\u00a0\u00a07 Niedziela zwyk\u0142a rok A, B, C; Powr\u00f3t do Niedziele zwyk\u0142e\u00a0\u00a0\u00a0Powr\u00f3t do Linki \u00a0<\/p>\n","protected":false},"author":1,"featured_media":0,"parent":61,"menu_order":1,"comment_status":"closed","ping_status":"closed","template":"","meta":{"_monsterinsights_skip_tracking":false,"_monsterinsights_sitenote_active":false,"_monsterinsights_sitenote_note":"","_monsterinsights_sitenote_category":0,"footnotes":""},"class_list":["post-5048","page","type-page","status-publish","hentry"],"aioseo_notices":[],"_links":{"self":[{"href":"https:\/\/poezjaiewangelia.pl\/index.php?rest_route=\/wp\/v2\/pages\/5048","targetHints":{"allow":["GET"]}}],"collection":[{"href":"https:\/\/poezjaiewangelia.pl\/index.php?rest_route=\/wp\/v2\/pages"}],"about":[{"href":"https:\/\/poezjaiewangelia.pl\/index.php?rest_route=\/wp\/v2\/types\/page"}],"author":[{"embeddable":true,"href":"https:\/\/poezjaiewangelia.pl\/index.php?rest_route=\/wp\/v2\/users\/1"}],"replies":[{"embeddable":true,"href":"https:\/\/poezjaiewangelia.pl\/index.php?rest_route=%2Fwp%2Fv2%2Fcomments&post=5048"}],"version-history":[{"count":21,"href":"https:\/\/poezjaiewangelia.pl\/index.php?rest_route=\/wp\/v2\/pages\/5048\/revisions"}],"predecessor-version":[{"id":10058,"href":"https:\/\/poezjaiewangelia.pl\/index.php?rest_route=\/wp\/v2\/pages\/5048\/revisions\/10058"}],"up":[{"embeddable":true,"href":"https:\/\/poezjaiewangelia.pl\/index.php?rest_route=\/wp\/v2\/pages\/61"}],"wp:attachment":[{"href":"https:\/\/poezjaiewangelia.pl\/index.php?rest_route=%2Fwp%2Fv2%2Fmedia&parent=5048"}],"curies":[{"name":"wp","href":"https:\/\/api.w.org\/{rel}","templated":true}]}}