{"id":5051,"date":"2018-11-09T17:55:24","date_gmt":"2018-11-09T17:55:24","guid":{"rendered":"https:\/\/poezjaiewangelia.pl\/?page_id=5051"},"modified":"2022-07-22T12:22:12","modified_gmt":"2022-07-22T11:22:12","slug":"2-niedziela-zwykla-rok-a-b-c","status":"publish","type":"page","link":"https:\/\/poezjaiewangelia.pl\/?page_id=5051","title":{"rendered":"2 Niedziela zwyk\u0142a rok A, B, C;"},"content":{"rendered":"\n<div class=\"wp-block-columns is-layout-flex wp-container-core-columns-is-layout-9d6595d7 wp-block-columns-is-layout-flex\">\n<div class=\"wp-block-column is-layout-flow wp-block-column-is-layout-flow\"><div class=\"wp-block-image\">\n<figure class=\"alignright size-large is-resized\"><a href=\"https:\/\/www.wga.hu\/frames-e.html?\/html\/w\/weyden\/rogier\/13variou\/0virgin.html\" target=\"_blank\" rel=\"noopener noreferrer\"><img loading=\"lazy\" decoding=\"async\" src=\"https:\/\/poezjaiewangelia.pl\/wp-content\/uploads\/2015\/12\/Rogier-van-der-Weyden-Madonna-z-Jezusem-1-e1462004519990.jpg\" alt=\"Rogier van der Weyden Madonna z Jezusem\" class=\"wp-image-2447\" width=\"305\" height=\"447\" title=\"Rogier van der Weyden Madonna z Jezusem\"\/><\/a><figcaption><center><em>Rogier van der Weyden Madonna z Jezusem<\/em><\/center><\/figcaption><\/figure>\n<\/div><\/div>\n\n\n\n<div class=\"wp-block-column is-layout-flow wp-block-column-is-layout-flow\">\n<p><span style=\"color: #ffff00;\">i<a id=\"S5051\"><\/a> <a id=\"Gora\"><\/a><\/span><\/p>\n\n\n\n<figure class=\"wp-block-image size-large is-resized\"><img loading=\"lazy\" decoding=\"async\" src=\"https:\/\/poezjaiewangelia.pl\/wp-content\/uploads\/2018\/11\/Zielona-r\u00f3\u017ca-e1587421321818.png\" alt=\"Zielona r\u00f3\u017ca\" class=\"wp-image-4943\" width=\"113\" height=\"113\"\/><figcaption>Kolor szat<\/figcaption><\/figure>\n\n\n\n<p>\u00a0<\/p>\n<p>\u00a0<\/p>\n<p><span style=\"color: #1e73be;\"><a style=\"color: #1e73be;\" href=\"https:\/\/poezjaiewangelia.pl\/?page_id=5051#NZ2A\">2 Niedziela zwyk\u0142a, rok A<\/a><\/span><\/p>\n<p><span style=\"color: #1e73be;\"><a style=\"color: #1e73be;\" href=\"https:\/\/poezjaiewangelia.pl\/?page_id=5051#NZ2B\">2 Niedziela zwyk\u0142a, rok B<\/a><\/span><\/p>\n<p><span style=\"color: #1e73be;\"><a style=\"color: #1e73be;\" href=\"https:\/\/poezjaiewangelia.pl\/?page_id=5051#NZ2C\">2 Niedziela zwyk\u0142a, rok C<\/a><\/span><\/p>\n<\/div>\n<\/div>\n\n\n\n<p><span style=\"color: #1e73be;\"><a style=\"color: #1e73be;\" href=\"https:\/\/poezjaiewangelia.pl\/?page_id=61#S61\">Powr\u00f3t do Niedziele zwyk\u0142e, <\/a>\u00a0<\/span><a id=\"NZ2A\"><\/a><span style=\"color: #1e73be;\"><a style=\"color: #1e73be;\" href=\"https:\/\/poezjaiewangelia.pl\/?page_id=5048#S5048\"> Niedziele zwyk\u0142e 2 \u2013 7,\u00a0<\/a> <a style=\"color: #1e73be;\" href=\"https:\/\/poezjaiewangelia.pl\/?page_id=703#S703\">Powr\u00f3t do Linki<\/a><\/span><\/p>\n\n\n<div class=\"wp-block-image\">\n<figure class=\"alignleft size-large\"><img loading=\"lazy\" decoding=\"async\" width=\"100\" height=\"100\" src=\"https:\/\/poezjaiewangelia.pl\/wp-content\/uploads\/2015\/12\/Labarum-Krzyz-Konstantyna-A1.jpg\" alt=\"Labarum Krzy\u017c Konstantyna\" class=\"wp-image-422\" title=\"Labarum Krzy\u017c Konstantyna\"\/><\/figure>\n<\/div>\n\n\n<hr class=\"wp-block-separator has-text-color has-luminous-vivid-amber-color has-css-opacity has-luminous-vivid-amber-background-color has-background is-style-dots\"\/>\n\n\n\n<p><strong>2 NZ rok A: Ewangelia: J 1, 29 \u2013 34;<\/strong><\/p>\n\n\n\n<h2 class=\"wp-block-heading\"><span style=\"color:#008000\" class=\"has-inline-color\">S\u0142owo Bo\u017ce<\/span><\/h2>\n\n\n<div class=\"wp-block-image\">\n<figure class=\"alignleft size-large is-resized\"><a href=\"https:\/\/www.wga.hu\/framex-e.html?file=html\/v\/verocchi\/painting\/baptism.html&amp;find=Baptism+of+Christ\" target=\"_blank\" rel=\"noopener noreferrer\"><img loading=\"lazy\" decoding=\"async\" src=\"https:\/\/poezjaiewangelia.pl\/wp-content\/uploads\/2015\/12\/Andrea-del-Verrocchio-Chrzest-Chrystusa-1-e1457683228714.jpg\" alt=\"Andrea del Verrocchio Chrzest Chrystusa\" class=\"wp-image-2450\" width=\"332\" height=\"396\" title=\"Andrea del Verrocchio Chrzest Chrystusa\"\/><\/a><figcaption><center><em>Andrea del Verrocchio Chrzest Chrystusa<\/em><\/center><\/figcaption><\/figure>\n<\/div>\n\n\n<p><strong>\u015awiadectwo Jana o Jezusie<\/strong><\/p>\n<p>29 Nazajutrz zobaczy\u0142 Jezusa, nadchodz\u0105cego ku niemu, i rzek\u0142: \u00abOto Baranek Bo\u017cy, kt\u00f3ry g\u0142adzi grzech \u015bwiata.<br>30 To jest Ten, o kt\u00f3rym powiedzia\u0142em: Po mnie przyjdzie M\u0105\u017c, kt\u00f3ry mnie przewy\u017cszy\u0142 godno\u015bci\u0105, gdy\u017c by\u0142 wcze\u015bniej ode mnie.<br>31 Ja Go przedtem nie zna\u0142em, ale przyszed\u0142em chrzci\u0107 wod\u0105 w tym celu, aby On si\u0119 objawi\u0142 Izraelowi\u00bb.<br><span style=\"color: #993300;\"><strong>32 Jan da\u0142 takie \u015bwiadectwo: \u00abUjrza\u0142em Ducha, kt\u00f3ry jak go\u0142\u0119bica zst\u0119powa\u0142 z nieba i spocz\u0105\u0142 na Nim.<\/strong><\/span><br><span style=\"color: #993300;\"><strong>33 Ja Go przedtem nie zna\u0142em, ale Ten, kt\u00f3ry mnie pos\u0142a\u0142, abym chrzci\u0142 wod\u0105, powiedzia\u0142 do mnie: \u201cTen, nad kt\u00f3rym ujrzysz Ducha zst\u0119puj\u0105cego i spoczywaj\u0105cego nad Nim, jest Tym, kt\u00f3ry chrzci Duchem \u015awi\u0119tym\u201d.<\/strong><\/span><br><span style=\"color: #993300;\"><strong>34 Ja to ujrza\u0142em i daj\u0119 \u015bwiadectwo, \u017ce On jest Synem Bo\u017cym\u00bb<\/strong><\/span><\/p>\n\n\n\n<h2 class=\"wp-block-heading\"><span style=\"color:#008000\" class=\"has-inline-color\">Refleksja<\/span><\/h2>\n\n\n\n<p><strong>Jan Twardowski<\/strong><\/p>\n\n\n\n<p><em><strong>Dlatego<\/strong><\/em><\/p>\n\n\n\n<p>Nie dlatego, \u017ce wsta\u0142e\u015b z grobu<br>nie dlatego \u017ce wst\u0105pi\u0142e\u015b do nieba<br>ale dlatego \u017ce Ci podstawiono nog\u0119<br>\u017ce dosta\u0142e\u015b w twarz<br>\u017ce Ci\u0119 rozebrano do naga<br>\u017ce skurczy\u0142e\u015b na krzy\u017cu jak czapla szyj\u0119<br>za to \u017ce umar\u0142e\u015b jak B\u00f3g niepodobny do Boga<br>bez lekarstw i r\u0119cznika mokrego na g\u0142owie<br>za to \u017ce mia\u0142e\u015b oczy wi\u0119ksze od wojny<br>jak polegli w rowie z niezapominajk\u0105 \u2013<br>dlatego \u017ce brudny od \u0142ez podnosz\u0119 Ciebie<br>stale we mszy<br>jak baranka wytarganego za uszy<\/p>\n\n\n\n<p><em><strong>\u201enie przyszed\u0142em pana nawraca\u0107\u201d, Warszawa 1986, str. 285<\/strong><\/em><\/p>\n\n\n\n<p><strong>Wac\u0142aw Oszajca<\/strong><\/p>\n\n\n\n<p><em><strong>widzia\u0142em boga<\/strong><\/em><\/p>\n\n\n\n<p>nie dos\u0142ysza\u0142em<br>co powiedzia\u0142<br>dziennikarzy nie dopuszczono<br>nikt nie podstawi\u0142 mikrofonu<\/p>\n\n\n\n<p>widzia\u0142em<\/p>\n\n\n\n<p>tr\u00f3jjedynego<\/p>\n\n\n\n<p>jednojednego<\/p>\n\n\n\n<p>w<\/p>\n\n\n\n<p>trzydziestu dwu osobach [\u2026]<\/p>\n\n\n\n<p>widzia\u0142em<\/p>\n\n\n\n<p>b\u00f3g<br>stoi pod \u015bcian\u0105<br>kl\u0119ka<br>przed<br>niemcem<br>ca\u0142uje<br>niemca<br>po<br>r\u0119kach<br>z nie\u015bmia\u0142ym u\u015bmiechem<br>pokazuje fotografie<\/p>\n\n\n\n<p>tak wygl\u0105da\u0142<br>gdy go przywie\u017ali<br>a tak gdy go wyzwolili<\/p>\n\n\n\n<p>widzia\u0142em<br>boga<br>dr\u017c\u0105ce<br>r\u0119ce i wargi<\/p>\n\n\n\n<p>i spad\u0142 na ziemi\u0119 wicher<br>i strugi deszczu<\/p>\n\n\n\n<p>a b\u00f3g<br>wszystkie swoje trzydzie\u015bci dwie twarze<br>g\u0142adzi po policzkach<br>pie\u015bci wzrokiem<br>ociera z \u0142ez i deszczu<br>ca\u0142uje<\/p>\n\n\n\n<p>a za jego plecami<br>podnosi si\u0119<br>t\u0119cza<\/p>\n\n\n<div class=\"wp-block-image\">\n<figure class=\"alignright size-large is-resized\"><a href=\"https:\/\/commons.wikimedia.org\/wiki\/File:Gentile_da_Fabriano_049.jpg\" target=\"_blank\" rel=\"noopener noreferrer\"><img loading=\"lazy\" decoding=\"async\" src=\"https:\/\/poezjaiewangelia.pl\/wp-content\/uploads\/2015\/12\/a1ce37de3ca6385ba2f2e155350c3e15-1-e1462209855553.jpg\" alt=\"Gentile da Fabriano \u015aw. Jan Chrzciciel\" class=\"wp-image-2451\" width=\"297\" height=\"405\" title=\"Gentile da Fabriano \u015aw. Jan Chrzciciel\"\/><\/a><figcaption><center><em>Gentile da Fabriano \u015aw. Jan Chrzciciel<\/em><\/center><\/figcaption><\/figure>\n<\/div>\n\n\n<p>raz<br>jeszcze<\/p>\n\n\n\n<p>AUSCHWITZ \u2013 BIRKENAU, 28 MAJA 2006 R.<\/p>\n\n\n\n<p><em><strong>\u00abodwr\u00f3cona perspektywa\u00bb, Warszawa 2009, str. 15<\/strong><\/em><\/p>\n\n\n\n<p><strong>Jan Twardowski<\/strong><\/p>\n\n\n\n<p><em><strong>Aposto\u0142owie niewiary<\/strong><\/em><\/p>\n\n\n\n<p>Niewiara ma swoich aposto\u0142\u00f3w<br>m\u0119czennik\u00f3w<br>wyznawc\u00f3w<br>zadziera nos do g\u00f3ry<br>z ka\u017cdym si\u0119 dogada<br>niesie tak\u017ce sw\u00f3j krzy\u017c<br>uczy si\u0119 milczenia w milczeniu<br>ciemno\u015bci przed \u015bwitem<br>za\u0142amuje r\u0119ce nad grobem matki<\/p>\n\n\n\n<p>tu przychodzi \u017ceby uwierzy\u0107<\/p>\n\n\n\n<p><em><strong>\u201enie przyszed\u0142em pana nawraca\u0107\u201d, Warszawa 1986, str. 334<\/strong><\/em><\/p>\n\n\n\n<p style=\"text-align: center;\"><span style=\"color: #1e73be;\"><a style=\"color: #1e73be;\" href=\"https:\/\/poezjaiewangelia.pl\/?page_id=5051&amp;preview_id=5051#Gora\">Do g\u00f3ry<\/a><\/span><\/p>\n\n\n\n<p><span style=\"color: #1e73be;\"><a style=\"color: #1e73be;\" href=\"https:\/\/poezjaiewangelia.pl\/?page_id=61#S61\">Powr\u00f3t do Niedziele zwyk\u0142e&nbsp;<\/a>&nbsp;&nbsp;<\/span><a id=\"NZ2B\"><\/a><span style=\"color: #1e73be;\">&nbsp;&nbsp;<a style=\"color: #1e73be;\" href=\"https:\/\/poezjaiewangelia.pl\/?page_id=703#S703\">Powr\u00f3t do Linki<\/a><\/span><\/p>\n\n\n<div class=\"wp-block-image\">\n<figure class=\"alignleft size-large\"><a href=\"https:\/\/pl.wikipedia.org\/w\/index.php?title=Plik:Labarum.png&amp;filetimestamp=20050723191929\" target=\"_blank\" rel=\"noopener noreferrer\"><img loading=\"lazy\" decoding=\"async\" width=\"100\" height=\"100\" src=\"https:\/\/poezjaiewangelia.pl\/wp-content\/uploads\/2015\/12\/Labarum-Krzyz-Konstantyna-C1.jpg\" alt=\"Labarum Krzy\u017c Konstantyna\" class=\"wp-image-424\" title=\"Labarum Krzy\u017c Konstantyna\"\/><\/a><\/figure>\n<\/div>\n\n\n<hr class=\"wp-block-separator has-text-color has-luminous-vivid-amber-color has-css-opacity has-luminous-vivid-amber-background-color has-background is-style-dots\"\/>\n\n\n\n<p><strong>2 NZ rok B: Ewangelia: J 1, 35 \u2013 42;<\/strong><\/p>\n\n\n\n<h2 class=\"wp-block-heading\"><span style=\"color:#008000\" class=\"has-inline-color\">S\u0142owo Bo\u017ce<\/span><\/h2>\n\n\n\n<p><strong>\u015awiadectwo uczni\u00f3w<\/strong><\/p>\n<p>35 Nazajutrz Jan znowu sta\u0142 w tym miejscu wraz z dwoma swoimi uczniami<br>36 i gdy zobaczy\u0142 przechodz\u0105cego Jezusa, rzek\u0142: \u00abOto Baranek Bo\u017cy\u00bb.<br>37 Dwaj uczniowie us\u0142yszeli, jak m\u00f3wi\u0142, i poszli za Jezusem.<br>38 Jezus za\u015b odwr\u00f3ciwszy si\u0119 i ujrzawszy, \u017ce oni id\u0105 za Nim, rzek\u0142 do nich: \u00abCzego szukacie?\u00bb Oni powiedzieli do Niego: \u00abRabbi! \u2013 to znaczy: Nauczycielu \u2013 gdzie mieszkasz?\u00bb<br>39 Odpowiedzia\u0142 im: \u00abChod\u017acie, a zobaczycie\u00bb. Poszli wi\u0119c i zobaczyli, gdzie mieszka, i tego dnia pozostali u Niego. By\u0142o to oko\u0142o godziny dziesi\u0105tej.<br>40 Jednym z dw\u00f3ch, kt\u00f3rzy to us\u0142yszeli od Jana i poszli za Nim, by\u0142 Andrzej, brat Szymona Piotra.<br>41 Ten spotka\u0142 najpierw swego brata i rzek\u0142 do niego: \u00abZnale\u017ali\u015bmy Mesjasza\u00bb \u2013 to znaczy: Chrystusa.<br>42 I przyprowadzi\u0142 go do Jezusa. A Jezus wejrzawszy na niego rzek\u0142: \u00abTy jeste\u015b Szymon, syn Jana, ty b\u0119dziesz nazywa\u0142 si\u0119 Kefas\u00bb \u2013 to znaczy: Piotr.<br>43 Nazajutrz [Jezus] postanowi\u0142 uda\u0107 si\u0119 do Galilei. I spotka\u0142 Filipa. Jezus powiedzia\u0142 do niego: \u00abP\u00f3jd\u017a za Mn\u0105!\u00bb.<br>44 Filip za\u015b pochodzi\u0142 z Betsaidy, z miasta Andrzeja i Piotra.<br>45 Filip spotka\u0142 Natanaela i powiedzia\u0142 do niego: \u00abZnale\u017ali\u015bmy Tego, o kt\u00f3rym pisa\u0142 Moj\u017cesz w Prawie i Prorocy \u2013 Jezusa, syna J\u00f3zefa z Nazaretu\u00bb.46 Rzek\u0142 do niego Natanael: \u00abCzy\u017c mo\u017ce by\u0107 co dobrego z Nazaretu?\u00bb Odpowiedzia\u0142 mu Filip: \u00abChod\u017a i zobacz!\u00bb<br>47 Jezus ujrza\u0142, jak Natanael zbli\u017ca\u0142 si\u0119 do Niego, i powiedzia\u0142 o nim: \u00abPatrz, to prawdziwy Izraelita, w kt\u00f3rym nie ma podst\u0119pu\u00bb.<br>48 Powiedzia\u0142 do Niego Natanael: \u00abSk\u0105d mnie znasz?\u00bb Odrzek\u0142 mu Jezus: \u00abWidzia\u0142em ci\u0119, zanim ci\u0119 zawo\u0142a\u0142 Filip, gdy by\u0142e\u015b pod drzewem figowym\u00bb.<br>49 Odpowiedzia\u0142 Mu Natanael: \u00abRabbi, Ty jeste\u015b Synem Bo\u017cym, Ty jeste\u015b Kr\u00f3lem Izraela!\u00bb<br><span style=\"color: #993300;\"><strong>50 Odpar\u0142 mu Jezus: \u00abCzy dlatego wierzysz, \u017ce powiedzia\u0142em ci: Widzia\u0142em ci\u0119 pod drzewem figowym? Zobaczysz jeszcze wi\u0119cej ni\u017c to\u00bb.<\/strong><\/span><br><span style=\"color: #993300;\"><strong>51 Potem powiedzia\u0142 do niego: \u00abZaprawd\u0119, zaprawd\u0119, powiadam wam: Ujrzycie niebiosa otwarte i anio\u0142\u00f3w Bo\u017cych wst\u0119puj\u0105cych i zst\u0119puj\u0105cych na Syna Cz\u0142owieczego\u00bb<\/strong><\/span><\/p>\n\n\n<div class=\"wp-block-image\">\n<figure class=\"aligncenter size-large is-resized\"><a href=\"https:\/\/pl.wikipedia.org\/w\/index.php?title=Plik:Fra_Angelico_009.jpg&amp;filetimestamp=20050519021546\" target=\"_blank\" rel=\"noopener noreferrer\"><img loading=\"lazy\" decoding=\"async\" src=\"https:\/\/poezjaiewangelia.pl\/wp-content\/uploads\/2015\/12\/1a25117acc1b83a52224fe39e4a6ffc6-e1462881668586.jpg\" alt=\"Fra Angelico S\u0105d Ostateczny\" class=\"wp-image-2516\" width=\"561\" height=\"273\" title=\"Fra Angelico S\u0105d Ostateczny\"\/><\/a><figcaption><center><em>Fra Angelico S\u0105d Ostateczny<\/em><\/center><\/figcaption><\/figure>\n<\/div>\n\n\n<h2 class=\"wp-block-heading\"><span style=\"color:#008000\" class=\"has-inline-color\">Refleksja<\/span><\/h2>\n\n\n\n<p><strong>Jan Twardowski&nbsp;<\/strong><\/p>\n\n\n\n<p><em><strong>Wiara zdziwienie<\/strong><\/em><\/p>\n\n\n\n<p>Bo\u017ce bro\u0144 wiary prostych ludzi<br>nie wyuczonej na lekcjach<\/p>\n\n\n\n<p>nie przepytanej i sprawdzonej \u017ce w sam raz<br>rodz\u0105cej si\u0119 jak lew na z\u0142o\u015b\u0107 wszystkim innym kotom<br>od razu z otwartymi oczami<br>zdziwionej&nbsp; od pocz\u0105tku do ko\u0144ca<br>jak psiak co nie wie dlaczego m\u00f3wi ogonem<br>bez retoryki stukaj\u0105cej kopytkiem w piekle<br>takiej kt\u00f3ra nie sprawdza \u017ceby rozumie\u0107<br>ale wierzy \u017ceby wiedzie\u0107<br>ze \u015bwi\u0119tym Antonim od zgubionego klucza<br>z gromnic\u0105 na wszelki wypadek<br>takiej kt\u00f3ra powtarza \u017ce jeden plus jeden to trzy<\/p>\n\n\n\n<p>bo jak dwoje to musi by\u0107 i Pan Jezus<\/p>\n\n\n\n<p><em><strong>\u201cnie przyszed\u0142em pana nawraca\u0107\u201d, Warszawa 1986, str. 287.<\/strong><\/em><\/p>\n\n\n\n<p><strong>Jan Twardowski&nbsp;<\/strong><\/p>\n\n\n\n<p><em><strong>O wierze<\/strong><\/em><\/p>\n\n\n\n<p>Jak cz\u0119sto trzeba traci\u0107 wiar\u0119<br>urz\u0119dow\u0105<br>nad\u0119t\u0105<br>zadzieraj\u0105c\u0105 nosa do g\u00f3ry<br>asekuruj\u0105c\u0105<br>g\u0142oszon\u0105 st\u0105d dot\u0105d<br>\u017ceby odnale\u017a\u0107 t\u0119 jedyn\u0105<br>wci\u0105\u017c jak w\u0119giel jeszcze zielony<br>t\u0119 kt\u00f3ra jest po prostu<br>spotkaniem po ciemku<br>kiedy niepewno\u015b\u0107 staje si\u0119 pewno\u015bci\u0105<br>prawdziw\u0105 wiar\u0105 bo ca\u0142kiem nie do wiary<\/p>\n\n\n\n<p><em><strong>\u201cnie przyszed\u0142em pana nawraca\u0107\u201d, Warszawa 1986, str. 153<\/strong><\/em><\/p>\n\n\n\n<p style=\"text-align: center;\"><span style=\"color: #1e73be;\"><a style=\"color: #1e73be;\" href=\"https:\/\/poezjaiewangelia.pl\/?page_id=5051&amp;preview_id=5051#Gora\">Do g\u00f3ry<\/a><\/span><\/p>\n\n\n\n<p><span style=\"color: #1e73be;\"><a style=\"color: #1e73be;\" href=\"https:\/\/poezjaiewangelia.pl\/?page_id=61#S61\">Powr\u00f3t do Niedziele Zwyk\u0142e&nbsp;<\/a>&nbsp;<\/span><a id=\"NZ2C\"><\/a><span style=\"color: #1e73be;\">&nbsp; &nbsp;<a style=\"color: #1e73be;\" href=\"https:\/\/poezjaiewangelia.pl\/?page_id=703#S703\">Powr\u00f3t do Linki<\/a><\/span><\/p>\n\n\n<div class=\"wp-block-image\">\n<figure class=\"alignleft size-large\"><a href=\"https:\/\/pl.wikipedia.org\/w\/index.php?title=Plik:Labarum.png&amp;filetimestamp=20050723191929\" target=\"_blank\" rel=\"noopener noreferrer\"><img loading=\"lazy\" decoding=\"async\" width=\"100\" height=\"100\" src=\"https:\/\/poezjaiewangelia.pl\/wp-content\/uploads\/2015\/12\/Labarum-Krzyz-Konstantyna-B1.jpg\" alt=\"Labarum Krzy\u017c Konstantyna\" class=\"wp-image-423\"\/><\/a><\/figure>\n<\/div>\n\n\n<hr class=\"wp-block-separator has-text-color has-luminous-vivid-amber-color has-css-opacity has-luminous-vivid-amber-background-color has-background is-style-dots\"\/>\n\n\n\n<p><strong>2 NZ rok C: Ewangelia: J 2, 1 \u2013 12;<\/strong><\/p>\n\n\n\n<h2 class=\"wp-block-heading\"><span style=\"color:#008000\" class=\"has-inline-color\">S\u0142owo Bo\u017ce<\/span><\/h2>\n\n\n<div class=\"wp-block-image\">\n<figure class=\"alignleft size-large is-resized\"><a href=\"https:\/\/www.wga.hu\/frames-e.html?\/html\/g\/giotto\/padova\/old\/chris08.html\" target=\"_blank\" rel=\"noopener noreferrer\"><img loading=\"lazy\" decoding=\"async\" src=\"https:\/\/poezjaiewangelia.pl\/wp-content\/uploads\/2015\/12\/Giotto-di-Bondone-Wesele-w-Kanie-Galilejskiej-e1459414816533.jpg\" alt=\"Giotto di Bondone Wesele w Kanie Galilejskiej\" class=\"wp-image-2911\" width=\"385\" height=\"355\" title=\"Giotto di Bondone Wesele w Kanie Galilejskiej\"\/><\/a><figcaption><center><em>Giotto di Bondone Wesele w Kanie Galilejskiej<\/em><\/center><\/figcaption><\/figure>\n<\/div>\n\n\n<p><strong>Pierwszy znak w Kanie Galilejskiej &nbsp;<\/strong><\/p>\n<p>1 Trzeciego dnia odbywa\u0142o si\u0119 wesele w Kanie Galilejskiej i by\u0142a tam Matka Jezusa.<br>2 Zaproszono na to wesele tak\u017ce Jezusa i Jego uczni\u00f3w.<br>3 A kiedy zabrak\u0142o wina, Matka Jezusa m\u00f3wi do Niego: \u00abNie maj\u0105 ju\u017c wina\u00bb.<br>4 Jezus Jej odpowiedzia\u0142: \u00abCzy\u017c to moja lub Twoja sprawa, Niewiasto? Czy\u017c jeszcze nie nadesz\u0142a godzina moja?\u00bb<br><span style=\"color: #993300;\"><strong>5 Wtedy Matka Jego powiedzia\u0142a do s\u0142ug: \u00abZr\u00f3bcie wszystko, cokolwiek wam powie\u00bb<\/strong><\/span><br>6 Sta\u0142o za\u015b tam sze\u015b\u0107 st\u0105gwi kamiennych przeznaczonych do \u017cydowskich oczyszcze\u0144, z kt\u00f3rych ka\u017cda mog\u0142a pomie\u015bci\u0107 dwie lub trzy miary.<br>7 Rzek\u0142 do nich Jezus: \u00abNape\u0142nijcie st\u0105gwie wod\u0105!\u00bb I nape\u0142nili je a\u017c po brzegi.<br>8 Potem do nich powiedzia\u0142: \u00abZaczerpnijcie teraz i zanie\u015bcie staro\u015bcie weselnemu!\u00bb Oni za\u015b zanie\u015bli.<br>9 A gdy starosta weselny skosztowa\u0142 wody, kt\u00f3ra sta\u0142a si\u0119 winem \u2013 nie wiedzia\u0142 bowiem, sk\u0105d ono pochodzi, ale s\u0142udzy, kt\u00f3rzy czerpali wod\u0119, wiedzieli \u2013 przywo\u0142a\u0142 pana m\u0142odego<br>10 i powiedzia\u0142 do niego: \u00abKa\u017cdy cz\u0142owiek stawia najpierw dobre wino, a gdy si\u0119 napij\u0105, w\u00f3wczas gorsze. Ty zachowa\u0142e\u015b dobre wino a\u017c do tej pory\u00bb<br><span style=\"color: #993300;\"><strong>11 Taki to pocz\u0105tek znak\u00f3w uczyni\u0142 Jezus w Kanie Galilejskiej. Objawi\u0142 swoj\u0105 chwa\u0142\u0119 i uwierzyli w Niego Jego uczniowie.<\/strong><\/span><br>12 Nast\u0119pnie On, Jego Matka, bracia i uczniowie Jego udali si\u0119 do Kafarnaum, gdzie pozostali kilka dni.<\/p>\n\n\n\n<h2 class=\"wp-block-heading\"><span style=\"color:#008000\" class=\"has-inline-color\">Refleksja<\/span><\/h2>\n\n\n\n<p><strong>Wac\u0142aw Oszajca<\/strong><\/p>\n\n\n\n<p><em><strong>Kana<\/strong><\/em><\/p>\n\n\n\n<p>nape\u0142nili\u015bmy st\u0105gwie<br>wod\u0105 po brzegi<br>siedli\u015bmy na podwini\u0119tych nogach<br>i czekamy<br>a ty nie przychodzisz<br>aby j\u0105 przemieni\u0107 w wino<br>przecie\u017c wystarczy go dla nas<br>czemu wi\u0119c zwlekasz<\/p>\n\n\n\n<p><em><strong>\u201e\u2026 Ty za blisko, my za daleko\u2026\u201d, Lublin 1985, str.62<\/strong><\/em><\/p>\n\n\n\n<p><strong>Wac\u0142aw Oszajca<\/strong><\/p>\n\n\n\n<p><em><strong>Nadzieja<\/strong><\/em><\/p>\n\n\n\n<p>wierz\u0119 \u017ce nie istniejesz<br>\u017ce b\u0119dzie koniec<br>wszelkich pocz\u0105tk\u00f3w<br>i umieram spokojnie<\/p>\n\n\n\n<p>zachwyci\u0142a mnie ziemia<\/p>\n\n\n\n<p>wi\u0119c na sw\u00f3j spos\u00f3b<br>\u017cy\u0142em ju\u017c w twoim<br>je\u015bli jeste\u015b \u015bwiecie<\/p>\n\n\n\n<p><em><strong>\u201e \u2026Ty za blisko, my za daleko\u2026\u201d, Lublin 1985, str.79.&nbsp;<\/strong><\/em><\/p>\n\n\n\n<p><strong>Beata Oberty\u0144ska<\/strong><\/p>\n\n\n\n<p><strong>* * *<\/strong><br>Ch\u0142odnam oto od ja\u0142owych tre\u015bci,<br>jak od wody owe st\u0105gwie w Kanie.<br>Kiedy\u015b wreszcie cud mi si\u0119 obwie\u015bci,<br>\u017ce\u015b je w wino zmieni\u0107 raczy\u0142, Panie?!<\/p>\n\n\n\n<p><em><strong>\u00abGrudki kadzid\u0142a\u00bb, Krak\u00f3w 1987, str. 72<\/strong><\/em><\/p>\n\n\n<div class=\"wp-block-image\">\n<figure class=\"alignright size-large is-resized\"><a href=\"https:\/\/www.wga.hu\/framex-e.html?file=html\/d\/david\/2\/cana_mar.html&amp;find=The+Marriage+at+Cana\" target=\"_blank\" rel=\"noopener noreferrer\"><img loading=\"lazy\" decoding=\"async\" src=\"https:\/\/poezjaiewangelia.pl\/wp-content\/uploads\/2015\/12\/Gerard-David-Wesele-w-Kanie-e1459415060327.jpg\" alt=\"Gerard David Wesele w Kanie\" class=\"wp-image-2912\" width=\"434\" height=\"324\" title=\"Gerard David Wesele w Kanie\"\/><\/a><figcaption><center><em>Gerard David Wesele w Kanie<\/em><\/center><\/figcaption><\/figure>\n<\/div>\n\n\n<p><strong>Jan Zieli\u0144ski<\/strong><\/p>\n\n\n\n<p><em><strong>Wino zmartwychwstania&nbsp;<\/strong><\/em><\/p>\n\n\n\n<p>Dojrzewa\u0142o<br>nabiera\u0142o smaku Kr\u00f3lestwa<br>na g\u00f3rze<br>gdzie spe\u0142nia\u0142a si\u0119 Pascha<br>z przebitego boku wylane<br>przybywa dzisiaj<br>do parafialnej sali<br>wozem przepowiadania<br>gdy wlewamy S\u0142owo<br>do pustych st\u0105gwi<br>woda staje si\u0119 winem<br>zmieniaj\u0105c twarze<br>z niepokoju w pok\u00f3j<br>z cieni w \u015bwiat\u0142o<\/p>\n\n\n\n<p>chcia\u0142bym<br>zobaczy\u0107 jeszcze wi\u0119cej<br>taniec uniesienia<br>jaki\u015b cud mi\u0142o\u015bci nowej<br>ale przecie\u017c wystarczy tyle<br>d a j e n u<\/p>\n\n\n\n<p><em><strong>\u201eWiersze podarowane\u201d, Warszawa 1994, str.112<\/strong><\/em><\/p>\n\n\n\n<p style=\"text-align: center;\"><span style=\"color: #1e73be;\"><a style=\"color: #1e73be;\" href=\"https:\/\/poezjaiewangelia.pl\/?page_id=5051&amp;preview_id=5051#Gora\">Do g\u00f3ry<\/a><\/span><\/p>\n","protected":false},"excerpt":{"rendered":"<p>i \u00a0 \u00a0 2 Niedziela zwyk\u0142a, rok A 2 Niedziela zwyk\u0142a, rok B 2 Niedziela zwyk\u0142a, rok C Powr\u00f3t do Niedziele zwyk\u0142e, \u00a0 Niedziele zwyk\u0142e 2 \u2013 7,\u00a0 Powr\u00f3t do Linki 2 NZ rok A: Ewangelia: J 1, 29 \u2013 34; \u015awiadectwo Jana o Jezusie 29 Nazajutrz zobaczy\u0142 Jezusa, nadchodz\u0105cego ku niemu, i rzek\u0142: \u00abOto &hellip; <a href=\"https:\/\/poezjaiewangelia.pl\/?page_id=5051\" class=\"more-link\">Czytaj dalej <span class=\"screen-reader-text\">2 Niedziela zwyk\u0142a rok A, B, C;<\/span><\/a><\/p>\n","protected":false},"author":1,"featured_media":0,"parent":5048,"menu_order":1,"comment_status":"closed","ping_status":"closed","template":"","meta":{"_monsterinsights_skip_tracking":false,"_monsterinsights_sitenote_active":false,"_monsterinsights_sitenote_note":"","_monsterinsights_sitenote_category":0,"footnotes":""},"class_list":["post-5051","page","type-page","status-publish","hentry"],"aioseo_notices":[],"_links":{"self":[{"href":"https:\/\/poezjaiewangelia.pl\/index.php?rest_route=\/wp\/v2\/pages\/5051","targetHints":{"allow":["GET"]}}],"collection":[{"href":"https:\/\/poezjaiewangelia.pl\/index.php?rest_route=\/wp\/v2\/pages"}],"about":[{"href":"https:\/\/poezjaiewangelia.pl\/index.php?rest_route=\/wp\/v2\/types\/page"}],"author":[{"embeddable":true,"href":"https:\/\/poezjaiewangelia.pl\/index.php?rest_route=\/wp\/v2\/users\/1"}],"replies":[{"embeddable":true,"href":"https:\/\/poezjaiewangelia.pl\/index.php?rest_route=%2Fwp%2Fv2%2Fcomments&post=5051"}],"version-history":[{"count":36,"href":"https:\/\/poezjaiewangelia.pl\/index.php?rest_route=\/wp\/v2\/pages\/5051\/revisions"}],"predecessor-version":[{"id":10113,"href":"https:\/\/poezjaiewangelia.pl\/index.php?rest_route=\/wp\/v2\/pages\/5051\/revisions\/10113"}],"up":[{"embeddable":true,"href":"https:\/\/poezjaiewangelia.pl\/index.php?rest_route=\/wp\/v2\/pages\/5048"}],"wp:attachment":[{"href":"https:\/\/poezjaiewangelia.pl\/index.php?rest_route=%2Fwp%2Fv2%2Fmedia&parent=5051"}],"curies":[{"name":"wp","href":"https:\/\/api.w.org\/{rel}","templated":true}]}}