{"id":5163,"date":"2018-11-10T16:32:23","date_gmt":"2018-11-10T16:32:23","guid":{"rendered":"https:\/\/poezjaiewangelia.pl\/?page_id=5163"},"modified":"2022-07-19T18:39:48","modified_gmt":"2022-07-19T17:39:48","slug":"4-niedziela-zwykla-rok-a-b-c","status":"publish","type":"page","link":"https:\/\/poezjaiewangelia.pl\/?page_id=5163","title":{"rendered":"4 Niedziela zwyk\u0142a rok A, B, C;"},"content":{"rendered":"\n<p style=\"text-align: left;\"><span style=\"color: #ffff00;\">i <a id=\"S5163\"><\/a> <a id=\"Gora\"><\/a><\/span><\/p>\n\n\n\n<div class=\"wp-block-columns is-layout-flex wp-container-core-columns-is-layout-9d6595d7 wp-block-columns-is-layout-flex\">\n<div class=\"wp-block-column is-layout-flow wp-block-column-is-layout-flow\"><div class=\"wp-block-image\">\n<figure class=\"alignright is-resized\"><a href=\"https:\/\/www.wga.hu\/frames-e.html?\/html\/r\/raphael\/6tapestr\/2draught.html\" target=\"_blank\" rel=\"noopener noreferrer\"><img loading=\"lazy\" decoding=\"async\" src=\"https:\/\/poezjaiewangelia.pl\/wp-content\/uploads\/2015\/12\/136eabafb6b3fcbf1ac743c7dbb55c88-2-e1462005261128.jpg\" alt=\"Rafael Santi Cudowny po\u0142\u00f3w ryb\" width=\"401\" height=\"324\" title=\"Rafael Santi Cudowny po\u0142\u00f3w ryb\"\/><\/a><figcaption><center><em>Rafael Santi Cudowny po\u0142\u00f3w ryb<\/em><\/center><\/figcaption><\/figure>\n<\/div><\/div>\n\n\n\n<div class=\"wp-block-column is-layout-flow wp-block-column-is-layout-flow\">\n<figure class=\"wp-block-image is-resized size-large\"><img loading=\"lazy\" decoding=\"async\" src=\"https:\/\/poezjaiewangelia.pl\/wp-content\/uploads\/2018\/11\/Zielona-r\u00f3\u017ca-e1587421321818.png\" alt=\"Zielona r\u00f3\u017ca\" width=\"113\" height=\"113\"\/><figcaption>Kolor szat<\/figcaption><\/figure>\n\n\n\n<p>&nbsp;<\/p>\n<p><span style=\"color: #1e73be;\"><a style=\"color: #1e73be;\" href=\"https:\/\/poezjaiewangelia.pl\/?page_id=5163#NZ4A\">4 Niedziela zwyk\u0142a rok A<\/a><\/span><\/p>\n<p><span style=\"color: #1e73be;\"><a style=\"color: #1e73be;\" href=\"https:\/\/poezjaiewangelia.pl\/?page_id=5163#NZ4B\">4 Niedziela zwyk\u0142a rok B<\/a><\/span><\/p>\n<p><span style=\"color: #1e73be;\"><a style=\"color: #1e73be;\" href=\"https:\/\/poezjaiewangelia.pl\/?page_id=5163#NZ4C\">4 Niedziela zwyk\u0142a rok C<\/a><\/span><\/p>\n\n\n<\/div>\n<\/div>\n\n\n\n<p><span style=\"color: #1e73be;\"><a style=\"color: #1e73be;\" href=\"https:\/\/poezjaiewangelia.pl\/?page_id=61#S61\">Powr\u00f3t do Niedziele zwyk\u0142e,<\/a>&nbsp;&nbsp;<\/span><a id=\"NZ4A\"><\/a><span style=\"color: #1e73be;\">&nbsp; <a style=\"color: #1e73be;\" href=\"https:\/\/poezjaiewangelia.pl\/?page_id=5048#S5048\">Niedziele zwyk\u0142e 2\u20137,<\/a>&nbsp; <a style=\"color: #1e73be;\" href=\"https:\/\/poezjaiewangelia.pl\/?page_id=703#S703\">Powr\u00f3t do Linki<\/a><\/span><\/p>\n\n\n<div class=\"wp-block-image\">\n<figure class=\"alignleft size-large\"><a href=\"https:\/\/pl.wikipedia.org\/w\/index.php?title=Plik:Labarum.png&amp;filetimestamp=20050723191929\" target=\"_blank\" rel=\"noopener noreferrer\"><img loading=\"lazy\" decoding=\"async\" width=\"100\" height=\"100\" src=\"https:\/\/poezjaiewangelia.pl\/wp-content\/uploads\/2015\/12\/Labarum-Krzyz-Konstantyna-A1.jpg\" alt=\"Labarum Krzy\u017c Konstantyna\" class=\"wp-image-422\" title=\"Labarum Krzy\u017c Konstantyna\"\/><\/a><\/figure>\n<\/div>\n\n\n<hr class=\"wp-block-separator has-text-color has-luminous-vivid-amber-color has-css-opacity has-luminous-vivid-amber-background-color has-background is-style-dots\"\/>\n\n\n\n<p><strong>4 NZ Rok A: Ewangelia: Mt 5, 1 \u2013 12 a;<\/strong><\/p>\n\n\n\n<h2 class=\"wp-block-heading\"><span style=\"color:#008000\" class=\"has-inline-color\">S\u0142owo Bo\u017ce<\/span><\/h2>\n\n\n\n<p>1 Jezus, widz\u0105c t\u0142umy, wyszed\u0142 na g\u00f3r\u0119. A gdy usiad\u0142, przyst\u0105pili do Niego Jego uczniowie<br>2 Wtedy otworzy\u0142 swoje usta i naucza\u0142 ich tymi s\u0142owami<br><span style=\"color: #993300;\"><strong>3 B\u0142ogos\u0142awieni ubodzy w duchu, albowiem do nich nale\u017cy kr\u00f3lestwo niebieskie.<\/strong><\/span><br>4 B\u0142ogos\u0142awieni, kt\u00f3rzy si\u0119 smuc\u0105, albowiem oni b\u0119d\u0105 pocieszeni.<br>5 B\u0142ogos\u0142awieni cisi, albowiem oni na w\u0142asno\u015b\u0107 posi\u0105d\u0105 ziemi\u0119<br>6 B\u0142ogos\u0142awieni, kt\u00f3rzy \u0142akn\u0105 i pragn\u0105 sprawiedliwo\u015bci, albowiem oni b\u0119d\u0105 nasyceni.<br>7 B\u0142ogos\u0142awieni mi\u0142osierni, albowiem oni mi\u0142osierdzia dost\u0105pi\u0105.<br>8 B\u0142ogos\u0142awieni czystego serca, albowiem oni Boga ogl\u0105da\u0107 b\u0119d\u0105.<br>9 B\u0142ogos\u0142awieni, kt\u00f3rzy wprowadzaj\u0105 pok\u00f3j, albowiem oni b\u0119d\u0105 nazwani synami Bo\u017cymi.<br>10 B\u0142ogos\u0142awieni, kt\u00f3rzy cierpi\u0105 prze\u015bladowanie dla sprawiedliwo\u015bci, albowiem do nich nale\u017cy kr\u00f3lestwo niebieskie.<br><span style=\"color: #993300;\"><strong>11 B\u0142ogos\u0142awieni jeste\u015bcie, gdy [ludzie] wam ur\u0105gaj\u0105 i prze\u015bladuj\u0105 was, i gdy z mego powodu m\u00f3wi\u0105 k\u0142amliwie wszystko z\u0142e na was.<\/strong><\/span><br><span style=\"color: #993300;\"><strong>12 Cieszcie si\u0119 i radujcie, albowiem wasza nagroda wielka jest w niebie.<\/strong><\/span><\/p>\n\n\n\n<h2 class=\"wp-block-heading\"><span style=\"color:#008000\" class=\"has-inline-color\">Refleksja<\/span><\/h2>\n\n\n<div class=\"wp-block-image\">\n<figure class=\"alignright size-large is-resized\"><a href=\"https:\/\/www.wga.hu\/frames-e.html?\/html\/r\/rosselli\/cosimo\/sermon.html\" target=\"_blank\" rel=\"noopener noreferrer\"><img loading=\"lazy\" decoding=\"async\" src=\"https:\/\/poezjaiewangelia.pl\/wp-content\/uploads\/2015\/12\/66fede362b47dfa60b5996760e6bebf3-1-e1457687473438.jpg\" alt=\"Cosimo Rosselli Kazanie na G\u00f3rze\" class=\"wp-image-2455\" width=\"468\" height=\"274\" title=\"Cosimo Rosselli Kazanie na G\u00f3rze\"\/><\/a><figcaption><center><em>Cosimo Rosselli Kazanie na G\u00f3rze<\/em><\/center><\/figcaption><\/figure>\n<\/div>\n\n\n<p><strong>Janusz Pasierb<\/strong><\/p>\n\n\n\n<p><em><strong>Rewolucja Jezusa<\/strong><\/em><\/p>\n\n\n\n<p>g\u0142odni spragnieni<br>bezdomni obcy<br>wi\u0119\u017aniowie chorzy<br>wykl\u0119ci<\/p>\n\n\n\n<p>oto nowa klasa Ewangelii<br>arystokracja Jezusa<br>oto jego wcielenie<br>na dzie\u0144 s\u0105du<br>najbardziej ostateczne<\/p>\n\n\n\n<p><em><strong>\u00abWiersze religijne\u00bb, Pozna\u0144 \u2013 Warszawa 1983, str. 40<\/strong><\/em><\/p>\n\n\n\n<p><strong>Maria Imelda Kosmala<\/strong><\/p>\n\n\n\n<p><em><strong>\u015aladami Matki Angeli<\/strong><\/em><br><em><strong>B\u0142ogos\u0142awieni ubodzy duchem<\/strong><\/em><\/p>\n\n\n\n<p>Tyle lat Matko<br>by\u0142a\u015b wpisana w swoj\u0105 cel\u0119<br>jak w prostok\u0105t skrajnego ub\u00f3stwa<br>a\u017c sta\u0142a si\u0119 dla ciebie<br>g\u0142uch\u0105 muszl\u0105 per\u0142op\u0142aw\u0105<br>w kt\u00f3rej nawet cisza nie dzwoni<br>bo ucho niczego nie odbiera<\/p>\n\n\n\n<p>jest tylko bezg\u0142o\u015bno\u015b\u0107 b\u00f3lu<br>rodz\u0105cej si\u0119 per\u0142y<br>szczelnie zamkni\u0119tej przed okiem intruza<\/p>\n\n\n\n<p>kt\u00f3\u017c z nas si\u0119 domy\u015bla<br>jakie labirynty \u015bmierci dr\u0105\u017cy kornik ciszy<br>pod sk\u00f3r\u0105 jeszcze zielonego drzewa?<\/p>\n\n\n\n<p>wok\u00f3\u0142 modlitwa rzeczy wys\u0142u\u017conych<br>a\u017c do ostateczno\u015bci wyzutych z pi\u0119kna<\/p>\n\n\n\n<p>B\u0142ogos\u0142awieni ubodzy w duchu<br>wyzuci z sygna\u0142\u00f3w nieba i ziemi<br>wyw\u0142aszczeni<br>stale odrywani<br>i pozwalaj\u0105cy na ograbianie siebie<br>z samych siebie<br>i wszystkich rzeczy dookolnych<br>dla rzeczy niewidzialnych<\/p>\n\n\n\n<p>nie dla tron\u00f3w z kt\u00f3rych b\u0119d\u0105 rz\u0105dzi\u0107<br>pokoleniami ziemi \u2014<br>dla Tego kt\u00f3ry pierwszy<br>wy\u015bpiewa\u0142 pie\u015b\u0144 b\u0142ogos\u0142awie\u0144stw<br>ostatnich na pierwszym miejscu postawi\u0142<br>by sam sta\u0107 si\u0119 pie\u015bni\u0105 posiadania<br>\u015bpiewan\u0105 przez serce ubogie<br>kt\u00f3rym nie imponuje nic<br>pr\u00f3cz Boga<\/p>\n\n\n\n<p><em><strong>\u00abKu twarzy w\u0119druj\u0119\u00bb, Warszawa 1997, str. 113<\/strong><\/em><\/p>\n\n\n\n<p><strong>Jan Twardowski<\/strong><\/p>\n\n\n\n<p><em><strong>Owce mi\u0119dzy wilki<\/strong><\/em><\/p>\n\n\n\n<p>krowo co dajesz si\u0119 doi\u0107 tyle razy dla mnie<br>wszystkie kr\u00f3liki um\u0119czone aby\u015bmy wed\u0142ug przepisu chorowali<br>wr\u00f3blu w mie\u015bcie brudny byle by\u0107 z nami przez zim\u0119<br>sza\u0142wio co umierasz i do nieba idziesz byle nas z\u0119by nie bolaly<br>prawdziwi chrze\u015bcijanie nie wod\u0105 ale krwi\u0105 ochrzczeni<br>co idziecie jak owce mi\u0119dzy wilki<br>wstydz\u0119 si\u0119 was kiedy biegam od siebie do siebie<br>grymasz\u0119 na niewinne cierpienie<br>lekkomy\u015blnie powa\u017cny<br>umawiam si\u0119 a\u017c z trzema lekarzami \u017ceby nie umrze\u0107<br>kiedy nie chc\u0119 by\u0107 chlebem zmielonym dla Boga<\/p>\n\n\n\n<p><strong><em>\u201enie przyszed\u0142em pana nawraca\u0107\u201d, Warszawa 1986, str. 271<\/em><\/strong><\/p>\n\n\n\n<p style=\"text-align: center;\"><span style=\"color: #1e73be;\"><a style=\"color: #1e73be;\" href=\"https:\/\/poezjaiewangelia.pl\/?page_id=5163#Gora\">Do g\u00f3ry<\/a><a id=\"NZ4B\"><\/a><\/span><\/p>\n\n\n\n<p><span style=\"color: #1e73be;\"><a style=\"color: #1e73be;\" href=\"https:\/\/poezjaiewangelia.pl\/?page_id=61#S61\">Powr\u00f3t do Niedziele zwyk\u0142e<\/a> <\/span><span style=\"color: #1e73be;\">&nbsp;&nbsp;<a style=\"color: #1e73be;\" href=\"https:\/\/poezjaiewangelia.pl\/?page_id=703#S703\">Powr\u00f3t do Linki<\/a><\/span><\/p>\n\n\n<div class=\"wp-block-image\">\n<figure class=\"alignleft size-large\"><a href=\"https:\/\/pl.wikipedia.org\/w\/index.php?title=Plik:Labarum.png&amp;filetimestamp=20050723191929\" target=\"_blank\" rel=\"noopener noreferrer\"><img loading=\"lazy\" decoding=\"async\" width=\"100\" height=\"100\" src=\"https:\/\/poezjaiewangelia.pl\/wp-content\/uploads\/2015\/12\/Labarum-Krzyz-Konstantyna-C1.jpg\" alt=\"Labarum Krzy\u017c Konstantyna\" class=\"wp-image-424\" title=\"Labarum Krzy\u017c Konstantyna\"\/><\/a><\/figure>\n<\/div>\n\n\n<hr class=\"wp-block-separator has-text-color has-luminous-vivid-amber-color has-css-opacity has-luminous-vivid-amber-background-color has-background is-style-dots\"\/>\n\n\n\n<p><strong>4 NZ Rok B: Ewangelia: Mk 1, 21 \u2013 28;<\/strong><\/p>\n\n\n\n<h2 class=\"wp-block-heading\"><span style=\"color:#008000\" class=\"has-inline-color\">S\u0142owo Bo\u017ce<\/span><\/h2>\n\n\n<div class=\"wp-block-image\">\n<figure class=\"alignright size-large is-resized\"><a href=\"http:\/\/www.creationism.org\/images\/DoreBibleIllus\/tLuk0436Dore_JesusHealingTheManWithDevil.jpg\" target=\"_blank\" rel=\"noopener noreferrer\"><img loading=\"lazy\" decoding=\"async\" src=\"https:\/\/poezjaiewangelia.pl\/wp-content\/uploads\/2015\/12\/8da5abb0b3dd01c1ed982c6cbde18b01-e1461161461952.jpg\" alt=\"Gustave Dor\u00e9 Jezus uzdrawia op\u0119tanego\" class=\"wp-image-2521\" width=\"329\" height=\"438\" title=\"Gustave Dor\u00e9 Jezus uzdrawia op\u0119tanego\"\/><\/a><figcaption><center><em>Gustave Dor\u00e9 Jezus uzdrawia op\u0119tanego<\/em><\/center><\/figcaption><\/figure>\n<\/div>\n\n\n<p><strong>Nauczanie w Kafarnaum<\/strong><\/p>\n<p>21 Przyszli do Kafarnaum. Zaraz w szabat wszed\u0142 do synagogi i naucza\u0142.<br>22 Zdumiewali si\u0119 Jego nauk\u0105: uczy\u0142 ich bowiem jak ten, kt\u00f3ry ma w\u0142adz\u0119, a nie jak uczeni w Pi\u015bmie.<\/p>\n<p><strong>Uzdrowienie op\u0119tanego<\/strong><\/p>\n<p>23 By\u0142 w\u0142a\u015bnie w synagodze cz\u0142owiek op\u0119tany przez ducha nieczystego. Zacz\u0105\u0142 on wo\u0142a\u0107:<br>24 \u00abCzego chcesz od nas, Jezusie Nazarejczyku? Przyszed\u0142e\u015b nas zgubi\u0107. Wiem, kto jeste\u015b: \u015awi\u0119ty Bo\u017cy11\u00bb.<br>25 Lecz Jezus rozkaza\u0142 mu surowo: \u00abMilcz i wyjd\u017a z niego!\u00bb.<br>26 Wtedy duch nieczysty zacz\u0105\u0142 go targa\u0107 i z g\u0142o\u015bnym krzykiem wyszed\u0142 z niego.<br><span style=\"color: #993300;\"><strong>27 A wszyscy si\u0119 zdumieli, tak \u017ce jeden drugiego pyta\u0142: \u00abCo to jest? Nowa jaka\u015b nauka z moc\u0105. Nawet duchom nieczystym rozkazuje i s\u0105 Mu pos\u0142uszne\u00bb.<\/strong><\/span><br><span style=\"color: #993300;\"><strong>28 I wnet rozesz\u0142a si\u0119 wie\u015b\u0107 o Nim wsz\u0119dzie po ca\u0142ej okolicznej krainie galilejskiej.<\/strong><\/span><\/p>\n\n\n\n<h2 class=\"wp-block-heading\"><span style=\"color:#008000\" class=\"has-inline-color\">Refleksja<\/span><\/h2>\n\n\n\n<p><strong>Jan Twardowski<\/strong><\/p>\n\n\n\n<p><em><strong>Suplikacje<\/strong><\/em><\/p>\n\n\n\n<p>Bo\u017ce, po stokro\u0107 \u015bwi\u0119ty, mocny i u\u015bmiechni\u0119ty \u2013<br>I\u017ce\u015b stworzy\u0142 papug\u0119, zaskro\u0144ca, zebr\u0119 pr\u0119gowan\u0105 \u2013<br>kaza\u0142e\u015b \u017cy\u0107 wiewi\u00f3rce i hipopotamom \u2013<br>teolog\u00f3w \u0142askoczesz chrab\u0105szcza w\u0105sami \u2013<\/p>\n\n\n\n<p>dzisiaj, gdy mi tak smutno i duszno, i ciemno \u2013<br>u\u015bmiechnij si\u0119 nade mn\u0105<\/p>\n\n\n\n<p>\u201e<em><strong>Pos\u0142aniec nadziei\u201d, Warszawa \u2013 Rzesz\u00f3w 2005, str. 20<\/strong><\/em><\/p>\n\n\n\n<p><strong>Jan Zieli\u0144ski<\/strong><\/p>\n\n\n\n<p><em><strong>Znowu na pocz\u0105tku\u2026<\/strong><\/em><\/p>\n\n\n\n<p>Znowu na pocz\u0105tku dnia\u2026<br>ciemna dolina przede mn\u0105<br>sta\u0107 na kraw\u0119dzi<br>wr\u00f3ci\u0107<br>czy wej\u015b\u0107 do jaskini<br>mi\u0119dzy sycz\u0105ce \u017cmije<\/p>\n\n\n\n<p>bezradny<br>jakby sam przez chwil\u0119<br>ale nie sam<br>schodz\u0119 przede mn\u0105 Twoja \u0142aska pocieszenia<br>nie ul\u0119kn\u0119 si\u0119<br>przejd\u0119<br>przejd\u0119<br>przez pogryzienie<br>pok\u0105sanie<br>na drug\u0105 stron\u0119 ciemno\u015bci<br>ku \u015awiat\u0142u<\/p>\n\n\n\n<p><em><strong>\u201eWiersze podarowane\u201d, Warszawa 1994, str. 60<\/strong><\/em><\/p>\n\n\n\n<p style=\"text-align: center;\"><span style=\"color: #1e73be;\"><a style=\"color: #1e73be;\" href=\"https:\/\/poezjaiewangelia.pl\/?page_id=5163#Gora\">Do g\u00f3ry<\/a><\/span><\/p>\n\n\n\n<p><span style=\"color: #1e73be;\"><a style=\"color: #1e73be;\" href=\"https:\/\/poezjaiewangelia.pl\/?page_id=61#S61\">Powr\u00f3t do Niedziele zwyk\u0142e<\/a>&nbsp;&nbsp;<\/span><a id=\"NZ4C\"><\/a><span style=\"color: #1e73be;\">&nbsp;&nbsp;<a style=\"color: #1e73be;\" href=\"https:\/\/poezjaiewangelia.pl\/?page_id=703#S703\">Powr\u00f3t do Linki<\/a><\/span><\/p>\n\n\n<div class=\"wp-block-image\">\n<figure class=\"alignleft size-large\"><a href=\"https:\/\/pl.wikipedia.org\/w\/index.php?title=Plik:Labarum.png&amp;filetimestamp=20050723191929\" target=\"_blank\" rel=\"noopener noreferrer\"><img loading=\"lazy\" decoding=\"async\" width=\"100\" height=\"100\" src=\"https:\/\/poezjaiewangelia.pl\/wp-content\/uploads\/2015\/12\/Labarum-Krzyz-Konstantyna-B1.jpg\" alt=\"Labarum Krzy\u017c Konstantyna\" class=\"wp-image-423\" title=\"Labarum Krzy\u017c Konstantyna\"\/><\/a><\/figure>\n<\/div>\n\n\n<hr class=\"wp-block-separator has-text-color has-luminous-vivid-amber-color has-css-opacity has-luminous-vivid-amber-background-color has-background is-style-dots\"\/>\n\n\n\n<p><strong>4 NZ<\/strong> <strong>Rok C: Ewangelia: \u0141k 4, 21 \u2013 30;<\/strong><\/p>\n\n\n\n<h2 class=\"wp-block-heading\"><span style=\"color:#008000\" class=\"has-inline-color\">S\u0142owo Bo\u017ce<\/span><\/h2>\n\n\n<div class=\"wp-block-image\">\n<figure class=\"alignleft size-large is-resized\"><a href=\"http:\/\/www.creationism.org\/images\/DoreBibleIllus\/rMat1531Dore_JesusHealingTheSick.jpg\" target=\"_blank\" rel=\"noopener noreferrer\"><img loading=\"lazy\" decoding=\"async\" src=\"https:\/\/poezjaiewangelia.pl\/wp-content\/uploads\/2015\/12\/01496d16288ac9d60a8149c38335dd3e-e1461011350188.jpg\" alt=\"Gustave Dor\u00e9 Jezus uzdrawia chorych\" class=\"wp-image-2914\" width=\"329\" height=\"448\" title=\"Gustave Dor\u00e9 Jezus uzdrawia chorych\"\/><\/a><figcaption><center><em>Gustave Dor\u00e9 Jezus uzdrawia chorych<\/em><\/center><\/figcaption><\/figure>\n<\/div>\n\n\n<p><strong>Jezus w Nazarecie<\/strong><\/p>\n<p>21 Pocz\u0105\u0142 wi\u0119c m\u00f3wi\u0107 do nich: Dzi\u015b spe\u0142ni\u0142y si\u0119 te s\u0142owa Pisma, kt\u00f3re\u015bcie s\u0142yszeli.<br><span style=\"color: #993300;\"><strong>22 A wszyscy przy\u015bwiadczali Mu i dziwili si\u0119 pe\u0142nym wdzi\u0119ku s\u0142owom, kt\u00f3re p\u0142yn\u0119\u0142y z ust Jego. I m\u00f3wili: Czy nie jest to syn J\u00f3zefa?<\/strong><\/span><br><span style=\"color: #993300;\"><strong>23 Wtedy rzek\u0142 do nich: Z pewno\u015bci\u0105 powiecie Mi to przys\u0142owie: Lekarzu, ulecz samego siebie; dokonaj\u017ce i tu w swojej ojczy\u017anie tego, co wydarzy\u0142o si\u0119, jak s\u0142yszeli\u015bmy, w Kafarnaum.<\/strong><\/span><br><span style=\"color: #993300;\"><strong>24 I doda\u0142: Zaprawd\u0119, powiadam wam: \u017caden prorok nie jest mile widziany w swojej ojczy\u017anie.<\/strong><\/span><br>25 Naprawd\u0119, m\u00f3wi\u0119 wam: Wiele wd\u00f3w by\u0142o w Izraelu za czas\u00f3w Eliasza, kiedy niebo pozostawa\u0142o zamkni\u0119te przez trzy lata i sze\u015b\u0107 miesi\u0119cy, tak \u017ce wielki g\u0142\u00f3d panowa\u0142 w ca\u0142ym kraju<br>26 a Eliasz do \u017cadnej z nich nie zosta\u0142 pos\u0142any, tylko do owej wdowy w Sarepcie Sydo\u0144skiej.<br>27 I wielu tr\u0119dowatych by\u0142o w Izraelu za proroka Elizeusza, a \u017caden z nich nie zosta\u0142 oczyszczony, tylko Syryjczyk Naaman.<br>28 Na te s\u0142owa wszyscy w synagodze unie\u015bli si\u0119 gniewem<br>29 Porwali Go z miejsca, wyrzucili Go z miasta i wyprowadzili a\u017c na stok g\u00f3ry, na kt\u00f3rej ich miasto by\u0142o zbudowane, aby Go str\u0105ci\u0107.<br>30 On jednak przeszed\u0142szy po\u015br\u00f3d nich oddali\u0142 si\u0119<\/p>\n\n\n\n<h2 class=\"wp-block-heading\"><span style=\"color:#008000\" class=\"has-inline-color\">Refleksja<\/span><\/h2>\n\n\n\n<p><strong>Jan Twardowski<\/strong><\/p>\n\n\n\n<p><em><strong>W \u015bwiecie<\/strong><\/em><\/p>\n\n\n\n<p>W \u015bwiecie przem\u0105drza\u0142ym<br>jak w ob\u00f3rce bez okna<br>chodzi tam i z powrotem<br>moja wiara samotna<\/p>\n\n\n\n<p>czujna jak babcia<br>czasem tr\u0105bi do ucha<br>gdyby starczy\u0142o wiedzie\u0107<br>by\u0142aby tylko nauka<\/p>\n\n\n\n<p>cho\u0107by\u015b jak paw wrzeszcza\u0142<br>niem\u0105dry dumny \u0142adny<br>kocha\u0107 \u2013 to by\u0107 po prostu<br>wszechmog\u0105cym bezradnym<\/p>\n\n\n\n<p><em><strong>\u201eA B C ksi\u0119dza Twardowskiego. Rok C\u201d, Warszawa 2002, str 77.<\/strong><\/em><\/p>\n\n\n\n<p><strong>Janusz Pasierb<\/strong><\/p>\n\n\n\n<p><em><strong>W d\u0142oniach<\/strong><\/em><\/p>\n\n\n\n<p>Ciep\u0142o<br>ciasno<br>czasem lepko<br>gdy otwieraj\u0105 si\u0119 rany<\/p>\n\n\n\n<p>ciekawi \u015bwiata<br>patrzymy mu przez palce<br>szarpiemy<br>chcemy si\u0119 uwolni\u0107<\/p>\n\n\n\n<p>czasem si\u0119 nam udaje<br>nikt inny nie jest w stanie<br>rozewrze\u0107 jego d\u0142oni<br>nikt nas nie mo\u017ce mu zabra\u0107<\/p>\n\n\n\n<p>je\u017celi chcemy si\u0119 wyrwa\u0107<br>musimy robi\u0107 to sami<\/p>\n\n\n\n<p><em><strong>\u00abWiersze religijne\u00bb, Pozna\u0144 \u2013 Warszawa 1983, str. 104<\/strong><\/em><\/p>\n\n\n\n<p style=\"text-align: center;\"><span style=\"color: #1e73be;\"><a style=\"color: #1e73be;\" href=\"https:\/\/poezjaiewangelia.pl\/?page_id=5163#Gora\">Do g\u00f3ry<\/a><\/span><\/p>\n","protected":false},"excerpt":{"rendered":"<p>i &nbsp; 4 Niedziela zwyk\u0142a rok A 4 Niedziela zwyk\u0142a rok B 4 Niedziela zwyk\u0142a rok C Powr\u00f3t do Niedziele zwyk\u0142e,&nbsp;&nbsp;&nbsp; Niedziele zwyk\u0142e 2\u20137,&nbsp; Powr\u00f3t do Linki 4 NZ Rok A: Ewangelia: Mt 5, 1 \u2013 12 a; 1 Jezus, widz\u0105c t\u0142umy, wyszed\u0142 na g\u00f3r\u0119. A gdy usiad\u0142, przyst\u0105pili do Niego Jego uczniowie2 Wtedy otworzy\u0142 &hellip; <a href=\"https:\/\/poezjaiewangelia.pl\/?page_id=5163\" class=\"more-link\">Czytaj dalej <span class=\"screen-reader-text\">4 Niedziela zwyk\u0142a rok A, B, C;<\/span><\/a><\/p>\n","protected":false},"author":1,"featured_media":0,"parent":5048,"menu_order":3,"comment_status":"closed","ping_status":"closed","template":"","meta":{"_monsterinsights_skip_tracking":false,"_monsterinsights_sitenote_active":false,"_monsterinsights_sitenote_note":"","_monsterinsights_sitenote_category":0,"footnotes":""},"class_list":["post-5163","page","type-page","status-publish","hentry"],"aioseo_notices":[],"_links":{"self":[{"href":"https:\/\/poezjaiewangelia.pl\/index.php?rest_route=\/wp\/v2\/pages\/5163","targetHints":{"allow":["GET"]}}],"collection":[{"href":"https:\/\/poezjaiewangelia.pl\/index.php?rest_route=\/wp\/v2\/pages"}],"about":[{"href":"https:\/\/poezjaiewangelia.pl\/index.php?rest_route=\/wp\/v2\/types\/page"}],"author":[{"embeddable":true,"href":"https:\/\/poezjaiewangelia.pl\/index.php?rest_route=\/wp\/v2\/users\/1"}],"replies":[{"embeddable":true,"href":"https:\/\/poezjaiewangelia.pl\/index.php?rest_route=%2Fwp%2Fv2%2Fcomments&post=5163"}],"version-history":[{"count":22,"href":"https:\/\/poezjaiewangelia.pl\/index.php?rest_route=\/wp\/v2\/pages\/5163\/revisions"}],"predecessor-version":[{"id":10066,"href":"https:\/\/poezjaiewangelia.pl\/index.php?rest_route=\/wp\/v2\/pages\/5163\/revisions\/10066"}],"up":[{"embeddable":true,"href":"https:\/\/poezjaiewangelia.pl\/index.php?rest_route=\/wp\/v2\/pages\/5048"}],"wp:attachment":[{"href":"https:\/\/poezjaiewangelia.pl\/index.php?rest_route=%2Fwp%2Fv2%2Fmedia&parent=5163"}],"curies":[{"name":"wp","href":"https:\/\/api.w.org\/{rel}","templated":true}]}}