{"id":5183,"date":"2018-11-12T00:24:56","date_gmt":"2018-11-12T00:24:56","guid":{"rendered":"https:\/\/poezjaiewangelia.pl\/?page_id=5183"},"modified":"2022-07-19T18:43:00","modified_gmt":"2022-07-19T17:43:00","slug":"7-niedziela-zwykla-rok-a-b-c","status":"publish","type":"page","link":"https:\/\/poezjaiewangelia.pl\/?page_id=5183","title":{"rendered":"7 Niedziela zwyk\u0142a rok A, B, C;"},"content":{"rendered":"\n<p><span style=\"color: #ffff00;\">i <a id=\"S5183\"><\/a> <a id=\"Gora\"><\/a><\/span><\/p>\n\n\n<div class=\"wp-block-image\">\n<figure class=\"aligncenter size-large is-resized\"><a href=\"https:\/\/www.wga.hu\/frames-e.html?\/html\/l\/lint\/bethesda.html\" target=\"_blank\" rel=\"noopener noreferrer\"><img loading=\"lazy\" decoding=\"async\" src=\"https:\/\/poezjaiewangelia.pl\/wp-content\/uploads\/2018\/11\/Pieter-van-Lint-Chrystus-uzdrawia-chromego-przy-sadzawce-Bethesda--1024x605.jpg\" alt=\"Pieter van Lint Chrystus uzdrawia chromego przy sadzawce Bethesda\" class=\"wp-image-5184\" width=\"540\" height=\"320\" title=\"Pieter van Lint Chrystus uzdrawia chromego przy sadzawce Bethesda\"\/><\/a><figcaption><center><em>Pieter van Lint Chrystus uzdrawia chromego przy sadzawce Bethesda<\/em><\/center><\/figcaption><\/figure>\n<\/div>\n\n<div class=\"wp-block-image\">\n<figure class=\"alignright size-large is-resized\"><img loading=\"lazy\" decoding=\"async\" src=\"https:\/\/poezjaiewangelia.pl\/wp-content\/uploads\/2018\/11\/Zielona-r\u00f3\u017ca-e1587421321818.png\" alt=\"Zielona r\u00f3\u017ca\" class=\"wp-image-4943\" width=\"113\" height=\"113\"\/><figcaption>Kolor szat<\/figcaption><\/figure>\n<\/div>\n\n\n<hr class=\"wp-block-separator has-text-color has-luminous-vivid-amber-color has-css-opacity has-luminous-vivid-amber-background-color has-background is-style-dots\"\/>\n\n\n\n<p><span style=\"color: #1e73be;\"><a style=\"color: #1e73be;\" href=\"https:\/\/poezjaiewangelia.pl\/?page_id=5183#NZ7A\">7 Niedziela zwyk\u0142a A<\/a>&nbsp;&nbsp;&nbsp;&nbsp;<a style=\"color: #1e73be;\" href=\"https:\/\/poezjaiewangelia.pl\/?page_id=5183#NZ7B\">7 Niedziela zwyk\u0142a B<\/a>&nbsp;&nbsp;&nbsp;&nbsp;<a style=\"color: #1e73be;\" href=\"https:\/\/poezjaiewangelia.pl\/?page_id=5183#NZ7C\">7 Niedziela zwyk\u0142a C<\/a><\/span><\/p>\n\n\n\n<hr class=\"wp-block-separator has-text-color has-luminous-vivid-amber-color has-css-opacity has-luminous-vivid-amber-background-color has-background is-style-dots\"\/>\n\n\n\n<p><span style=\"color: #1e73be;\"><a style=\"color: #1e73be;\" href=\"https:\/\/poezjaiewangelia.pl\/?page_id=61#S61\">Powr\u00f3t do Niedziele zwyk\u0142e,<\/a>&nbsp;<\/span><a id=\"NZ7A\"><\/a><span style=\"color: #1e73be;\"><a style=\"color: #1e73be;\" href=\"https:\/\/poezjaiewangelia.pl\/?page_id=5048#S5048\"> Niedziele zwyk\u0142e 2-7<\/a>,&nbsp; <a style=\"color: #1e73be;\" href=\"https:\/\/poezjaiewangelia.pl\/?page_id=703#S703\">Powr\u00f3t do Linki<\/a><\/span><\/p>\n\n\n<div class=\"wp-block-image\">\n<figure class=\"alignleft size-large\"><a href=\"https:\/\/pl.wikipedia.org\/w\/index.php?title=Plik:Labarum.png&amp;filetimestamp=20050723191929\" target=\"_blank\" rel=\"noopener noreferrer\"><img loading=\"lazy\" decoding=\"async\" width=\"100\" height=\"100\" src=\"https:\/\/poezjaiewangelia.pl\/wp-content\/uploads\/2015\/12\/Labarum-Krzyz-Konstantyna-A1.jpg\" alt=\"Labarum Krzy\u017c Konstantyna\" class=\"wp-image-422\" title=\"Labarum Krzy\u017c Konstantyna\"\/><\/a><\/figure>\n<\/div>\n\n\n<hr class=\"wp-block-separator has-text-color has-luminous-vivid-amber-color has-css-opacity has-luminous-vivid-amber-background-color has-background is-style-dots\"\/>\n\n\n\n<p><strong>7 NZ rok A: Ewangelia: Mt 5, 38 \u2013 48;<\/strong><\/p>\n\n\n\n<h2 class=\"wp-block-heading\"><span style=\"color:#008000\" class=\"has-inline-color\">S\u0142owo Bo\u017ce<\/span><\/h2>\n\n\n\n<p><strong>Prawo odwetu<\/strong><\/p>\n<p>38 S\u0142yszeli\u015bcie, \u017ce powiedziano: Oko za oko i z\u0105b za z\u0105b!<br>39 A Ja wam powiadam: Nie stawiajcie oporu z\u0142emu. Lecz je\u015bli ci\u0119 kto uderzy w prawy policzek, nadstaw mu i drugi!<br>40 Temu, kto chce prawowa\u0107 si\u0119 z tob\u0105 i wzi\u0105\u0107 twoj\u0105 szat\u0119, odst\u0105p i p\u0142aszcz!<br>41 Zmusza ci\u0119 kto, \u017ceby i\u015b\u0107 z nim tysi\u0105c krok\u00f3w, id\u017a dwa tysi\u0105ce!<br>42 Daj temu, kto ci\u0119 prosi, i nie odwracaj si\u0119 od tego, kto chce po\u017cyczy\u0107 od ciebie.<\/p>\n<p><strong>Mi\u0142o\u015b\u0107 nieprzyjaci\u00f3\u0142<\/strong><\/p>\n<p>43 S\u0142yszeli\u015bcie, \u017ce powiedziano: B\u0119dziesz mi\u0142owa\u0142 swego bli\u017aniego, a nieprzyjaciela swego b\u0119dziesz nienawidzi\u0142.<br><span style=\"color: #993300;\"><strong>44 A Ja wam powiadam: Mi\u0142ujcie waszych nieprzyjaci\u00f3\u0142 i m\u00f3dlcie si\u0119 za tych, kt\u00f3rzy was prze\u015bladuj\u0105;<\/strong><\/span><br><span style=\"color: #993300;\"><strong>45 tak b\u0119dziecie synami Ojca waszego, kt\u00f3ry jest w niebie; poniewa\u017c On sprawia, \u017ce s\u0142o\u0144ce Jego wschodzi nad z\u0142ymi i nad dobrymi, i On zsy\u0142a deszcz na sprawiedliwych i niesprawiedliwych.<\/strong><\/span><br>46 Je\u015bli bowiem mi\u0142ujecie tych, kt\u00f3rzy was mi\u0142uj\u0105, c\u00f3\u017c za nagrod\u0119 mie\u0107 b\u0119dziecie? Czy\u017c i celnicy tego nie czyni\u0105?<br>47 I je\u015bli pozdrawiacie tylko swych braci, c\u00f3\u017c szczeg\u00f3lnego czynicie? Czy\u017c i poganie tego nie czyni\u0105? 48 B\u0105d\u017acie wi\u0119c wy doskonali, jak doskona\u0142y jest Ojciec wasz niebieski.<\/p>\n\n\n\n<h2 class=\"wp-block-heading\"><span style=\"color:#008000\" class=\"has-inline-color\">Refleksja<\/span><\/h2>\n\n\n<div class=\"wp-block-image\">\n<figure class=\"alignright size-large is-resized\"><a href=\"https:\/\/www.wga.hu\/framex-e.html?file=html\/c\/crespi\/daniele\/cainabel.html&amp;find=Cain+and+Abel\" target=\"_blank\" rel=\"noopener noreferrer\"><img loading=\"lazy\" decoding=\"async\" src=\"https:\/\/poezjaiewangelia.pl\/wp-content\/uploads\/2015\/12\/Daniele-Crespi-Kain-zabija-Abla-1-e1462209974858.jpg\" alt=\"Daniele Crespi Kain zabija Abla\" class=\"wp-image-2460\" width=\"304\" height=\"441\" title=\"Daniele Crespi Kain zabija Abla\"\/><\/a><figcaption><center><em>Daniele Crespi Kain zabija Abla<\/em><\/center><\/figcaption><\/figure>\n<\/div>\n\n\n<p><strong>Wac\u0142aw Oszajca<\/strong><\/p>\n\n\n\n<p><em><strong>pojednanie<\/strong><\/em><\/p>\n\n\n\n<p>wstan\u0105 z grob\u00f3w<\/p>\n\n\n\n<p>i co im powiemy<br>\u017ce ju\u017c jeste\u015bmy przyjaci\u00f3\u0142mi<\/p>\n\n\n\n<p>ich wrog\u00f3w<\/p>\n\n\n\n<p>b\u0119dzie rado\u015b\u0107<br>zmartwychwsta\u0142ym wrogom<br>powiedziano podobnie<\/p>\n\n\n\n<p><em><strong>&nbsp;\u201e\u2026Ty za blisko, my za daleko\u2026 \u201c, Lublin 1985, str. 81<\/strong><\/em><\/p>\n\n\n\n<p><strong>Leopold Staff<\/strong><\/p>\n\n\n\n<p><em><strong>O mi\u0142o\u015bci wroga<\/strong><\/em><\/p>\n\n\n\n<p>Ty\u015b mnie spotwarzy\u0142, bracie, ty\u015b proch mi cisn\u0105\u0142 w oczy \u2014<br>Jam twarz sw\u0105 w \u017ar\u00f3dle umy\u0142, w tobie si\u0119 dusza mroczy.<\/p>\n\n\n\n<p>Ty\u015b mnie zasmuci\u0142, bracie, ty\u015b p\u0142aszcz mi zdar\u0142 na mrozie \u2014<br>Jam pi\u0119kn\u0105 nago\u015b\u0107 sw\u0105 ujrza\u0142, twa dusza marznie w grozie.<\/p>\n\n\n\n<p>Ty\u015b mnie przestraszy\u0142, bracie, twa d\u0142o\u0144 mi spichrze pali<br>Ja \u017cebrz\u0105c pokory si\u0119 ucz\u0119, twa dusza na g\u0142\u00f3d si\u0119 \u017cali.<\/p>\n\n\n\n<p>Ty\u015b mnie ukrzywdzi\u0142, bracie, ty\u015b zrani\u0142 moj\u0105 mi\u0142\u0105<br>Jam j\u0105 pokocha\u0142 bardziej, twej duszy krwi uby\u0142o.<\/p>\n\n\n\n<p>Ty\u015b cios mi zada\u0142 w dusz\u0119, co mi\u0142o\u015b\u0107 sw\u0105 ci da\u0142a \u2014<br>Jam bolem si\u0119 oczy\u015bci\u0142, a dusza twa skona\u0142a.<\/p>\n\n\n\n<p>Kl\u0119knijmy razem, bracie\u2026 Mogi\u0142a si\u0119 otwar\u0142a \u2014<br>M\u00f3dlmy si\u0119 za tw\u0105 dusz\u0119, co nieszcz\u0119\u015bliwie zmar\u0142a.<\/p>\n\n\n\n<p><em><strong>\u00abModlitwy\u00bb, Warszawa 2004, str. 130&nbsp;<\/strong><\/em><\/p>\n\n\n\n<p><strong>Wac\u0142aw Oszajca<\/strong><\/p>\n\n\n\n<p><em><strong>cz\u0142owiek i<\/strong><\/em><\/p>\n\n\n\n<p>m\u00f3j B\u00f3g<br>stworzy\u0142 ci\u0119\u017car<br>ponad w\u0142asn\u0105 i nieba i ziemi cierpliwo\u015b\u0107<br>i nada\u0142 mu imi\u0119<br>zgodnie z zasad\u0105<br>kwadratury ko\u0142a<br>wojuj\u0105 teraz w r\u00f3wnej walce<br>jeden nie\u015bmia\u0142y<br>a drugi zawzi\u0119ty<br>kiedy m\u00f3wi\u0105 kocham<br>oczu nie mru\u017c\u0105 i palc\u00f3w ca\u0142kiem nie prostuj\u0105<br>gdy\u017c jeden nie zna granic nienawi\u015bci<br>a drugi mi\u0142o\u015bci<br>raduj\u0105 si\u0119 sob\u0105 jeden jak bezludna wyspa<br>zbrodniarzem rozbitkiem<br>a drugi jak skazaniec przez pomy\u0142k\u0119<br>osadzony w kr\u00f3lewskim pa\u0142acu<br>tak biegn\u0105 te dwie proste rozbie\u017cne<br>i przecinaj\u0105 si\u0119 nieustannie<br>w bezwzgl\u0119dno\u015bci pow\u0105tpiewa\u0144<br>i pewno\u015bci przeczu\u0107<\/p>\n\n\n\n<p><em><strong>\u201e\u2026Ty za blisko, my za daleko\u2026 \u201c, Lublin 1985, str.72<\/strong><\/em><\/p>\n\n\n\n<p><strong>Wac\u0142aw Oszajca<\/strong><\/p>\n\n\n\n<p><em><strong>Powr\u00f3t Uriasza (fragment)<\/strong><\/em><\/p>\n\n\n\n<p>Uriaszu<br>po dwakro\u0107 zabija\u0142em ci\u0119 i zabi\u0142em<br>dlatego nie prosz\u0119<br>ani o przebaczenie ani o zmi\u0142owanie<br>nie skoml\u0119 te\u017c o zapomnienie ani o lito\u015b\u0107<\/p>\n\n\n\n<p>ty kt\u00f3ry nie znienawidzi\u0142e\u015b mnie<br>powiedz<br>\u017ce mnie kochasz<br>przecie\u017c musi by\u0107 kto\u015b<br>kto tak kocha<\/p>\n\n\n\n<p>powiedz \u017ce mnie kochasz<br>a wtedy<br>Bogu spojrz\u0119 w oczy<br>i b\u0119d\u0119 \u017cy\u0142<\/p>\n\n\n\n<p><em><strong>\u00abReszta wi\u0119ksza od ca\u0142o\u015bci\u00bb, Warszawa 2003, str. 113<\/strong><\/em><\/p>\n\n\n\n<p style=\"text-align: center;\"><span style=\"color: #1e73be;\"><a style=\"color: #1e73be;\" href=\"https:\/\/poezjaiewangelia.pl\/?page_id=5183#Gora\">Do g\u00f3ry<\/a><\/span><\/p>\n\n\n\n<p><span style=\"color: #1e73be;\"><a style=\"color: #1e73be;\" href=\"https:\/\/poezjaiewangelia.pl\/?page_id=61#S61\">Powr\u00f3t do Niedziele zwyk\u0142e<\/a>&nbsp;<\/span><a id=\"NZ7B\"><\/a><span style=\"color: #1e73be;\">&nbsp;&nbsp;<a style=\"color: #1e73be;\" href=\"https:\/\/poezjaiewangelia.pl\/?page_id=703#S703\">Powr\u00f3t do Linki<\/a><\/span><\/p>\n\n\n<div class=\"wp-block-image\">\n<figure class=\"alignleft size-large\"><a href=\"https:\/\/pl.wikipedia.org\/w\/index.php?title=Plik:Labarum.png&amp;filetimestamp=20050723191929\" target=\"_blank\" rel=\"noopener noreferrer\"><img loading=\"lazy\" decoding=\"async\" width=\"100\" height=\"100\" src=\"https:\/\/poezjaiewangelia.pl\/wp-content\/uploads\/2015\/12\/Labarum-Krzyz-Konstantyna-C1.jpg\" alt=\"Labarum Krzy\u017c Konstantyna\" class=\"wp-image-424\" title=\"Labarum Krzy\u017c Konstantyna\"\/><\/a><\/figure>\n<\/div>\n\n\n<hr class=\"wp-block-separator has-text-color has-luminous-vivid-amber-color has-css-opacity has-luminous-vivid-amber-background-color has-background is-style-dots\"\/>\n\n\n\n<p><strong>7 NZ rok B: Ewangelia: Mk 2, 1 \u2013 12;<\/strong><\/p>\n\n\n\n<h2 class=\"wp-block-heading\"><span style=\"color:#008000\" class=\"has-inline-color\">S\u0142owo Bo\u017ce<\/span><\/h2>\n\n\n\n<p><strong>Uzdrowienie paralityka<\/strong><\/p>\n<p>1 Gdy po pewnym czasie wr\u00f3ci\u0142 do Kafarnaum, pos\u0142yszeli, \u017ce jest w domu.<br>2 Zebra\u0142o si\u0119 tyle ludzi, \u017ce nawet przed drzwiami nie by\u0142o miejsca, a On g\u0142osi\u0142 im nauk\u0119.<br>3 Wtem przyszli do Niego z paralitykiem, kt\u00f3rego nios\u0142o czterech.<br>4 Nie mog\u0105c z powodu t\u0142umu przynie\u015b\u0107 go do Niego, odkryli dach nad miejscem, gdzie Jezus si\u0119 znajdowa\u0142, i przez otw\u00f3r spu\u015bcili \u0142o\u017ce, na kt\u00f3rym le\u017ca\u0142 paralityk.<br>5 Jezus, widz\u0105c ich wiar\u0119, rzek\u0142 do paralityka: \u00abSynu, odpuszczaj\u0105 ci si\u0119 twoje grzechy\u00bb.<br>6 A siedzia\u0142o tam kilku uczonych w Pi\u015bmie, kt\u00f3rzy my\u015bleli w sercach swoich:<br><span style=\"color: #993300;\"><strong>7 \u00abCzemu On tak m\u00f3wi? On blu\u017ani. Kt\u00f3\u017c mo\u017ce odpuszcza\u0107 grzechy, opr\u00f3cz jednego Boga?\u00bb<\/strong><\/span><br><span style=\"color: #993300;\"><strong>8 Jezus pozna\u0142 zaraz w swym duchu, \u017ce tak my\u015bl\u0105, i rzek\u0142 do nich: \u00abCzemu nurtuj\u0105 te my\u015bli w waszych sercach?<\/strong><\/span><br>9 C\u00f3\u017c jest \u0142atwiej: powiedzie\u0107 do paralityka: Odpuszczaj\u0105 ci si\u0119 twoje grzechy, czy te\u017c powiedzie\u0107: Wsta\u0144, we\u017a swoje \u0142o\u017ce i chod\u017a?<br>10 Ot\u00f3\u017c, \u017ceby\u015bcie wiedzieli, i\u017c Syn Cz\u0142owieczy ma na ziemi w\u0142adz\u0119 odpuszczania grzech\u00f3w \u2013 rzek\u0142 do paralityka:<br>11 M\u00f3wi\u0119 ci: Wsta\u0144, we\u017a swoje \u0142o\u017ce i id\u017a do domu!\u00bb.<br>12 On wsta\u0142, wzi\u0105\u0142 zaraz swoje \u0142o\u017ce i wyszed\u0142 na oczach wszystkich. Zdumieli si\u0119 wszyscy i wielbili Boga m\u00f3wi\u0105c: \u00abJeszcze nigdy nie widzieli\u015bmy czego\u015b podobnego\u00bb.<\/p>\n\n\n\n<h2 class=\"wp-block-heading\"><span style=\"color:#008000\" class=\"has-inline-color\">Refleksja<\/span><\/h2>\n\n\n<div class=\"wp-block-image\">\n<figure class=\"alignright size-large is-resized\"><a href=\"https:\/\/www.wga.hu\/framex-e.html?file=html\/v\/visscher\/claes1\/healing.html&amp;find=Christ+Healing+\" target=\"_blank\" rel=\"noopener noreferrer\"><img loading=\"lazy\" decoding=\"async\" src=\"https:\/\/poezjaiewangelia.pl\/wp-content\/uploads\/2015\/12\/Claes-Visscher-Starszy-Chrystus-uzdrawia-paralityka-e1461161686140.jpg\" alt=\"Claes Visscher Starszy Chrystus uzdrawia paralityka\" class=\"wp-image-2526\" width=\"306\" height=\"403\" title=\"Claes Visscher Starszy Chrystus uzdrawia paralityka\"\/><\/a><figcaption><center><em>Claes Visscher Starszy Chrystus uzdrawia paralityka<\/em><\/center><\/figcaption><\/figure>\n<\/div>\n\n\n<p><strong>Jan Kochanowski<\/strong><\/p>\n\n\n\n<p><em><strong>Do Pana<\/strong><\/em><\/p>\n\n\n\n<p>B\u00f3g tylko ludzkie my\u015bli wiedzie\u0107 mo\u017ce<br>I ku dobremu sam\u017ce dopomo\u017ce;<br>Ale cokolwiek przeciwnego Jemu,<br>Dobrze nie padnie, by wi\u0119c najm\u0119drszemu.<br>Wszytko wiesz, Panie: zgub, co przeciw Tobie,<br>A zdarz, jako Pan, co\u015b ulubi\u0142 sobie.<\/p>\n\n\n\n<p><em><strong>\u00abModlitwy\u00bb, Warszawa 2004, str. 31<\/strong><\/em><\/p>\n\n\n\n<p><strong>Jan Zieli\u0144ski<\/strong><\/p>\n\n\n\n<p><em><strong>Grzech<\/strong><\/em><\/p>\n\n\n\n<p>Anio\u0142 stoi<\/p>\n\n\n\n<p>za moimi plecami<br>smutny<br>gdy\u017c znowu<br>schodz\u0119<br>do ciemnej doliny<\/p>\n\n\n\n<p>demon<br>wyrze\u017abi\u0142 j\u0105 we mnie<br>tak mocno<\/p>\n\n\n\n<p><em><strong>\u00abwiersze podarowane\u00bb, Warszawa 1994, str. 50<\/strong><\/em><\/p>\n\n\n\n<p><strong>Jan Zieli\u0144ski<\/strong><\/p>\n\n\n\n<p><em><strong>\u017bebrak 1<\/strong><\/em><\/p>\n\n\n\n<p>Codziennie wyczekuj\u0119 na okruchy<br>bo kto da mi ca\u0142o\u015b\u0107<br>d\u0142o\u0144 wyci\u0105gam to znaczy serce<br>radar oczu ustawiam<br>na rozpoznanie<br>lecz ciemno<\/p>\n\n\n\n<p>wr\u00f3c\u0119 do nory<br>tam serce chore umiera<br>bo nie wy\u017cebra\u0142o<br>ani grosza mi\u0142o\u015bci<\/p>\n\n\n\n<p>I nie wiadomo<\/p>\n\n\n\n<p>czy to ju\u017c trup<br>czy jeszcze \u017cebrak<\/p>\n\n\n\n<p><em><strong>\u00abwiersze podarowane\u00bb, Warszawa 1994, str. 71<\/strong><\/em><\/p>\n\n\n\n<p style=\"text-align: center;\"><span style=\"color: #1e73be;\"><a style=\"color: #1e73be;\" href=\"https:\/\/poezjaiewangelia.pl\/?page_id=5183#Gora\">Do g\u00f3ry<\/a><\/span><\/p>\n\n\n\n<p><span style=\"color: #1e73be;\"><a style=\"color: #1e73be;\" href=\"https:\/\/poezjaiewangelia.pl\/?page_id=61#S61\">Powr\u00f3t do Niedziele zwyk\u0142e<\/a>&nbsp;<\/span><a id=\"NZ7C\"><\/a><span style=\"color: #1e73be;\">&nbsp;&nbsp;<a style=\"color: #1e73be;\" href=\"https:\/\/poezjaiewangelia.pl\/?page_id=703#S703\">Powr\u00f3t do Linki<\/a><\/span><\/p>\n\n\n<div class=\"wp-block-image\">\n<figure class=\"alignleft size-large\"><a href=\"https:\/\/pl.wikipedia.org\/w\/index.php?title=Plik:Labarum.png&amp;filetimestamp=20050723191929\" target=\"_blank\" rel=\"noopener noreferrer\"><img loading=\"lazy\" decoding=\"async\" width=\"100\" height=\"100\" src=\"https:\/\/poezjaiewangelia.pl\/wp-content\/uploads\/2015\/12\/Labarum-Krzyz-Konstantyna-B1.jpg\" alt=\"Labarum Krzy\u017c Konstantyna\" class=\"wp-image-423\" title=\"Labarum Krzy\u017c Konstantyna\"\/><\/a><\/figure>\n<\/div>\n\n\n<hr class=\"wp-block-separator has-text-color has-luminous-vivid-amber-color has-css-opacity has-luminous-vivid-amber-background-color has-background is-style-dots\"\/>\n\n\n\n<p><strong>7 NZ rok C: Ewangelia: \u0141k 6, 27 \u2013 38;<\/strong><\/p>\n\n\n\n<h2 class=\"wp-block-heading\"><span style=\"color:#008000\" class=\"has-inline-color\">S\u0142owo Bo\u017ce<\/span><\/h2>\n\n\n\n<p><strong>Mi\u0142o\u015b\u0107 nieprzyjaci\u00f3\u0142<\/strong><\/p>\n<p><span style=\"color: #993300;\"><strong>27 Lecz powiadam wam, kt\u00f3rzy s\u0142uchacie: Mi\u0142ujcie waszych nieprzyjaci\u00f3\u0142; dobrze czy\u0144cie tym, kt\u00f3rzy was nienawidz\u0105;<\/strong><\/span><br \/>28 b\u0142ogos\u0142awcie tym, kt\u00f3rzy was przeklinaj\u0105, i m\u00f3dlcie si\u0119 za tych, kt\u00f3rzy was oczerniaj\u0105.<br \/>29 Je\u015bli ci\u0119 kto uderzy w [jeden] policzek, nadstaw mu i drugi! Je\u015bli bierze ci p\u0142aszcz, nie bro\u0144 mu i szaty!<br \/>30 Daj ka\u017cdemu, kto ci\u0119 prosi, a nie dopominaj si\u0119 zwrotu od tego, kt\u00f3ry bierze twoje.<br \/>31 Jak chcecie, \u017ceby ludzie wam czynili, podobnie wy im czy\u0144cie!<br \/>32 Je\u015bli bowiem mi\u0142ujecie tych tylko, kt\u00f3rzy was mi\u0142uj\u0105, jaka\u017c za to dla was wdzi\u0119czno\u015b\u0107? Przecie\u017c i grzesznicy mi\u0142o\u015b\u0107 okazuj\u0105 tym, kt\u00f3rzy ich mi\u0142uj\u0105.<br \/>33 I je\u015bli dobrze czynicie tym tylko, kt\u00f3rzy wam dobrze czyni\u0105, jaka za to dla was wdzi\u0119czno\u015b\u0107? I grzesznicy to samo czyni\u0105.<br \/>34 Je\u015bli po\u017cyczek udzielacie tym, od kt\u00f3rych spodziewacie si\u0119 zwrotu, jaka\u017c za to dla was wdzi\u0119czno\u015b\u0107? I grzesznicy grzesznikom po\u017cyczaj\u0105, \u017ceby tyle\u017c samo otrzyma\u0107.<br \/>35 Wy natomiast mi\u0142ujcie waszych nieprzyjaci\u00f3\u0142, czy\u0144cie dobrze i po\u017cyczajcie, niczego si\u0119 za to nie spodziewaj\u0105c. A wasza nagroda b\u0119dzie wielka, i b\u0119dziecie synami Najwy\u017cszego; poniewa\u017c On jest dobry dla niewdzi\u0119cznych i z\u0142ych.<br \/><span style=\"color: #993300;\"><strong>36 B\u0105d\u017acie mi\u0142osierni, jak Ojciec wasz jest mi\u0142osierny.<\/strong><\/span><\/p>\n<p><strong>Pow\u015bci\u0105gliwo\u015b\u0107 w s\u0105dzeniu<\/strong><\/p>\n<p>37 Nie s\u0105d\u017acie, a nie b\u0119dziecie s\u0105dzeni; nie pot\u0119piajcie, a nie b\u0119dziecie pot\u0119pieni; odpuszczajcie, a b\u0119dzie wam odpuszczone.<br \/>38 Dawajcie, a b\u0119dzie wam dane; miar\u0119 dobr\u0105, nat\u0142oczon\u0105, utrz\u0119sion\u0105 i op\u0142ywaj\u0105c\u0105 wsypi\u0105 w zanadrza wasze. Odmierz\u0105 wam bowiem tak\u0105 miar\u0105, jak\u0105 wy mierzycie\u00bb.<\/p>\n\n\n\n<h2 class=\"wp-block-heading\"><span style=\"color:#008000\" class=\"has-inline-color\">Refleksja<\/span><\/h2>\n\n\n<div class=\"wp-block-image\">\n<figure class=\"alignright size-large is-resized\"><a href=\"https:\/\/www.wga.hu\/framex-e.html?file=html\/t\/tiziano\/01b\/4cain.html&amp;find=Cain+and+Abel\" target=\"_blank\" rel=\"noopener noreferrer\"><img loading=\"lazy\" decoding=\"async\" src=\"https:\/\/poezjaiewangelia.pl\/wp-content\/uploads\/2015\/12\/Tycjan-Kain-i-Abel-e1459418548545.jpg\" alt=\"Tycjan Kain i Abel\" class=\"wp-image-2920\" width=\"328\" height=\"341\" title=\"Tycjan Kain i Abel\"\/><\/a><figcaption><center><em>Tycjan Kain i Abel<\/em><\/center><\/figcaption><\/figure>\n<\/div>\n\n\n<p><strong>Janina W\u00f3jcicka \u2013 Banachowa<\/strong><\/p>\n\n\n\n<p><em><strong>Nie wiem<\/strong><\/em><\/p>\n\n\n\n<p>Wype\u0142ni\u0142e\u015b serce wielkim mi\u0142owaniem,<br>a dzi\u015b mi nienawidzi\u0107 trzeba \u2013 nie mo\u017cna, nie wolno inaczej!<br>O, powiedz! czemu\u015b stworzy\u0142 wrog\u00f3w ojczyzny mojej\u2026<br>Z\u0142amana, podeptana, bezsilnie dzi\u015b p\u0142acz\u0119<br>i w m\u0119cze\u0144stwie doznanym szukam nienawi\u015bci,<br>nie wiem, czy b\u0119d\u0119 chcia\u0142a kara\u0107 \u2013 czy przebacz\u0119.<\/p>\n\n\n\n<p><em><strong>\u00abZ g\u0142\u0119boko\u015bci\u2026Antologia polskiej modlitwy poetyckiej\u00bb, Warszawa 1974, T. 2, str. 174<\/strong><\/em><\/p>\n\n\n\n<p><strong>Kazimiera I\u0142\u0142akowicz\u00f3wna<\/strong><\/p>\n\n\n\n<p><em><strong>Z wierszy pobo\u017cnych i dziecinnych<\/strong><\/em><\/p>\n\n\n\n<p>Nienawidzi\u0107 nie b\u0119d\u0119<\/p>\n\n\n\n<p>Przyrzekam tobie, bolesna twarzy,<br>przed skonaniem:<br>nienawidzi\u0107 nie b\u0119d\u0119 tych, kt\u00f3rych mi wska\u017c\u0105,<br>za nic!<\/p>\n\n\n\n<p>\u2026Ani za my\u015bl, ani za czyn, ani za s\u0142owo,<br>ani jawnie, ani po kryjomu<br>\u2014 obiecuj\u0119 tobie, m\u0119cze\u0144ska g\u0142owo.<br>\u2026Tak mi, Zbawicielu, dopom\u00f3\u017c.<\/p>\n\n\n\n<p>Przybitego mot\u0142och zniewa\u017ca,<br>nikt nie os\u0142ania\u2026<br>Nienawidzi\u0107 nie b\u0119d\u0119 tych, kt\u00f3rych mi wska\u017c\u0105, za nic!<\/p>\n\n\n\n<p>1936<\/p>\n\n\n\n<p><em><strong>\u00abZ g\u0142\u0119boko\u015bci\u2026Antologia polskiej modlitwy poetyckiej\u00bb, T. 2, Warszawa 1974, str. 53<\/strong><\/em><\/p>\n\n\n\n<p><strong>Janusz Pasierb<\/strong><\/p>\n\n\n\n<p><em><strong>bli\u017ani<\/strong><\/em><\/p>\n\n\n\n<p>s\u0142owo<br>ciep\u0142e jak blisko\u015b\u0107<br>ch\u0142odne jak blizna<\/p>\n\n\n\n<p>ci\u0105gle na nowo<br>ka\u017cde spotkanie to rana<br>ka\u017cde wspomnienie to blizna<\/p>\n\n\n\n<p><em><strong>\u00abKategoria przestrzeni\u00bb, Pelplin 2007, str. 21<\/strong><\/em><\/p>\n\n\n\n<p><strong>Jan Zieli\u0144ski<\/strong><\/p>\n\n\n\n<p><em><strong>\u00abNormalny\u00bb do nienormalnego &nbsp;<\/strong><\/em><\/p>\n\n\n\n<p>Nie umiem nazywa\u0107 ci\u0119 bratem<br>jestem zbyt normalny by poda\u0107 ci d\u0142o\u0144<br>i tak nic nie pojmiesz<br>po co zawraca\u0107 ci g\u0142ow\u0119<br>jest ona pe\u0142na siana<br>p\u00f3jdziesz swoimi drogami<br>nie przychod\u017a do mnie<br>nie trzeba<\/p>\n\n\n\n<p><em><strong>\u00abwiersze podarowane\u00bb, Warszawa 1994, str. 64<\/strong><\/em><\/p>\n\n\n\n<p><strong>Grzegorz \u0141omzik<\/strong><\/p>\n\n\n\n<p><em><strong>Ska\u0142a<\/strong><\/em><\/p>\n\n\n\n<p>Mi\u0142o\u015b\u0107 jest jak ska\u0142a<br>p\u0119kni\u0119ta i ukruszona<br>staje si\u0119 ju\u017c tylko kamykiem<br>Dlatego<br>nie mo\u017cna m\u00f3wi\u0107 \u017ce si\u0119 kocha\u0142o<br>kogo\u015b od kogo si\u0119 ucieka<br>Nie mo\u017cna m\u00f3wi\u0107 \u017ce si\u0119 rozumia\u0142o<br>kogo\u015b kogo dzisiaj nie chce si\u0119 s\u0142ucha\u0107<br>Nie mo\u017cna m\u00f3wi\u0107 \u017ce by\u0142 najdro\u017cszy<br>kto\u015b kto wydaj\u0119 si\u0119 dzisiaj ma\u0142y<br>Bo mi\u0142o\u015bci nie da si\u0119 dzieli\u0107 na p\u00f3\u0142<br>jest ca\u0142a albo jej w og\u00f3le nie by\u0142o<\/p>\n\n\n\n<p>Tym kt\u00f3rzy czuj\u0105 si\u0119 niekochani<\/p>\n\n\n\n<p><strong>(Za zgod\u0105 Autora)<\/strong><\/p>\n\n\n\n<p class=\"has-text-align-center\"><a href=\"https:\/\/poezjaiewangelia.pl\/?page_id=5183#Gora\"><span style=\"color:#1e73be\" class=\"tadv-color\">Do g\u00f3ry<\/span><\/a><\/p>\n","protected":false},"excerpt":{"rendered":"<p>i 7 Niedziela zwyk\u0142a A&nbsp;&nbsp;&nbsp;&nbsp;7 Niedziela zwyk\u0142a B&nbsp;&nbsp;&nbsp;&nbsp;7 Niedziela zwyk\u0142a C Powr\u00f3t do Niedziele zwyk\u0142e,&nbsp; Niedziele zwyk\u0142e 2-7,&nbsp; Powr\u00f3t do Linki 7 NZ rok A: Ewangelia: Mt 5, 38 \u2013 48; Prawo odwetu 38 S\u0142yszeli\u015bcie, \u017ce powiedziano: Oko za oko i z\u0105b za z\u0105b!39 A Ja wam powiadam: Nie stawiajcie oporu z\u0142emu. Lecz je\u015bli ci\u0119 &hellip; <a href=\"https:\/\/poezjaiewangelia.pl\/?page_id=5183\" class=\"more-link\">Czytaj dalej <span class=\"screen-reader-text\">7 Niedziela zwyk\u0142a rok A, B, C;<\/span><\/a><\/p>\n","protected":false},"author":1,"featured_media":0,"parent":5048,"menu_order":6,"comment_status":"closed","ping_status":"closed","template":"","meta":{"_monsterinsights_skip_tracking":false,"_monsterinsights_sitenote_active":false,"_monsterinsights_sitenote_note":"","_monsterinsights_sitenote_category":0,"footnotes":""},"class_list":["post-5183","page","type-page","status-publish","hentry"],"aioseo_notices":[],"_links":{"self":[{"href":"https:\/\/poezjaiewangelia.pl\/index.php?rest_route=\/wp\/v2\/pages\/5183","targetHints":{"allow":["GET"]}}],"collection":[{"href":"https:\/\/poezjaiewangelia.pl\/index.php?rest_route=\/wp\/v2\/pages"}],"about":[{"href":"https:\/\/poezjaiewangelia.pl\/index.php?rest_route=\/wp\/v2\/types\/page"}],"author":[{"embeddable":true,"href":"https:\/\/poezjaiewangelia.pl\/index.php?rest_route=\/wp\/v2\/users\/1"}],"replies":[{"embeddable":true,"href":"https:\/\/poezjaiewangelia.pl\/index.php?rest_route=%2Fwp%2Fv2%2Fcomments&post=5183"}],"version-history":[{"count":16,"href":"https:\/\/poezjaiewangelia.pl\/index.php?rest_route=\/wp\/v2\/pages\/5183\/revisions"}],"predecessor-version":[{"id":10069,"href":"https:\/\/poezjaiewangelia.pl\/index.php?rest_route=\/wp\/v2\/pages\/5183\/revisions\/10069"}],"up":[{"embeddable":true,"href":"https:\/\/poezjaiewangelia.pl\/index.php?rest_route=\/wp\/v2\/pages\/5048"}],"wp:attachment":[{"href":"https:\/\/poezjaiewangelia.pl\/index.php?rest_route=%2Fwp%2Fv2%2Fmedia&parent=5183"}],"curies":[{"name":"wp","href":"https:\/\/api.w.org\/{rel}","templated":true}]}}