{"id":5236,"date":"2018-11-13T23:05:18","date_gmt":"2018-11-13T23:05:18","guid":{"rendered":"https:\/\/poezjaiewangelia.pl\/?page_id=5236"},"modified":"2024-06-10T17:32:00","modified_gmt":"2024-06-10T16:32:00","slug":"11-niedziela-zwykla-rok-a-b-c","status":"publish","type":"page","link":"https:\/\/poezjaiewangelia.pl\/?page_id=5236","title":{"rendered":"11 Niedziela zwyk\u0142a rok A, B, C;"},"content":{"rendered":"\n<p><span style=\"color: #ffff00;\">I <a id=\"S5236\"><\/a> <a id=\"Gora\"><\/a><\/span><\/p>\n\n\n\n<div class=\"wp-block-columns is-layout-flex wp-container-core-columns-is-layout-9d6595d7 wp-block-columns-is-layout-flex\">\n<div class=\"wp-block-column is-layout-flow wp-block-column-is-layout-flow\"><div class=\"wp-block-image\">\n<figure class=\"alignright is-resized\"><a href=\"https:\/\/fr.m.wikipedia.org\/wiki\/Fichier:L%E2%80%99Assomption,_Champaigne.jpg\" target=\"_blank\" rel=\"noopener noreferrer\"><img decoding=\"async\" src=\"https:\/\/poezjaiewangelia.pl\/wp-content\/uploads\/2018\/11\/Philippe-de-Champaigne-Wniebowzi\u0119cie-e1542144230805.jpg\" alt=\"Philippe de Champaigne Wniebowzi\u0119cie\" style=\"width:344px;height:412px\" title=\"Philippe de Champaigne Wniebowzi\u0119cie\"\/><\/a><figcaption class=\"wp-element-caption\"><center><em>Philippe de Champaigne Wniebowzi\u0119cie<\/em><\/center><\/figcaption><\/figure>\n<\/div><\/div>\n\n\n\n<div class=\"wp-block-column is-layout-flow wp-block-column-is-layout-flow\">\n<figure class=\"wp-block-image is-resized\"><img decoding=\"async\" src=\"https:\/\/poezjaiewangelia.pl\/wp-content\/uploads\/2018\/11\/Zielona-r\u00f3\u017ca-e1587421321818.png\" alt=\"Zielona r\u00f3\u017ca\" style=\"width:113px;height:113px\"\/><figcaption class=\"wp-element-caption\">Kolor szat<\/figcaption><\/figure>\n\n\n\n<p>&nbsp;<\/p>\n<p><span style=\"color: #1e73be;\"><a style=\"color: #1e73be;\" href=\"https:\/\/poezjaiewangelia.pl\/?page_id=5236#NZ11A\">11 Niedziela zwyk\u0142a A<\/a><\/span><\/p>\n<p><span style=\"color: #1e73be;\"><a style=\"color: #1e73be;\" href=\"https:\/\/poezjaiewangelia.pl\/?page_id=5236#NZ11B\">11 Niedziela zwyk\u0142a B<\/a><\/span><\/p>\n<p><span style=\"color: #1e73be;\"><a style=\"color: #1e73be;\" href=\"https:\/\/poezjaiewangelia.pl\/?page_id=5236#NZ11C\">11 Niedziela zwyk\u0142a C<\/a><\/span><\/p>\n<\/div>\n<\/div>\n\n\n\n<p><span style=\"color: #1e73be;\"><a style=\"color: #1e73be;\" href=\"https:\/\/poezjaiewangelia.pl\/?page_id=61#S61\">Powr\u00f3t do Niedziele zwyk\u0142e<\/a>, <a style=\"color: #1e73be;\" href=\"https:\/\/poezjaiewangelia.pl\/?page_id=5192#S5192\">Niedziele zwyk\u0142e 8 \u2013 12,\u00a0 <\/a><\/span><a id=\"NZ11A\"><\/a><span style=\"color: #1e73be;\">\u00a0\u00a0<a style=\"color: #1e73be;\" href=\"https:\/\/poezjaiewangelia.pl\/?page_id=703#S703\"><span style=\"color: #1e73be;\">Powr\u00f3t do Linki<\/span><\/a><\/span><\/p>\n\n\n<div class=\"wp-block-image\">\n<figure class=\"alignleft size-large\"><a href=\"https:\/\/pl.wikipedia.org\/w\/index.php?title=Plik:Labarum.png&amp;filetimestamp=20050723191929\" target=\"_blank\" rel=\"noopener noreferrer\"><img loading=\"lazy\" decoding=\"async\" width=\"100\" height=\"100\" src=\"https:\/\/poezjaiewangelia.pl\/wp-content\/uploads\/2015\/12\/Labarum-Krzyz-Konstantyna-A1.jpg\" alt=\"Labarum Krzy\u017c Konstantyna\" class=\"wp-image-422\" title=\"Labarum Krzy\u017c Konstantyna\"\/><\/a><\/figure>\n<\/div>\n\n\n<hr class=\"wp-block-separator has-text-color has-luminous-vivid-amber-color has-css-opacity has-luminous-vivid-amber-background-color has-background is-style-dots\"\/>\n\n\n\n<p><strong>11 NZ rok A: Ewangelia: Mt 9, 36 \u2013 10, 8;<\/strong><\/p>\n\n\n\n<h2 class=\"wp-block-heading\"><span style=\"color:#008000\" class=\"has-inline-color\">S\u0142owo Bo\u017ce<\/span><\/h2>\n\n\n\n<p><span style=\"color: #993300;\"><strong>36 A widz\u0105c t\u0142umy ludzi, litowa\u0142 si\u0119 nad nimi, bo byli zn\u0119kani i porzuceni, jak owce niemaj\u0105ce pasterza<\/strong><\/span><br>37 Wtedy rzek\u0142 do swych uczni\u00f3w: \u00ab\u017bniwo wprawdzie wielkie, ale robotnik\u00f3w ma\u0142o. 38 Pro\u015bcie Pana \u017cniwa, \u017ceby wyprawi\u0142 robotnik\u00f3w na swoje \u017cniwo\u00bb.<\/p>\n<p><strong>Wyb\u00f3r Dwunastu<\/strong><\/p>\n<p>1 Wtedy przywo\u0142a\u0142 do siebie dwunastu swoich uczni\u00f3w i udzieli\u0142 im w\u0142adzy nad duchami nieczystymi, aby je wyp\u0119dzali i leczyli wszystkie choroby i wszelkie s\u0142abo\u015bci.<br>2 A oto imiona dwunastu aposto\u0142\u00f3w: pierwszy Szymon, zwany Piotrem, i brat jego Andrzej, potem Jakub, syn Zebedeusza, i brat jego Jan,<br>3 Filip i Bart\u0142omiej, Tomasz i celnik Mateusz, Jakub, syn Alfeusza, i Tadeusz,<br>4 Szymon Gorliwy i Judasz Iskariota, ten, kt\u00f3ry Go zdradzi\u0142.<\/p>\n<p><strong>Mowa misyjna<\/strong><\/p>\n<p>5 Tych to Dwunastu wys\u0142a\u0142 Jezus, daj\u0105c im nast\u0119puj\u0105ce wskazania: \u00abNie id\u017acie do pogan i nie wst\u0119pujcie do \u017cadnego miasta samaryta\u0144skiego!<br>6 Id\u017acie raczej do owiec, kt\u00f3re pogin\u0119\u0142y z domu Izraela.<br><span style=\"color: #993300;\"><strong>7 Id\u017acie i g\u0142o\u015bcie: \u201cBliskie ju\u017c jest kr\u00f3lestwo niebieskie\u201d.<\/strong><\/span><br><span style=\"color: #993300;\"><strong>8 Uzdrawiajcie chorych, wskrzeszajcie umar\u0142ych, oczyszczajcie tr\u0119dowatych, wyp\u0119dzajcie z\u0142e duchy! Darmo otrzymali\u015bcie, darmo dawajcie!<\/strong><\/span><\/p>\n\n\n\n<h2 class=\"wp-block-heading\"><span style=\"color:#008000\" class=\"has-inline-color\">Refleksja<\/span><\/h2>\n\n\n<div class=\"wp-block-image\">\n<figure class=\"alignright size-large is-resized\"><a href=\"http:\/\/iconoskiko.blogspot.com\/\" target=\"_blank\" rel=\"noopener noreferrer\"><img loading=\"lazy\" decoding=\"async\" width=\"350\" height=\"283\" src=\"https:\/\/poezjaiewangelia.pl\/wp-content\/uploads\/2015\/12\/9e2b5e36f01bb24d6ce7100623b2a1e5-1-e1460814916952.jpg\" alt=\"Kiko Arg\u00fcello Zes\u0142anie Ducha \u015awi\u0119tego\" class=\"wp-image-2465\" style=\"width:405px;height:327px\" title=\"Kiko Arg\u00fcello Zes\u0142anie Ducha \u015awi\u0119tego\"\/><\/a><figcaption class=\"wp-element-caption\"><center><em>Kiko Arg\u00fcello Zes\u0142anie Ducha \u015awi\u0119tego<\/em><\/center><\/figcaption><\/figure>\n<\/div>\n\n\n<p><strong>Jan Twardowski<\/strong><\/p>\n\n\n\n<p><em><strong>Bezdzietny anio\u0142<\/strong><\/em><\/p>\n\n\n\n<p>W\u0142a\u015bnie wtedy kiedy pomy\u015bla\u0142e\u015b<br>\u017ce papugi \u017cyj\u0105 d\u0142u\u017cej<br>\u017ce jeste\u015b okrutnie ma\u0142y<br>niepotrzebny jak kominek na niby<br>w sto\u0142owym pokoju<br>jak bezdzietny anio\u0142<br>lekki jak 20 groszy reszty<br>drugorz\u0119dnie genialny<br>kiedy ob\u0142o\u017cy\u0142e\u015b si\u0119 ksi\u0105\u017ckami<br>jak cz\u0142owiek chory<br>nie wierz\u0105c w to \u017ce z niewiary<br>powstaje nowa wiara<br>\u017ce ci co odeszli jeszcze raz ci\u0119<br>porzuc\u0105<br>\u015bwi\u0119ty i pe\u0142en pomy\u0142ek<\/p>\n\n\n\n<p>w\u0142a\u015bnie wtedy wybra\u0142 ciebie kto\u015b<br>wi\u0119kszy ni\u017c ty sam<br>kt\u00f3ry stworzy\u0142 \u015bwiat tak dobry<br>\u017ce niedoskona\u0142y<br>i ciebie tak niedoskona\u0142ego<br>\u017ce dobrego<\/p>\n\n\n\n<p><em><strong>\u00abPos\u0142aniec nadziei\u00bb, Warszawa \u2013 Rzesz\u00f3w 2005, str. 65<\/strong><\/em><\/p>\n\n\n\n<p><strong>Janusz Pasierb<\/strong><\/p>\n\n\n\n<p><strong><em>Ojcze nasz<\/em><\/strong><\/p>\n\n\n\n<p>Ojcze nasz kt\u00f3ry jeste\u015b tak\u017ce na ziemi<br>gdzie Twoje imi\u0119 \u015bwi\u0119ci nie tylko modlitwa<br>a Twoje kr\u00f3lestwo nie szumi w s\u0142o\u0144cu jak drzewo<br>lecz milczy w ciemno\u015bci jak ziarno<br>gorzkie jak sprawiedliwo\u015b\u0107 i jak \u015bwi\u0119to\u015b\u0107 twarde<br>i na skale wschodzi wbrew nadziei<\/p>\n\n\n\n<p>Ono wyrasta z ziemi i ono zst\u0119puje z nieba<br>trudne dla nas jak wiara i niemo\u017cliwe jak mi\u0142o\u015b\u0107<br>kt\u00f3ra przychodzi mimo wszystko i nas wo\u0142a.<br>Spraw niech b\u0119dzie ono pokus\u0105 silniejsz\u0105 od chleba<br>i niech w nim ostatecznym kszta\u0142tem stanie si\u0119 Twoja wola<br>gdy wiara i nadzieja ju\u017c przemin\u0105<\/p>\n\n\n\n<p>\u00abWiersze religijne\u00bb, Pozna\u0144 \u2013 Warszawa 1983, str. 50<\/p>\n\n\n\n<p class=\"has-text-align-center\"><a href=\"https:\/\/poezjaiewangelia.pl\/?page_id=5236#Gora\"><span style=\"color:#1e73be\" class=\"has-inline-color\">Do g\u00f3ry<\/span><\/a><\/p>\n\n\n\n<p><span style=\"color: #1e73be;\"><a style=\"color: #1e73be;\" href=\"https:\/\/poezjaiewangelia.pl\/?page_id=61#S61\">Powr\u00f3t do Niedziele zwyk\u0142e<\/a>&nbsp;&nbsp;<\/span><a id=\"NZ11B\"><\/a><span style=\"color: #1e73be;\">&nbsp;&nbsp;<a style=\"color: #1e73be;\" href=\"https:\/\/poezjaiewangelia.pl\/?page_id=703#S703\">Powr\u00f3t do Linki<\/a><a id=\"Gora\"><\/a><\/span><\/p>\n\n\n<div class=\"wp-block-image\">\n<figure class=\"alignleft size-large\"><a href=\"https:\/\/pl.wikipedia.org\/w\/index.php?title=Plik:Labarum.png&amp;filetimestamp=20050723191929\" target=\"_blank\" rel=\"noopener noreferrer\"><img loading=\"lazy\" decoding=\"async\" width=\"100\" height=\"100\" src=\"https:\/\/poezjaiewangelia.pl\/wp-content\/uploads\/2015\/12\/Labarum-Krzyz-Konstantyna-C1.jpg\" alt=\"Labarum Krzy\u017c Konstantyna\" class=\"wp-image-424\" title=\"Labarum Krzy\u017c Konstantyna\"\/><\/a><\/figure>\n<\/div>\n\n\n<hr class=\"wp-block-separator has-text-color has-luminous-vivid-amber-color has-css-opacity has-luminous-vivid-amber-background-color has-background is-style-dots\"\/>\n\n\n\n<p><strong><span style=\"color:#000000\" class=\"has-inline-color\">11 NZ rok B: Ewangelia: Mk 4, 26 \u2013 34;<\/span><\/strong><\/p>\n\n\n\n<h2 class=\"wp-block-heading\"><span style=\"color:#008000\" class=\"has-inline-color\">S\u0142owo Bo\u017ce<\/span><\/h2>\n\n\n<div class=\"wp-block-image\">\n<figure class=\"alignleft size-large is-resized\"><a href=\"https:\/\/commons.wikimedia.org\/wiki\/File:Leon_Wycz%C3%B3%C5%82kowski_-_Siewca.jpg\" target=\"_blank\" rel=\"noopener noreferrer\"><img loading=\"lazy\" decoding=\"async\" width=\"567\" height=\"898\" src=\"https:\/\/poezjaiewangelia.pl\/wp-content\/uploads\/2020\/06\/Leon-Wycz\u00f3\u0142kowski-Siewca.jpg\" alt=\"Leon Wycz\u00f3\u0142kowski Siewca\" class=\"wp-image-8512\" style=\"width:290px;height:459px\" title=\"Leon Wycz\u00f3\u0142kowski Siewca\" srcset=\"https:\/\/poezjaiewangelia.pl\/wp-content\/uploads\/2020\/06\/Leon-Wycz\u00f3\u0142kowski-Siewca.jpg 567w, https:\/\/poezjaiewangelia.pl\/wp-content\/uploads\/2020\/06\/Leon-Wycz\u00f3\u0142kowski-Siewca-189x300.jpg 189w\" sizes=\"auto, (max-width: 567px) 100vw, 567px\" \/><\/a><figcaption class=\"wp-element-caption\"><center><em>Leon Wycz\u00f3\u0142kowski Siewca<\/em><\/center><\/figcaption><\/figure>\n<\/div>\n\n\n<p><strong>Przypowie\u015b\u0107 o zasiewie<\/strong><\/p>\n<p><span style=\"color: #993300;\"><strong>26 M\u00f3wi\u0142 dalej: \u00abZ kr\u00f3lestwem Bo\u017cym dzieje si\u0119 tak, jak gdyby kto\u015b nasienie wrzuci\u0142 w ziemi\u0119.<\/strong><\/span><br><span style=\"color: #993300;\"><strong>27 Czy \u015bpi, czy czuwa, we dnie i w nocy nasienie kie\u0142kuje i ro\u015bnie, on sam nie wie jak.<\/strong><\/span><br><span style=\"color: #993300;\"><strong>28 Ziemia sama z siebie wydaje plon, najpierw \u017ad\u017ab\u0142o, potem k\u0142os, a potem pe\u0142ne ziarnko w k\u0142osie.<\/strong><\/span><br><span style=\"color: #993300;\"><strong>29 A gdy stan zbo\u017ca na to pozwala, zaraz zapuszcza si\u0119 sierp, bo pora ju\u017c na \u017cniwo\u00bb.<\/strong><\/span><\/p>\n<p><strong>Przypowie\u015b\u0107 o ziarnku gorczycy<\/strong><\/p>\n<p>30 M\u00f3wi\u0142 jeszcze: \u00abZ czym por\u00f3wnamy kr\u00f3lestwo Bo\u017ce lub w jakiej przypowie\u015bci je przedstawimy?<br>31 Jest ono jak ziarnko gorczycy; gdy si\u0119 je wsiewa w ziemi\u0119, jest najmniejsze ze wszystkich nasion na ziemi.<br>32 Lecz wsiane wyrasta i staje si\u0119 wi\u0119ksze od jarzyn; wypuszcza wielkie ga\u0142\u0119zie, tak \u017ce ptaki powietrzne gnie\u017cd\u017c\u0105 si\u0119 w jego cieniu\u00bb.<\/p>\n<p><strong>Zako\u0144czenie nauczania w przypowie\u015bciach<\/strong><\/p>\n<p>33 W wielu takich przypowie\u015bciach g\u0142osi\u0142 im nauk\u0119, o ile mogli [j\u0105] rozumie\u0107.<br>34 A bez przypowie\u015bci nie przemawia\u0142 do nich. Osobno za\u015b obja\u015bnia\u0142 wszystko swoim uczniom.<\/p>\n\n\n\n<h2 class=\"wp-block-heading\"><span style=\"color:#008000\" class=\"has-inline-color\">Refleksja<\/span><\/h2>\n\n\n\n<p><strong>Lusia Ogi\u0144ska<\/strong><\/p>\n\n\n\n<p><em><strong>Przypowie\u015b\u0107 o zasiewie<\/strong><\/em><br><em>&nbsp;&nbsp;&nbsp; &nbsp;&nbsp;&nbsp; (Ewangelia wed\u0142ug \u015bw. Marka: 4, 26 \u2014 28)<\/em><\/p>\n\n\n\n<p>Z Kr\u00f3lestwem Bo\u017cym tak si\u0119 dzieje,<br>\u017ce ono jest jako nasienie\u2026<br>Niewa\u017cne, czy cz\u0142ek chce, czy nie chce,<br>ro\u015bnie w Kr\u00f3lestwie!<\/p>\n\n\n\n<p>B\u00f3g rzuci\u0142 ziarno w ciemn\u0105 ziemi\u0119,<br>gleba przyj\u0119\u0142a to nasienie,<br>. . .ziemia jak piskl\u0119 ochrania\u0142a.<br>Ziemia kocha\u0142a i czeka\u0142a!<\/p>\n\n\n\n<p>Nasz \u015bwiat, cho\u0107 czuwa we dnie, w nocy,<br>to nie ma nad zasiewem mocy\u2026<br>Ziarno kie\u0142kuje, ro\u015bnie, wschodzi,<br>czeka, a\u017c ziemia plon urodzi!<br>\u2026\u2026\u2026\u2026\u2026\u2026\u2026\u2026\u2026\u2026\u2026\u2026<br>\u2026\u2026\u2026\u2026\u2026\u2026\u2026\u2026\u2026\u2026\u2026\u2026<br>S\u0142abiutkie \u017ad\u017ab\u0142o, niewielki k\u0142os<br>a W nim cz\u0142owieczy przysz\u0142y los,<br>a w nim zamkni\u0119ty los ludzko\u015bci!<br>Cicho ziarenko \u2026<br>Ro\u015bnij!<br>Ro\u015bnij!<\/p>\n\n\n\n<p><em><strong>\u00ab\u015aladami Ewangelii\u00bb, Radom 2008, str. 36<\/strong><\/em><\/p>\n\n\n\n<p><strong>Lusia Ogi\u0144ska<\/strong><\/p>\n\n\n\n<p><em><strong>Ziarno gorczycy<\/strong><\/em><br><em>&nbsp;&nbsp;&nbsp; &nbsp;&nbsp;&nbsp; (Ewangelia wed\u0142ug \u015bw. Marka: 4, 30 \u2014 32)<\/em><\/p>\n\n\n\n<p>Male\u0144kie ziarnko w sercu le\u017cy<br>i \u015bpi pokornie ca\u0142e lata,<br>nie czuje wiatru, s\u0142o\u0144ca, \u015bnie\u017cyc,<br>bo nie zna ziarnko twego \u015bwiata.<\/p>\n\n\n\n<p>Ogromna mi\u0142o\u015b\u0107 w ziarnku drzemie,<br>pot\u0119\u017cna wiara i nadzieja,<br>a ty, cz\u0142owieku, nie chcesz wiedzie\u0107,<br>\u017ce ziarnko mo\u017ce ci\u0119 odmienia\u0107.<\/p>\n\n\n\n<p>Gdy z ziarna wzro\u015bnie kwiat gorczycy,<br>a ptaki znajd\u0105 w nim schronienie,<br>to poznasz owoc tajemnicy:<br>wiar\u0119, kochanie i nadziej\u0119\u2026<br>\u2026\u2026\u2026\u2026\u2026\u2026\u2026\u2026\u2026\u2026\u2026\u2026..<br>\u2026\u2026\u2026\u2026\u2026\u2026\u2026\u2026\u2026\u2026\u2026\u2026..<br>Male\u0144kie ziarnko w sercu ro\u015bnie<br>\u2026posia\u0142 je Ten, kto ciebie stworzy\u0142!<br>Ziarnko niewielkie, szare, proste,<br>a ile w nim tajemnic Bo\u017cych\u2026<\/p>\n\n\n\n<p><em><strong>\u00ab\u015aladami Ewangelii\u00bb, Radom 2008, str. 37<\/strong><\/em><\/p>\n\n\n\n<p><strong>Jan Twardowski<\/strong><\/p>\n\n\n\n<p><em><strong>Jakby Go nie by\u0142o<\/strong><\/em><\/p>\n\n\n\n<p>Tak w Pana Boga naprawd\u0119 uwierzy\u0142<br>\u017ce m\u00f3g\u0142 si\u0119 modli\u0107 jakby Go nie by\u0142o<br>i widzie\u0107 smutek ogromny na polu<br>pszenic\u0119 kt\u00f3ra nie zakwit\u0142a w czerwcu<br>i same tylko niewierz\u0105ce dzieci<br>jakby Pan Jezus nie rodzi\u0142 si\u0119 zim\u0105<br>i nawet serce ludziom niepotrzebne<br>bo krew wariatka gdzie indziej pobieg\u0142a<\/p>\n\n\n\n<p>wierzy\u0107 to znaczy nawet si\u0119 nie pyta\u0107<br>jak d\u0142ugo mamy jeszcze i\u015b\u0107 po ciemku<\/p>\n\n\n\n<p><em><strong>\u00abABC ksi\u0119dza Twardowskiego. Rok B\u00bb, Warszawa 2002, str. 93<\/strong><\/em><\/p>\n\n\n<div class=\"wp-block-image\">\n<figure class=\"alignright size-large is-resized\"><a href=\"http:\/\/www.pinakoteka.zascianek.pl\/Stanislawski\/Images\/Pole_w_Bialocerkwi.jpg\" target=\"_blank\" rel=\"noopener noreferrer\"><img loading=\"lazy\" decoding=\"async\" width=\"400\" height=\"270\" src=\"https:\/\/poezjaiewangelia.pl\/wp-content\/uploads\/2015\/12\/62e4fd737600732057b84fb23b6829af-e1457868937146.jpg\" alt=\"Jan Stanis\u0142awski Pole w Bialocerkwi\" class=\"wp-image-2532\" style=\"width:470px;height:317px\" title=\"Jan Stanis\u0142awski Pole w Bialocerkwi\"\/><\/a><figcaption class=\"wp-element-caption\"><center><em>Jan Stanis\u0142awski Pole w Bialocerkwi<\/em><\/center><\/figcaption><\/figure>\n<\/div>\n\n\n<p><strong>Jan Twardowski&nbsp;<\/strong><\/p>\n\n\n\n<p><em><strong>\u017beby wr\u00f3ci\u0107<\/strong><\/em><\/p>\n\n\n\n<p>Mo\u017cna mie\u0107 wszystko \u017ceby odej\u015b\u0107<br>czas m\u0142odo\u015b\u0107 wiar\u0119 w\u0142asne si\u0142y<br>\u015bwi\u0119tej pami\u0119ci dom rodzinny<br>skrzynk\u0119 dla ptak\u00f3w i sikorek<br>mi\u0142o\u015b\u0107 wiadomo\u015b\u0107 nieomyln\u0105<br>\u017ce nawet Pan B\u00f3g niepotrzebny<\/p>\n\n\n\n<p>potem ju\u017c tylko sama ufno\u015b\u0107<br>trzeba nic nie mie\u0107<br>\u017ceby wr\u00f3ci\u0107<\/p>\n\n\n\n<p><em><strong>\u00abnie przyszed\u0142em pana nawraca\u0107\u00bb, Warszawa 1986, str.192<\/strong><\/em><\/p>\n\n\n\n<p><strong>Jan Twardowski<\/strong><\/p>\n\n\n\n<p><em><strong>Jaka to rado\u015b\u0107<\/strong><\/em>\u2026<\/p>\n\n\n\n<p>Jaka to rado\u015b\u0107<br>pomaga\u0107<br>d\u017awiga\u0107<br>biec do chorego z wywieszonym j\u0119zykiem<br>w\u0142asne swe serce nie\u015b\u0107 jak gor\u0105czk\u0119<br>rozdawa\u0107<br>i wci\u0105\u017c si\u0119 czu\u0107<br>bezradnym<br>by\u0107 niczym<br>by Pan B\u00f3g m\u00f3g\u0142 dzia\u0142a\u0107<br>wszystko jest wtedy<br>kiedy nic dla siebie<\/p>\n\n\n\n<p><em><strong>\u00abNie przyszed\u0142em pana nawraca\u0107\u00bb, Pozna\u0144 2009, str. 393<\/strong><\/em><\/p>\n\n\n\n<p class=\"has-text-align-center\"><a href=\"https:\/\/poezjaiewangelia.pl\/?page_id=5236#Gora\"><span style=\"color:#1e73be\" class=\"has-inline-color\">Do g\u00f3ry<\/span><\/a><\/p>\n\n\n\n<p><span style=\"color: #1e73be;\"><a style=\"color: #1e73be;\" href=\"https:\/\/poezjaiewangelia.pl\/?page_id=61#S61\">Powr\u00f3t do Niedziele zwyk\u0142e<\/a>&nbsp;&nbsp;<\/span><a id=\"NZ11C\"><\/a><span style=\"color: #1e73be;\">&nbsp;&nbsp;<a style=\"color: #1e73be;\" href=\"https:\/\/poezjaiewangelia.pl\/?page_id=703#S703\">Powr\u00f3t do Linki<\/a><\/span><\/p>\n\n\n<div class=\"wp-block-image\">\n<figure class=\"alignleft size-large\"><a href=\"https:\/\/pl.wikipedia.org\/w\/index.php?title=Plik:Labarum.png&amp;filetimestamp=20050723191929\" target=\"_blank\" rel=\"noopener noreferrer\"><img loading=\"lazy\" decoding=\"async\" width=\"100\" height=\"100\" src=\"https:\/\/poezjaiewangelia.pl\/wp-content\/uploads\/2015\/12\/Labarum-Krzyz-Konstantyna-B1.jpg\" alt=\"Labarum Krzy\u017c Konstantyna\" class=\"wp-image-423\" title=\"Labarum Krzy\u017c Konstantyna\"\/><\/a><\/figure>\n<\/div>\n\n\n<hr class=\"wp-block-separator has-text-color has-luminous-vivid-amber-color has-css-opacity has-luminous-vivid-amber-background-color has-background is-style-dots\"\/>\n\n\n\n<p><strong>11 NZ rok C: Ewangelia: \u0141k 7, 36 \u2013 8, 3;<\/strong><\/p>\n\n\n\n<h2 class=\"wp-block-heading\"><span style=\"color:#008000\" class=\"has-inline-color\">S\u0142owo Bo\u017ce<\/span><\/h2>\n\n\n\n<p><strong>Nawr\u00f3cona grzesznica<\/strong><\/p>\n<p>36 Jeden z faryzeusz\u00f3w zaprosi\u0142 Go do siebie na posi\u0142ek. Wszed\u0142 wi\u0119c do domu faryzeusza i zaj\u0105\u0142 miejsce za sto\u0142em.<br>37 A oto kobieta, kt\u00f3ra prowadzi\u0142a w mie\u015bcie \u017cycie grzeszne8, dowiedziawszy si\u0119, \u017ce jest go\u015bciem w domu faryzeusza, przynios\u0142a flakonik alabastrowy olejku,<br>38 i stan\u0105wszy z ty\u0142u u n\u00f3g Jego, p\u0142acz\u0105c, zacz\u0119\u0142a \u0142zami oblewa\u0107 Jego nogi i w\u0142osami swej g\u0142owy je wyciera\u0107. Potem ca\u0142owa\u0142a Jego stopy i namaszcza\u0142a je olejkiem.<br>39 Widz\u0105c to faryzeusz, kt\u00f3ry Go zaprosi\u0142, m\u00f3wi\u0142 sam do siebie: \u00abGdyby On by\u0142 prorokiem, wiedzia\u0142by, co za jedna i jaka jest ta kobieta, kt\u00f3ra si\u0119 Go dotyka, \u017ce jest grzesznic\u0105\u00bb.<br>40 Na to Jezus rzek\u0142 do niego: \u00abSzymonie, mam ci co\u015b powiedzie\u0107\u00bb. On rzek\u0142: \u00abPowiedz, Nauczycielu!\u00bb<br><span style=\"color: #993300;\"><strong>41 \u00abPewien wierzyciel mia\u0142 dw\u00f3ch d\u0142u\u017cnik\u00f3w. Jeden winien mu by\u0142 pi\u0119\u0107set denar\u00f3w, a drugi pi\u0119\u0107dziesi\u0105t.<\/strong><\/span><br><span style=\"color: #993300;\"><strong>42 Gdy nie mieli z czego odda\u0107, darowa\u0142 obydwom. Kt\u00f3ry wi\u0119c z nich b\u0119dzie go bardziej mi\u0142owa\u0142?\u00bb<\/strong><\/span><br><span style=\"color: #993300;\"><strong>43 Szymon odpowiedzia\u0142: \u00abS\u0105dz\u0119, \u017ce ten, kt\u00f3remu wi\u0119cej darowa\u0142\u00bb. On mu rzek\u0142: \u00abS\u0142usznie os\u0105dzi\u0142e\u015b\u00bb.<\/strong><\/span><br>44 Potem zwr\u00f3ci\u0142 si\u0119 do kobiety i rzek\u0142 Szymonowi: \u00abWidzisz t\u0119 kobiet\u0119? Wszed\u0142em do twego domu, a nie poda\u0142e\u015b Mi wody do n\u00f3g; ona za\u015b \u0142zami obla\u0142a Mi stopy i swymi w\u0142osami je otar\u0142a.<br>45 Nie da\u0142e\u015b Mi poca\u0142unku; a ona, odk\u0105d wszed\u0142em, nie przestaje ca\u0142owa\u0107 n\u00f3g moich.<br>46 G\u0142owy nie nama\u015bci\u0142e\u015b Mi oliw\u0105; ona za\u015b olejkiem nama\u015bci\u0142a moje nogi. 47 Dlatego powiadam ci: Odpuszczone s\u0105 jej liczne grzechy, poniewa\u017c9 bardzo umi\u0142owa\u0142a. A ten, komu ma\u0142o si\u0119 odpuszcza, ma\u0142o mi\u0142uje\u00bb.<br>48 Do niej za\u015b rzek\u0142: \u00abTwoje grzechy s\u0105 odpuszczone\u00bb.<br>49 Na to wsp\u00f3\u0142biesiadnicy zacz\u0119li m\u00f3wi\u0107 sami do siebie: \u00abKt\u00f3\u017c On jest, \u017ce nawet grzechy odpuszcza?\u00bb<br>50 On za\u015b rzek\u0142 do kobiety: \u00abTwoja wiara ci\u0119 ocali\u0142a, id\u017a w pokoju!\u00bb<\/p>\n\n\n<div class=\"wp-block-image\">\n<figure class=\"aligncenter size-large is-resized\"><img loading=\"lazy\" decoding=\"async\" width=\"1024\" height=\"352\" src=\"https:\/\/poezjaiewangelia.pl\/wp-content\/uploads\/2015\/12\/Pierre-Subleyras-Chrystus-w-domu-Szymona-1024x352.jpg\" alt=\"Pierre Subleyras Chrystus w domu Szymona\" class=\"wp-image-2927\" style=\"width:641px;height:220px\" title=\"Pierre Subleyras Chrystus w domu Szymona\"\/><figcaption class=\"wp-element-caption\"><center><em>Pierre Subleyras Chrystus w domu Szymona<\/em><\/center><\/figcaption><\/figure>\n<\/div>\n\n\n<p><strong>\u015aladem Jezusa<\/strong><\/p>\n<p>1 Nast\u0119pnie w\u0119drowa\u0142 przez miasta i wsie, nauczaj\u0105c i g\u0142osz\u0105c Ewangeli\u0119 o kr\u00f3lestwie Bo\u017cym. A by\u0142o z Nim Dwunastu<br \/>2 oraz kilka kobiet, kt\u00f3re uwolni\u0142 od z\u0142ych duch\u00f3w i od s\u0142abo\u015bci: Maria, zwana Magdalen\u0105, kt\u00f3r\u0105 opu\u015bci\u0142o siedem z\u0142ych duch\u00f3w;<br \/>3 Joanna, \u017cona Chuzy, zarz\u0105dcy u Heroda; Zuzanna i wiele innych, kt\u00f3re im us\u0142ugiwa\u0142y ze swego mienia.<\/p>\n\n\n\n<h2 class=\"wp-block-heading\"><span style=\"color:#008000\" class=\"has-inline-color\">Refleksja<\/span><\/h2>\n\n\n\n<p><strong>Jan Twardowski<\/strong><\/p>\n\n\n\n<p><em><strong>Mi\u0142o\u015b\u0107<\/strong><\/em><\/p>\n\n\n\n<p>\u015bwiat zmaglowany<br>polityka pud\u0142o<br>dom ju\u017c nie tamten<br>inna brama<br>niewierz\u0105cy na roratach w ko\u015bciele<\/p>\n\n\n\n<p>tylko mi\u0142o\u015b\u0107<br>wariatka ta sama<\/p>\n\n\n\n<p><em><strong>\u00abnie przyszed\u0142em pana nawraca\u0107\u00bb, Warszawa 1986, str. 364<\/strong><\/em><\/p>\n\n\n\n<p><strong>Beata Oberty\u0144ska&nbsp;<\/strong><\/p>\n\n\n\n<p><strong>* * *<\/strong><br>S\u0105d\u017a mnie, skarz mnie za wszystko! Niech mi zlicz\u0105, wywa\u017c\u0105,<br>niech mi d\u0142ugiej pokuty sakwy w\u0142o\u017c\u0105 tu\u0142acze \u2013<br>ale pozw\u00f3l mi przedtem do n\u00f3g upa\u015b\u0107 Ci twarz\u0105<br>i niech si\u0119 \u2013 raz po \u015bmierci \u2013 do dna wreszcie wyp\u0142acz\u0119!<\/p>\n\n\n\n<p><em><strong>\u00abGrudki kadzid\u0142a\u00bb, Krak\u00f3w 1987, str. 100<\/strong><\/em><\/p>\n\n\n\n<p><strong>Anna Kamie\u0144ska<\/strong><\/p>\n\n\n\n<p><em><strong>Modlitwa codzienna<\/strong><\/em><\/p>\n\n\n\n<p>Bo\u017ce przywr\u00f3\u0107 rzeczom blask utracony<br>oblecz morze w jego zwyk\u0142\u0105 wspania\u0142o\u015b\u0107<br>a lasy ubierz znowu w barwy rozmaite<br>zdejm z oczu popi\u00f3\u0142<br>oczy\u015b\u0107 j\u0119zyk z pio\u0142unu<br>spu\u015b\u0107 czysty deszcz by zmiesza\u0142 si\u0119 ze \u0142zami<br>nasi umarli niechaj \u015bpi\u0105 w zieleni<br>niech ,\u017cal uparty nie wstrzymuje czasu<br>a \u017cywym niechaj rosn\u0105 serca od mi\u0142o\u015bci<\/p>\n\n\n\n<p><em><strong>\u00abZ g\u0142\u0119boko\u015bci\u2026Antologia polskiej modlitwy poetyckiej\u00bb, T . II, Warszawa 1974, str. 301<\/strong><\/em><\/p>\n\n\n\n<p class=\"has-text-align-center\"><a href=\"https:\/\/poezjaiewangelia.pl\/?page_id=5236#Gora\"><span style=\"color:#1e73be\" class=\"has-inline-color\">Do g\u00f3ry<\/span><\/a><\/p>\n","protected":false},"excerpt":{"rendered":"<p>I &nbsp; 11 Niedziela zwyk\u0142a A 11 Niedziela zwyk\u0142a B 11 Niedziela zwyk\u0142a C Powr\u00f3t do Niedziele zwyk\u0142e, Niedziele zwyk\u0142e 8 \u2013 12,\u00a0 \u00a0\u00a0Powr\u00f3t do Linki 11 NZ rok A: Ewangelia: Mt 9, 36 \u2013 10, 8; 36 A widz\u0105c t\u0142umy ludzi, litowa\u0142 si\u0119 nad nimi, bo byli zn\u0119kani i porzuceni, jak owce niemaj\u0105ce pasterza37 &hellip; <a href=\"https:\/\/poezjaiewangelia.pl\/?page_id=5236\" class=\"more-link\">Czytaj dalej <span class=\"screen-reader-text\">11 Niedziela zwyk\u0142a rok A, B, C;<\/span><\/a><\/p>\n","protected":false},"author":1,"featured_media":0,"parent":5192,"menu_order":4,"comment_status":"closed","ping_status":"closed","template":"","meta":{"_monsterinsights_skip_tracking":false,"_monsterinsights_sitenote_active":false,"_monsterinsights_sitenote_note":"","_monsterinsights_sitenote_category":0,"footnotes":""},"class_list":["post-5236","page","type-page","status-publish","hentry"],"aioseo_notices":[],"_links":{"self":[{"href":"https:\/\/poezjaiewangelia.pl\/index.php?rest_route=\/wp\/v2\/pages\/5236","targetHints":{"allow":["GET"]}}],"collection":[{"href":"https:\/\/poezjaiewangelia.pl\/index.php?rest_route=\/wp\/v2\/pages"}],"about":[{"href":"https:\/\/poezjaiewangelia.pl\/index.php?rest_route=\/wp\/v2\/types\/page"}],"author":[{"embeddable":true,"href":"https:\/\/poezjaiewangelia.pl\/index.php?rest_route=\/wp\/v2\/users\/1"}],"replies":[{"embeddable":true,"href":"https:\/\/poezjaiewangelia.pl\/index.php?rest_route=%2Fwp%2Fv2%2Fcomments&post=5236"}],"version-history":[{"count":25,"href":"https:\/\/poezjaiewangelia.pl\/index.php?rest_route=\/wp\/v2\/pages\/5236\/revisions"}],"predecessor-version":[{"id":10537,"href":"https:\/\/poezjaiewangelia.pl\/index.php?rest_route=\/wp\/v2\/pages\/5236\/revisions\/10537"}],"up":[{"embeddable":true,"href":"https:\/\/poezjaiewangelia.pl\/index.php?rest_route=\/wp\/v2\/pages\/5192"}],"wp:attachment":[{"href":"https:\/\/poezjaiewangelia.pl\/index.php?rest_route=%2Fwp%2Fv2%2Fmedia&parent=5236"}],"curies":[{"name":"wp","href":"https:\/\/api.w.org\/{rel}","templated":true}]}}