{"id":5248,"date":"2018-11-14T09:43:48","date_gmt":"2018-11-14T09:43:48","guid":{"rendered":"https:\/\/poezjaiewangelia.pl\/?page_id=5248"},"modified":"2022-07-31T22:55:43","modified_gmt":"2022-07-31T21:55:43","slug":"12-niedziela-zwykla-rok-a-b-c","status":"publish","type":"page","link":"https:\/\/poezjaiewangelia.pl\/?page_id=5248","title":{"rendered":"12 Niedziela zwyk\u0142a rok A, B, C;"},"content":{"rendered":"\n<p><span style=\"color: #ffff00;\">I <a id=\"S5248\"><\/a> <a id=\"Gora\"><\/a><\/span><\/p>\n\n\n\n<div class=\"wp-block-columns is-layout-flex wp-container-core-columns-is-layout-9d6595d7 wp-block-columns-is-layout-flex\">\n<div class=\"wp-block-column is-layout-flow wp-block-column-is-layout-flow\"><div class=\"wp-block-image\">\n<figure class=\"alignright is-resized\"><a href=\"https:\/\/commons.wikimedia.org\/wiki\/File:Le_Bon_Pasteur_Philippe_de_Champaigne.jpg\" target=\"_blank\" rel=\"noopener noreferrer\"><img loading=\"lazy\" decoding=\"async\" src=\"https:\/\/poezjaiewangelia.pl\/wp-content\/uploads\/2018\/11\/Philippe-de-Champaigne-Dobry-Pasterz-e1542185721570.jpg\" alt=\"Philippe de Champaigne Dobry Pasterz\" width=\"345\" height=\"418\" title=\"Philippe de Champaigne Dobry Pasterz\"\/><\/a><figcaption><center><em>Philippe de Champaigne Dobry Pasterz<\/em><\/center><\/figcaption><\/figure>\n<\/div><\/div>\n\n\n\n<div class=\"wp-block-column is-layout-flow wp-block-column-is-layout-flow\">\n<figure class=\"wp-block-image is-resized\"><img loading=\"lazy\" decoding=\"async\" src=\"https:\/\/poezjaiewangelia.pl\/wp-content\/uploads\/2018\/11\/Zielona-r\u00f3\u017ca-e1587421321818.png\" alt=\"Zielona r\u00f3\u017ca\" width=\"113\" height=\"113\"\/><figcaption>Kolor szat<\/figcaption><\/figure>\n\n\n\n<p>&nbsp;<\/p>\n<p><span style=\"color: #1e73be;\"><a style=\"color: #1e73be;\" href=\"https:\/\/poezjaiewangelia.pl\/?page_id=5248#NZ12A\">12 Niedziela zwyk\u0142a A<\/a><\/span><\/p>\n<p><span style=\"color: #1e73be;\"><a style=\"color: #1e73be;\" href=\"https:\/\/poezjaiewangelia.pl\/?page_id=5248#NZ12B\">12 Niedziela zwyk\u0142a B<\/a><\/span><\/p>\n<p><span style=\"color: #1e73be;\"><a style=\"color: #1e73be;\" href=\"https:\/\/poezjaiewangelia.pl\/?page_id=5248#NZ12C\">12 Niedziela zwyk\u0142a C<\/a><\/span><\/p>\n<\/div>\n<\/div>\n\n\n\n<p><span style=\"color: #1e73be;\"><a style=\"color: #1e73be;\" href=\"https:\/\/poezjaiewangelia.pl\/?page_id=61#S61\">Powr\u00f3t do Niedziele zwyk\u0142e,<\/a>&nbsp; <a style=\"color: #1e73be;\" href=\"https:\/\/poezjaiewangelia.pl\/?page_id=5192#S5192\">Niedziele zwyk\u0142e 8 \u2013 12,&nbsp;<\/a> <\/span><a id=\"NZ12A\"><\/a><span style=\"color: #1e73be;\">&nbsp;&nbsp;<a style=\"color: #1e73be;\" href=\"https:\/\/poezjaiewangelia.pl\/?page_id=703#S703\">Powr\u00f3t do Linki<\/a><\/span><\/p>\n\n\n<div class=\"wp-block-image\">\n<figure class=\"alignleft size-large\"><a href=\"https:\/\/pl.wikipedia.org\/w\/index.php?title=Plik:Labarum.png&amp;filetimestamp=20050723191929\" target=\"_blank\" rel=\"noopener noreferrer\"><img loading=\"lazy\" decoding=\"async\" width=\"100\" height=\"100\" src=\"https:\/\/poezjaiewangelia.pl\/wp-content\/uploads\/2015\/12\/Labarum-Krzyz-Konstantyna-A1.jpg\" alt=\"Labarum Krzy\u017c Konstantyna\" class=\"wp-image-422\" title=\"Labarum Krzy\u017c Konstantyna\"\/><\/a><\/figure>\n<\/div>\n\n\n<hr class=\"wp-block-separator has-text-color has-luminous-vivid-amber-color has-css-opacity has-luminous-vivid-amber-background-color has-background is-style-dots\"\/>\n\n\n\n<p><strong>12 NZ rok A: Ewangelia: Mt 10, 26 \u2013 33;<\/strong><\/p>\n\n\n\n<h2 class=\"wp-block-heading\"><span style=\"color:#008000\" class=\"has-inline-color\">S\u0142owo Bo\u017ce<\/span><\/h2>\n\n\n\n<p><strong>M\u0119stwo w ucisku<\/strong><\/p>\n<p>26 Wi\u0119c si\u0119 ich nie b\u00f3jcie! Nie ma bowiem nic zakrytego, co by nie mia\u0142o by\u0107 wyjawione, ani nic tajemnego, o czym by si\u0119 nie miano dowiedzie\u0107.<br>27 Co m\u00f3wi\u0119 wam w ciemno\u015bci, powtarzajcie na \u015bwietle, a co s\u0142yszycie na ucho, rozg\u0142aszajcie na dachach!<br><span style=\"color: #993300;\"><strong>28 Nie b\u00f3jcie si\u0119 tych, kt\u00f3rzy zabijaj\u0105 cia\u0142o, lecz duszy zabi\u0107 nie mog\u0105. B\u00f3jcie si\u0119 raczej Tego, kt\u00f3ry dusz\u0119 i cia\u0142o mo\u017ce zatraci\u0107 w&nbsp; piekle.<\/strong><\/span><br><span style=\"color: #993300;\"><strong>29 Czy\u017c nie sprzedaj\u0105 dw\u00f3ch wr\u00f3bli za asa? A przecie\u017c \u017caden z nich bez woli Ojca waszego nie spadnie na ziemi\u0119.<\/strong><\/span><br><span style=\"color: #993300;\"><strong>30 U was za\u015b nawet w\u0142osy na g\u0142owie wszystkie s\u0105 policzone.<\/strong><\/span><br><span style=\"color: #993300;\"><strong>31 Dlatego nie b\u00f3jcie si\u0119: jeste\u015bcie wa\u017cniejsi ni\u017c wiele wr\u00f3bli.<\/strong><\/span><br>32 Do ka\u017cdego wi\u0119c, kt\u00f3ry si\u0119 przyzna do Mnie przed lud\u017ami, przyznam si\u0119 i Ja przed moim Ojcem, kt\u00f3ry jest w niebie.<br>33 Lecz kto si\u0119 Mnie zaprze przed lud\u017ami, tego zapr\u0119 si\u0119 i Ja przed moim Ojcem, kt\u00f3ry jest w niebie<\/p>\n\n\n\n<h2 class=\"wp-block-heading\"><span style=\"color:#008000\" class=\"has-inline-color\">Refleksja<\/span><\/h2>\n\n\n<div class=\"wp-block-image\">\n<figure class=\"alignright size-large is-resized\"><a href=\"https:\/\/commons.wikimedia.org\/wiki\/File:Nicolas_Poussin_-_The_Sacrament_of_Ordination_(Christ_Presenting_the_Keys_to_Saint_Peter)_-_Google_Art_Project.jpg\" target=\"_blank\" rel=\"noopener noreferrer\"><img loading=\"lazy\" decoding=\"async\" src=\"https:\/\/poezjaiewangelia.pl\/wp-content\/uploads\/2020\/05\/Nicolas-Poussin-Siedem-Sakrament\u00f3w-Kap\u0142a\u0144stwo.jpg\" alt=\"Nicolas Poussin Siedem Sakrament\u00f3w Kap\u0142a\u0144stwo\" class=\"wp-image-7930\" width=\"397\" height=\"311\" title=\"Nicolas Poussin Siedem Sakrament\u00f3w Kap\u0142a\u0144stwo\" srcset=\"https:\/\/poezjaiewangelia.pl\/wp-content\/uploads\/2020\/05\/Nicolas-Poussin-Siedem-Sakrament\u00f3w-Kap\u0142a\u0144stwo.jpg 512w, https:\/\/poezjaiewangelia.pl\/wp-content\/uploads\/2020\/05\/Nicolas-Poussin-Siedem-Sakrament\u00f3w-Kap\u0142a\u0144stwo-300x235.jpg 300w\" sizes=\"auto, (max-width: 397px) 100vw, 397px\" \/><\/a><figcaption><center><em>Nicolas Poussin Siedem Sakrament\u00f3w Kap\u0142a\u0144stwo<\/em><\/center><\/figcaption><\/figure>\n<\/div>\n\n\n<p><strong>Maria Imelda Kosmala<\/strong><\/p>\n\n\n\n<p><em><strong>Kazanie wr\u00f3bli<\/strong><\/em><\/p>\n\n\n\n<p>Sfrun\u0119\u0142y nagle burzliw\u0105 gam\u0105<br>w klawisze rzymskiego wieczoru<\/p>\n\n\n\n<p>Skrzyd\u0142a i \u015bwiergot szalony<br>szum gwar \u015bwir \u0142opot<br>jak gdyby czyja\u015b r\u0119ka<br>sypn\u0119\u0142a bezcennym ziarnem<br>z bo\u017cego korca<\/p>\n\n\n\n<p>Poyerello przemawia\u0142 do ptak\u00f3w<br>ja si\u0119 poddaj\u0119 tym znakom skrzydlatym<br>odwiecznej Nowiny<br>z galilejskiego wzg\u00f3rza<\/p>\n\n\n\n<p>Stoj\u0105c pod smuk\u0142\u0105 ambon\u0105<br>powa\u017cnych cyprys\u00f3w<br>s\u0142ucham ptasiej homilii<\/p>\n\n\n\n<p>Cz\u0142owiek to t\u0119py s\u0142uchacz<br>niebieskich nowin<\/p>\n\n\n\n<p>Przez dwa tysi\u0105ce lat<br>B\u00f3g go zapewnia<\/p>\n\n\n\n<p>Jeste\u015b wart wi\u0119cej<br>ni\u017c miliard wr\u00f3bli<\/p>\n\n\n\n<p>A on do dzi\u015b nie zna<br>szcz\u0119\u015bcia beztroski<\/p>\n\n\n\n<p>Bo tylko czyta S\u0141OWO<br>spe\u0142nienie zostawiaj\u0105c ptakom<\/p>\n\n\n\n<p>Tyle mi rzek\u0142y wr\u00f3ble<br>w przelocie na dobranoc<br>i polecia\u0142y do Rzymu<br>z echem nabo\u017cnym jak amen<\/p>\n\n\n\n<p><em><strong>\u00abKu twarzy w\u0119druj\u0119\u00bb, Warszawa 1997, str. 60<\/strong><\/em><\/p>\n\n\n\n<p><strong>Jan Twardowski<\/strong><\/p>\n\n\n\n<p><em><strong>Od wr\u00f3bla<\/strong><\/em><\/p>\n\n\n\n<p>Id\u0105 do Ciebie Panie<br>z m\u0105dro\u015bci<br>ze \u015brodka rozpaczy<br>a ja od wr\u00f3bla \u0142obuza<br>co na n\u00f3\u017ckach do nieba skacze<\/p>\n\n\n\n<p><em><strong>\u00abPos\u0142aniec nadziei\u00bb, Warszawa \u2013 Rzesz\u00f3w 2005, str.165<\/strong><\/em><\/p>\n\n\n\n<p><strong>Jan Twardowski<\/strong><\/p>\n\n\n\n<p><em><strong>O wr\u00f3blu<\/strong><\/em><\/p>\n\n\n\n<p>Nie umiem o ko\u015bciele pisa\u0107<br>o namiotach modlitwy znad mszy i o\u0142tarzy<br>o zegarze co nas toczy \u2013<br>0 \u015bwi\u0119tym przystrzy\u017conym jak trawa<br>o oknach kt\u00f3re rzucaj\u0105 do wn\u0119trza<br>motyle jak ma\u0142e kolorowe okr\u0119ty<br>0 \u0107mach co smol\u0105 \u015bwiece jak czarne oddechy<br>0 oku Opatrzno\u015bci<br>kt\u00f3re widzi orzechy trudne do zgryzienia<br>0 w\u0142osach Matki Bo\u017cej ca\u0142ych z ciep\u0142ego wiatru<br>0 tych co nawet \u017ca\u0142uj\u0105 zanim zgrzesz\u0105<\/p>\n\n\n\n<p>lecz o kim\u015b skrytym w cieniu<br>co nagle od \u0142ez lekki gor\u0105cy jak lipiec<br>odchodzi przemieniony w czu\u0142e serce skrzypiec<\/p>\n\n\n\n<p>i o tobie niesforny wr\u00f3blu<br>co \u0142ask\u0105 zdumiony \u2013<br>wpad\u0142e\u015b na zbit\u0105 g\u0142ow\u0119<br>do \u015bwi\u0119conej wody<\/p>\n\n\n\n<p><em><strong>\u00abnie przyszed\u0142em pana nawraca\u0107\u00bb, Warszawa 1986, str. 29<\/strong><\/em><\/p>\n\n\n\n<p class=\"has-text-align-center\"><a href=\"https:\/\/poezjaiewangelia.pl\/?page_id=5248&amp;preview_id=5248#Gora\"><span style=\"color:#1e73be\" class=\"has-inline-color\">Do g\u00f3ry<\/span><\/a><\/p>\n\n\n\n<p><span style=\"color: #1e73be;\"><a style=\"color: #1e73be;\" href=\"https:\/\/poezjaiewangelia.pl\/?page_id=61#S61\">Powr\u00f3t do Niedziele zwyk\u0142e<\/a>&nbsp;<\/span><a id=\"NZ12B\"><\/a><span style=\"color: #1e73be;\">&nbsp;&nbsp;<a style=\"color: #1e73be;\" href=\"https:\/\/poezjaiewangelia.pl\/?page_id=703#S703\">Powr\u00f3t do Linki<\/a><\/span><\/p>\n\n\n<div class=\"wp-block-image\">\n<figure class=\"alignleft size-large\"><a href=\"https:\/\/pl.wikipedia.org\/w\/index.php?title=Plik:Labarum.png&amp;filetimestamp=20050723191929\" target=\"_blank\" rel=\"noopener noreferrer\"><img loading=\"lazy\" decoding=\"async\" width=\"100\" height=\"100\" src=\"https:\/\/poezjaiewangelia.pl\/wp-content\/uploads\/2015\/12\/Labarum-Krzyz-Konstantyna-C1.jpg\" alt=\"Labarum Krzy\u017c Konstantyna\" class=\"wp-image-424\" title=\"Labarum Krzy\u017c Konstantyna\"\/><\/a><\/figure>\n<\/div>\n\n\n<hr class=\"wp-block-separator has-text-color has-luminous-vivid-amber-color has-css-opacity has-luminous-vivid-amber-background-color has-background is-style-dots\"\/>\n\n\n\n<p><strong>12 NZ rok B: Ewangelia: Mk 4, 35 \u2013 41;<\/strong><\/p>\n\n\n\n<h2 class=\"wp-block-heading\"><span style=\"color:#008000\" class=\"has-inline-color\">S\u0142owo Bo\u017ce<\/span><\/h2>\n\n\n\n<p><strong>Burza na jeziorze<\/strong><\/p>\n<p>35 Gdy zapad\u0142 wiecz\u00f3r owego dnia, rzek\u0142 do nich: \u00abPrzeprawmy si\u0119 na drug\u0105 stron\u0119\u00bb.<br>36 Zostawili wi\u0119c t\u0142um, a Jego zabrali, tak jak by\u0142 w \u0142odzi. Tak\u017ce inne \u0142odzie p\u0142yn\u0119\u0142y z Nim.<br>37 Naraz zerwa\u0142 si\u0119 gwa\u0142towny wicher. Fale bi\u0142y w \u0142\u00f3d\u017a, tak \u017ce \u0142\u00f3d\u017a ju\u017c si\u0119 nape\u0142nia\u0142a.<br><span style=\"color: #993300;\"><strong>38 On za\u015b spa\u0142 w tyle \u0142odzi na wezg\u0142owiu. Zbudzili Go i powiedzieli do Niego: \u00abNauczycielu, nic Ci\u0119 to nie obchodzi, \u017ce giniemy?\u00bb<\/strong><\/span><br><span style=\"color: #993300;\"><strong>39 On wsta\u0142, rozkaza\u0142 wichrowi i rzek\u0142 do jeziora: \u00abMilcz, ucisz si\u0119!\u00bb. Wicher si\u0119 uspokoi\u0142 i nasta\u0142a g\u0142\u0119boka cisza.<\/strong><\/span><br><span style=\"color: #993300;\"><strong>40 Wtedy rzek\u0142 do nich: \u00abCzemu tak boja\u017aliwi jeste\u015bcie? Jak\u017ce wam brak wiary?\u00bb<\/strong><\/span><br><span style=\"color: #993300;\"><strong>41 Oni zl\u0119kli si\u0119 bardzo i m\u00f3wili jeden do drugiego: \u00abKim w\u0142a\u015bciwie On jest, \u017ce nawet wicher i jezioro s\u0105 Mu pos\u0142uszne?\u00bb<\/strong><\/span><\/p>\n\n\n\n<h2 class=\"wp-block-heading\"><span style=\"color:#008000\" class=\"has-inline-color\">Refleksja<\/span><\/h2>\n\n\n<div class=\"wp-block-image\">\n<figure class=\"alignright size-large is-resized\"><a href=\"https:\/\/www.wga.hu\/frames-e.html?\/html\/d\/delacroi\/5\/504delac.html\" target=\"_blank\" rel=\"noopener noreferrer\"><img loading=\"lazy\" decoding=\"async\" src=\"https:\/\/poezjaiewangelia.pl\/wp-content\/uploads\/2015\/12\/b415058d5c732e79ff7c2c91b4c3090c-e1461161958651.jpg\" alt=\"Eug\u00e8ne Delacroix Chrystus na jeziorze Genezaret\" class=\"wp-image-2534\" width=\"396\" height=\"317\" title=\"Eug\u00e8ne Delacroix Chrystus na jeziorze Genezaret\"\/><\/a><figcaption><center><em>Eug\u00e8ne Delacroix Chrystus na jeziorze Genezaret<\/em><\/center><\/figcaption><\/figure>\n<\/div>\n\n\n<p><strong>Jan Twardowski<\/strong><\/p>\n\n\n\n<p><em><strong>R\u0119ce<\/strong><\/em><\/p>\n\n\n\n<p>Nie widzia\u0142em Twej twarzy<br>st\u00f3p sanda\u0142\u00f3w w\u0142os\u00f3w<br>ran zadanych<br>u\u015bmiech\u00f3w oczu<br>os\u0142a Twego co wybieg\u0142 jak najszybciej z Betlejem<br>ju\u017c noc\u0105<br>wiadomo: osio\u0142 wie najwi\u0119cej<\/p>\n\n\n\n<p>czu\u0142em tylko \u017ce nios\u0105 mnie<br>Twe r\u0119ce<\/p>\n\n\n\n<p><strong>\u017ar\u00f3d\u0142o: ?<\/strong><\/p>\n\n\n\n<p><strong>Beata Oberty\u0144ska<\/strong><\/p>\n\n\n\n<p><strong>* * *<\/strong><br>Zbud\u017a si\u0119! Czy nic Ci o to, ,ze moja \u0142\u00f3d\u017a przecieka?!<br>Ratuj mnie! I bez burzy czarno na niebosk\u0142onie\u2026<br>Woda \u2013 to nie najgorsze, co czyha na cz\u0142owieka!<br>O wiele straszniej, Panie, kiedy kto\u015b w sobie tonie!<\/p>\n\n\n\n<p><em><strong>\u00abGrudki kadzid\u0142a\u00bb, Krak\u00f3w 1987, str. 95<\/strong><\/em><\/p>\n\n\n\n<p><strong>Maria Imelda Kosmala<\/strong><\/p>\n\n\n\n<p><em><strong>Burza<\/strong><\/em><\/p>\n\n\n\n<p>\u015apisz na dnie<\/p>\n\n\n\n<p>Bij\u0105 pioruny krwi<\/p>\n\n\n\n<p>\u015apisz na dnie<\/p>\n\n\n\n<p>Nie p\u00f3jd\u0119 budzi\u0107<br>ani Twych oczu<br>ani ust<\/p>\n\n\n\n<p>cho\u0107 sztorm we krwi<\/p>\n\n\n\n<p>Przylgn\u0119<br>do ciszy Twego snu<\/p>\n\n\n\n<p><em><strong>\u00abKu twarzy w\u0119druj\u0119\u00bb, Warszawa 1997, str. 30<\/strong><\/em><\/p>\n\n\n\n<p><strong>Jan Twardowski<\/strong><\/p>\n\n\n\n<p><em><strong>Jak kozio\u0142<\/strong><\/em><\/p>\n\n\n\n<p>Nie skar\u017c si\u0119 \u017ce mrok ciebie jak kozio\u0142 zaskoczy\u0142<br>skoro ro\u015bnie \u015bwietlik co przemywa oczy<br>nie nud\u017a \u2013 biedne p\u0142uca nasze<br>bo w pobli\u017cu \u015blaz dziki co \u0142agodzi kaszel<br>z pi\u0119cioma p\u0142atkami na kr\u00f3tkim ogonku<br>zawstydzony jak ucze\u0144 co przyszed\u0142 po dzwonku<br>nie m\u0119cz \u017ce \u015bwiat szary. Rybitwa wieczorem<br>biegnie w szarej czapeczce nad czerwonym dziobem<br>nie b\u00f3j si\u0119 \u017ce mi\u0142o\u015b\u0107 nadci\u0105ga jak burza<br>skoro B\u00f3g ci anio\u0142a wynaj\u0105\u0142 na str\u00f3\u017ca<\/p>\n\n\n\n<p><em><strong>\u00abABC ksi\u0119dza Twardowskiego. Rok B\u00bb, Warszawa 2002, str. 95<\/strong><\/em><\/p>\n\n\n\n<p class=\"has-text-align-center\"><a href=\"https:\/\/poezjaiewangelia.pl\/?page_id=5248&amp;preview_id=5248#Gora\"><span style=\"color:#1e73be\" class=\"has-inline-color\">Do g\u00f3ry<\/span><\/a><\/p>\n\n\n\n<p><span style=\"color: #1e73be;\"><a style=\"color: #1e73be;\" href=\"https:\/\/poezjaiewangelia.pl\/?page_id=61#S61\">Powr\u00f3t do Niedziele zwyk\u0142e<\/a>&nbsp;<\/span><a id=\"NZ12C\"><\/a><span style=\"color: #1e73be;\">&nbsp;&nbsp;<a style=\"color: #1e73be;\" href=\"https:\/\/poezjaiewangelia.pl\/?page_id=703#S703\">Powr\u00f3t do Linki<\/a><\/span><\/p>\n\n\n<div class=\"wp-block-image\">\n<figure class=\"alignleft size-large\"><a href=\"https:\/\/pl.wikipedia.org\/w\/index.php?title=Plik:Labarum.png&amp;filetimestamp=20050723191929\" target=\"_blank\" rel=\"noopener noreferrer\"><img loading=\"lazy\" decoding=\"async\" width=\"100\" height=\"100\" src=\"https:\/\/poezjaiewangelia.pl\/wp-content\/uploads\/2015\/12\/Labarum-Krzyz-Konstantyna-B1.jpg\" alt=\"Labarum Krzy\u017c Konstantyna\" class=\"wp-image-423\" title=\"Labarum Krzy\u017c Konstantyna\"\/><\/a><\/figure>\n<\/div>\n\n\n<hr class=\"wp-block-separator has-text-color has-luminous-vivid-amber-color has-css-opacity has-luminous-vivid-amber-background-color has-background is-style-dots\"\/>\n\n\n\n<p><strong>12 NZ rok C: Ewangelia: \u0141k&nbsp; 9, 18 \u2013 24;<\/strong><\/p>\n\n\n\n<h2 class=\"wp-block-heading\"><span style=\"color:#008000\" class=\"has-inline-color\">S\u0142owo Bo\u017ce<\/span><\/h2>\n\n\n\n<p><strong>Wyznanie Piotra<\/strong><\/p>\n<p>18 Gdy raz modli\u0142 si\u0119 na osobno\u015bci, a byli z Nim uczniowie, zwr\u00f3ci\u0142 si\u0119 do nich z zapytaniem: \u00abZa kogo uwa\u017caj\u0105 Mnie t\u0142umy?\u00bb<br \/>19 Oni odpowiedzieli: \u00abZa Jana Chrzciciela; inni za Eliasza; jeszcze inni m\u00f3wi\u0105, \u017ce kt\u00f3ry\u015b z dawnych prorok\u00f3w zmartwychwsta\u0142\u00bb.<br \/><span style=\"color: #993300;\"><strong>20 Zapyta\u0142 ich: \u00abA wy za kogo Mnie uwa\u017cacie?\u00bb Piotr odpowiedzia\u0142: \u00abZa Mesjasza Bo\u017cego\u00bb.<\/strong><\/span><br \/>21 Wtedy surowo im przykaza\u0142 i napomnia\u0142 ich, \u017ceby nikomu o tym nie m\u00f3wili.<\/p>\n<p><strong>Pierwsza zapowied\u017a m\u0119ki i zmartwychwstania<\/strong><\/p>\n<p>22 I doda\u0142: \u00abSyn Cz\u0142owieczy musi wiele wycierpie\u0107: b\u0119dzie odrzucony przez starszyzn\u0119, arcykap\u0142an\u00f3w i uczonych w Pi\u015bmie; b\u0119dzie zabity, a trzeciego dnia zmartwychwstanie\u00bb.<\/p>\n<p><strong>Warunki na\u015bladowania Jezusa<\/strong><\/p>\n<p>23 Potem m\u00f3wi\u0142 do wszystkich: \u00abJe\u015bli kto chce i\u015b\u0107 za Mn\u0105, niech si\u0119 zaprze samego siebie, niech co dnia bierze krzy\u017c sw\u00f3j i niech Mnie na\u015bladuje!<br \/>24 Bo kto chce zachowa\u0107 swoje \u017cycie, straci je, a kto straci swe \u017cycie z mego powodu, ten je zachowa.<\/p>\n\n\n<div class=\"wp-block-image\">\n<figure class=\"aligncenter size-large is-resized\"><a href=\"https:\/\/www.wga.hu\/framex-e.html?file=html\/r\/rubens\/10religi\/02religi.html&amp;find=The+Holy+Trinity\" target=\"_blank\" rel=\"noopener noreferrer\"><img loading=\"lazy\" decoding=\"async\" src=\"https:\/\/poezjaiewangelia.pl\/wp-content\/uploads\/2015\/12\/9a514c482443de6027d3751fe55a01f7.jpg\" alt=\"Pieter Rubens Tr\u00f3jca \u015awi\u0119ta (detal)\" class=\"wp-image-2931\" width=\"588\" height=\"238\" title=\"Pieter Rubens Tr\u00f3jca \u015awi\u0119ta (detal)\" srcset=\"https:\/\/poezjaiewangelia.pl\/wp-content\/uploads\/2015\/12\/9a514c482443de6027d3751fe55a01f7.jpg 500w, https:\/\/poezjaiewangelia.pl\/wp-content\/uploads\/2015\/12\/9a514c482443de6027d3751fe55a01f7-300x121.jpg 300w\" sizes=\"auto, (max-width: 588px) 100vw, 588px\" \/><\/a><figcaption><center><em>Pieter Rubens Tr\u00f3jca \u015awi\u0119ta (detal)<\/em><\/center><\/figcaption><\/figure>\n<\/div>\n\n\n<h2 class=\"wp-block-heading\"><span style=\"color:#008000\" class=\"has-inline-color\">Refleksja<\/span><\/h2>\n\n\n\n<p><strong>Jan Twardowski<\/strong><\/p>\n\n\n\n<p><em><strong>Najbli\u017csi<\/strong><\/em><\/p>\n\n\n\n<p>Nie prosz\u0119 ju\u017c o spok\u00f3j<br>ani o to \u017ceby by\u0142o inaczej<br>nie mam \u017calu \u017ce nie mam malucha<br>ani o to \u017ce mi najbli\u017csi rozr\u0105bali g\u0142ow\u0119<br>przyszed\u0142em podzi\u0119kowa\u0107 \u017ce jeste\u015b Bogiem<\/p>\n\n\n\n<p><em><strong>\u00abNie przyszed\u0142em pana nawraca\u0107\u00bb, Pozna\u0144 2009, str.355<\/strong><\/em><\/p>\n\n\n\n<p><strong>Jan Twardowski<\/strong><\/p>\n\n\n\n<p><em><strong>Nie martw si\u0119<\/strong><\/em><\/p>\n\n\n\n<p>Nie martw si\u0119<br>\u017ce si\u0119 Ko\u015bci\u00f3\u0142 przewr\u00f3ci<br>\u017ce zn\u00f3w grzesznik<br>wierci dziur\u0119 w niebie<br>magistrze doktorze docencie<br>nie martw si\u0119 o Boga<br>ale o siebie<\/p>\n\n\n\n<p><em><strong>\u00abNie przyszed\u0142em pana nawraca\u0107\u00bb, Pozna\u0144 2009, str. 421<\/strong><\/em><\/p>\n\n\n\n<p class=\"has-text-align-center\"><a href=\"https:\/\/poezjaiewangelia.pl\/?page_id=5248&amp;preview_id=5248#Gora\"><span style=\"color:#1e73be\" class=\"has-inline-color\">Do g\u00f3ry<\/span><\/a><\/p>\n","protected":false},"excerpt":{"rendered":"<p>I &nbsp; 12 Niedziela zwyk\u0142a A 12 Niedziela zwyk\u0142a B 12 Niedziela zwyk\u0142a C Powr\u00f3t do Niedziele zwyk\u0142e,&nbsp; Niedziele zwyk\u0142e 8 \u2013 12,&nbsp; &nbsp;&nbsp;Powr\u00f3t do Linki 12 NZ rok A: Ewangelia: Mt 10, 26 \u2013 33; M\u0119stwo w ucisku 26 Wi\u0119c si\u0119 ich nie b\u00f3jcie! Nie ma bowiem nic zakrytego, co by nie mia\u0142o by\u0107 &hellip; <a href=\"https:\/\/poezjaiewangelia.pl\/?page_id=5248\" class=\"more-link\">Czytaj dalej <span class=\"screen-reader-text\">12 Niedziela zwyk\u0142a rok A, B, C;<\/span><\/a><\/p>\n","protected":false},"author":1,"featured_media":0,"parent":5192,"menu_order":5,"comment_status":"closed","ping_status":"closed","template":"","meta":{"_monsterinsights_skip_tracking":false,"_monsterinsights_sitenote_active":false,"_monsterinsights_sitenote_note":"","_monsterinsights_sitenote_category":0,"footnotes":""},"class_list":["post-5248","page","type-page","status-publish","hentry"],"aioseo_notices":[],"_links":{"self":[{"href":"https:\/\/poezjaiewangelia.pl\/index.php?rest_route=\/wp\/v2\/pages\/5248","targetHints":{"allow":["GET"]}}],"collection":[{"href":"https:\/\/poezjaiewangelia.pl\/index.php?rest_route=\/wp\/v2\/pages"}],"about":[{"href":"https:\/\/poezjaiewangelia.pl\/index.php?rest_route=\/wp\/v2\/types\/page"}],"author":[{"embeddable":true,"href":"https:\/\/poezjaiewangelia.pl\/index.php?rest_route=\/wp\/v2\/users\/1"}],"replies":[{"embeddable":true,"href":"https:\/\/poezjaiewangelia.pl\/index.php?rest_route=%2Fwp%2Fv2%2Fcomments&post=5248"}],"version-history":[{"count":15,"href":"https:\/\/poezjaiewangelia.pl\/index.php?rest_route=\/wp\/v2\/pages\/5248\/revisions"}],"predecessor-version":[{"id":10144,"href":"https:\/\/poezjaiewangelia.pl\/index.php?rest_route=\/wp\/v2\/pages\/5248\/revisions\/10144"}],"up":[{"embeddable":true,"href":"https:\/\/poezjaiewangelia.pl\/index.php?rest_route=\/wp\/v2\/pages\/5192"}],"wp:attachment":[{"href":"https:\/\/poezjaiewangelia.pl\/index.php?rest_route=%2Fwp%2Fv2%2Fmedia&parent=5248"}],"curies":[{"name":"wp","href":"https:\/\/api.w.org\/{rel}","templated":true}]}}