{"id":5293,"date":"2018-11-14T16:56:57","date_gmt":"2018-11-14T16:56:57","guid":{"rendered":"https:\/\/poezjaiewangelia.pl\/?page_id=5293"},"modified":"2022-12-05T20:59:58","modified_gmt":"2022-12-05T19:59:58","slug":"14-niedziela-zwykla-rok-a-b-c","status":"publish","type":"page","link":"https:\/\/poezjaiewangelia.pl\/?page_id=5293","title":{"rendered":"14 Niedziela zwyk\u0142a rok A, B, C;"},"content":{"rendered":"\n<p><span style=\"color: #ffff00;\">i <a id=\"S5293\"><\/a><a id=\"Gora\"><\/a><\/span><\/p>\n\n\n<div class=\"wp-block-image\">\n<figure class=\"aligncenter size-large is-resized\"><a href=\"https:\/\/www.wga.hu\/html\/j\/jouvenet\/2lazarus.html\" target=\"_blank\" rel=\"noopener noreferrer\"><img loading=\"lazy\" decoding=\"async\" src=\"https:\/\/poezjaiewangelia.pl\/wp-content\/uploads\/2018\/11\/Jean-Baptiste-Jouvenet-Wskrzeszenie-\u0141azarza-1-1024x585.jpg\" alt=\"Jean Baptiste Jouvenet Wskrzeszenie \u0141azarza\" class=\"wp-image-5352\" width=\"511\" height=\"292\" title=\"Jean Baptiste Jouvenet Wskrzeszenie \u0141azarza\"\/><\/a><figcaption class=\"wp-element-caption\"><center><em>Jean Baptiste Jouvenet Wskrzeszenie \u0141azarza<\/em><\/center><\/figcaption><\/figure>\n<\/div>\n\n<div class=\"wp-block-image\">\n<figure class=\"alignright size-large is-resized\"><img loading=\"lazy\" decoding=\"async\" src=\"https:\/\/poezjaiewangelia.pl\/wp-content\/uploads\/2018\/11\/Zielona-r\u00f3\u017ca-e1587421321818.png\" alt=\"Zielona r\u00f3\u017ca\" class=\"wp-image-4943\" width=\"113\" height=\"113\"\/><figcaption class=\"wp-element-caption\">Kolor szat<\/figcaption><\/figure>\n<\/div>\n\n\n<hr class=\"wp-block-separator has-text-color has-luminous-vivid-amber-color has-css-opacity has-luminous-vivid-amber-background-color has-background is-style-dots\"\/>\n\n\n\n<p><span style=\"color: #1e73be;\"><a style=\"color: #1e73be;\" href=\"https:\/\/poezjaiewangelia.pl\/?page_id=5293#NZ14A\">14 Niedziela zwyk\u0142a A;<\/a>&nbsp;&nbsp;<a style=\"color: #1e73be;\" href=\"https:\/\/poezjaiewangelia.pl\/?page_id=5293#NZ14B\">14 Niedziela zwyk\u0142a B;<\/a>&nbsp;&nbsp;&nbsp;<a style=\"color: #1e73be;\" href=\"https:\/\/poezjaiewangelia.pl\/?page_id=5293#NZ14C\">14 Niedziela zwyk\u0142a C<\/a>;<\/span><\/p>\n\n\n\n<hr class=\"wp-block-separator has-text-color has-luminous-vivid-amber-color has-css-opacity has-luminous-vivid-amber-background-color has-background is-style-dots\"\/>\n\n\n\n<p><span style=\"color: #1e73be;\"><a style=\"color: #1e73be;\" href=\"https:\/\/poezjaiewangelia.pl\/?page_id=61#S61\">Powr\u00f3t do Niedziele zwyk\u0142e, <\/a> <a style=\"color: #1e73be;\" href=\"https:\/\/poezjaiewangelia.pl\/?page_id=5268#S5268\">Niedziele zwyk\u0142e 13 \u2013 18,<\/a>&nbsp; <a id=\"NZ14A\"><\/a>&nbsp;&nbsp;<a style=\"color: #1e73be;\" href=\"https:\/\/poezjaiewangelia.pl\/?page_id=703#S703\"><span style=\"color: #1e73be;\">Powr\u00f3t do Linki<\/span><\/a><\/span><\/p>\n\n\n<div class=\"wp-block-image\">\n<figure class=\"alignleft size-large\"><a href=\"https:\/\/pl.wikipedia.org\/w\/index.php?title=Plik:Labarum.png&amp;filetimestamp=20050723191929\" target=\"_blank\" rel=\"noopener noreferrer\"><img loading=\"lazy\" decoding=\"async\" width=\"100\" height=\"100\" src=\"https:\/\/poezjaiewangelia.pl\/wp-content\/uploads\/2015\/12\/Labarum-Krzyz-Konstantyna-A1.jpg\" alt=\"Labarum Krzy\u017c Konstantyna\" class=\"wp-image-422\" title=\"Labarum Krzy\u017c Konstantyna\"\/><\/a><\/figure>\n<\/div>\n\n\n<hr class=\"wp-block-separator has-text-color has-luminous-vivid-amber-color has-css-opacity has-luminous-vivid-amber-background-color has-background is-style-dots\"\/>\n\n\n\n<p><strong>14 NZ rok A: Ewangelia: Mt 11, 25 \u2013 30;<\/strong><\/p>\n\n\n\n<h2 class=\"wp-block-heading\"><span style=\"color:#008000\" class=\"has-inline-color\">S\u0142owo Bo\u017ce<\/span><\/h2>\n\n\n\n<p><strong>Objawienie Ojca i Syna<\/strong><\/p>\n<p>25 W owym czasie Jezus przem\u00f3wi\u0142 tymi s\u0142owami: \u00abWys\u0142awiam Ci\u0119, Ojcze, Panie nieba i ziemi, \u017ce zakry\u0142e\u015b te rzeczy przed m\u0105drymi i roztropnymi, a objawi\u0142e\u015b je prostaczkom<br>26 Tak, Ojcze, gdy\u017c takie by\u0142o Twoje upodobanie.<br><span style=\"color: #993300;\"><strong>27 Wszystko przekaza\u0142 Mi Ojciec m\u00f3j. Nikt te\u017c nie zna Syna, tylko Ojciec, ani Ojca nikt nie zna, tylko Syn, i ten, komu Syn zechce objawi\u0107.<\/strong><\/span><\/p>\n<p><strong>Wezwanie do utrudzonych<\/strong><\/p>\n<p><span style=\"color: #993300;\"><strong>28 Przyjd\u017acie do Mnie wszyscy, kt\u00f3rzy utrudzeni i obci\u0105\u017ceni jeste\u015bcie, a Ja was pokrzepi\u0119.<\/strong><\/span><br><span style=\"color: #993300;\"><strong>29 We\u017acie moje jarzmo na siebie i uczcie si\u0119 ode Mnie, bo jestem cichy i pokorny sercem, a znajdziecie ukojenie dla dusz waszych.<\/strong><\/span><br><span style=\"color: #993300;\"><strong>30 Albowiem jarzmo moje jest s\u0142odkie, a moje brzemi\u0119 lekkie\u00bb.<\/strong><\/span><\/p>\n\n\n\n<h2 class=\"wp-block-heading\"><span style=\"color:#008000\" class=\"has-inline-color\">Refleksja<\/span><\/h2>\n\n\n<div class=\"wp-block-image\">\n<figure class=\"alignright size-large is-resized\"><a href=\"https:\/\/www.wga.hu\/framex-e.html?file=html\/p\/perugino\/stanza\/mtrinity.html&amp;find=Trinity\" target=\"_blank\" rel=\"noopener noreferrer\"><img loading=\"lazy\" decoding=\"async\" src=\"https:\/\/poezjaiewangelia.pl\/wp-content\/uploads\/2015\/12\/7752baf34e87779d1088de07b92d9aec-e1457707187232.jpg\" alt=\"Pietro Perugino Tr\u00f3jca \u015awi\u0119ta i Aposto\u0142owie\" class=\"wp-image-2483\" width=\"418\" height=\"296\" title=\"Pietro Perugino Tr\u00f3jca \u015awi\u0119ta i Aposto\u0142owie\"\/><\/a><figcaption class=\"wp-element-caption\"><center><em>Pietro Perugino Tr\u00f3jca \u015awi\u0119ta i Aposto\u0142owie<\/em><\/center><\/figcaption><\/figure>\n<\/div>\n\n\n<p><strong>Wac\u0142aw Oszajca<\/strong><\/p>\n\n\n\n<p><em><strong>O\u0142tarz z Agory<\/strong><\/em><\/p>\n\n\n\n<p>kawa\u0142kiem marmuru<br>Grek mnie przestrzega<br>wierz wy\u0142\u0105cznie<br>niepoznawalnemu Bogu<\/p>\n\n\n\n<p><em><strong>\u00abReszta wi\u0119ksza od ca\u0142o\u015bci\u00bb, Warszawa 2003, str. 13<\/strong><\/em><\/p>\n\n\n\n<p><strong>Jan Twardowski<\/strong><\/p>\n\n\n\n<p><em><strong>Uczy<\/strong><\/em><\/p>\n\n\n\n<p>Wiary uczy milczenie<br>nie\u015bwi\u0119ta choinka<br>umar\u0142y we \u015bnie \u017cywy<br>w starych wierzbach szpaki<br>kwiat olchy co si\u0119 jeszcze przed li\u015bciem rozwija<br>rado\u015b\u0107 przeci\u0119ta wp\u00f3\u0142<br>k\u0142os ci\u0119\u017cszy od s\u0142omy co go z ziarnem d\u017awiga<br>Jagie\u0142\u0142\u0105 wystraszona kr\u00f3lowa Jadwiga<br>modlitwa jak pogoda<br>bo je\u015bli kto\u015b si\u0119 modli Pan B\u00f3g w nim oddycha<\/p>\n\n\n\n<p><em><strong>\u00abNie przyszed\u0142em pana nawraca\u0107\u00bb, Pozna\u0144 2009, str. 278<\/strong><\/em><\/p>\n\n\n\n<p><strong>Maria Imelda Kosmala<\/strong><\/p>\n\n\n\n<p><em><strong>Meta<\/strong><\/em><\/p>\n\n\n\n<p>Dawniej<br>jak kroki<br>spiesznego przechodnia<br>mija\u0142y mnie<\/p>\n\n\n\n<p>Nie mog\u0142am dobiec w\u0142asnych dni<\/p>\n\n\n\n<p>Dzi\u015b p\u0119dz\u0105 zziajane<br>a ja le\u017c\u0119<br>pod ci\u0119\u017ckim niebem<br>o wykruszonych gwiazdach<\/p>\n\n\n\n<p>W szalonej perspektywie<br>M e t a idzie ku mnie<\/p>\n\n\n\n<p>Otwartam<\/p>\n\n\n\n<p>cho\u0107 przetn\u0119 ta\u015bm\u0119<br>ze stopami na mecie<\/p>\n\n\n\n<p><em><strong>\u00abKu twarzy w\u0119druj\u0119\u00bb, Warszawa 1997, str. 31<\/strong><\/em><\/p>\n\n\n\n<p><strong>Wac\u0142aw Oszajca<\/strong><\/p>\n\n\n\n<p><em><strong>wyznanie<\/strong><\/em><\/p>\n\n\n\n<p>tak<br>tak jestem wierz\u0105cy<br>gdy\u017c wierz\u0119<br>\u017ce nigdy nie zdmuchniesz<br>\u017cadnego<br>najbardziej g\u0142upkowatego u\u015bmiechu<br>i \u017ce diab\u0142a<br>za taki grymas na twarzy<br>got\u00f3w jeste\u015b zbawi\u0107<\/p>\n\n\n\n<p><em><strong>\u00ab\u2026Ty za blisko, my za daleko\u2026\u00bb, Lublin 1985, str. 90<\/strong><\/em><\/p>\n\n\n\n<p class=\"has-text-align-center has-text-color\"><a href=\"https:\/\/poezjaiewangelia.pl\/?page_id=5293#Gora\"><span style=\"color:#1e73be\" class=\"has-inline-color\">Do g\u00f3ry<\/span><\/a><\/p>\n\n\n\n<p><span style=\"color: #1e73be;\"><a style=\"color: #1e73be;\" href=\"https:\/\/poezjaiewangelia.pl\/?page_id=61#S61\">Powr\u00f3t do Niedziele zwyk\u0142e&nbsp;<\/a>&nbsp;<\/span><a id=\"NZ14B\"><\/a><span style=\"color: #1e73be;\">&nbsp;&nbsp;&nbsp;<a style=\"color: #1e73be;\" href=\"https:\/\/poezjaiewangelia.pl\/?page_id=703#S703\">Powr\u00f3t do Linki<\/a><\/span><\/p>\n\n\n<div class=\"wp-block-image size-large\">\n<figure class=\"alignleft\"><a href=\"https:\/\/pl.wikipedia.org\/w\/index.php?title=Plik:Labarum.png&amp;filetimestamp=20050723191929\" target=\"_blank\" rel=\"noopener noreferrer\"><img loading=\"lazy\" decoding=\"async\" width=\"100\" height=\"100\" src=\"https:\/\/poezjaiewangelia.pl\/wp-content\/uploads\/2015\/12\/Labarum-Krzyz-Konstantyna-C1.jpg\" alt=\"Labarum Krzy\u017c Konstantyna\" class=\"wp-image-424\" title=\"Labarum Krzy\u017c Konstantyna\"\/><\/a><\/figure>\n<\/div>\n\n\n<hr class=\"wp-block-separator has-text-color has-luminous-vivid-amber-color has-css-opacity has-luminous-vivid-amber-background-color has-background is-style-dots\"\/>\n\n\n\n<p><strong>14 NZ rok B: Ewangelia:&nbsp; Mk 6, 1 \u2013 6;<\/strong><\/p>\n\n\n\n<h2 class=\"wp-block-heading\"><span style=\"color:#008000\" class=\"has-inline-color\">S\u0142owo Bo\u017ce<\/span><\/h2>\n\n\n\n<p><strong>Jezus w Nazarecie<\/strong><\/p>\n<p>1 Wyszed\u0142 stamt\u0105d i przyszed\u0142 do swego rodzinnego miasta. A towarzyszyli Mu Jego uczniowie.<br>2 Gdy nadszed\u0142 szabat, zacz\u0105\u0142 naucza\u0107 w synagodze; a wielu, przys\u0142uchuj\u0105c si\u0119, pyta\u0142o ze zdziwieniem: \u00abSk\u0105d On to ma? I co za<br>m\u0105dro\u015b\u0107, kt\u00f3ra Mu jest dana? I takie cuda dziej\u0105 si\u0119 przez Jego r\u0119ce!<br><span style=\"color: #993300;\"><strong>3 Czy nie jest to cie\u015bla, syn Maryi, a brat Jakuba, J\u00f3zefa, Judy i Szymona? Czy\u017c nie \u017cyj\u0105 tu u nas tak\u017ce Jego siostry?\u00bb I pow\u0105tpiewali o Nim.<\/strong><\/span><br><span style=\"color: #993300;\"><strong>4 A Jezus m\u00f3wi\u0142 im: \u00abTylko w swojej ojczy\u017anie, w\u015br\u00f3d swoich krewnych i w swoim domu mo\u017ce by\u0107 prorok tak lekcewa\u017cony\u00bb.<\/strong><\/span><br><span style=\"color: #993300;\"><strong>5 I nie m\u00f3g\u0142 tam zdzia\u0142a\u0107 \u017cadnego cudu, jedynie na kilku chorych po\u0142o\u017cy\u0142 r\u0119ce i uzdrowi\u0142 ich.<\/strong><\/span><br>6 Dziwi\u0142 si\u0119 te\u017c ich niedowiarstwu. Potem obchodzi\u0142 okoliczne wsie i naucza\u0142.<\/p>\n\n\n\n<h2 class=\"wp-block-heading\"><span style=\"color:#008000\" class=\"has-inline-color\">Refleksja<\/span><\/h2>\n\n\n<div class=\"wp-block-image\">\n<figure class=\"alignright size-large is-resized\"><a href=\"https:\/\/www.wga.hu\/frames-e.html?\/html\/r\/rembrand\/15oldtes\/04oldtes.html\" target=\"_blank\" rel=\"noopener noreferrer\"><img loading=\"lazy\" decoding=\"async\" src=\"https:\/\/poezjaiewangelia.pl\/wp-content\/uploads\/2015\/12\/Rembrandt-van-Rijn-Lamentacje-Jeremiasza-e1461418884277.jpg\" alt=\"Rembrandt van Rijn Lamentacje Jeremiasza\" class=\"wp-image-2543\" width=\"334\" height=\"427\" title=\"Rembrandt van Rijn Lamentacje Jeremiasza\"\/><\/a><figcaption class=\"wp-element-caption\"><center><em>Rembrandt van Rijn Lamentacje Jeremiasza<\/em><\/center><\/figcaption><\/figure>\n<\/div>\n\n\n<p><strong>Wac\u0142aw Oszajca<\/strong><\/p>\n\n\n\n<p><em><strong>Weronika<\/strong><\/em><\/p>\n\n\n\n<p>nie by\u0142o ciebie gdy pluli mu w twarz<br>a gdyby\u015b nawet by\u0142a<br>to i tak \u017co\u0142nierze udaremniliby tw\u00f3j zamiar<br>wymy\u015blili ci\u0119 ludzie \u015bredniowiecza<br>nie mog\u0105c wybaczy\u0107 sobie<br>swojej tam oboj\u0119tnej tam nieobecno\u015bci<\/p>\n\n\n\n<p><em><strong>\u00abReszta wi\u0119ksza od ca\u0142o\u015bci\u00bb, Warszawa 2003, str. 17<\/strong><\/em><\/p>\n\n\n\n<p><strong>Roman Indrzejczyk<\/strong><\/p>\n\n\n\n<p><em><strong>Modlitwa optymisty\u2026<\/strong><\/em><\/p>\n\n\n\n<p>Zrobisz tak, jak zechcesz,<br>Bo Ty wiesz najlepiej\u2026<br>Ale ja Ci\u0119 b\u0142agam<br>Z pokor\u0105 i wiar\u0105 \u2013<br>Uczy\u0144 cud, m\u00f3j Panie,<br>Przecie\u017c wszystko mo\u017cesz\u2026<\/p>\n\n\n\n<p>Nie b\u0119dziesz podlicza\u0142,<br>Jak to ludzie czyni\u0105,<br>Czy zas\u0142ugujemy,<br>Czy Ci si\u0119 ,,op\u0142aca\u201d.:.<br>Czy zbyt wiele stracisz,<br>Gdy ,,nieba przychylisz\u201d\u2026<\/p>\n\n\n\n<p>Jakie za\u015bwiadczenia<br>Trzeba by przedstawi\u0107,<br>Ile zdoby\u0107 punkt\u00f3w,<br>\u017beby \u0142ask\u0119 zyska\u0107\u2026<\/p>\n\n\n\n<p>Wiem, \u017ce si\u0119 u\u015bmiechasz<br>W swej wielkoduszno\u015bci\u2026<br>I chyba si\u0119 cieszysz,<br>Ze przecie\u017c wci\u0105\u017c wierz\u0119\u2026<\/p>\n\n\n\n<p><em><strong>\u00abI niech tak zostanie\u00bb, Warszawa 2005, str. 19<\/strong><\/em><\/p>\n\n\n\n<p><strong>Jan Twardowski<\/strong><\/p>\n\n\n\n<p><em><strong>\u015awi\u0119ty gapa<\/strong><\/em><\/p>\n\n\n\n<p>Kocha\u0142 \u2014 ale nikt go nie chcia\u0142<br>\u015bpieszy\u0142 si\u0119 \u2014 nikt na niego nie czeka\u0142<br>ko\u0142ata\u0142 kto inny otwiera\u0142<br>bieg\u0142 z sercem \u2014 droga si\u0119 urwa\u0142a<br>jeszcze t\u0119skni\u0142 za kim\u015b przez furtk\u0119 ogrodu<br>\u2014 nie chce nie dba \u017cartuje<br>wr\u00f3\u017cyli mu z li\u015bci<br>i by\u0142o pusto wko\u0142o<br>jakby \u015bwiat powiedzia\u0142<br>na wieki wiek\u00f3w amen<br>ju\u017c tylko przez grzeczno\u015b\u0107<\/p>\n\n\n\n<p><em><strong>\u00abNie przyszed\u0142em pana nawraca\u0107\u00bb, Pozna\u0144 2009, str. 271<\/strong><\/em><\/p>\n\n\n\n<p class=\"has-text-align-center has-text-color\"><a href=\"https:\/\/poezjaiewangelia.pl\/?page_id=5293#Gora\"><span class=\"has-inline-color\" style=\"color: #1e73be;\">Do g\u00f3ry<\/span><\/a><\/p>\n\n\n\n<p><span style=\"color: #1e73be;\"><a style=\"color: #1e73be;\" href=\"https:\/\/poezjaiewangelia.pl\/?page_id=61#S61\">Powr\u00f3t do Niedziele zwyk\u0142e&nbsp;<\/a>&nbsp;&nbsp;<\/span><a id=\"NZ14C\"><\/a><span style=\"color: #1e73be;\">&nbsp;&nbsp;&nbsp;<a style=\"color: #1e73be;\" href=\"https:\/\/poezjaiewangelia.pl\/?page_id=703#S703\">Powr\u00f3t do Linki<\/a><\/span><\/p>\n\n\n<div class=\"wp-block-image\">\n<figure class=\"alignleft size-large\"><a href=\"https:\/\/pl.wikipedia.org\/w\/index.php?title=Plik:Labarum.png&amp;filetimestamp=20050723191929\" target=\"_blank\" rel=\"noopener noreferrer\"><img loading=\"lazy\" decoding=\"async\" width=\"100\" height=\"100\" src=\"https:\/\/poezjaiewangelia.pl\/wp-content\/uploads\/2015\/12\/Labarum-Krzyz-Konstantyna-B1.jpg\" alt=\"Labarum Krzy\u017c Konstantyna\" class=\"wp-image-423\" title=\"Labarum Krzy\u017c Konstantyna\"\/><\/a><\/figure>\n<\/div>\n\n\n<hr class=\"wp-block-separator has-text-color has-luminous-vivid-amber-color has-css-opacity has-luminous-vivid-amber-background-color has-background is-style-dots\"\/>\n\n\n\n<p><strong>14 NZ rok C: Ewangelia: \u0141k 10, 1 \u2013 12. 17 \u2013 20;<\/strong><\/p>\n\n\n\n<h2 class=\"wp-block-heading\"><span style=\"color:#008000\" class=\"has-inline-color\">S\u0142owo Bo\u017ce<\/span><\/h2>\n\n\n\n<p><strong>Wys\u0142anie siedemdziesi\u0119ciu dw\u00f3ch<\/strong><\/p>\n<p>1 Nast\u0119pnie wyznaczy\u0142 Pan jeszcze innych siedemdziesi\u0119ciu dw\u00f3ch i wys\u0142a\u0142 ich po dw\u00f3ch przed sob\u0105 do ka\u017cdego miasta i miejscowo\u015bci, dok\u0105d sam przyj\u015b\u0107 zamierza\u0142.<br>2 Powiedzia\u0142 te\u017c do nich: \u00ab\u017bniwo wprawdzie wielkie, ale robotnik\u00f3w ma\u0142o; pro\u015bcie wi\u0119c Pana \u017cniwa, \u017ceby wyprawi\u0142 robotnik\u00f3w na swoje \u017cniwo.<br><span style=\"color: #993300;\"><strong>3 Id\u017acie, oto was posy\u0142am jak owce mi\u0119dzy wilki.<\/strong><\/span><br>4 Nie no\u015bcie z sob\u0105 trzosa ani torby, ani sanda\u0142\u00f3w; i nikogo w drodze nie pozdrawiajcie!<br>5 Gdy do jakiego domu wejdziecie, najpierw m\u00f3wcie: Pok\u00f3j temu domowi!<br>6 Je\u015bli tam mieszka cz\u0142owiek godny pokoju, wasz pok\u00f3j spocznie na nim; je\u015bli nie, powr\u00f3ci do was.<br>7 W tym samym domu zosta\u0144cie, jedz\u0105c i pij\u0105c, co maj\u0105: bo zas\u0142uguje robotnik na swoj\u0105 zap\u0142at\u0119. Nie przechod\u017acie z domu do domu.<br>8 Je\u015bli do jakiego miasta wejdziecie i przyjm\u0105 was, jedzcie, co wam podadz\u0105;<br>9 uzdrawiajcie chorych, kt\u00f3rzy tam s\u0105, i m\u00f3wcie im: Przybli\u017cy\u0142o si\u0119 do was kr\u00f3lestwo Bo\u017ce.<br>10 Lecz je\u015bli do jakiego miasta wejdziecie, a nie przyjm\u0105 was, wyjd\u017acie na jego ulice i powiedzcie:<br>11 Nawet proch, kt\u00f3ry z waszego miasta przylgn\u0105\u0142 nam do n\u00f3g, strz\u0105samy wam. Wszak\u017ce to wiedzcie, \u017ce bliskie jest kr\u00f3lestwo Bo\u017ce.<br>12 Powiadam wam: Sodomie l\u017cej b\u0119dzie w \u00f3w dzie\u0144 ni\u017c temu miastu.<\/p>\n<p><strong>Rado\u015b\u0107 aposto\u0142a<\/strong><\/p>\n<p>17 Wr\u00f3ci\u0142o siedemdziesi\u0119ciu dw\u00f3ch z rado\u015bci\u0105 m\u00f3wi\u0105c: \u00abPanie, przez wzgl\u0105d na Twoje imi\u0119, nawet z\u0142e duchy nam si\u0119 poddaj\u0105\u00bb.<br>18 Wtedy rzek\u0142 do nich: \u00abWidzia\u0142em szatana, spadaj\u0105cego z nieba jak b\u0142yskawica.<br><span style=\"color: #993300;\"><strong>19 Oto da\u0142em wam w\u0142adz\u0119 st\u0105pania po w\u0119\u017cach i skorpionach, i po ca\u0142ej pot\u0119dze przeciwnika, a nic wam nie zaszkodzi.<\/strong><\/span><br><span style=\"color: #993300;\"><strong>20 Jednak nie z tego si\u0119 cieszcie, \u017ce duchy si\u0119 wam poddaj\u0105, lecz cieszcie si\u0119, \u017ce wasze imiona zapisane s\u0105 w niebie\u00bb.<\/strong><\/span><\/p>\n\n\n\n<h2 class=\"wp-block-heading\"><span style=\"color:#008000\" class=\"has-inline-color\">Refleksja<\/span><\/h2>\n\n\n<div class=\"wp-block-image\">\n<figure class=\"alignright size-large is-resized\"><a href=\"https:\/\/commons.wikimedia.org\/wiki\/File:All_Saints_church_in_Alburgh_-_stained_glass_window_-_geograph.org.uk_-_1770510.jpg\" target=\"_blank\" rel=\"noopener noreferrer\"><img loading=\"lazy\" decoding=\"async\" src=\"https:\/\/poezjaiewangelia.pl\/wp-content\/uploads\/2015\/12\/Alburgh-Norfolk-Chrystus-Dobry-Pasterz-e1461014006138.jpg\" alt=\"Alburgh, Norfolk Chrystus Dobry Pasterz\" class=\"wp-image-2935\" width=\"299\" height=\"491\" title=\"Alburgh, Norfolk Chrystus Dobry Pasterz\"\/><\/a><figcaption class=\"wp-element-caption\"><center><em>Alburgh, Norfolk Chrystus Dobry Pasterz<\/em><\/center><\/figcaption><\/figure>\n<\/div>\n\n\n<p><strong>Jan Twardowski<\/strong><\/p>\n\n\n\n<p><em><strong>Wiara<\/strong><\/em><\/p>\n\n\n\n<p>Bi\u0142o serce w gardle<br>Ju\u017c odszed\u0142 \u2013 becza\u0142em<\/p>\n\n\n\n<p>Kto\u015b nie wiedz\u0105c chwyci\u0142 mnie za ucho<br>rzuci\u0142 jak koc na ziemi\u0119 \u2013<br>\u2013 Ucz si\u0119 wiary \u2013 krzycza\u0142<\/p>\n\n\n\n<p>Pokaza\u0142em mu j\u0119zyk<br>bo wiara to nie nauka<br>\u2013 to do\u015bwiadczenie<\/p>\n\n\n\n<p><em><strong>\u00abNie przyszed\u0142em pana nawraca\u0107\u00bb, Pozna\u0144 2009, str. 371<\/strong><\/em><\/p>\n\n\n\n<p><strong>Janusz Pasierb<\/strong><\/p>\n\n\n\n<p><em><strong>S\u0142owo<\/strong><\/em><\/p>\n\n\n\n<p>okaleczonym j\u0119zykiem<br>obracam roz\u017carzony w\u0119giel<br>przytrzymuj\u0119 wargami<br>\u017ceby nie upad\u0142 na ziemi\u0119<\/p>\n\n\n\n<p>nie rozumiem nigdy<br>jak z tego be\u0142kotu<br>z \u015bwiadectwa kaleki<br>ludzie mog\u0105 czerpa\u0107<br>co\u015b<br>co im pozwala<br>\u017cy\u0107<br>cierpie\u0107<br>umiera\u0107<\/p>\n\n\n\n<p><em><strong>\u00abWiersze religijne\u00bb, Pozna\u0144 \u2013 Warszawa 1983, str. 5<\/strong><\/em><\/p>\n\n\n\n<p><strong>Jan Zieli\u0144ski<\/strong><\/p>\n\n\n\n<p><em><strong>Cia\u0142o<\/strong><\/em><\/p>\n\n\n\n<p>P\u0142aszcz zarzucony na ramiona duszy<br>poszarpany przez wichry<br>gryziony przez choroby<br>cerowany przez lekarzy<br>przez kobiety malowany<br>nie wiadomo po co<br>starzeje si\u0119 z dnia na dzie\u0144<br>z ka\u017cd\u0105 zmarszczk\u0105<br>zawrotem g\u0142owy<br>zanikiem pami\u0119ci<br>tak nieuchronnie<br>\u017ce rado\u015bnie i pi\u0119knie<br>zbli\u017ca si\u0119<br>do wyplucia ostatniego oddechu<br>do ostygni\u0119cia krwi<br>a\u017c zostanie wyrzucony na \u015bmietnik<br>gdzie chodzi grabarz<br>i czyni wszystko prochem<\/p>\n\n\n\n<p>w szafie niebia\u0144skiej<br>wisi nowy p\u0142aszcz<br>czeka na sw\u00f3j czas<br>wie dobrze \u017ce jest darem<br>Oblubie\u0144ca<\/p>\n\n\n\n<p><em><strong>\u00abWiersze podarowane\u00bb, Warszawa 1994, str. 35<\/strong><\/em><\/p>\n\n\n\n<p class=\"has-text-align-center has-text-color\"><a href=\"https:\/\/poezjaiewangelia.pl\/?page_id=5293#Gora\"><span class=\"has-inline-color\" style=\"color: #1e73be;\">Do g\u00f3ry<\/span><\/a><\/p>\n","protected":false},"excerpt":{"rendered":"<p>i 14 Niedziela zwyk\u0142a A;&nbsp;&nbsp;14 Niedziela zwyk\u0142a B;&nbsp;&nbsp;&nbsp;14 Niedziela zwyk\u0142a C; Powr\u00f3t do Niedziele zwyk\u0142e, Niedziele zwyk\u0142e 13 \u2013 18,&nbsp; &nbsp;&nbsp;Powr\u00f3t do Linki 14 NZ rok A: Ewangelia: Mt 11, 25 \u2013 30; Objawienie Ojca i Syna 25 W owym czasie Jezus przem\u00f3wi\u0142 tymi s\u0142owami: \u00abWys\u0142awiam Ci\u0119, Ojcze, Panie nieba i ziemi, \u017ce zakry\u0142e\u015b te &hellip; <a href=\"https:\/\/poezjaiewangelia.pl\/?page_id=5293\" class=\"more-link\">Czytaj dalej <span class=\"screen-reader-text\">14 Niedziela zwyk\u0142a rok A, B, C;<\/span><\/a><\/p>\n","protected":false},"author":1,"featured_media":0,"parent":5268,"menu_order":2,"comment_status":"closed","ping_status":"closed","template":"","meta":{"_monsterinsights_skip_tracking":false,"_monsterinsights_sitenote_active":false,"_monsterinsights_sitenote_note":"","_monsterinsights_sitenote_category":0,"footnotes":""},"class_list":["post-5293","page","type-page","status-publish","hentry"],"aioseo_notices":[],"_links":{"self":[{"href":"https:\/\/poezjaiewangelia.pl\/index.php?rest_route=\/wp\/v2\/pages\/5293","targetHints":{"allow":["GET"]}}],"collection":[{"href":"https:\/\/poezjaiewangelia.pl\/index.php?rest_route=\/wp\/v2\/pages"}],"about":[{"href":"https:\/\/poezjaiewangelia.pl\/index.php?rest_route=\/wp\/v2\/types\/page"}],"author":[{"embeddable":true,"href":"https:\/\/poezjaiewangelia.pl\/index.php?rest_route=\/wp\/v2\/users\/1"}],"replies":[{"embeddable":true,"href":"https:\/\/poezjaiewangelia.pl\/index.php?rest_route=%2Fwp%2Fv2%2Fcomments&post=5293"}],"version-history":[{"count":20,"href":"https:\/\/poezjaiewangelia.pl\/index.php?rest_route=\/wp\/v2\/pages\/5293\/revisions"}],"predecessor-version":[{"id":10219,"href":"https:\/\/poezjaiewangelia.pl\/index.php?rest_route=\/wp\/v2\/pages\/5293\/revisions\/10219"}],"up":[{"embeddable":true,"href":"https:\/\/poezjaiewangelia.pl\/index.php?rest_route=\/wp\/v2\/pages\/5268"}],"wp:attachment":[{"href":"https:\/\/poezjaiewangelia.pl\/index.php?rest_route=%2Fwp%2Fv2%2Fmedia&parent=5293"}],"curies":[{"name":"wp","href":"https:\/\/api.w.org\/{rel}","templated":true}]}}