{"id":5328,"date":"2018-11-16T19:38:35","date_gmt":"2018-11-16T19:38:35","guid":{"rendered":"https:\/\/poezjaiewangelia.pl\/?page_id=5328"},"modified":"2024-08-04T10:40:08","modified_gmt":"2024-08-04T09:40:08","slug":"18-niedziela-zwykla-rok-a-b-c","status":"publish","type":"page","link":"https:\/\/poezjaiewangelia.pl\/?page_id=5328","title":{"rendered":"18 Niedziela zwyk\u0142a rok A, B, C;"},"content":{"rendered":"\n<div class=\"wp-block-columns is-layout-flex wp-container-core-columns-is-layout-9d6595d7 wp-block-columns-is-layout-flex\">\n<div class=\"wp-block-column is-layout-flow wp-block-column-is-layout-flow\"><div class=\"wp-block-image size-large\">\n<figure class=\"alignright is-resized\"><a href=\"https:\/\/commons.wikimedia.org\/wiki\/File:Philippe_de_Champaigne_-_The_Supper_at_Emmaus_-_WGA4726.jpg\" target=\"_blank\" rel=\"noopener noreferrer\"><img loading=\"lazy\" decoding=\"async\" width=\"450\" height=\"445\" src=\"https:\/\/poezjaiewangelia.pl\/wp-content\/uploads\/2018\/11\/Philippe-de-Champaigne-Wieczerza-w-Emaus-e1542394038242.jpg\" alt=\"Philippe de Champaigne Wieczerza w Emaus\" class=\"wp-image-5331\" style=\"width:367px;height:363px\" title=\"Philippe de Champaigne Wieczerza w Emaus\"\/><\/a><figcaption class=\"wp-element-caption\"><center><em>Philippe de Champaigne Wieczerza w Emaus<\/em><\/center><\/figcaption><\/figure>\n<\/div><\/div>\n\n\n\n<div class=\"wp-block-column is-layout-flow wp-block-column-is-layout-flow\">\n<p><span style=\"color: #ffff00;\">i<a id=\"S5328\"><\/a><a id=\"Gora\"><\/a><\/span><\/p>\n\n\n\n<figure class=\"wp-block-image is-resized\"><img loading=\"lazy\" decoding=\"async\" width=\"150\" height=\"150\" src=\"https:\/\/poezjaiewangelia.pl\/wp-content\/uploads\/2018\/11\/Zielona-r\u00f3\u017ca-e1587421321818.png\" alt=\"Zielona r\u00f3\u017ca\" class=\"wp-image-4943\" style=\"width:113px;height:113px\"\/><figcaption class=\"wp-element-caption\">Kolor szat<\/figcaption><\/figure>\n\n\n\n<div class=\"wp-block-image\">\n<p>&nbsp;<\/p>\n<p><span style=\"color: #1e73be;\"><a style=\"color: #1e73be;\" href=\"https:\/\/poezjaiewangelia.pl\/?page_id=5328#NZ18A\">18 Niedziela zwyk\u0142a rok A<\/a><\/span><\/p>\n<p><span style=\"color: #1e73be;\"><a style=\"color: #1e73be;\" href=\"https:\/\/poezjaiewangelia.pl\/?page_id=5328#NZ18B\">18 Niedziela zwyk\u0142a rok B<\/a><\/span><\/p>\n<p><span style=\"color: #1e73be;\"><a style=\"color: #1e73be;\" href=\"https:\/\/poezjaiewangelia.pl\/?page_id=5328#NZ18C\">18 Niedziela zwyk\u0142a rok C<\/a><\/span><\/p>\n<\/div>\n<\/div>\n<\/div>\n\n\n\n<p><span style=\"color: #1e73be;\"><a style=\"color: #1e73be;\" href=\"https:\/\/poezjaiewangelia.pl\/?page_id=61#S61\">Powr\u00f3t do Niedziele zwyk\u0142e,\u00a0 <\/a><\/span><a id=\"NZ18A\"><\/a><span style=\"color: #1e73be;\"><a style=\"color: #1e73be;\" href=\"https:\/\/poezjaiewangelia.pl\/?page_id=5268#S5268\"> Niedziele zwyk\u0142e 13 \u2013 18,<\/a>\u00a0 <a style=\"color: #1e73be;\" href=\"https:\/\/poezjaiewangelia.pl\/?page_id=703#S703#M\">Powr\u00f3t do Linki<\/a><\/span><\/p>\n\n\n<div class=\"wp-block-image\">\n<figure class=\"alignleft size-large\"><a href=\"https:\/\/pl.wikipedia.org\/w\/index.php?title=Plik:Labarum.png&amp;filetimestamp=20050723191929\" target=\"_blank\" rel=\"noopener noreferrer\"><img loading=\"lazy\" decoding=\"async\" width=\"100\" height=\"100\" src=\"https:\/\/poezjaiewangelia.pl\/wp-content\/uploads\/2015\/12\/Labarum-Krzyz-Konstantyna-A1.jpg\" alt=\"Labarum Krzy\u017c Konstantyna\" class=\"wp-image-422\" title=\"Labarum Krzy\u017c Konstantyna\"\/><\/a><\/figure>\n<\/div>\n\n\n<hr class=\"wp-block-separator has-text-color has-luminous-vivid-amber-color has-css-opacity has-luminous-vivid-amber-background-color has-background is-style-dots\"\/>\n\n\n\n<p><strong><strong><strong>18 NZ rok<\/strong><\/strong> A: Ewangelia: Mt 14, 13 \u2013 21;<\/strong><\/p>\n\n\n\n<h2 class=\"wp-block-heading\"><span style=\"color:#008000\" class=\"has-inline-color\">S\u0142owo Bo\u017ce<\/span><\/h2>\n\n\n\n<p><strong>Pierwsze rozmno\u017cenie chleba<\/strong><\/p>\n<p>13 Gdy Jezus to us\u0142ysza\u0142, oddali\u0142 si\u0119 stamt\u0105d w \u0142odzi na miejsce pustynne, osobno. Lecz t\u0142umy zwiedzia\u0142y si\u0119 o tym i z miast posz\u0142y za Nim pieszo.<br>14 Gdy wysiad\u0142, ujrza\u0142 wielki t\u0142um. Zlitowa\u0142 si\u0119 nad nimi i uzdrowi\u0142 ich chorych.<br><span style=\"color: #993300;\"><strong>15 A gdy nasta\u0142 wiecz\u00f3r, przyst\u0105pili do Niego uczniowie i rzekli: \u00abMiejsce to jest puste i pora ju\u017c sp\u00f3\u017aniona. Ka\u017c wi\u0119c rozej\u015b\u0107 si\u0119 t\u0142umom: niech id\u0105 do wsi i zakupi\u0105 sobie \u017cywno\u015bci!\u00bb<\/strong><\/span><br><span style=\"color: #993300;\"><strong>16 Lecz Jezus im odpowiedzia\u0142: \u00abNie potrzebuj\u0105 odchodzi\u0107; wy dajcie im je\u015b\u0107!\u00bb<\/strong><\/span><br>17 Odpowiedzieli Mu: \u00abNie mamy tu nic pr\u00f3cz pi\u0119ciu chleb\u00f3w i dw\u00f3ch ryb\u00bb.<br>18 On rzek\u0142: \u00abPrzynie\u015bcie Mi je tutaj!\u00bb<br>19 Kaza\u0142 t\u0142umom usi\u0105\u015b\u0107 na trawie, nast\u0119pnie wzi\u0105wszy pi\u0119\u0107 chleb\u00f3w i dwie ryby, spojrza\u0142 w niebo, odm\u00f3wi\u0142 b\u0142ogos\u0142awie\u0144stwo i po\u0142amawszy chleby da\u0142 je uczniom, uczniowie za\u015b t\u0142umom.<br>20 Jedli wszyscy do syto\u015bci, i zebrano z tego, co pozosta\u0142o, dwana\u015bcie pe\u0142nych koszy u\u0142omk\u00f3w.<br>21 Tych za\u015b, kt\u00f3rzy jedli, by\u0142o oko\u0142o pi\u0119ciu tysi\u0119cy m\u0119\u017cczyzn, nie licz\u0105c kobiet i dzieci.<\/p>\n\n\n\n<h2 class=\"wp-block-heading\"><span style=\"color:#008000\" class=\"has-inline-color\">Refleksja<\/span><\/h2>\n\n\n<div class=\"wp-block-image\">\n<figure class=\"alignright size-large is-resized\"><a href=\"http:\/\/www.creationism.org\/images\/DoreBibleIllus\/tLuk0503Dore_JesusPreachingAtTheSeaOfGalilee.jpg\" target=\"_blank\" rel=\"noopener noreferrer\"><img loading=\"lazy\" decoding=\"async\" width=\"300\" height=\"407\" src=\"https:\/\/poezjaiewangelia.pl\/wp-content\/uploads\/2015\/12\/9b7673b9b11c080bbd0eabfea5269bdf-e1460903993124.jpg\" alt=\"Gustave Dor\u00e9 Jezus naucza nad Jeziorem Galilejskim\" class=\"wp-image-2490\" style=\"width:333px;height:452px\" title=\"Gustave Dor\u00e9 Jezus naucza nad Jeziorem Galilejskim\"\/><\/a><figcaption class=\"wp-element-caption\"><center><em>Gustave Dor\u00e9 Jezus naucza nad Jeziorem Galilejskim<\/em><\/center><\/figcaption><\/figure>\n<\/div>\n\n\n<p><strong>Jan Twardowski<\/strong><\/p>\n\n\n\n<p><em><strong>Do spowiednika<\/strong><\/em><\/p>\n\n\n\n<p>Nie spowiadaj tylko w ko\u015bciele<br>ale tak\u017ce pod miejskim zegarem co chrz\u0105ka jak prosi\u0119<br>zat\u0142oczonym poci\u0105gu w kt\u00f3rym podr\u00f3\u017cuj\u0105 grzechy cienkie i grube<br>na cmentarzu gdzie zas\u0142aniaj\u0105 prymulami w doniczkach \u015bmierci<br>gdzie przez fotografie umar\u0142ych \u2014 podgl\u0105daj\u0105 \u017cycie pozagrobowe<br>na pla\u017cy<br>wsz\u0119dzie<br>nie p\u0142acz \u017ce nie b\u0119d\u0105 si\u0119 do niczego przyznawa\u0107<br>to tylko pierwsze milczenie takie d\u0142ugie<\/p>\n\n\n\n<p><strong>\u00ab<em>Nie przyszed\u0142em pana nawraca\u0107\u00bb, Pozna\u0144 2009, str. 132<\/em><\/strong><\/p>\n\n\n\n<p><strong>Beata Oberty\u0144ska<\/strong><\/p>\n\n\n\n<p><strong>* * *<\/strong><br>Jak\u017ce mnie to zawstydza i gniewa, w gruncie rzeczy.<br>Tym bardziej, \u017ce z niczyjej, bo najw\u0142a\u015bniejszej winy.<br>Zamiast z\u0142otego bochna zas\u0142ug i wyrzecze\u0144,<br>Tylko te \u2013 dobrej woli ja\u0142owe okruszyny\u2026<\/p>\n\n\n\n<p><em><strong>\u00abGrudki kadzid\u0142a\u00bb, Krak\u00f3w 1987, str. 87<\/strong><\/em><\/p>\n\n\n\n<p><strong>Beata Oberty\u0144ska<\/strong><\/p>\n\n\n\n<p><strong>* * *<\/strong><br>Nie ma we mnie mi\u0142o\u015bci\u2026 I nie znam struktury<br>m\u00f3w anielskich\u2026 I proroctw nie zagarniam w sie\u0107.<br>Nie rozda\u0142am si\u0119 g\u0142odnym \u2013 nie przenios\u0142am g\u00f3ry,<br>a umiem \u2013 cymba\u0142 brzmi\u0105cy \u2013 jedno tylko: brzmie\u0107.<\/p>\n\n\n\n<p><em><strong>\u00abGrudki kadzid\u0142a\u00bb, Krak\u00f3w 1987, str. 100<\/strong><\/em><\/p>\n\n\n\n<p class=\"has-text-align-center\"><a href=\"https:\/\/poezjaiewangelia.pl\/?page_id=5328&amp;preview_id=5328#Gora\"><span style=\"color:#1e73be\" class=\"has-inline-color\">Do g\u00f3ry<\/span><\/a><\/p>\n\n\n\n<p><span style=\"color: #1e73be;\"><a style=\"color: #1e73be;\" href=\"https:\/\/poezjaiewangelia.pl\/?page_id=61#S61\">Powr\u00f3t do Niedziele zwyk\u0142e\u00a0<\/a>\u00a0<\/span><a id=\"NZ18B\"><\/a><span style=\"color: #1e73be;\">\u00a0\u00a0\u00a0<a style=\"color: #1e73be;\" href=\"https:\/\/poezjaiewangelia.pl\/?page_id=703#S703\">Powr\u00f3t do Linki<\/a><\/span><\/p>\n\n\n<div class=\"wp-block-image\">\n<figure class=\"alignleft size-large\"><a href=\"https:\/\/pl.wikipedia.org\/w\/index.php?title=Plik:Labarum.png&amp;filetimestamp=20050723191929\" target=\"_blank\" rel=\"noopener noreferrer\"><img loading=\"lazy\" decoding=\"async\" width=\"100\" height=\"100\" src=\"https:\/\/poezjaiewangelia.pl\/wp-content\/uploads\/2015\/12\/Labarum-Krzyz-Konstantyna-C1.jpg\" alt=\"Labarum Krzy\u017c Konstantyna\" class=\"wp-image-424\" title=\"Labarum Krzy\u017c Konstantyna\"\/><\/a><\/figure>\n<\/div>\n\n\n<hr class=\"wp-block-separator has-text-color has-luminous-vivid-amber-color has-css-opacity has-luminous-vivid-amber-background-color has-background is-style-dots\"\/>\n\n\n\n<p><strong><strong><strong>18 NZ rok<\/strong><\/strong> B: Ewangelia: J 6, 24 \u2013 35;<\/strong><\/p>\n\n\n\n<h2 class=\"wp-block-heading\"><span style=\"color:#008000\" class=\"has-inline-color\">S\u0142owo Bo\u017ce<\/span><\/h2>\n\n\n\n<p><strong>Mowa eucharystyczna<\/strong><\/p>\n<p>24 A kiedy ludzie z t\u0142umu zauwa\u017cyli, \u017ce nie ma tam Jezusa, a tak\u017ce Jego uczni\u00f3w, wsiedli do \u0142odzi, przybyli do Kafarnaum i tam szukali<br>25 Gdy za\u015b odnale\u017ali Go na przeciwleg\u0142ym brzegu, rzekli do Niego: \u00abRabbi, kiedy tu przyby\u0142e\u015b?\u00bb<br>26 W odpowiedzi rzek\u0142 im Jezus: \u00abZaprawd\u0119, zaprawd\u0119, powiadam wam: Szukacie Mnie nie dlatego, \u017ce\u015bcie widzieli znaki, ale dlatego, \u017ce\u015bcie jedli chleb do syto\u015bci.<br>27 Troszczcie si\u0119 nie o ten pokarm, kt\u00f3ry ginie, ale o ten, kt\u00f3ry trwa na wieki, a kt\u00f3ry da wam Syn Cz\u0142owieczy; Jego to bowiem piecz\u0119ci\u0105 sw\u0105 naznaczy\u0142 B\u00f3g Ojciec\u00bb.<br>28 Oni za\u015b rzekli do Niego: \u00abC\u00f3\u017c mamy czyni\u0107, aby\u015bmy wykonywali dzie\u0142a Bo\u017ce?\u00bb<br>29 Jezus odpowiadaj\u0105c rzek\u0142 do nich: \u00abNa tym polega dzie\u0142o [zamierzone przez] Boga, aby\u015bcie uwierzyli w Tego, kt\u00f3rego On pos\u0142a\u0142\u00bb.<br>30 Rzekli do Niego: \u00abJakiego wi\u0119c dokonasz znaku, aby\u015bmy go widzieli i Tobie uwierzyli? C\u00f3\u017c zdzia\u0142asz?<br>31 Ojcowie nasi jedli mann\u0119 na pustyni, jak napisano: Da\u0142 im do jedzenia chleb z nieba\u00bb.<br><span style=\"color: #993300;\"><strong>32 Rzek\u0142 do nich Jezus: \u00abZaprawd\u0119, zaprawd\u0119, powiadam wam: Nie Moj\u017cesz da\u0142 wam chleb z nieba, ale dopiero Ojciec m\u00f3j da wam prawdziwy chleb z nieba.<\/strong><\/span><br><span style=\"color: #993300;\"><strong>33 Albowiem chlebem Bo\u017cym jest Ten, kt\u00f3ry z nieba zst\u0119puje i \u017cycie daje \u015bwiatu\u00bb.<\/strong><\/span><br><span style=\"color: #993300;\"><strong>34 Rzekli wi\u0119c do Niego: \u00abPanie, dawaj nam zawsze tego chleba!\u00bb<\/strong><\/span><br><span style=\"color: #993300;\"><strong>35 Odpowiedzia\u0142 im Jezus: \u00abJam jest chleb \u017cycia. Kto do Mnie przychodzi, nie b\u0119dzie \u0142akn\u0105\u0142; a kto we Mnie wierzy, nigdy pragn\u0105\u0107 nie b\u0119dzie.<\/strong><\/span><\/p>\n\n\n\n<h2 class=\"wp-block-heading\"><span style=\"color:#008000\" class=\"has-inline-color\">Refleksja<\/span><\/h2>\n\n\n<div class=\"wp-block-image\">\n<figure class=\"alignright size-large is-resized\"><a href=\"https:\/\/www.wga.hu\/framex-e.html?file=html\/h\/heem\/jan\/2\/eucharis.html&amp;find=I+am+the+bread+of+life\" target=\"_blank\" rel=\"noopener noreferrer\"><img loading=\"lazy\" decoding=\"async\" width=\"300\" height=\"333\" src=\"https:\/\/poezjaiewangelia.pl\/wp-content\/uploads\/2015\/12\/a40b5d1867e9e2e2a35a34eb7d6188aa-e1461423567837.jpg\" alt=\"Jan Davidsz de Heem Eucharystia w wie\u0144cu z owoc\u00f3w\" class=\"wp-image-2546\" style=\"width:359px;height:398px\" title=\"Jan Davidsz de Heem Eucharystia w wie\u0144cu z owoc\u00f3w\"\/><\/a><figcaption class=\"wp-element-caption\"><center><em>Jan Davidsz de Heem Eucharystia w wie\u0144cu z owoc\u00f3w<\/em><\/center><\/figcaption><\/figure>\n<\/div>\n\n\n<p><strong>Jan Twardowski<\/strong><\/p>\n\n\n\n<p><em><strong>Wi\u0119c to Ciebie szukaj\u0105<\/strong><\/em><\/p>\n\n\n\n<p>Wi\u0119c to Ciebie szukaj\u0105 gdy kupuj\u0105 kwiaty<br>by na serio powtarza\u0107 romantyczne s\u0142owa<br>wierno\u015b\u0107 innym \u015blubuj\u0105c gdy biegn\u0105 po schodach<br>roznosz\u0105c swoje serce na r\u00f3\u017cne adresy<br>gdy patrz\u0105 sobie w oczy by siebie nie widzie\u0107<br>wi\u0119c to Ciebie szukaj\u0105 nic nie wiedz\u0105c o tym<\/p>\n\n\n\n<p>pisz\u0105c o dziurze w niebie o b\u00f3lu zdumienia<br>czy B\u00f3g by\u0107 musi je\u015bli Boga nie ma<br>czy mo\u017ce si\u0119 sumienie zaci\u0105\u0107 jak parasol<br>o tym \u017ce kto nie p\u0142acze przestaje by\u0107 dzieckiem<br>o g\u0142uchym co wyko\u0144czy wreszcie kaznodziej\u0119<br>gdy nie pasuj\u0105 jak dwie nogi lewe<br>gdy m\u00f3wi\u0105: Zaraz przyjd\u0119. Czekajcie z herbat\u0105<br>mam tylko pospisywa\u0107 nazwiska z cmentarza<br>niewielka to rob\u00f3tka zaraz b\u0119d\u0119 got\u00f3w<\/p>\n\n\n\n<p>gdy chc\u0105 oddawa\u0107 wszystko umiera\u0107 dla kogo\u015b<br>maciejk\u0119 czu\u0142\u0105 w nocy pie\u015bci\u0107 na pami\u0105tk\u0119<br>gdy tr\u0105bi\u0105 z przekonania \u017ce nikogo nie ma<br>i chodz\u0105 wko\u0142o Ciebie jak czapla po desce<\/p>\n\n\n\n<p><em><strong>\u00abNie przyszed\u0142em pana nawraca\u0107\u00bb, Pozna\u0144 2009, str. 144<\/strong><\/em><\/p>\n\n\n\n<p><strong>Kazimiera I\u0142\u0142akowicz\u00f3wna<\/strong><\/p>\n\n\n\n<p><em><strong>Silniejsza ni\u017c moja niewiara<\/strong><\/em><\/p>\n\n\n\n<p>Mi\u0142o\u015b\u0107 moja silniejsza ni\u017c moja niewiara<br>idzie szlakiem p\u0105tniczym, dogoni\u0107 si\u0119 stara<br>\u015blad Tw\u00f3j na kamienistych \u015bcie\u017ckach Palestyny.<br>T\u0119dy przesz\u0142y tysi\u0105ce, kt\u00f3re\u015b Ty nakarmi\u0142,<br>proroku bez ko\u015bcio\u0142a, zwyci\u0119zco bez armii,<br>ciesielski czeladniku\u2026 Chryste, Bo\u017cy Synu.<br>Dzie\u0144 m\u00f3j ka\u017cdy si\u0119 chyli jak dni tego ludu<br>od ci\u0119\u017caru Win moich, od g\u0142upstwa, od zdrad.<br>Oni \u2013 ci\u0105gle \u017c\u0105dali\u2026 Mnie nie trzeba cud\u00f3w,<br>Tylko jedno: Tw\u00f3j \u015blad\u2026<\/p>\n\n\n\n<p>0, niechaj mi si\u0119 jawi wyra\u017any jak s\u0142owo,<br>niechaj barw\u0105 przem\u00f3wi na \u015bcie\u017ckach ja\u0142owych,<br>d\u017awi\u0119kiem niechaj og\u0142uszy, by trafi\u0107 najpro\u015bciej<br>do niewiary mej, bardziej st\u0119sknionej od mojej mi\u0142o\u015bci.<\/p>\n\n\n\n<p><em><strong>\u00abZ g\u0142\u0119boko\u015bci\u2026Antologia polskiej modlitwy poetyckiej\u00bb, T. 2, Warszawa 1974, str. 56<\/strong><\/em><\/p>\n\n\n\n<p><strong>Jan Twardowski<\/strong><\/p>\n\n\n\n<p><strong>* * *<\/strong><br>Wszyscy \u0142akn\u0105 rozmno\u017cenia chleba,<br>paralityk ca\u0142y w Lourdes si\u0119 k\u0105pie,<br>nawet biskup chce si\u0119 dosta\u0107 do nieba,<br>tak bez grzechu, wygodnie, porz\u0105dnie.<\/p>\n\n\n\n<p>A ja spadam stale z pieca na \u0142eb,<br>jak s\u0142\u00f3j z d\u017cemem p\u0119kam na schodach.<\/p>\n\n\n\n<p><em><strong>\u00abABC ksi\u0119dza Twardowskiego. Rok B\u00bb, Warszawa 2002, str. 107<\/strong><\/em><\/p>\n\n\n\n<p><strong>Wac\u0142aw Oszajca<\/strong><\/p>\n\n\n\n<p><em><strong>zaproszenie<\/strong><\/em><\/p>\n\n\n\n<p>na Akrokorynt wst\u0119powa\u0142y<br>lekko zwiewnie<br>na \u015bladach zostawia\u0142y<br>dwa s\u0142owa<br>p\u00f3jd\u017a za mn\u0105<\/p>\n\n\n\n<p>ju\u017c kto\u015b tak do mnie m\u00f3wi\u0142<\/p>\n\n\n\n<p><em><strong>\u00abReszta wi\u0119ksza od ca\u0142o\u015bci\u00bb, Warszawa 2003, str. 26<\/strong><\/em><\/p>\n\n\n\n<p class=\"has-text-align-center\"><a href=\"https:\/\/poezjaiewangelia.pl\/?page_id=5328&amp;preview_id=5328#Gora\"><span style=\"color:#1e73be\" class=\"has-inline-color\">Do g\u00f3ry<\/span><\/a><\/p>\n\n\n\n<p><span style=\"color: #1e73be;\"><a style=\"color: #1e73be;\" href=\"https:\/\/poezjaiewangelia.pl\/?page_id=61#S61\">Powr\u00f3t do Niedziele zwyk\u0142e&nbsp;<\/a>&nbsp;<\/span><a id=\"NZ18C\"><\/a><span style=\"color: #1e73be;\">&nbsp;&nbsp;&nbsp;<a style=\"color: #1e73be;\" href=\"https:\/\/poezjaiewangelia.pl\/?page_id=703#S703\">Powr\u00f3t do Linki<\/a><\/span><\/p>\n\n\n<div class=\"wp-block-image\">\n<figure class=\"alignleft size-large\"><a href=\"https:\/\/pl.wikipedia.org\/w\/index.php?title=Plik:Labarum.png&amp;filetimestamp=20050723191929\" target=\"_blank\" rel=\"noopener noreferrer\"><img loading=\"lazy\" decoding=\"async\" width=\"100\" height=\"100\" src=\"https:\/\/poezjaiewangelia.pl\/wp-content\/uploads\/2015\/12\/Labarum-Krzyz-Konstantyna-B1.jpg\" alt=\"Labarum Krzy\u017c Konstantyna\" class=\"wp-image-423\" title=\"Labarum Krzy\u017c Konstantyna\"\/><\/a><\/figure>\n<\/div>\n\n\n<hr class=\"wp-block-separator has-text-color has-luminous-vivid-amber-color has-css-opacity has-luminous-vivid-amber-background-color has-background is-style-dots\"\/>\n\n\n\n<p><strong><strong><strong>18 NZ rok<\/strong><\/strong> C: Ewangelia: \u0141k 12, 13 \u2013 21;<\/strong><\/p>\n\n\n\n<h2 class=\"wp-block-heading\"><span style=\"color:#008000\" class=\"has-inline-color\">S\u0142owo Bo\u017ce<\/span><\/h2>\n\n\n\n<p><strong>Ostrze\u017cenie przed chciwo\u015bci\u0105<\/strong><\/p>\n<p>13 Wtedy kto\u015b z t\u0142umu rzek\u0142 do Niego: \u00abNauczycielu, powiedz mojemu bratu, \u017ceby si\u0119 podzieli\u0142 ze mn\u0105 spadkiem\u00bb.<br \/>14 Lecz On mu odpowiedzia\u0142: \u00abCz\u0142owieku, kt\u00f3\u017c Mi\u0119 ustanowi\u0142 s\u0119dzi\u0105 albo rozjemc\u0105 nad wami?\u00bb<br \/><span style=\"color: #993300;\"><strong>15 Powiedzia\u0142 te\u017c do nich: \u00abUwa\u017cajcie i strze\u017ccie si\u0119 wszelkiej chciwo\u015bci, bo nawet gdy kto\u015b op\u0142ywa [we wszystko], \u017cycie jego nie jest zale\u017cne od jego mienia\u00bb.<\/strong><\/span><br \/>16 I opowiedzia\u0142 im przypowie\u015b\u0107: \u00abPewnemu zamo\u017cnemu cz\u0142owiekowi dobrze obrodzi\u0142o pole.<br \/>17 I rozwa\u017ca\u0142 sam w sobie: Co tu pocz\u0105\u0107? Nie mam gdzie pomie\u015bci\u0107 moich zbior\u00f3w.<br \/>18 I rzek\u0142: Tak zrobi\u0119: zburz\u0119 moje spichlerze, a pobuduj\u0119 wi\u0119ksze i tam zgromadz\u0119 ca\u0142e zbo\u017ce i moje dobra.<br \/>19 I powiem sobie: Masz wielkie zasoby d\u00f3br, na d\u0142ugie lata z\u0142o\u017cone; odpoczywaj, jedz, pij i u\u017cywaj!<br \/><span style=\"color: #993300;\"><strong>20 Lecz B\u00f3g rzek\u0142 do niego: \u201cG\u0142upcze, jeszcze tej nocy za\u017c\u0105daj\u0105 twojej duszy od ciebie; komu wi\u0119c przypadnie to, co\u015b przygotowa\u0142?\u201d<\/strong><\/span><br \/>21 Tak dzieje si\u0119 z ka\u017cdym, kto skarby gromadzi dla siebie, a nie jest bogaty przed Bogiem\u00bb.<\/p>\n\n\n\n<h2 class=\"wp-block-heading\"><span style=\"color:#008000\" class=\"has-inline-color\">Refleksja<\/span><\/h2>\n\n\n<div class=\"wp-block-image\">\n<figure class=\"alignright size-large is-resized\"><a href=\"https:\/\/www.wga.hu\/frames-e.html?\/html\/b\/bosch\/3garden\/central\/11centre.html\" target=\"_blank\" rel=\"noopener noreferrer\"><img loading=\"lazy\" decoding=\"async\" width=\"350\" height=\"391\" src=\"https:\/\/poezjaiewangelia.pl\/wp-content\/uploads\/2015\/12\/1d812fc92b8747e2ddfbe1813229f9f9-e1459766656546.jpg\" alt=\"Hieronim Bosch Ogr\u00f3d ziemskich rozkoszy (centrum)\" class=\"wp-image-2942\" style=\"width:364px;height:407px\" title=\"Hieronim Bosch Ogr\u00f3d ziemskich rozkoszy (centrum)\"\/><\/a><figcaption class=\"wp-element-caption\"><center><em>Hieronim Bosch Ogr\u00f3d ziemskich rozkoszy (centrum)<\/em><\/center><\/figcaption><\/figure>\n<\/div>\n\n\n<p><strong>Wac\u0142aw Oszajca<\/strong><\/p>\n\n\n\n<p><em><strong>t\u0119sknota<\/strong><\/em><\/p>\n\n\n\n<p>chcia\u0142bym mie\u0107 wszystko naraz<br>grudniowy \u015bnieg<br>na ga\u0142\u0105zkach kwitn\u0105cej lipy<br>na jednej \u0142\u0105ce jednocze\u015bnie<br>i traw\u0119 i siano<br>chcia\u0142bym mie\u0107 razem<br>kwiat jab\u0142oni i owoc<br>lata minione<br>w serdecznej zgodzie<br>z dniami trwaj\u0105cymi<br>dom nasz drewniany<br>z kamienic\u0105 w mie\u015bcie<br>i jeszcze<br>chcia\u0142bym mie\u0107 naraz<br>i gr\u00f3b i kolebk\u0119<\/p>\n\n\n\n<p><em><strong>\u00abReszta wi\u0119ksza od ca\u0142o\u015bci\u00bb, Warszawa 2003, str. 6<\/strong><\/em><\/p>\n\n\n\n<p><strong>Janusz Pasierb<\/strong><\/p>\n\n\n\n<p><em><strong>korzy\u015bci<\/strong><\/em><\/p>\n\n\n\n<p>wszystko<br>dop\u00f3ki trwa dzie\u0144<br>nawet msza niedzielna nie jest strat\u0105 czasu<br>zyskasz Mozarta Bacha Pa\u0142estrin\u0119<br>poprawisz samopoczucie<\/p>\n\n\n\n<p>noc dopiero<br>gdy gasn\u0105 niekt\u00f3re reklamy<br>gdy drobne z\u0119by deszczu gryz\u0105 karoserie<br>kiedy kruszeje beton<br>gdy serce og\u0142usza samotno\u015b\u0107<br>kiedy g\u0142os m\u00f3wi g\u0142upcze<\/p>\n\n\n\n<p><em><strong>\u00abKategoria przestrzeni\u00bb, Pelplin 2007, str. 130<\/strong><\/em><\/p>\n\n\n\n<p><strong>Lusia Ogi\u0144ska<\/strong><\/p>\n\n\n\n<p><em><strong>Ostrze\u017cenie przed chciwo\u015bci\u0105<\/strong><\/em><br><em>&nbsp;&nbsp;&nbsp; (Ewangelia wed\u0142ug \u015bw. \u0141ukasza: 12, 16 \u2014 21)<\/em><\/p>\n\n\n\n<p>Mo\u017cnemu ziarno obrodzi\u0142o,<br>szcz\u0119\u015bliwy tak rozwa\u017ca\u0142 w sobie:<br>\u2014 zbo\u017ce si\u0119 w spichrzach nie zmie\u015bci\u0142o,<br>co ja Z tym dobrem teraz zrobi\u0119?!<br>Wiem! Trzeba zburzy\u0107 te spichlerze,<br>zbudowa\u0107 nowe, lepsze, wi\u0119ksze!<br>Ta\u0144czy\u0142 i \u015bmia\u0142 si\u0119, \u015bmia\u0142 si\u0119 szczerze,<br>tak wielkie by\u0142o jego szcz\u0119\u015bcie:<br>\u2014 Ogromne moje s\u0105 bogactwa,<br>przysz\u0142o\u015bci wcale si\u0119 nie boj\u0119,<br>nadszed\u0142 czas picia i pr\u00f3\u017cniactwa,<br>bo wszystko to jest moje, moje!<\/p>\n\n\n\n<p>Nagle zatrz\u0119s\u0142y si\u0119 niebiosa,<br>a\u017c si\u0119 pod ziemi\u0119 s\u0142o\u0144ce skry\u0142o,<br>Pan B\u00f3g powiedzia\u0142 wielkim g\u0142osem:<br>\u2014 G\u0142upcze! Nic twego tu nie by\u0142o!<br>Jeszcze tej nocy o tw\u0105 dusz\u0119<br>upomn\u0119 si\u0119 i j\u0105 zabior\u0119!<br>To wszystko nie jest twoje, g\u0142upcze,<br>bo \u017cycie twoje \u2014 nie jest twoje!<\/p>\n\n\n\n<p>Ten, kto gromadzi sam dla siebie,<br>Jest w duszy n\u0119dzny i ubogi<br>I taki w\u0142a\u015bnie stanie w niebie,<br>Stanie przed sprawiedliwym Bogiem<br>\u2026\u2026\u2026\u2026\u2026\u2026\u2026\u2026\u2026\u2026\u2026<br>\u2026\u2026\u2026\u2026\u2026\u2026\u2026\u2026\u2026\u2026\u2026<br>B\u00f3g nas ostrzega przed chciwo\u015bci\u0105,<br>Ostrzega pysznych i bogaczy!<br>Samo bogactwo&nbsp; jest nico\u015bci\u0105,<br>bez dobra w sercu&nbsp; nic nie znaczy!<\/p>\n\n\n\n<p><em><strong>\u00ab\u015aladami Ewangelii\u00bb, Radom 2008, str. 47<\/strong><\/em><\/p>\n\n\n\n<p><strong>Wac\u0142aw Oszajca<\/strong><\/p>\n\n\n\n<p><em><strong>komar<\/strong><\/em><\/p>\n\n\n\n<p>dlaczego tak gwa\u0142townie<br>odp\u0119dzasz mnie od siebie<br>wiele nie potrzebuj\u0119<br>do zbawienia<br>jedna kropla twojej krwi<br>wystarczy<br>\u017cebym mog\u0142a nadal \u017cy\u0107<br>i wyda\u0107 potomstwo<br>przecie\u017c ty r\u00f3wnie\u017c<br>\u017cyjesz i rozmna\u017casz si\u0119<br>za tak\u0105 sam\u0105 cen\u0119<\/p>\n\n\n\n<p><em><strong>\u00abodwr\u00f3cona perspektywa\u00bb, Warszawa 2009, str. 11<\/strong><\/em><\/p>\n\n\n\n<p class=\"has-text-align-center\"><a href=\"https:\/\/poezjaiewangelia.pl\/?page_id=5328&amp;preview_id=5328#Gora\"><span style=\"color:#1e73be\" class=\"has-inline-color\">Do g\u00f3ry<\/span><\/a><\/p>\n","protected":false},"excerpt":{"rendered":"<p>i &nbsp; 18 Niedziela zwyk\u0142a rok A 18 Niedziela zwyk\u0142a rok B 18 Niedziela zwyk\u0142a rok C Powr\u00f3t do Niedziele zwyk\u0142e,\u00a0 Niedziele zwyk\u0142e 13 \u2013 18,\u00a0 Powr\u00f3t do Linki 18 NZ rok A: Ewangelia: Mt 14, 13 \u2013 21; Pierwsze rozmno\u017cenie chleba 13 Gdy Jezus to us\u0142ysza\u0142, oddali\u0142 si\u0119 stamt\u0105d w \u0142odzi na miejsce pustynne, &hellip; <a href=\"https:\/\/poezjaiewangelia.pl\/?page_id=5328\" class=\"more-link\">Czytaj dalej <span class=\"screen-reader-text\">18 Niedziela zwyk\u0142a rok A, B, C;<\/span><\/a><\/p>\n","protected":false},"author":1,"featured_media":0,"parent":5268,"menu_order":6,"comment_status":"closed","ping_status":"closed","template":"","meta":{"_monsterinsights_skip_tracking":false,"_monsterinsights_sitenote_active":false,"_monsterinsights_sitenote_note":"","_monsterinsights_sitenote_category":0,"footnotes":""},"class_list":["post-5328","page","type-page","status-publish","hentry"],"aioseo_notices":[],"_links":{"self":[{"href":"https:\/\/poezjaiewangelia.pl\/index.php?rest_route=\/wp\/v2\/pages\/5328","targetHints":{"allow":["GET"]}}],"collection":[{"href":"https:\/\/poezjaiewangelia.pl\/index.php?rest_route=\/wp\/v2\/pages"}],"about":[{"href":"https:\/\/poezjaiewangelia.pl\/index.php?rest_route=\/wp\/v2\/types\/page"}],"author":[{"embeddable":true,"href":"https:\/\/poezjaiewangelia.pl\/index.php?rest_route=\/wp\/v2\/users\/1"}],"replies":[{"embeddable":true,"href":"https:\/\/poezjaiewangelia.pl\/index.php?rest_route=%2Fwp%2Fv2%2Fcomments&post=5328"}],"version-history":[{"count":17,"href":"https:\/\/poezjaiewangelia.pl\/index.php?rest_route=\/wp\/v2\/pages\/5328\/revisions"}],"predecessor-version":[{"id":10564,"href":"https:\/\/poezjaiewangelia.pl\/index.php?rest_route=\/wp\/v2\/pages\/5328\/revisions\/10564"}],"up":[{"embeddable":true,"href":"https:\/\/poezjaiewangelia.pl\/index.php?rest_route=\/wp\/v2\/pages\/5268"}],"wp:attachment":[{"href":"https:\/\/poezjaiewangelia.pl\/index.php?rest_route=%2Fwp%2Fv2%2Fmedia&parent=5328"}],"curies":[{"name":"wp","href":"https:\/\/api.w.org\/{rel}","templated":true}]}}