{"id":5369,"date":"2018-11-18T20:15:30","date_gmt":"2018-11-18T20:15:30","guid":{"rendered":"https:\/\/poezjaiewangelia.pl\/?page_id=5369"},"modified":"2022-07-19T18:34:54","modified_gmt":"2022-07-19T17:34:54","slug":"niedziele-zwykle-30-34","status":"publish","type":"page","link":"https:\/\/poezjaiewangelia.pl\/?page_id=5369","title":{"rendered":"Niedziele zwyk\u0142e 30 &#8211; 34"},"content":{"rendered":"\n<p><span style=\"color: #ffff00;\">i<a id=\"S5369\"><\/a><\/span><\/p>\n\n\n<div class=\"wp-block-image\">\n<figure class=\"aligncenter size-large is-resized\"><a href=\"https:\/\/www.wga.hu\/frames-e.html?\/html\/b\/bellegam\/lastjudg.html\" target=\"_blank\" rel=\"noopener noreferrer\"><img loading=\"lazy\" decoding=\"async\" src=\"https:\/\/poezjaiewangelia.pl\/wp-content\/uploads\/2018\/11\/Jean-Bellegrambe-\u015a\u0105d-Ostateczny-1024x622.jpg\" alt=\"Jean Bellegrambe \u015a\u0105d Ostateczny\" class=\"wp-image-5370\" width=\"516\" height=\"314\" title=\"Jean Bellegrambe \u015a\u0105d Ostateczny\"\/><\/a><figcaption><center><em>Jean Bellegrambe \u015a\u0105d Ostateczny<\/em><\/center><\/figcaption><\/figure>\n<\/div>\n\n<div class=\"wp-block-image\">\n<figure class=\"alignleft size-large is-resized\"><img loading=\"lazy\" decoding=\"async\" src=\"https:\/\/poezjaiewangelia.pl\/wp-content\/uploads\/2018\/11\/Zielona-r\u00f3\u017ca-e1587421321818.png\" alt=\"Zielona r\u00f3\u017ca\" class=\"wp-image-4943\" width=\"113\" height=\"113\"\/><figcaption>Kolor szat<\/figcaption><\/figure>\n<\/div>\n\n\n<p>\u00a0<\/p>\n<p><span style=\"color: #1e73be;\"><a style=\"color: #1e73be;\" href=\"https:\/\/poezjaiewangelia.pl\/?page_id=5439#S5439\">30 Niedziela zwyk\u0142a A,B,C;\u00a0<\/a>\u00a0\u00a0\u00a0<a style=\"color: #1e73be;\" href=\"https:\/\/poezjaiewangelia.pl\/?page_id=5445#S5445\">31 Niedziela zwyk\u0142a A,B,C;\u00a0<\/a>\u00a0\u00a0\u00a0<a style=\"color: #1e73be;\" href=\"https:\/\/poezjaiewangelia.pl\/?page_id=975#S975\">32 Niedziela zwyk\u0142a A,B,C;<\/a>\u00a0\u00a0\u00a0\u00a0<a style=\"color: #1e73be;\" href=\"https:\/\/poezjaiewangelia.pl\/?page_id=984#S984\">33 Niedziela zwyk\u0142a A,B,C;\u00a0<\/a>\u00a0\u00a0\u00a0<a style=\"color: #1e73be;\" href=\"https:\/\/poezjaiewangelia.pl\/?page_id=991#S991\">34 Niedziela zwyk\u0142a A,B,C \u2013 Jezusa Chrystusa Kr\u00f3la Wszech\u015bwiata;<\/a><\/span><\/p>\n<p><span style=\"color: #1e73be;\"><a style=\"color: #1e73be;\" href=\"https:\/\/poezjaiewangelia.pl\/?page_id=61#S61\">Powr\u00f3t do Niedziele zwyk\u0142e<\/a>\u00a0\u00a0 \u00a0\u00a0<a style=\"color: #1e73be;\" href=\"https:\/\/poezjaiewangelia.pl\/?page_id=703#S703\">Powr\u00f3t do Linki<\/a><\/span><\/p>\n<p>\u00a0<\/p>\n\n\n\n<figure class=\"wp-block-image size-full\"><a href=\"https:\/\/www.wga.hu\/html\/a\/angelico\/00\/11fieso1.html\" target=\"_blank\" rel=\"noopener\"><img loading=\"lazy\" decoding=\"async\" width=\"2410\" height=\"350\" src=\"https:\/\/poezjaiewangelia.pl\/wp-content\/uploads\/2018\/11\/Fra-Angelico-Predella-w-o\u0142tarzu-San-Domenico-w-Fiesole.jpg\" alt=\"Fra Angelico Predella w o\u0142tarzu San Domenico w Fiesole\" class=\"wp-image-5546\"\/><\/a><figcaption>Fra Angelico <em>Predella w o\u0142tarzu San Domenico w Fiesole<\/em><\/figcaption><\/figure>\n","protected":false},"excerpt":{"rendered":"<p>i \u00a0 30 Niedziela zwyk\u0142a A,B,C;\u00a0\u00a0\u00a0\u00a031 Niedziela zwyk\u0142a A,B,C;\u00a0\u00a0\u00a0\u00a032 Niedziela zwyk\u0142a A,B,C;\u00a0\u00a0\u00a0\u00a033 Niedziela zwyk\u0142a A,B,C;\u00a0\u00a0\u00a0\u00a034 Niedziela zwyk\u0142a A,B,C \u2013 Jezusa Chrystusa Kr\u00f3la Wszech\u015bwiata; Powr\u00f3t do Niedziele zwyk\u0142e\u00a0\u00a0 \u00a0\u00a0Powr\u00f3t do Linki \u00a0<\/p>\n","protected":false},"author":1,"featured_media":0,"parent":61,"menu_order":6,"comment_status":"closed","ping_status":"closed","template":"","meta":{"_monsterinsights_skip_tracking":false,"_monsterinsights_sitenote_active":false,"_monsterinsights_sitenote_note":"","_monsterinsights_sitenote_category":0,"footnotes":""},"class_list":["post-5369","page","type-page","status-publish","hentry"],"aioseo_notices":[],"_links":{"self":[{"href":"https:\/\/poezjaiewangelia.pl\/index.php?rest_route=\/wp\/v2\/pages\/5369","targetHints":{"allow":["GET"]}}],"collection":[{"href":"https:\/\/poezjaiewangelia.pl\/index.php?rest_route=\/wp\/v2\/pages"}],"about":[{"href":"https:\/\/poezjaiewangelia.pl\/index.php?rest_route=\/wp\/v2\/types\/page"}],"author":[{"embeddable":true,"href":"https:\/\/poezjaiewangelia.pl\/index.php?rest_route=\/wp\/v2\/users\/1"}],"replies":[{"embeddable":true,"href":"https:\/\/poezjaiewangelia.pl\/index.php?rest_route=%2Fwp%2Fv2%2Fcomments&post=5369"}],"version-history":[{"count":12,"href":"https:\/\/poezjaiewangelia.pl\/index.php?rest_route=\/wp\/v2\/pages\/5369\/revisions"}],"predecessor-version":[{"id":10063,"href":"https:\/\/poezjaiewangelia.pl\/index.php?rest_route=\/wp\/v2\/pages\/5369\/revisions\/10063"}],"up":[{"embeddable":true,"href":"https:\/\/poezjaiewangelia.pl\/index.php?rest_route=\/wp\/v2\/pages\/61"}],"wp:attachment":[{"href":"https:\/\/poezjaiewangelia.pl\/index.php?rest_route=%2Fwp%2Fv2%2Fmedia&parent=5369"}],"curies":[{"name":"wp","href":"https:\/\/api.w.org\/{rel}","templated":true}]}}