{"id":5439,"date":"2018-11-21T19:39:27","date_gmt":"2018-11-21T19:39:27","guid":{"rendered":"https:\/\/poezjaiewangelia.pl\/?page_id=5439"},"modified":"2022-12-05T21:48:29","modified_gmt":"2022-12-05T20:48:29","slug":"30-niedziela-zwykla-rok-a-b-c","status":"publish","type":"page","link":"https:\/\/poezjaiewangelia.pl\/?page_id=5439","title":{"rendered":"30 Niedziela zwyk\u0142a rok A, B, C;"},"content":{"rendered":"\n<div class=\"wp-block-columns is-layout-flex wp-container-core-columns-is-layout-9d6595d7 wp-block-columns-is-layout-flex\">\n<div class=\"wp-block-column is-layout-flow wp-block-column-is-layout-flow\"><div class=\"wp-block-image\">\n<figure class=\"alignright size-large is-resized\"><a href=\"https:\/\/www.wga.hu\/frames-e.html?\/html\/a\/allori\/alessand\/st_peter.html\" target=\"_blank\" rel=\"noopener noreferrer\"><img loading=\"lazy\" decoding=\"async\" src=\"https:\/\/poezjaiewangelia.pl\/wp-content\/uploads\/2018\/11\/Alessandro-Allori-\u015aw-Piotr-chodzi-po-wodzie-e1542826918352.jpg\" alt=\"Alessandro Allori \u015aw Piotr chodzi po wodzie.\" class=\"wp-image-5440\" width=\"338\" height=\"393\" title=\"Alessandro Allori \u015aw Piotr chodzi po wodzie.\"\/><\/a><figcaption class=\"wp-element-caption\"><center><em>Alessandro Allori  \u015aw Piotr chodzi po wodzie.<\/em><\/center><\/figcaption><\/figure>\n<\/div><\/div>\n\n\n\n<div class=\"wp-block-column is-layout-flow wp-block-column-is-layout-flow\">\n<p><span style=\"color: #ffff00;\">i<a id=\"S5439\"><\/a><a id=\"Gora\"><\/a><\/span><\/p>\n\n\n\n<figure class=\"wp-block-image size-large is-resized\"><img loading=\"lazy\" decoding=\"async\" src=\"https:\/\/poezjaiewangelia.pl\/wp-content\/uploads\/2018\/11\/Zielona-r\u00f3\u017ca-e1587421321818.png\" alt=\"Zielona r\u00f3\u017ca\" class=\"wp-image-4943\" width=\"113\" height=\"113\"\/><figcaption class=\"wp-element-caption\">Kolor szat<\/figcaption><\/figure>\n\n\n\n<p>&nbsp;<\/p>\n<p><span style=\"color: #1e73be;\"><a style=\"color: #1e73be;\" href=\"https:\/\/poezjaiewangelia.pl\/?page_id=5439#NZ30A\">30 Niedziela zwyk\u0142a rok A<\/a><\/span><\/p>\n<p><span style=\"color: #1e73be;\"><a style=\"color: #1e73be;\" href=\"https:\/\/poezjaiewangelia.pl\/?page_id=5439#NZ30B\">30 Niedziela zwyk\u0142a rok B<\/a><\/span><\/p>\n<p><span style=\"color: #1e73be;\"><a style=\"color: #1e73be;\" href=\"https:\/\/poezjaiewangelia.pl\/?page_id=5439#NZ30C\">30 Niedziela zwyk\u0142a rok C<\/a><\/span><\/p>\n<\/div>\n<\/div>\n\n\n\n<p><span style=\"color: #1e73be;\"><a style=\"color: #1e73be;\" href=\"https:\/\/poezjaiewangelia.pl\/?page_id=61#S61\">Powr\u00f3t do Niedziele zwyk\u0142e,<\/a> <a style=\"color: #1e73be;\" href=\"https:\/\/poezjaiewangelia.pl\/?page_id=5369#S5369\">Niedziele zwyk\u0142e 30 \u2013 34,&nbsp; <\/a><\/span><a id=\"NZ30A\"><\/a><span style=\"color: #1e73be;\">&nbsp;&nbsp;<a style=\"color: #1e73be;\" href=\"https:\/\/poezjaiewangelia.pl\/?page_id=703#S703\">Powr\u00f3t do Linki<\/a><\/span><\/p>\n\n\n<div class=\"wp-block-image\">\n<figure class=\"alignleft size-large\"><a href=\"https:\/\/pl.wikipedia.org\/w\/index.php?title=Plik:Labarum.png&amp;filetimestamp=20050723191929\" target=\"_blank\" rel=\"noopener noreferrer\"><img loading=\"lazy\" decoding=\"async\" width=\"100\" height=\"100\" src=\"https:\/\/poezjaiewangelia.pl\/wp-content\/uploads\/2015\/12\/Labarum-Krzyz-Konstantyna-A1.jpg\" alt=\"Labarum Krzy\u017c Konstantyna\" class=\"wp-image-422\" title=\"Labarum Krzy\u017c Konstantyna\"\/><\/a><\/figure>\n<\/div>\n\n\n<hr class=\"wp-block-separator has-text-color has-luminous-vivid-amber-color has-css-opacity has-luminous-vivid-amber-background-color has-background is-style-dots\"\/>\n\n\n\n<p><strong>Rok A:&nbsp;Ewangelia: Mt 22, 34 \u2013 40;<\/strong><\/p>\n\n\n\n<h2 class=\"wp-block-heading\"><span style=\"color:#008000\" class=\"has-inline-color\">S\u0142owo Bo\u017ce<\/span><\/h2>\n\n\n\n<p><strong>Najwi\u0119ksze przykazanie<\/strong><\/p>\n<p>34&nbsp;Gdy faryzeusze dowiedzieli si\u0119, \u017ce zamkn\u0105\u0142 usta saduceuszom, zebrali si\u0119 razem,<br>35&nbsp;a jeden z nich, uczony w Prawie, zapyta\u0142 Go, wystawiaj\u0105c Go na pr\u00f3b\u0119:<br>36&nbsp;\u00abNauczycielu, kt\u00f3re przykazanie w Prawie jest najwi\u0119ksze?\u00bb<br><span style=\"color: #993300;\"><strong>37&nbsp;On mu odpowiedzia\u0142: \u00abB\u0119dziesz mi\u0142owa\u0142 Pana Boga swego ca\u0142ym swoim sercem, ca\u0142\u0105 swoj\u0105 dusz\u0105 i ca\u0142ym swoim umys\u0142em<\/strong><\/span><br><span style=\"color: #993300;\"><strong>38&nbsp;To jest najwi\u0119ksze i pierwsze przykazanie.<\/strong><\/span><br><span style=\"color: #993300;\"><strong>39&nbsp;Drugie podobne jest do niego: B\u0119dziesz mi\u0142owa\u0142 swego bli\u017aniego jak siebie samego.<\/strong><\/span><br><span style=\"color: #993300;\"><strong>40&nbsp;Na tych dw\u00f3ch przykazaniach opiera si\u0119 ca\u0142e Prawo i Prorocy\u00bb.<\/strong><\/span><\/p>\n\n\n\n<h2 class=\"wp-block-heading\"><span style=\"color:#008000\" class=\"has-inline-color\">Refleksja<\/span><\/h2>\n\n\n<div class=\"wp-block-image\">\n<figure class=\"alignright size-large is-resized\"><a href=\"https:\/\/commons.wikimedia.org\/wiki\/File:The_good_Samaritan_tending_to_a_wounded_man_while_a_priest_a_Wellcome_V0015243.jpg\" target=\"_blank\" rel=\"noopener noreferrer\"><img loading=\"lazy\" decoding=\"async\" src=\"https:\/\/poezjaiewangelia.pl\/wp-content\/uploads\/2020\/05\/William-Hogarth-Dobry-Samarytanin-1024x808.jpg\" alt=\"William Hogarth Dobry Samarytanin\" class=\"wp-image-8146\" width=\"416\" height=\"329\" title=\"William Hogarth Dobry Samarytanin\"\/><\/a><figcaption class=\"wp-element-caption\"><center><em>William Hogarth Dobry Samarytanin<\/em><\/center><\/figcaption><\/figure>\n<\/div>\n\n\n<p><strong>Jan Zieli\u0144ski<\/strong><\/p>\n\n\n\n<p><em><strong>Zapro\u015bcie Mnie do sto\u0142u<\/strong><\/em><\/p>\n\n\n\n<p>Najpierw tu i tam rozes\u0142ano zaproszenia<br>potem by\u0142y przygotowania nerwowe<br>wreszcie nadszed\u0142 dzie\u0144 uroczysty<br>witano biskupa<br>dzieci powiedzia\u0142y cudownie wierszyki<br>i rzuci\u0142y si\u0119 biskupowi na szyj\u0119<br>proboszcz postara\u0142 si\u0119 o anielski u\u015bmiech uroczy<\/p>\n\n\n\n<p>ludzi by\u0142o du\u017co<br>stali nawet na ulicy<br>par\u0119 os\u00f3b zemdla\u0142o<br>b\u0142yska\u0142y flesze<br>fotoreporter z gazety biega\u0142 tu i tam<br>ch\u00f3r \u015bpiewa\u0142 g\u0142o\u015bno<br>orkiestra gra\u0142a jak mog\u0142a<br>ksi\u0119\u017ca chodzili z tac\u0105 i dobrze zebrali<br>by\u0142o wspaniale<br>dawno tak nie by\u0142o<\/p>\n\n\n\n<p>na \u0142awce przed kaplic\u0105<br>siedzia\u0142 Pan Jezus<br>nie wszed\u0142 do \u015brodka<br>nie mia\u0142 zaproszenia<\/p>\n\n\n\n<p><em><strong>\u201eWiersze podarowane\u201d, Warszawa 1994, str. 45<\/strong><\/em><\/p>\n\n\n\n<p><strong>Jan Twardowski<\/strong><br><em><strong>&nbsp;&nbsp;&nbsp;&nbsp;&nbsp;&nbsp;&nbsp;&nbsp;&nbsp;&nbsp;&nbsp;&nbsp;&nbsp;&nbsp;&nbsp;&nbsp;&nbsp;&nbsp;&nbsp;&nbsp;&nbsp;&nbsp;&nbsp;&nbsp;&nbsp;&nbsp;&nbsp; Zofii Ma\u0142ynicz<\/strong><\/em><br><em><strong>\u017bal<\/strong><\/em><\/p>\n\n\n\n<p>\u017bal ze si\u0119 za ma\u0142o kocha\u0142o<br>\u017ce si\u0119 my\u015bla\u0142o o sobie<br>\u017ce si\u0119 ju\u017c nie zd\u0105\u017cy\u0142o<br>\u017ce by\u0142o za p\u00f3\u017ano<\/p>\n\n\n\n<p>cho\u0107by si\u0119 teraz pobieg\u0142o<br>w przedpokoju szura\u0142o<br>nios\u0142o serce osobne w telefonie<br>szuka\u0142o s\u0142uchem szerszym od s\u0142owa<\/p>\n\n\n\n<p>cho\u0107by si\u0119 spokornia\u0142o<br>g\u0142upi\u0105 min\u0119 stroi\u0142o<br>jak lew na muszce<\/p>\n\n\n\n<p>cho\u0107by si\u0119 chcia\u0142o ostrzec<br>\u017ce pogoda niesta\u0142a<br>\u017ce t\u0119cza zbyt czerwona<br>a s\u00f3l zwilgotnia\u0142a<\/p>\n\n\n\n<p>cho\u0107by si\u0119 chcia\u0142o pom\u00f3c<br>w\u0142asn\u0105 g\u0119b\u0105 podmucha\u0107<br>w ros\u00f3\u0142 za s\u0142ony<\/p>\n\n\n\n<p>wszystko ju\u017c potem za ma\u0142o<br>cho\u0107by si\u0119 \u0142zy wyp\u0142aka\u0142o<br>nagie niepewne<\/p>\n\n\n\n<p><em><strong>\u201cnie przyszed\u0142em pana nawraca\u0107\u201d, Warszawa 1986, str. 243<\/strong><\/em><\/p>\n\n\n\n<p style=\"text-align: center;\"><span style=\"color: #1e73be;\"><a style=\"color: #1e73be;\" href=\"https:\/\/poezjaiewangelia.pl\/?page_id=5439#Gora\">Do g\u00f3ry<\/a><\/span><\/p>\n\n\n\n<p><span style=\"color: #1e73be;\"><a style=\"color: #1e73be;\" href=\"https:\/\/poezjaiewangelia.pl\/?page_id=61#S61\">Powr\u00f3t do Niedziele zwyk\u0142e<\/a>&nbsp;&nbsp;<\/span><a id=\"NZ30B\"><\/a><span style=\"color: #1e73be;\">&nbsp;&nbsp;<a style=\"color: #1e73be;\" href=\"https:\/\/poezjaiewangelia.pl\/?page_id=703#S703\">Powr\u00f3t do Linki<\/a><\/span><\/p>\n\n\n<div class=\"wp-block-image\">\n<figure class=\"alignleft size-large\"><a href=\"https:\/\/pl.wikipedia.org\/w\/index.php?title=Plik:Labarum.png&amp;filetimestamp=20050723191929\" target=\"_blank\" rel=\"noopener noreferrer\"><img loading=\"lazy\" decoding=\"async\" width=\"100\" height=\"100\" src=\"https:\/\/poezjaiewangelia.pl\/wp-content\/uploads\/2015\/12\/Labarum-Krzyz-Konstantyna-C1.jpg\" alt=\"Labarum Krzy\u017c Konstantyna\" class=\"wp-image-424\" title=\"Labarum Krzy\u017c Konstantyna\"\/><\/a><\/figure>\n<\/div>\n\n\n<hr class=\"wp-block-separator has-text-color has-luminous-vivid-amber-color has-css-opacity has-luminous-vivid-amber-background-color has-background is-style-dots\"\/>\n\n\n\n<p><strong>Rok B:&nbsp;Ewangelia: Mk 10, 46 \u2013 52;<\/strong><\/p>\n\n\n\n<h2 class=\"wp-block-heading\"><span style=\"color:#008000\" class=\"has-inline-color\">S\u0142owo Bo\u017ce<\/span><\/h2>\n\n\n<div class=\"wp-block-image\">\n<figure class=\"alignleft size-large is-resized\"><a href=\"https:\/\/www.wga.hu\/art\/l\/le_sueur\/healing.jpg\" target=\"_blank\" rel=\"noopener noreferrer\"><img loading=\"lazy\" decoding=\"async\" src=\"https:\/\/poezjaiewangelia.pl\/wp-content\/uploads\/2015\/12\/b98eac65d18efd5f893349a9e6e92fab-e1462885933106.jpg\" alt=\"Eustache Le Sueur Chrystus uzdrawia \u015blepego\" class=\"wp-image-2578\" width=\"408\" height=\"299\" title=\"Eustache Le Sueur Chrystus uzdrawia \u015blepego\"\/><\/a><figcaption class=\"wp-element-caption\"><center><em>Eustache Le Sueur Chrystus uzdrawia \u015blepego<\/em><\/center><\/figcaption><\/figure>\n<\/div>\n\n\n<p><strong>Niewidomy pod Jerychem<\/strong><\/p>\n<p>46&nbsp;Tak przyszli do Jerycha. Gdy wraz z uczniami i sporym t\u0142umem wychodzi\u0142 z Jerycha, niewidomy \u017cebrak, Bartymeusz, syn Tymeusza, siedzia\u0142 przy drodze.<br><span style=\"color: #993300;\"><strong>47&nbsp;Ten s\u0142ysz\u0105c, \u017ce to jest Jezus z Nazaretu, zacz\u0105\u0142 wo\u0142a\u0107: \u00abJezusie, Synu Dawida, ulituj si\u0119 nade mn\u0105!\u00bb<\/strong><\/span><br>48&nbsp;Wielu nastawa\u0142o na niego, \u017ceby umilk\u0142. Lecz on jeszcze g\u0142o\u015bniej wo\u0142a\u0142: \u00abSynu Dawida, ulituj si\u0119 nade mn\u0105!\u00bb<br>49&nbsp;Jezus przystan\u0105\u0142 i rzek\u0142: \u00abZawo\u0142ajcie go!\u00bb I przywo\u0142ali niewidomego, m\u00f3wi\u0105c mu: \u00abB\u0105d\u017a dobrej my\u015bli, wsta\u0144, wo\u0142a ci\u0119\u00bb.<br><span style=\"color: #993300;\"><strong>50 On zrzuci\u0142 z siebie p\u0142aszcz, zerwa\u0142 si\u0119 i przyszed\u0142 do Jezusa.<\/strong><\/span><br><span style=\"color: #993300;\"><strong>51 A Jezus przem\u00f3wi\u0142 do niego: \u00abCo chcesz, abym ci uczyni\u0142?\u00bb Powiedzia\u0142 Mu niewidomy: \u00abRabbuni, \u017cebym przejrza\u0142\u00bb.<\/strong><\/span><br>52 Jezus mu rzek\u0142: \u00abId\u017a, twoja wiara ci\u0119 uzdrowi\u0142a\u00bb. Natychmiast przejrza\u0142 i szed\u0142 za Nim drog\u0105<\/p>\n\n\n\n<h2 class=\"wp-block-heading\"><span style=\"color:#008000\" class=\"has-inline-color\">Refleksja<\/span><\/h2>\n\n\n\n<p><strong>Jan Twardowski<\/strong><\/p>\n\n\n\n<p><em><strong>Prosz\u0119 o wiar\u0119<\/strong><\/em><\/p>\n\n\n\n<p>Stukam do nieba<br>prosz\u0119 o wiar\u0119<br>ale nie o tak\u0105 z p\u0142aczem na ramieniu<br>tak\u0105 co liczy gwiazdy a nie widzi kury<br>tak\u0105 jak motyl na jeden dzie\u0144<br>ale<br>zawsze \u015bwie\u017c\u0105 bo niesko\u0144czon\u0105<br>tak\u0105 co biegnie jak owca za matk\u0105<br>nie pojmuje ale rozumie<br>ze s\u0142\u00f3w wybiera najmniejsze<br>nie na wszystko ma odpowied\u017a<br>i nie przewraca si\u0119 do g\u00f3ry nogami<br>je\u017celi kogo\u015b szlag trafi<\/p>\n\n\n\n<p><em><strong>\u201cnie przyszed\u0142em pana nawraca\u0107\u201d, Warszawa 1986, str. 378.<\/strong><\/em><\/p>\n\n\n\n<p><strong>Beata Oberty\u0144ska<\/strong><\/p>\n\n\n\n<p><strong>* * *<\/strong><br>Skrucha oliwi blizny Twe i rany,<br>gdy, \u015blepa ufno\u015b\u0107 Ci\u0119 wzrusza\u2026<br>Ach! Ten z rado\u015bci w rowie poniechany<br>p\u0142aszcz \u015blepca Bartymeusza!<\/p>\n\n\n\n<p><em><strong>\u00abGrudki kadzid\u0142a\u00bb, Krak\u00f3w 1987, str. 106<\/strong><\/em><\/p>\n\n\n\n<p><strong>Tadeusz \u0141opalewski<\/strong><\/p>\n\n\n\n<p><em><strong>Panie, kt\u00f3ry\u015b jest\u2026<\/strong><\/em><\/p>\n\n\n\n<p>Panie, kt\u00f3ry\u015b jest w niebie i kt\u00f3ry\u015b jest na ziemi,<br>Sw\u0105 r\u0119k\u0105 mi\u0142osiern\u0105 bielmo mi z oczu zdejmij \u2014<br>Niech serce truchlej\u0105ce Tw\u0105 \u0142ask\u0105 uspokoj\u0119,<br>Niech ujrz\u0119 \u2014 \u015blepiec marny \u2014 jasne Kr\u00f3lestwo Twoje\u2026<\/p>\n\n\n\n<p>Niech mi swe dno uka\u017ce i z\u0142a, i dobra dola,<br>Bym wiedzia\u0142 nieomylnie, gdzie jest Twa \u015bwi\u0119ta wola,<br>Bym czul, bach, czu\u0142 najmocniej w ostatni\u0105 sw\u0105 godzin\u0119,<br>\u017be Ty mnie,,Panie, wzywasz na wieczny odpoczynek\u2026<\/p>\n\n\n\n<p><em><strong>\u00abZ g\u0142\u0119boko\u015bci\u2026Antologia polskiej modlitwy poetyckiej\u00bb, T. 2, Warszawa 1974, str. 138<\/strong><\/em><\/p>\n\n\n<div class=\"wp-block-image\">\n<figure class=\"alignright size-large is-resized\"><a href=\"https:\/\/www.wga.hu\/frames-e.html?\/html\/m\/momper\/josse2\/healing.html\" target=\"_blank\" rel=\"noopener noreferrer\"><img loading=\"lazy\" decoding=\"async\" src=\"https:\/\/poezjaiewangelia.pl\/wp-content\/uploads\/2020\/05\/Joos-de-Momper-Chrystus-uzdrawia-\u015blepego-1024x693.jpg\" alt=\"Joos de Momper Chrystus uzdrawia \u015blepego\" class=\"wp-image-8145\" width=\"445\" height=\"302\" title=\"Joos de Momper Chrystus uzdrawia \u015blepego\"\/><\/a><figcaption class=\"wp-element-caption\"><center><em>Joos de Momper Chrystus uzdrawia \u015blepego<\/em><\/center><\/figcaption><\/figure>\n<\/div>\n\n\n<p><strong>Stanis\u0142aw Wyspia\u0144ski<\/strong><\/p>\n\n\n\n<p><em><strong>(Oczy\u015b\u0107 m\u0105 dusz\u0119, \u015bwi\u0119ty Bo\u017ce)<\/strong><\/em><\/p>\n\n\n\n<p>Oczy\u015b\u0107 m\u0105 dusz\u0119, \u015awi\u0119ty Bo\u017ce,<br>ku Tobie serce wznosz\u0119;<br>prawie Twa Si\u0142a Z\u0142o przemo\u017ce,<br>ulitowania prosz\u0119.<br>Wszed\u0142em w cz\u0142owieczych b\u0142\u0119d\u00f3w kolo,<br>we zmazach \u017cy\u0142em d\u0142ugo,<br>w skrusze ku Tobie wznosz\u0119 czo\u0142o,<br>wyznaj mi\u0119 swoim s\u0142ug\u0105.<br>Krew mnie ponios\u0142a w spro\u015bnej chuci<br>ku zwi\u0105zkom, co mi\u0119 wi\u0119\u017c\u0105,<br>\u017cem jest jak owi wi\u0119\u017anie skuci,<br>kt\u00f3rym mia\u0142 Tobie by\u0107 paw\u0119\u017c\u0105.<br>Wejrzyj, \u201eO Panie! w serca skryto\u015b\u0107;<br>wypleni z serca gady.<br>O lito\u015b\u0107 w skrusze \u0142kam, o lito\u015b\u0107\u2026<br>Co\u015b Piotrowego zaby\u0142 zaprzania<br>a Judaszowej zdrady,<br>schyl pob\u0142a\u017cania, zw\u00f3l zlitowania!<\/p>\n\n\n\n<p><em><strong>\u00abZ g\u0142\u0119boko\u015bci\u2026Antologia polskiej modlitwy poetyckiej\u00bb, T. 1, Warszawa 1974, str. 510<\/strong><\/em><\/p>\n\n\n\n<p><strong>Jan Twardowski&nbsp;<\/strong><\/p>\n\n\n\n<p><em><strong>Lito\u015b\u0107&nbsp;<\/strong><\/em><\/p>\n\n\n\n<p>Wys\u0142awiaj\u0105 mi\u0142o\u015b\u0107<br>lekcewa\u017c\u0105 lito\u015b\u0107<br>a ja m\u00f3wi\u0119 zlituj si\u0119 nade mn\u0105<br>odpychana przez ludzi<br>przez mocnych wydrwiona<br>w\u0142a\u015bnie zbawi\u0107 mnie mo\u017ce<br>tylko lito\u015b\u0107 Twoja<\/p>\n\n\n\n<p><em><strong>\u201cABC ksi\u0119dza Twardowskiego. Rok B\u201d, Warszawa 2002, str. 133<\/strong><\/em><\/p>\n\n\n\n<p style=\"text-align: center;\"><span style=\"color: #1e73be;\"><a style=\"color: #1e73be;\" href=\"https:\/\/poezjaiewangelia.pl\/?page_id=5439#Gora\">Do g\u00f3ry<\/a><\/span><\/p>\n\n\n\n<p><span style=\"color: #1e73be;\"><a style=\"color: #1e73be;\" href=\"https:\/\/poezjaiewangelia.pl\/?page_id=61#S61\">Powr\u00f3t do Niedziele zwyk\u0142e<\/a>&nbsp;&nbsp;<\/span><a id=\"NZ30C\"><\/a><span style=\"color: #1e73be;\">&nbsp;&nbsp;<a style=\"color: #1e73be;\" href=\"https:\/\/poezjaiewangelia.pl\/?page_id=703#S703\">Powr\u00f3t do Linki<\/a><\/span><\/p>\n\n\n<div class=\"wp-block-image\">\n<figure class=\"alignleft size-large\"><a href=\"https:\/\/pl.wikipedia.org\/w\/index.php?title=Plik:Labarum.png&amp;filetimestamp=20050723191929\" target=\"_blank\" rel=\"noopener noreferrer\"><img loading=\"lazy\" decoding=\"async\" width=\"100\" height=\"100\" src=\"https:\/\/poezjaiewangelia.pl\/wp-content\/uploads\/2015\/12\/Labarum-Krzyz-Konstantyna-B1.jpg\" alt=\"Labarum Krzy\u017c Konstantyna\" class=\"wp-image-423\" title=\"Labarum Krzy\u017c Konstantyna\"\/><\/a><\/figure>\n<\/div>\n\n\n<hr class=\"wp-block-separator has-text-color has-luminous-vivid-amber-color has-css-opacity has-luminous-vivid-amber-background-color has-background is-style-dots\"\/>\n\n\n\n<p><strong>Rok C:&nbsp;Ewangelia: \u0141k 18, 9 \u2013 14;<\/strong><\/p>\n\n\n\n<h2 class=\"wp-block-heading\"><span style=\"color:#008000\" class=\"has-inline-color\">S\u0142owo Bo\u017ce<\/span><\/h2>\n\n\n\n<p><strong>Faryzeusz i celnik<\/strong><\/p>\n<p><span style=\"color: #993300;\"><strong>9&nbsp;Powiedzia\u0142 te\u017c do niekt\u00f3rych, co ufali sobie, \u017ce s\u0105 sprawiedliwi, a innymi gardzili, t\u0119 przypowie\u015b\u0107:<\/strong><\/span><br>10&nbsp;\u00abDw\u00f3ch ludzi przysz\u0142o do \u015bwi\u0105tyni, \u017ceby si\u0119 modli\u0107, jeden faryzeusz a drugi celnik.<br>11&nbsp;Faryzeusz stan\u0105\u0142 i tak w duszy si\u0119 modli\u0142: \u201cBo\u017ce, dzi\u0119kuj\u0119 Ci, \u017ce nie jestem jak inni ludzie, zdziercy, oszu\u015bci, cudzo\u0142o\u017cnicy, albo jak i ten celnik.<br>12&nbsp;Zachowuj\u0119 post dwa razy w tygodniu, daj\u0119 dziesi\u0119cin\u0119 ze wszystkiego, co nabywam\u201d.<br>13&nbsp;Natomiast celnik sta\u0142 z daleka i nie \u015bmia\u0142 nawet oczu wznie\u015b\u0107 ku niebu, lecz bi\u0142 si\u0119 w piersi i m\u00f3wi\u0142: \u201cBo\u017ce, miej lito\u015b\u0107 dla mnie, grzesznika!\u201d<br><span style=\"color: #993300;\"><strong>14&nbsp;Powiadam wam: Ten odszed\u0142 do domu usprawiedliwiony, nie tamten. Ka\u017cdy bowiem, kto si\u0119 wywy\u017csza, b\u0119dzie poni\u017cony, a kto si\u0119 uni\u017ca, b\u0119dzie wywy\u017cszony\u00bb<\/strong><\/span><\/p>\n\n\n<div class=\"wp-block-image\">\n<figure class=\"aligncenter size-large is-resized\"><a href=\"https:\/\/commons.wikimedia.org\/wiki\/File:De_Farizee%C3%ABr_en_de_tollenaar_Rijksmuseum_SK-A-2959.jpeg\" target=\"_blank\" rel=\"noopener noreferrer\"><img loading=\"lazy\" decoding=\"async\" src=\"https:\/\/poezjaiewangelia.pl\/wp-content\/uploads\/2020\/05\/Barent-Fabritius-Faryzeusz-i-celnik--1024x333.jpg\" alt=\"Barent Fabritius Faryzeusz i celnik\" class=\"wp-image-8152\" width=\"576\" height=\"188\" title=\"Barent Fabritius Faryzeusz i celnik\"\/><\/a><figcaption class=\"wp-element-caption\"><center><em>Barent Fabritius Faryzeusz i celnik<\/em><\/center><\/figcaption><\/figure>\n<\/div>\n\n\n<h2 class=\"wp-block-heading\"><span style=\"color:#008000\" class=\"has-inline-color\">Refleksja<\/span><\/h2>\n\n\n\n<p><strong>Jan Twardowski<\/strong><\/p>\n\n\n\n<p><strong><em>Nie s\u0105d\u017a<\/em><\/strong><\/p>\n\n\n\n<p>M\u00f3j ty w gor\u0105cej \u015bwi\u0119conej wodzie k\u0105pany<br>prosz\u0119 ci\u0119 nade wszystko<br>nie s\u0105d\u017a przedwcze\u015bnie nikogo<br>ani ascety kt\u00f3ry prowadzi do nieba sam siebie na smyczy<br>ani skrupulata kt\u00f3ry stale przepisuje swoje sumienie<br>tam i z powrotem z czystego na brudno<br>ani szlachetnych a nadmuchanych<br>ani ostrz\u0105cych sztylet lito\u015bci<br>ani \u017cmijki serca<br>ani<br>deklamuj\u0105cych: polna myszka siedzi sobie konfesjona\u0142 z\u0105bkiem skrobie \u2013<br>ani stukaj\u0105cych do nieba w kaloszach<br>ani pesymizmu tak g\u0142\u0119bokiego \u017ce ka\u017ce szuka\u0107<br>ani tych dla kt\u00f3rych \u015bmier\u0107 jest tylko ostatni\u0105 urz\u0119dow\u0105 formalno\u015bci\u0105<br>ani tych po kt\u00f3rych zostaj\u0105 portrety jak dostojne ma\u0142py<\/p>\n\n\n\n<p><em><strong>\u201cnie przyszed\u0142em pana nawraca\u0107.\u201d, Warszawa 1986, str. 140<\/strong><\/em><\/p>\n\n\n\n<p><strong>Jan Twardowski<\/strong><\/p>\n\n\n\n<p><em><strong>Pewno\u015b\u0107 niepewno\u015bci<\/strong><\/em><\/p>\n\n\n\n<p>Dzi\u0119kuj\u0119 Ci za to<br>\u017ce niedom\u00f3wionego nie domawia\u0142e\u015b<br>niedoko\u0144czonego nie ko\u0144czy\u0142e\u015b<br>nieudowodnionego nie udowadnia\u0142e\u015b<\/p>\n\n\n\n<p>dzi\u0119kuj\u0119 Ci za to<br>\u017ce by\u0142e\u015b pewny \u017ce niepewny<br>\u017ce wierzy\u0142e\u015b w mo\u017cliwe niemo\u017cliwe<br>\u017ce nie wiedzia\u0142e\u015b na religii co dalej<br>i \u0142za Ci stan\u0119\u0142a w gardle jak pestka<br>za to \u017ce b\u0119d\u0105c takim jakim jeste\u015b<br>nie m\u00f3wi\u0105c<br>powiedzia\u0142e\u015b mi tyle o Bogu<\/p>\n\n\n\n<p><em><strong>\u00abnie przyszed\u0142em pana nawraca\u0107\u00bb, Warszawa 1986, str. 268<\/strong><\/em><\/p>\n\n\n<div class=\"wp-block-image\">\n<figure class=\"alignright size-large is-resized\"><a href=\"http:\/\/www.creationism.org\/images\/DoreBibleIllus\/tLuk1811Dore_ThePhariseeAndThePublican.jpg\" target=\"_blank\" rel=\"noopener noreferrer\"><img loading=\"lazy\" decoding=\"async\" src=\"https:\/\/poezjaiewangelia.pl\/wp-content\/uploads\/2015\/12\/f78226fb79a40d7a294dc3c17643b0b0-e1461082430719.jpg\" alt=\"Gustave Dor\u00e9 Faryzeusz i Celnik\" class=\"wp-image-2906\" width=\"306\" height=\"413\" title=\"Gustave Dor\u00e9 Faryzeusz i Celnik\"\/><\/a><figcaption class=\"wp-element-caption\"><center><em>Gustave Dor\u00e9 Faryzeusz i Celnik<\/em><\/center><\/figcaption><\/figure>\n<\/div>\n\n\n<p><strong>Wac\u0142aw Oszajca<\/strong><\/p>\n\n\n\n<p><strong><em>Psalm boj\u0105cych si\u0119 grzechu<\/em><\/strong><\/p>\n\n\n\n<p>nie zgrzeszyli\u015bmy przeciwko Tobie<br>nie plami nas krew bli\u017aniego<br>zielonej duszy my\u015bmy z twardej piersi drzew nie wyrywali<br>ognia pod cudzy dom nasza r\u0119ka nie podk\u0142ada\u0142a<br>ani nasz j\u0119zyk nie grodzi\u0142 z nienawistnych s\u0142\u00f3w<br>p\u0142otu wok\u00f3\u0142 dobrego imienia s\u0105siada<br>nasze wargi nigdy nie oplu\u0142y wrogiej twarzy<br>nasze r\u0119ce nie trzyma\u0142y nigdy karabinu<br>ani te\u017c nie sterowa\u0142y bombowcami<br>nie ci\u0105\u017cy na nas \u017caden napad na bank ani wielkie manko<br>nigdy nie gwa\u0142cili\u015bmy c\u00f3rek przyjaci\u00f3\u0142<br>ani nie uwodzili \u017con koleg\u00f3w z pracy<\/p>\n\n\n\n<p>zmi\u0142uj si\u0119 nad nami Panie<\/p>\n\n\n\n<p>gdy\u017c przeszli\u015bmy nie zostawiwszy najmniejszego \u015bladu<\/p>\n\n\n\n<p><em><strong>\u201e\u2026Ty za blisko, my za daleko\u2026\u201d, Lublin 1985, str.94<\/strong><\/em><\/p>\n\n\n\n<p style=\"text-align: center;\"><span style=\"color: #1e73be;\"><a style=\"color: #1e73be;\" href=\"https:\/\/poezjaiewangelia.pl\/?page_id=5439#Gora\">Do g\u00f3ry<\/a><\/span><\/p>\n","protected":false},"excerpt":{"rendered":"<p>i &nbsp; 30 Niedziela zwyk\u0142a rok A 30 Niedziela zwyk\u0142a rok B 30 Niedziela zwyk\u0142a rok C Powr\u00f3t do Niedziele zwyk\u0142e, Niedziele zwyk\u0142e 30 \u2013 34,&nbsp; &nbsp;&nbsp;Powr\u00f3t do Linki Rok A:&nbsp;Ewangelia: Mt 22, 34 \u2013 40; Najwi\u0119ksze przykazanie 34&nbsp;Gdy faryzeusze dowiedzieli si\u0119, \u017ce zamkn\u0105\u0142 usta saduceuszom, zebrali si\u0119 razem,35&nbsp;a jeden z nich, uczony w Prawie, &hellip; <a href=\"https:\/\/poezjaiewangelia.pl\/?page_id=5439\" class=\"more-link\">Czytaj dalej <span class=\"screen-reader-text\">30 Niedziela zwyk\u0142a rok A, B, C;<\/span><\/a><\/p>\n","protected":false},"author":1,"featured_media":0,"parent":5369,"menu_order":1,"comment_status":"closed","ping_status":"closed","template":"","meta":{"_monsterinsights_skip_tracking":false,"_monsterinsights_sitenote_active":false,"_monsterinsights_sitenote_note":"","_monsterinsights_sitenote_category":0,"footnotes":""},"class_list":["post-5439","page","type-page","status-publish","hentry"],"aioseo_notices":[],"_links":{"self":[{"href":"https:\/\/poezjaiewangelia.pl\/index.php?rest_route=\/wp\/v2\/pages\/5439","targetHints":{"allow":["GET"]}}],"collection":[{"href":"https:\/\/poezjaiewangelia.pl\/index.php?rest_route=\/wp\/v2\/pages"}],"about":[{"href":"https:\/\/poezjaiewangelia.pl\/index.php?rest_route=\/wp\/v2\/types\/page"}],"author":[{"embeddable":true,"href":"https:\/\/poezjaiewangelia.pl\/index.php?rest_route=\/wp\/v2\/users\/1"}],"replies":[{"embeddable":true,"href":"https:\/\/poezjaiewangelia.pl\/index.php?rest_route=%2Fwp%2Fv2%2Fcomments&post=5439"}],"version-history":[{"count":20,"href":"https:\/\/poezjaiewangelia.pl\/index.php?rest_route=\/wp\/v2\/pages\/5439\/revisions"}],"predecessor-version":[{"id":10245,"href":"https:\/\/poezjaiewangelia.pl\/index.php?rest_route=\/wp\/v2\/pages\/5439\/revisions\/10245"}],"up":[{"embeddable":true,"href":"https:\/\/poezjaiewangelia.pl\/index.php?rest_route=\/wp\/v2\/pages\/5369"}],"wp:attachment":[{"href":"https:\/\/poezjaiewangelia.pl\/index.php?rest_route=%2Fwp%2Fv2%2Fmedia&parent=5439"}],"curies":[{"name":"wp","href":"https:\/\/api.w.org\/{rel}","templated":true}]}}