{"id":55,"date":"2015-11-29T17:58:26","date_gmt":"2015-11-29T17:58:26","guid":{"rendered":"http:\/\/ewangelia-w-poezji.home.pl\/autoinstalator\/wordpress1\/?page_id=55"},"modified":"2022-07-10T16:49:57","modified_gmt":"2022-07-10T15:49:57","slug":"boze-narodzenie","status":"publish","type":"page","link":"https:\/\/poezjaiewangelia.pl\/?page_id=55","title":{"rendered":"Bo\u017ce Narodzenie"},"content":{"rendered":"\n<div class=\"wp-block-columns is-layout-flex wp-container-core-columns-is-layout-9d6595d7 wp-block-columns-is-layout-flex\">\n<div class=\"wp-block-column is-layout-flow wp-block-column-is-layout-flow\"><div class=\"wp-block-image\">\n<figure class=\"alignright size-large is-resized\"><a href=\"https:\/\/www.wga.hu\/framex-e.html?file=html\/a\/angelico\/09\/cells\/05_nativ.html&amp;find=Nativity\" target=\"_blank\" rel=\"noopener noreferrer\"><img loading=\"lazy\" decoding=\"async\" src=\"https:\/\/poezjaiewangelia.pl\/wp-content\/uploads\/2016\/03\/Fra-Angelico-Narodziny-e1461936452694.jpg\" alt=\"Fra Angelico Narodziny\" class=\"wp-image-2176\" width=\"361\" height=\"421\" title=\"Fra Angelico Narodziny\"\/><\/a><figcaption><center><em>Fra Angelico Narodziny<\/em><\/center><\/figcaption><\/figure>\n<\/div><\/div>\n\n\n\n<div class=\"wp-block-column is-layout-flow wp-block-column-is-layout-flow\">\n<p><span style=\"color: #ffff00;\">i<a id=\"S55\"><\/a><\/span><\/p>\n\n\n<div class=\"wp-block-image\">\n<figure class=\"alignleft size-large\"><a href=\"https:\/\/poezjaiewangelia.pl\/wp-content\/uploads\/2018\/10\/R\u00f3\u017ca-bia\u0142a-e1592148272533.png\"><img loading=\"lazy\" decoding=\"async\" width=\"150\" height=\"150\" src=\"https:\/\/poezjaiewangelia.pl\/wp-content\/uploads\/2018\/10\/R\u00f3\u017ca-bia\u0142a-e1592148272533.png\" alt=\"Kolor szat\" class=\"wp-image-4591\"\/><\/a><figcaption>Kolor szat<\/figcaption><\/figure>\n<\/div>\n\n\n\n\n<p>\u00a0<\/p>\n<p>\u00a0<\/p>\n<p>\u00a0<\/p>\n<p>\u00a0<\/p>\n<p>\u00a0<\/p>\n<p>\u00a0<\/p>\n<p><span style=\"color: #1e73be; font-family: georgia, palatino, serif;\"><a style=\"color: #1e73be;\" href=\"https:\/\/poezjaiewangelia.pl\/?page_id=446#S446\">\u015awi\u0119ta Bo\u017cego Narodzenia<\/a><\/span><\/p>\n<p><span style=\"color: #1e73be; font-family: georgia, palatino, serif;\"><a style=\"color: #1e73be;\" href=\"https:\/\/poezjaiewangelia.pl\/?page_id=347#S347\">Niedziele Bo\u017cego Narodzenia<\/a><\/span><\/p>\n<p>\u00a0<\/p>\n<p><span style=\"font-family: georgia, palatino, serif;\"><span style=\"color: #1e73be;\">\u00a0<a style=\"color: #1e73be;\" href=\"https:\/\/poezjaiewangelia.pl\/?page_id=703#S703\">Powr\u00f3t do <\/a><\/span><a href=\"https:\/\/poezjaiewangelia.pl\/?page_id=703#S703\"><span style=\"color: #1e73be;\">Linki<\/span><\/a><\/span><\/p>\n<\/div>\n<\/div>\n\n\n\n<figure class=\"wp-block-image size-full\"><a href=\"https:\/\/www.wga.hu\/html\/a\/angelico\/00\/11fieso1.html\" target=\"_blank\" rel=\"noopener\"><img loading=\"lazy\" decoding=\"async\" width=\"2410\" height=\"350\" src=\"https:\/\/poezjaiewangelia.pl\/wp-content\/uploads\/2018\/11\/Fra-Angelico-Predella-w-o\u0142tarzu-San-Domenico-w-Fiesole.jpg\" alt=\"Fra Angelico Predella w o\u0142tarzu San Domenico w Fiesole\" class=\"wp-image-5546\"\/><\/a><figcaption>Fra Angelico <em>Predella w o\u0142tarzu San Domenico w Fiesole<\/em><\/figcaption><\/figure>\n","protected":false},"excerpt":{"rendered":"<p>i \u00a0 \u00a0 \u00a0 \u00a0 \u00a0 \u00a0 \u015awi\u0119ta Bo\u017cego Narodzenia Niedziele Bo\u017cego Narodzenia \u00a0 \u00a0Powr\u00f3t do Linki<\/p>\n","protected":false},"author":1,"featured_media":0,"parent":0,"menu_order":2,"comment_status":"closed","ping_status":"closed","template":"","meta":{"_monsterinsights_skip_tracking":false,"_monsterinsights_sitenote_active":false,"_monsterinsights_sitenote_note":"","_monsterinsights_sitenote_category":0,"footnotes":""},"class_list":["post-55","page","type-page","status-publish","hentry"],"aioseo_notices":[],"_links":{"self":[{"href":"https:\/\/poezjaiewangelia.pl\/index.php?rest_route=\/wp\/v2\/pages\/55","targetHints":{"allow":["GET"]}}],"collection":[{"href":"https:\/\/poezjaiewangelia.pl\/index.php?rest_route=\/wp\/v2\/pages"}],"about":[{"href":"https:\/\/poezjaiewangelia.pl\/index.php?rest_route=\/wp\/v2\/types\/page"}],"author":[{"embeddable":true,"href":"https:\/\/poezjaiewangelia.pl\/index.php?rest_route=\/wp\/v2\/users\/1"}],"replies":[{"embeddable":true,"href":"https:\/\/poezjaiewangelia.pl\/index.php?rest_route=%2Fwp%2Fv2%2Fcomments&post=55"}],"version-history":[{"count":85,"href":"https:\/\/poezjaiewangelia.pl\/index.php?rest_route=\/wp\/v2\/pages\/55\/revisions"}],"predecessor-version":[{"id":9897,"href":"https:\/\/poezjaiewangelia.pl\/index.php?rest_route=\/wp\/v2\/pages\/55\/revisions\/9897"}],"wp:attachment":[{"href":"https:\/\/poezjaiewangelia.pl\/index.php?rest_route=%2Fwp%2Fv2%2Fmedia&parent=55"}],"curies":[{"name":"wp","href":"https:\/\/api.w.org\/{rel}","templated":true}]}}