{"id":5552,"date":"2018-12-01T12:40:17","date_gmt":"2018-12-01T11:40:17","guid":{"rendered":"https:\/\/poezjaiewangelia.pl\/?page_id=5552"},"modified":"2022-07-12T18:04:39","modified_gmt":"2022-07-12T17:04:39","slug":"spis-stron","status":"publish","type":"page","link":"https:\/\/poezjaiewangelia.pl\/?page_id=5552","title":{"rendered":"5 Niedziela Wielkanocna rok B"},"content":{"rendered":"\n<p><span style=\"color: #1e73be;\"><a style=\"color: #1e73be;\" href=\"https:\/\/poezjaiewangelia.pl\/?page_id=59#S59\">Powr\u00f3t do Wielkanoc,<\/a>&nbsp;<\/span><a id=\"S5552\"><\/a><span style=\"color: #1e73be;\"><a style=\"color: #1e73be;\" href=\"https:\/\/poezjaiewangelia.pl\/?page_id=126#S126\"> Niedziele Wielkanocne rok B, <\/a><\/span><a id=\"Gora\"><\/a><span style=\"color: #1e73be;\">&nbsp;&nbsp;<a style=\"color: #1e73be;\" href=\"https:\/\/poezjaiewangelia.pl\/?page_id=703#S703\">Powr\u00f3t do Linki<\/a><\/span><\/p>\n\n\n<div class=\"wp-block-image\">\n<figure class=\"alignright size-large\"><img loading=\"lazy\" decoding=\"async\" width=\"150\" height=\"150\" src=\"https:\/\/poezjaiewangelia.pl\/wp-content\/uploads\/2018\/10\/R\u00f3\u017ca-bia\u0142a-e1592148272533.png\" alt=\"Kolor szat\" class=\"wp-image-4591\"\/><figcaption>Kolor szat<\/figcaption><\/figure>\n<\/div>\n\n<div class=\"wp-block-image\">\n<figure class=\"alignleft\"><a href=\"https:\/\/www.wga.hu\/framex-e.html?file=html\/v\/veronese\/04_1570s\/1resurre.html&amp;find=Resurrection\" target=\"_blank\" rel=\"noopener noreferrer\"><img decoding=\"async\" src=\"https:\/\/poezjaiewangelia.pl\/wp-content\/uploads\/2015\/12\/Paolo-Veronese-Zmartwychwstanie.jpg\" alt=\"Paolo Veronese Zmartwychwstanie (detal)\" title=\"Paolo Veronese Zmartwychwstanie (detal)\"\/><\/a><\/figure>\n<\/div>\n\n\n<hr class=\"wp-block-separator has-text-color has-luminous-vivid-amber-color has-css-opacity has-luminous-vivid-amber-background-color has-background is-style-dots\"\/>\n\n\n\n<p><strong>Ewangelia: J 15, 1 \u2013 8;<\/strong><\/p>\n\n\n\n<h2 class=\"wp-block-heading\"><strong><span style=\"color:#3366ff\" class=\"has-inline-color\">S\u0141OWO BO\u017bE<\/span><\/strong><\/h2>\n\n\n\n<p><strong>Zjednoczenie z Chrystusem<\/strong><\/p>\n<p>1 Ja jestem prawdziwym krzewem winnym, a Ojciec m\u00f3j jest tym, kt\u00f3ry [go] uprawia.<br \/>2 Ka\u017cd\u0105 latoro\u015bl, kt\u00f3ra we Mnie nie przynosi owocu, odcina, a ka\u017cd\u0105, kt\u00f3ra przynosi owoc, oczyszcza, aby przynosi\u0142a owoc obfitszy.<br \/>3 Wy ju\u017c jeste\u015bcie czy\u015bci dzi\u0119ki s\u0142owu, kt\u00f3re wypowiedzia\u0142em do was.<br \/>4 Wytrwajcie we Mnie, a Ja [b\u0119d\u0119 trwa\u0142] w was. Podobnie jak latoro\u015bl nie mo\u017ce przynosi\u0107 owocu sama z siebie \u2013 je\u015bli nie trwa w winnym krzewie \u2013 tak samo i wy, je\u017celi we Mnie trwa\u0107 nie b\u0119dziecie.<br \/><span style=\"color: #993300;\"><strong>5 Ja jestem krzewem winnym, wy \u2013 latoro\u015blami. Kto trwa we Mnie, a Ja w nim, ten przynosi owoc obfity, poniewa\u017c beze Mnie nic nie mo\u017cecie uczyni\u0107.<\/strong><\/span><br \/>6 Ten, kto we Mnie nie trwa, zostanie wyrzucony jak winna latoro\u015bl i uschnie. I zbiera si\u0119 j\u0105, i wrzuca do ognia, i p\u0142onie.<br \/><span style=\"color: #993300;\"><strong>7 Je\u017celi we Mnie trwa\u0107 b\u0119dziecie, a s\u0142owa moje w was, popro\u015bcie, o cokolwiek chcecie, a to wam si\u0119 spe\u0142ni.<\/strong><\/span><br \/>8 Ojciec m\u00f3j przez to dozna chwa\u0142y, \u017ce owoc obfity przyniesiecie i staniecie si\u0119 moimi uczniami.<\/p>\n\n\n\n<h2 class=\"wp-block-heading\"><strong><span style=\"color:#3366ff\" class=\"has-inline-color\">REFLEKSJA<\/span><\/strong><\/h2>\n\n\n<div class=\"wp-block-image\">\n<figure class=\"alignright size-large is-resized\"><a href=\"https:\/\/www.wga.hu\/framex-e.html?file=html\/l\/lopez\/father\/trinity.html&amp;find=Trinity\" target=\"_blank\" rel=\"noopener noreferrer\"><img loading=\"lazy\" decoding=\"async\" src=\"https:\/\/poezjaiewangelia.pl\/wp-content\/uploads\/2015\/11\/4a85fbe02ba3b76e08a935980dc6c658-e1462205554836.jpg\" alt=\"Vicente L\u00f3pez y Porta\u00f1a Adoracja Tr\u00f3jcy \u015awi\u0119tej\" class=\"wp-image-2781\" width=\"322\" height=\"458\" title=\"Vicente L\u00f3pez y Porta\u00f1a Adoracja Tr\u00f3jcy \u015awi\u0119tej\"\/><\/a><figcaption><center><em>Vicente L\u00f3pez y Porta\u00f1a Adoracja Tr\u00f3jcy \u015awi\u0119tej<\/em><\/center><\/figcaption><\/figure>\n<\/div>\n\n\n<p><strong>Jan Twardowski<\/strong><\/p>\n\n\n\n<p><em><strong>Jak si\u0119 nazywa<\/strong><\/em><\/p>\n\n\n\n<p>Jak si\u0119 nazywa to nienazwane<br>jak si\u0119 nazywa to co uderzy\u0142o<br>ten smutek co nie \u0142\u0105czy a rozdziela<br>przyja\u017a\u0144 lub inaczej mi\u0142o\u015b\u0107 niemo\u017cliwa<br>to co biegnie naprzeciw a by\u0142o rozstaniem<br>wci\u0105\u017c najwa\u017cniejsze co przechodzi mimo<br>przykro\u015b\u0107 byle jaka jak ch\u0142odny skurcz w piersi<\/p>\n\n\n\n<p>ta straszna pustka co graniczy z Bogiem<\/p>\n\n\n\n<p>to \u017ce je\u015bli nie wiesz dok\u0105d i\u015b\u0107<br>sama ci\u0119 droga poprowadzi<\/p>\n\n\n\n<p><em><strong>\u00abnie przyszed\u0142em pana nawraca\u0107\u00bb, Warszawa 1986, str. 217<\/strong><\/em><\/p>\n\n\n\n<p><strong>Roman Indrzejczyk<\/strong><\/p>\n\n\n\n<p><em><strong>Modlitwa cz\u0142owieka natarczywego<\/strong><\/em><\/p>\n\n\n\n<p>Ja tak bardzo prosz\u0119<br>i b\u0142agam Ci\u0119, Panie\u2026<br>Mo\u017ce nie mam prawa,<br>lecz uparcie wierz\u0119 w Twoje dobre serce.<br>Spe\u0142nij moj\u0105 pro\u015bb\u0119,<br>nie pro\u015bb\u0119 \u2013 pragnienie.<br>Wierz\u0119, \u017ce wys\u0142uchasz,<br>\u017ce ,,to wszystko\u201d zmienisz<br>i przywr\u00f3cisz zdrowie i spok\u00f3j i rado\u015b\u0107.<br>Przecie\u017c wszystko mo\u017cesz,<br>nawet cud uczyni\u0107\u2026<br>Na cud oczekuj\u0119, jak biblijny Naaman<br>i wr\u0119cz nie dopuszczam, \u017ceby\u015b nie chcia\u0142 sprawi\u0107\u2026<\/p>\n\n\n\n<p>Nie gniewaj si\u0119, Panie,<br>wybacz natarczywo\u015b\u0107.<br>Czy jest to szale\u0144stwo,<br>czy ja blu\u017ani\u0119, Bo\u017ce, tym swoim b\u0142aganiem?<\/p>\n\n\n\n<p>Tak du\u017co jest w \u015bwiecie<br>wielkich, wa\u017cnych rzeczy,<br>kt\u00f3re trzeba zmieni\u0107, poprawi\u0107, uzdrowi\u0107<br>A ja Ciebie m\u0119cz\u0119<br>tak\u0105 ,,zwyk\u0142\u0105\u201d spraw\u0105 zwyk\u0142ego cz\u0142owieka<br>z uporem natr\u0119ta<br>i z wiar\u0105 jak ogie\u0144.<br>Wybacz, zr\u00f3b co\u015b ze mn\u0105,<br>skar\u0107, je\u017celi trzeba, ale pro\u015bb\u0119 spe\u0142nij\u2026<br>dotknij swoj\u0105 \u0142ask\u0105!<br>Nie pozw\u00f3l zagin\u0105\u0107,<br>w Twoj\u0105 mi\u0142o\u015b\u0107 zw\u0105tpi\u0107.<br>Ze\u015blij ocalenie,<br>przywr\u00f3\u0107 u\u015bmiech, Panie.<\/p>\n\n\n\n<p><em><strong>\u00abI niech tak zostanie\u00bb, Warszawa 2005, str. 21<\/strong><\/em><\/p>\n\n\n\n<p><strong>Wojciech B\u0105k<\/strong><\/p>\n\n\n\n<p><em><strong>Modlitwa<\/strong><\/em><\/p>\n\n\n\n<p>Nie modl\u0119 si\u0119 o chleb i mas\u0142o,<br>O cie\u0144 topoli ponad g\u0142ow\u0105.<br>O dom zaciszny \u2014 mi\u0142\u0105 w\u0142asno\u015b\u0107<br>O my\u015bl przejrzyst\u0105, pie\u015b\u0144 miarow\u0105.<\/p>\n\n\n\n<p>Nie modl\u0119 si\u0119 o deszcz ni s\u0142o\u0144ce,<br>O \u017cniwo, zdrowie, g\u0142o\u015bn\u0105 s\u0142aw\u0119 \u2014<br>O dni jak \u017cona u\u015bmiechni\u0119te,<br>Jak matka czu\u0142e i \u0142askawe.<\/p>\n\n\n\n<p>O to, by\u015b grzechy me jak popi\u00f3\u0142<br>Rozwia\u0142 w niepami\u0119\u0107 wichrem nag\u0142ym \u2014<br>I wstrzyma\u0142 kl\u0119sk\u0119 jako pi\u0119\u015bci,<br>Kt\u00f3re na plecy me opad\u0142y.<\/p>\n\n\n\n<p>Nie modl\u0119 si\u0119 o nic. Nie stawiam<br>Ci tak\u017ce stos\u00f3w i o\u0142tarzy,<br>Nie zakupuj\u0119 mszy b\u0142agalnych<br>Ni feretron\u00f3w i obraz\u00f3w.<\/p>\n\n\n\n<p>Nie chwal\u0119 nawet wznios\u0142ym hymnem,<br>Kt\u00f3ry by wielko\u015b\u0107 Tw\u0105 wy\u015bpiewa\u0142<br>Wybucham tylko tym zachwytem,<br>Kt\u00f3ry mi nagle pier\u015b zalewa.<\/p>\n\n\n\n<p>To jest modlitwa ma. Ten zachwyt,<br>Co bez przyczyny jest i celu \u2014<br>I pier\u015b rozdziera, w gardle d\u0142awi<br>I pali ogniem w ca\u0142ym ciele.<\/p>\n\n\n\n<p>To jest modlitwa moja ca\u0142a \u2014<br>0, nie prosz\u0105ca, nie pochwalna \u2014<br>Modlitwa moja nierozumna,<br>Modlitwa moja ca\u0142opalna!<\/p>\n\n\n\n<p><em><strong>\u00abZ g\u0142\u0119boko\u015bci\u2026Antologia polskiej modlitwy poetyckiej\u00bb, T. 2, Warszawa 1974, str. 219<\/strong><\/em><\/p>\n\n\n\n<p><strong>Jan Twardowski<\/strong><\/p>\n\n\n\n<p><em><strong>Prostuje<\/strong><\/em><\/p>\n\n\n\n<p>Nie wiem co by\u0142o nie wiem co si\u0119 sta\u0142o<br>wstyd mnie ogarn\u0105\u0142<br>od \u0142ez w oczach ciemniej<br>i tyle grzech\u00f3w razem zap\u0142aka\u0142o<br>jakby B\u00f3g zst\u0105pi\u0142<br>i ukry\u0142 si\u0119 we mnie<\/p>\n\n\n\n<p>potem ju\u017c tylko pacierz co prostuje wiar\u0119<br>dziecko co tak kocha<br>\u017ce nic nie rozumie<\/p>\n\n\n\n<p><em><strong>\u00abABC ksi\u0119dza Twardowskiego. Rok B\u00bb, Warszawa 2002, str. 55<\/strong><\/em><\/p>\n\n\n\n<p class=\"has-text-align-center\"><a href=\"https:\/\/poezjaiewangelia.pl\/?page_id=5552#Gora\"><span style=\"color:#1e73be\" class=\"has-inline-color\">Do g\u00f3ry<\/span><\/a><\/p>\n","protected":false},"excerpt":{"rendered":"<p>Powr\u00f3t do Wielkanoc,&nbsp; Niedziele Wielkanocne rok B, &nbsp;&nbsp;Powr\u00f3t do Linki Ewangelia: J 15, 1 \u2013 8; Zjednoczenie z Chrystusem 1 Ja jestem prawdziwym krzewem winnym, a Ojciec m\u00f3j jest tym, kt\u00f3ry [go] uprawia.2 Ka\u017cd\u0105 latoro\u015bl, kt\u00f3ra we Mnie nie przynosi owocu, odcina, a ka\u017cd\u0105, kt\u00f3ra przynosi owoc, oczyszcza, aby przynosi\u0142a owoc obfitszy.3 Wy ju\u017c jeste\u015bcie &hellip; <a href=\"https:\/\/poezjaiewangelia.pl\/?page_id=5552\" class=\"more-link\">Czytaj dalej <span class=\"screen-reader-text\">5 Niedziela Wielkanocna rok B<\/span><\/a><\/p>\n","protected":false},"author":1,"featured_media":0,"parent":126,"menu_order":3,"comment_status":"closed","ping_status":"closed","template":"","meta":{"_monsterinsights_skip_tracking":false,"_monsterinsights_sitenote_active":false,"_monsterinsights_sitenote_note":"","_monsterinsights_sitenote_category":0,"footnotes":""},"class_list":["post-5552","page","type-page","status-publish","hentry"],"aioseo_notices":[],"_links":{"self":[{"href":"https:\/\/poezjaiewangelia.pl\/index.php?rest_route=\/wp\/v2\/pages\/5552","targetHints":{"allow":["GET"]}}],"collection":[{"href":"https:\/\/poezjaiewangelia.pl\/index.php?rest_route=\/wp\/v2\/pages"}],"about":[{"href":"https:\/\/poezjaiewangelia.pl\/index.php?rest_route=\/wp\/v2\/types\/page"}],"author":[{"embeddable":true,"href":"https:\/\/poezjaiewangelia.pl\/index.php?rest_route=\/wp\/v2\/users\/1"}],"replies":[{"embeddable":true,"href":"https:\/\/poezjaiewangelia.pl\/index.php?rest_route=%2Fwp%2Fv2%2Fcomments&post=5552"}],"version-history":[{"count":22,"href":"https:\/\/poezjaiewangelia.pl\/index.php?rest_route=\/wp\/v2\/pages\/5552\/revisions"}],"predecessor-version":[{"id":9997,"href":"https:\/\/poezjaiewangelia.pl\/index.php?rest_route=\/wp\/v2\/pages\/5552\/revisions\/9997"}],"up":[{"embeddable":true,"href":"https:\/\/poezjaiewangelia.pl\/index.php?rest_route=\/wp\/v2\/pages\/126"}],"wp:attachment":[{"href":"https:\/\/poezjaiewangelia.pl\/index.php?rest_route=%2Fwp%2Fv2%2Fmedia&parent=5552"}],"curies":[{"name":"wp","href":"https:\/\/api.w.org\/{rel}","templated":true}]}}