{"id":5559,"date":"2019-04-05T15:24:27","date_gmt":"2019-04-05T14:24:27","guid":{"rendered":"https:\/\/poezjaiewangelia.pl\/?page_id=5559"},"modified":"2024-05-15T23:42:19","modified_gmt":"2024-05-15T22:42:19","slug":"swieto-chrystusa-najwyzszego-i-wiecznego-kaplana-czwartek-po-pentecoste","status":"publish","type":"page","link":"https:\/\/poezjaiewangelia.pl\/?page_id=5559","title":{"rendered":"\u015awi\u0119to Chrystusa Najwy\u017cszego i Wiecznego Kap\u0142ana rok A, B, C; (czwartek po Pentecoste)"},"content":{"rendered":"\n<p><span style=\"color: #ffff00;\">i<a id=\"S5559\"><\/a><a id=\"Gora\"><\/a><\/span><\/p>\n\n\n<div class=\"wp-block-image\">\n<figure class=\"aligncenter size-large is-resized\"><a href=\"https:\/\/www.wga.hu\/html\/u\/ugolino\/nerio\/1\/4prede1.html\" target=\"_blank\" rel=\"noopener noreferrer\"><img loading=\"lazy\" decoding=\"async\" width=\"1024\" height=\"671\" src=\"https:\/\/poezjaiewangelia.pl\/wp-content\/uploads\/2020\/06\/Ugolino-di-Nerio-Ostatnia-Wieczerza-1024x671.jpg\" alt=\"Ugolino di Nerio Ostatnia Wieczerza.\" class=\"wp-image-8534\" style=\"width:489px;height:320px\" title=\"Ugolino di Nerio Ostatnia Wieczerza.\"\/><\/a><figcaption class=\"wp-element-caption\"><center><em>Ugolino di Nerio Ostatnia Wieczerza.<\/em><\/center><\/figcaption><\/figure>\n<\/div>\n\n<div class=\"wp-block-image\">\n<figure class=\"alignright size-large\"><img loading=\"lazy\" decoding=\"async\" width=\"150\" height=\"150\" src=\"https:\/\/poezjaiewangelia.pl\/wp-content\/uploads\/2018\/10\/R\u00f3\u017ca-bia\u0142a-e1592148272533.png\" alt=\"Kolor szat\" class=\"wp-image-4591\"\/><figcaption class=\"wp-element-caption\">Kolor szat<\/figcaption><\/figure>\n<\/div>\n\n\n<hr class=\"wp-block-separator has-text-color has-luminous-vivid-amber-color has-css-opacity has-luminous-vivid-amber-background-color has-background is-style-dots\"\/>\n\n\n\n<p><span style=\"color: #1e73be;\"><a style=\"color: #1e73be;\" href=\"https:\/\/poezjaiewangelia.pl\/?page_id=5559#RokA\">Rok A,<\/a>&nbsp; <a style=\"color: #1e73be;\" href=\"https:\/\/poezjaiewangelia.pl\/?page_id=5559#RokB\">&nbsp;Rok B,<\/a>&nbsp; &nbsp;<a style=\"color: #1e73be;\" href=\"https:\/\/poezjaiewangelia.pl\/?page_id=5559#RokC\">Rok C:<\/a><\/span><\/p>\n\n\n\n<hr class=\"wp-block-separator has-text-color has-luminous-vivid-amber-color has-css-opacity has-luminous-vivid-amber-background-color has-background is-style-dots\"\/>\n\n\n\n<p><span style=\"color: #1e73be;\"><a style=\"color: #1e73be;\" href=\"https:\/\/poezjaiewangelia.pl\/?page_id=63#S63\">Powr\u00f3t do \u015awi\u0119ta,<\/a>&nbsp; <a style=\"color: #1e73be;\" href=\"https:\/\/poezjaiewangelia.pl\/?page_id=4779#S4779\">Uroczysto\u015bci i \u015bwi\u0119ta ruchome V \u2013 VI,&nbsp;<\/a> <a id=\"RokA\" style=\"color: #1e73be;\"><\/a>&nbsp;&nbsp;<a style=\"color: #1e73be;\" href=\"https:\/\/poezjaiewangelia.pl\/?page_id=703#S703\">Powr\u00f3t do Linki<\/a><\/span><\/p>\n\n\n<div class=\"wp-block-image\">\n<figure class=\"alignleft size-large\"><a href=\"http:\/\/www.wga.hu\/cgi-bin\/highlight.cgi?file=html\/j\/juanes\/1lastsup.html&amp;find=The+Last+Supper+\" target=\"_blank\" rel=\"noopener noreferrer\"><img loading=\"lazy\" decoding=\"async\" width=\"100\" height=\"115\" src=\"https:\/\/poezjaiewangelia.pl\/wp-content\/uploads\/2015\/12\/Juan-de-Juanes-Ostatnia-Wieczerza1-e1457122308191.jpg\" alt=\"Juan de Juanes Ostatnia Wieczerza\" class=\"wp-image-419\" title=\"Juan de Juanes Ostatnia Wieczerza\"\/><\/a><\/figure>\n<\/div>\n\n\n<hr class=\"wp-block-separator has-text-color has-luminous-vivid-amber-color has-css-opacity has-luminous-vivid-amber-background-color has-background is-style-dots\"\/>\n\n\n\n<p><strong><strong>Chrystusa Kap\u0142ana r<\/strong>ok A: Mt 26, 36-42;<\/strong><\/p>\n\n\n\n<h2 class=\"wp-block-heading\"><strong><span class=\"has-inline-color has-luminous-vivid-orange-color\">S\u0141OWO BO\u017bE<\/span><\/strong><\/h2>\n\n\n\n<p><strong>Modlitwa i trwoga konania<\/strong><\/p>\n<p>36 Wtedy przyszed\u0142 Jezus z nimi do ogrodu, zwanego Getsemani i rzek\u0142 do uczni\u00f3w: \u00abUsi\u0105d\u017acie tu, Ja tymczasem odejd\u0119 tam i b\u0119d\u0119 si\u0119 modli\u0142\u00bb. <br>37 Wzi\u0105wszy z sob\u0105 Piotra i dw\u00f3ch syn\u00f3w Zebedeusza, pocz\u0105\u0142 si\u0119 smuci\u0107 i odczuwa\u0107 trwog\u0119.<br>38 Wtedy rzek\u0142 do nich: \u00abSmutna jest moja dusza a\u017c do \u015bmierci; zosta\u0144cie tu i czuwajcie ze Mn\u0105!\u00bb<br>39 I odszed\u0142szy nieco dalej, upad\u0142 na twarz i modli\u0142 si\u0119 tymi s\u0142owami: \u00abOjcze m\u00f3j, je\u015bli to mo\u017cliwe, niech Mnie ominie ten kielich! Wszak\u017ce nie jak Ja chc\u0119, ale jak Ty\u00bb.<br>40 Potem przyszed\u0142 do uczni\u00f3w i zasta\u0142 ich \u015bpi\u0105cych. Rzek\u0142 wi\u0119c do Piotra: \u00abTak, jednej godziny nie mogli\u015bcie czuwa\u0107 ze Mn\u0105?<br><strong><span style=\"color: #993300;\">41 Czuwajcie i m\u00f3dlcie si\u0119, aby\u015bcie nie ulegli pokusie; duch wprawdzie ochoczy, ale cia\u0142o s\u0142abe\u00bb.<\/span><\/strong><br>42 Powt\u00f3rnie odszed\u0142 i tak si\u0119 modli\u0142: \u00abOjcze m\u00f3j, je\u015bli nie mo\u017ce omin\u0105\u0107 Mnie ten kielich, i musz\u0119 go wypi\u0107, niech si\u0119 stanie wola Twoja!\u00bb<\/p>\n\n\n<div class=\"wp-block-image\">\n<figure class=\"aligncenter size-large is-resized\"><a href=\"https:\/\/commons.wikimedia.org\/wiki\/File:Champaigne_-_Le_Christ_au_jardin_des_oliviers.jpg?uselang=pl\" target=\"_blank\" rel=\"noopener noreferrer\"><img loading=\"lazy\" decoding=\"async\" width=\"1024\" height=\"751\" src=\"https:\/\/poezjaiewangelia.pl\/wp-content\/uploads\/2020\/06\/Philippe-Champaigne-Jezus-w-Ogrodzie-Oliwnym-1024x751.jpg\" alt=\"Philippe Champaigne Jezus w Ogrodzie Oliwnym\" class=\"wp-image-8532\" style=\"width:467px;height:342px\" title=\"Philippe Champaigne Jezus w Ogrodzie Oliwnym\"\/><\/a><figcaption class=\"wp-element-caption\"><center><em>Philippe Champaigne Jezus w Ogrodzie Oliwnym<\/em><\/center><\/figcaption><\/figure>\n<\/div>\n\n\n<h2 class=\"wp-block-heading\"><strong><span class=\"has-inline-color has-luminous-vivid-orange-color\">REFLEKSJA<\/span><\/strong><\/h2>\n\n\n\n<p><strong>Jan Twardowski<\/strong><\/p>\n<p><em><strong>Modlitwa spowiednika<\/strong><\/em><\/p>\n<p>Aniele Bo\u017cy, Str\u00f3\u017cu m\u00f3j, <br>spowiednik ze mnie lichy, <br>wi\u0119c gdy spowiadam, wspom\u00f3\u017c mnie, <br>jak na obrazkach cichy.<\/p>\n<p>Je\u015bli przypadkiem kt\u00f3ra z dusz <br>przy stule mej ukl\u0119knie &#8211; <br>anielskie swoje r\u0119ce z\u0142\u00f3\u017c, <br>modl\u0105c si\u0119 przy nas pi\u0119knie.<\/p>\n<p>I upro\u015b, bym jej w ko\u0144cu da\u0142 <br>to, co najbardziej drogie &#8211; <br>tak odszed\u0142, aby mog\u0142a by\u0107 <br>sam na sam z Panem Bogiem.<\/p>\n<p><em><strong>\u00abMi\u0142o\u015b\u0107 mi\u0142o\u015bci szuka\u00bb,&nbsp; 1939 &#8211; 1998, PIW&nbsp;Warszawa 1999<\/strong><\/em><\/p>\n\n\n\n<p><strong>Jan Twardowski<\/strong><\/p>\n\n\n\n<p><strong><em> Do \u015bwi\u0119tego Piotra              <\/em><\/strong><\/p>\n\n\n\n<p>Nie na pocz\u0105tku kiedy zaczynamy wierzy\u0107<br>wtedy chodzimy jeszcze jak borsuk na ca\u0142ej stopie<br>z nosem do g\u00f3ry<br>ale potem<br>kiedy milknie pobekiwanie \u015bwiate\u0142<br>\u015bciemnia si\u0119 jakby katechizm mru\u017cy\u0142 oko<br>wi\u0119dnie ultrafiolet jak hiacynt<br>niebo wydaje si\u0119 grzeczne i niewskazane<br>na samym szarym ko\u0144cu wiary<br>gdzie przystaje spocona teologia<br>kaznodzieja nie gimnastykuje j\u0119zyka<br>wtedy przyjd\u017a<br>wprost z dziedzi\u0144ca Kajfaszowego<br>jeszcze bez kluczy<br>a ju\u017c ze \u0142zami kt\u00f3re najdalej prowadz\u0105<\/p>\n\n\n\n<p><strong><em>\u00abNie przyszed\u0142em pana nawraca\u0107\u00bb, Pozna\u0144 2009, str. 116<\/em><\/strong><\/p>\n\n\n\n<p class=\"has-text-align-center\"><span style=\"color:#1e73be\" class=\"has-inline-color\"><a href=\"https:\/\/poezjaiewangelia.pl\/?page_id=5559#Gora\">Do g\u00f3ry<\/a><\/span><\/p>\n\n\n\n<p><span style=\"color: #1e73be;\"><a style=\"color: #1e73be;\" href=\"https:\/\/poezjaiewangelia.pl\/?page_id=63#S63\">Powr\u00f3t do \u015awi\u0119ta<\/a>&nbsp; <a id=\"RokB\"><\/a>&nbsp;&nbsp;<\/span><a href=\"https:\/\/poezjaiewangelia.pl\/?page_id=703#S703\"><span style=\"color: #1e73be;\">Powr\u00f3t do Linki<\/span><\/a><\/p>\n\n\n<div class=\"wp-block-image\">\n<figure class=\"alignleft\"><a href=\"http:\/\/www.wga.hu\/cgi-bin\/highlight.cgi?file=html\/j\/juanes\/1lastsup.html&amp;find=The+Last+Supper+\" target=\"_blank\" rel=\"noopener noreferrer\"><img decoding=\"async\" src=\"https:\/\/poezjaiewangelia.pl\/wp-content\/uploads\/2015\/12\/Juan-de-Juanes-Ostatnia-Wieczerza1-e1457122308191.jpg\" alt=\"Juan de Juanes Ostatnia Wieczerza\" title=\"Juan de Juanes Ostatnia Wieczerza\"\/><\/a><\/figure>\n<\/div>\n\n\n<hr class=\"wp-block-separator has-text-color has-luminous-vivid-amber-color has-css-opacity has-luminous-vivid-amber-background-color has-background is-style-dots\"\/>\n\n\n\n<p><strong><strong>Chrystusa Kap\u0142ana r<\/strong>ok B: Mk 14, 22-25;<\/strong><\/p>\n\n\n\n<h2 class=\"wp-block-heading\"><strong><span class=\"has-inline-color has-luminous-vivid-orange-color\">S\u0141OWO BO\u017bE<\/span><\/strong><\/h2>\n\n\n\n<p><strong>Ustanowienie Eucharystii<\/strong><\/p>\n<p><strong><span style=\"color: #993300;\">22&nbsp;A gdy jedli, wzi\u0105\u0142 chleb, odm\u00f3wi\u0142 b\u0142ogos\u0142awie\u0144stwo, po\u0142ama\u0142 i da\u0142 im m\u00f3wi\u0105c: \u00abBierzcie, to jest Cia\u0142o moje\u00bb.&nbsp;<\/span><\/strong><br><strong><span style=\"color: #993300;\">23&nbsp;Potem wzi\u0105\u0142 kielich i odm\u00f3wiwszy dzi\u0119kczynienie da\u0142 im, i pili z niego wszyscy.&nbsp;<\/span><\/strong><br><strong><span style=\"color: #993300;\">24&nbsp;I rzek\u0142 do nich: \u00abTo jest moja Krew Przymierza, kt\u00f3ra za wielu b\u0119dzie wylana.&nbsp;<\/span><\/strong><br><strong><span style=\"color: #993300;\">25&nbsp;Zaprawd\u0119, powiadam wam: Odt\u0105d nie b\u0119d\u0119 ju\u017c pi\u0142 z owocu winnego krzewu a\u017c do owego dnia, kiedy pi\u0107 go b\u0119d\u0119 nowy w kr\u00f3lestwie Bo\u017cym\u00bb.<\/span> <\/strong><\/p>\n\n\n<div class=\"wp-block-image\">\n<figure class=\"aligncenter size-large is-resized\"><a href=\"https:\/\/www.wga.hu\/html\/u\/ugolino\/nerio\/1\/4prede1.html\" target=\"_blank\" rel=\"noopener noreferrer\"><img loading=\"lazy\" decoding=\"async\" width=\"1024\" height=\"671\" src=\"https:\/\/poezjaiewangelia.pl\/wp-content\/uploads\/2020\/06\/Ugolino-di-Nerio-Ostatnia-Wieczerza-1024x671.jpg\" alt=\"Ugolino di Nerio Ostatnia Wieczerza.\" class=\"wp-image-8534\" style=\"width:465px;height:305px\" title=\"Ugolino di Nerio Ostatnia Wieczerza.\"\/><\/a><figcaption class=\"wp-element-caption\"><center><em>Ugolino di Nerio Ostatnia Wieczerza.<\/em><\/center><\/figcaption><\/figure>\n<\/div>\n\n\n<h2 class=\"wp-block-heading\"><strong><span class=\"has-inline-color has-luminous-vivid-orange-color\">REFLEKSJA<\/span><\/strong><\/h2>\n\n\n\n<p><strong>Jan Twardowski<\/strong><\/p>\n\n\n\n<p><em><strong>Na obrazku mi\u0142osierdzia Bo\u017cego<\/strong><\/em><\/p>\n\n\n\n<p>Tak \u0142atwo nad o\u0142tarzem we Mszy si\u0119 pochyli\u0107,<br>hosti\u0119 lekk\u0105, drobn\u0105, niepozorn\u0105<br>zmieni\u0107 w Cia\u0142o Chrystusa, unie\u015b\u0107 ponad g\u0142owy<br>w samotno\u015b\u0107 \u015awi\u0119tych Pa\u0144skich i w cisz\u0119 ogromn\u0105.<\/p>\n\n\n\n<p>Jak trudno jednak siebie, w\u0142asne szare \u017cycie<br>u\u015bwi\u0119ci\u0107, przeistoczy\u0107. W duszy karmi\u0107 spok\u00f3j.<\/p>\n\n\n\n<p>Wiem to, i mimo wszystko, Jezu, ufam Tobie,<br>bo masz tak\u0105 zwyczajn\u0105, ludzk\u0105 ran\u0119 w boku.<\/p>\n\n\n\n<p><em><strong>\u00abMi\u0142o\u015b\u0107 mi\u0142o\u015bci szuka\u00bb,&nbsp; 1939 &#8211; 1998, PIW&nbsp;Warszawa 1999<\/strong><\/em><\/p>\n\n\n\n<p><strong>Regina Sienicka (Siostra Justyna CSSF)<\/strong><\/p>\n\n\n\n<p><strong><em>Kap\u0142a\u0144stwo<\/em><\/strong><\/p>\n\n\n\n<p>Podczas Ostatniej Wieczerzy<br>Wieczny Kaplan<br>z\u0142o\u017cy\u0142 bezkrwaw\u0105 ofiar\u0119 swemu Ojcu<br>za grzechy ca\u0142ego \u015bwiata<br>w obecno\u015bci Dwunastu Aposto\u0142\u00f3w<br>kt\u00f3rych obdarzy\u0142 niezwyk\u0142ym darem<br>kap\u0142a\u0144stwem<\/p>\n\n\n\n<p>Powiedzia\u0142: to czy\u0144cie na Moj\u0105<br>pami\u0105tk\u0119<br>id\u017acie na ca\u0142y \u015bwiat<br>komu odpu\u015bcicie grzechy<br>s\u0105 im odpuszczone<\/p>\n\n\n\n<p>Do dzi\u015b obmywa im nogi<br>uczy aby w pokorze wype\u0142niali<br>swoj\u0105 pos\u0142ug\u0119<br>rozdaj\u0105c Mi\u0142o\u015b\u0107 otrzyman\u0105<br>od Niego<\/p>\n\n\n\n<p>Ka\u017cdego dnia stawia to samo<br>pytanie: Czy rozumiecie<br>co wam uczyni\u0142em<\/p>\n\n\n<div class=\"wp-block-image\">\n<figure class=\"alignright size-large is-resized\"><img loading=\"lazy\" decoding=\"async\" width=\"1024\" height=\"675\" src=\"https:\/\/poezjaiewangelia.pl\/wp-content\/uploads\/2020\/06\/Dirck-van-Baburen-Umycie-n\u00f3g-1024x675.jpg\" alt=\"Dirck van Baburen Umycie n\u00f3g\" class=\"wp-image-8536\" style=\"width:447px;height:294px\" title=\"Dirck van Baburen Umycie n\u00f3g\"\/><figcaption class=\"wp-element-caption\"><center><em>Dirck van Baburen Umycie n\u00f3g<\/em><\/center><\/figcaption><\/figure>\n<\/div>\n\n\n<p>I odpowiadaj\u0105 swym \u017cyciem<br>na Jego wezwanie id\u0105c tam<br>gdzie ich potrzebuje drugi cz\u0142owiek<\/p>\n\n\n\n<p>Wi\u0119c pochylmy czo\u0142a<br>przed Kap\u0142a\u0144stwem<br>przed Tajemnic\u0105 Alter Chrystus<br>dan\u0105 dla nas<br>potrzebuj\u0105cych przed\u0142u\u017conych r\u0105k<\/p>\n\n\n\n<p>g\u0142osu i serca b\u0119d\u0105cego \u0142\u0105cznikiem<br>z Najwy\u017cszym<br>ze Zbawicielem prowadz\u0105cym<br>do Domu Ojca do Zmartwychwstania<\/p>\n\n\n\n<p><strong><em>\u00abCzekanie na Anio\u0142a\u00bb Verbinum, G\u00f3rna Grupa 2015, str. 37\/38<\/em><\/strong><\/p>\n\n\n\n<p class=\"has-text-align-center\"><a href=\"https:\/\/poezjaiewangelia.pl\/?page_id=5559#Gora\"><span style=\"color:#1e73be\" class=\"has-inline-color\">Do g\u00f3ry<\/span><\/a><\/p>\n\n\n\n<p><span style=\"color: #1e73be;\"><a style=\"color: #1e73be;\" href=\"https:\/\/poezjaiewangelia.pl\/?page_id=63#S63\">Powr\u00f3t do \u015awi\u0119ta<\/a>&nbsp; <a id=\"RokC\"><\/a>&nbsp;&nbsp;<\/span><a href=\"https:\/\/poezjaiewangelia.pl\/?page_id=703#S703\"><span style=\"color: #1e73be;\">Powr\u00f3t do Linki<\/span><\/a><\/p>\n\n\n<div class=\"wp-block-image\">\n<figure class=\"alignleft\"><a href=\"http:\/\/www.wga.hu\/cgi-bin\/highlight.cgi?file=html\/j\/juanes\/1lastsup.html&amp;find=The+Last+Supper+\" target=\"_blank\" rel=\"noopener noreferrer\"><img decoding=\"async\" src=\"https:\/\/poezjaiewangelia.pl\/wp-content\/uploads\/2015\/12\/Juan-de-Juanes-Ostatnia-Wieczerza1-e1457122308191.jpg\" alt=\"Juan de Juanes Ostatnia Wieczerza\" title=\"Juan de Juanes Ostatnia Wieczerza\"\/><\/a><\/figure>\n<\/div>\n\n\n<hr class=\"wp-block-separator has-text-color has-luminous-vivid-amber-color has-css-opacity has-luminous-vivid-amber-background-color has-background is-style-dots\"\/>\n\n\n\n<p><strong>Chrystusa Kap\u0142ana rok C: J 17, 1-2. 9. 14-26;<\/strong><\/p>\n\n\n\n<h2 class=\"wp-block-heading\"><strong><span class=\"has-inline-color has-luminous-vivid-orange-color\">S\u0141OWO BO\u017bE<\/span><\/strong><\/h2>\n\n\n<div class=\"wp-block-image\">\n<figure class=\"alignleft size-full is-resized\"><a href=\"https:\/\/www.gutenberg.org\/files\/8710\/old\/orig8710-h\/p8.htm#082\" target=\"_blank\" rel=\"noopener noreferrer\"><img loading=\"lazy\" decoding=\"async\" width=\"526\" height=\"715\" src=\"https:\/\/poezjaiewangelia.pl\/wp-content\/uploads\/2022\/06\/Gustave-Dore-Ostatnia-Wieczerza.jpg\" alt=\"\" class=\"wp-image-9776\" style=\"width:354px;height:476px\" title=\"Gustave Dor\u00e9 Ostatnia Wieczerza.\" srcset=\"https:\/\/poezjaiewangelia.pl\/wp-content\/uploads\/2022\/06\/Gustave-Dore-Ostatnia-Wieczerza.jpg 526w, https:\/\/poezjaiewangelia.pl\/wp-content\/uploads\/2022\/06\/Gustave-Dore-Ostatnia-Wieczerza-221x300.jpg 221w\" sizes=\"auto, (max-width: 526px) 100vw, 526px\" \/><\/a><figcaption class=\"wp-element-caption\"><strong>Gustave Dor\u00e9 <em>Ostatnia Wieczerza.<\/em><\/strong><\/figcaption><\/figure>\n<\/div>\n\n\n<p><strong>W obliczu dokonanego dzie\u0142a<\/strong><\/p>\n<p>1\u00a0To powiedzia\u0142 Jezus, a podni\u00f3s\u0142szy oczy ku niebu, rzek\u0142: \u00abOjcze, nadesz\u0142a godzina. Otocz swego Syna chwa\u0142\u0105, aby Syn Ciebie ni\u0105 otoczy\u0142\u00a0<br \/>2\u00a0i aby moc\u0105 w\u0142adzy udzielonej Mu przez Ciebie nad ka\u017cdym cz\u0142owiekiem\u00a0da\u0142 \u017cycie wieczne wszystkim tym, kt\u00f3rych Mu da\u0142e\u015b.<\/p>\n<p><strong>Pro\u015bba za uczni\u00f3w<\/strong><\/p>\n<p>9 Ja za nimi prosz\u0119, nie prosz\u0119 za \u015bwiatem, ale za tymi, kt\u00f3rych Mi da\u0142e\u015b, poniewa\u017c s\u0105 Twoimi.<br \/>14\u00a0Ja im przekaza\u0142em Twoje s\u0142owo, a \u015bwiat ich znienawidzi\u0142 za to, \u017ce nie s\u0105 ze \u015bwiata, jak i Ja nie jestem ze \u015bwiata.\u00a0<br \/><strong><span style=\"color: #993300;\">15\u00a0Nie prosz\u0119, aby\u015b ich zabra\u0142 ze \u015bwiata, ale by\u015b ich ustrzeg\u0142 od z\u0142ego.\u00a0<\/span><\/strong><br \/><strong><span style=\"color: #993300;\">16\u00a0Oni nie s\u0105 ze \u015bwiata, jak i Ja nie jestem ze \u015bwiata.\u00a0<\/span><\/strong><br \/>17\u00a0U\u015bwi\u0119\u0107 ich w prawdzie. S\u0142owo Twoje jest prawd\u0105.\u00a0<br \/>18\u00a0Jak Ty Mnie pos\u0142a\u0142e\u015b na \u015bwiat, tak i Ja ich na \u015bwiat pos\u0142a\u0142em.\u00a0<br \/>19\u00a0A za nich Ja po\u015bwi\u0119cam w ofierze samego siebie, aby i oni byli u\u015bwi\u0119ceni w prawdzie.<\/p>\n<p><strong>Pro\u015bba za przysz\u0142y Ko\u015bci\u00f3\u0142 <\/strong><\/p>\n<p>20 Nie tylko za nimi prosz\u0119, ale i za tymi, kt\u00f3rzy dzi\u0119ki ich s\u0142owu b\u0119d\u0105 wierzy\u0107 we Mnie;\u00a0<br \/>21\u00a0aby wszyscy stanowili jedno, jak Ty, Ojcze, we Mnie, a Ja w Tobie, aby i oni stanowili w Nas jedno, aby \u015bwiat uwierzy\u0142, \u017ce\u015b Ty Mnie pos\u0142a\u0142.\u00a0<br \/>22\u00a0I tak\u017ce chwa\u0142\u0119, kt\u00f3r\u0105 Mi da\u0142e\u015b, przekaza\u0142em im, aby stanowili jedno, tak jak My jedno stanowimy.\u00a0<br \/>23\u00a0Ja w nich, a Ty we Mnie! Oby si\u0119 tak zespolili w jedno, aby \u015bwiat pozna\u0142, \u017ce\u015b Ty Mnie pos\u0142a\u0142 i \u017ce\u015b Ty ich umi\u0142owa\u0142 tak, jak Mnie umi\u0142owa\u0142e\u015b.\u00a0<br \/>24\u00a0Ojcze, chc\u0119, aby tak\u017ce ci, kt\u00f3rych Mi da\u0142e\u015b, byli ze Mn\u0105 tam, gdzie Ja jestem, aby widzieli chwa\u0142\u0119 moj\u0105, kt\u00f3r\u0105 Mi da\u0142e\u015b, bo umi\u0142owa\u0142e\u015b Mnie przed za\u0142o\u017ceniem \u015bwiata.\u00a0<br \/><span style=\"color: #993300;\">2<\/span><strong><span style=\"color: #993300;\">5\u00a0Ojcze sprawiedliwy! \u015awiat Ciebie nie pozna\u0142, lecz Ja Ciebie pozna\u0142em i oni poznali, \u017ce\u015b Ty Mnie pos\u0142a\u0142.\u00a0<\/span><\/strong><br \/><strong><span style=\"color: #993300;\">26\u00a0Objawi\u0142em im Twoje imi\u0119 i nadal b\u0119d\u0119 objawia\u0142, aby mi\u0142o\u015b\u0107, kt\u00f3r\u0105 Ty Mnie umi\u0142owa\u0142e\u015b, w nich by\u0142a i Ja w nich\u00bb.<\/span><\/strong><\/p>\n\n\n\n<h2 class=\"wp-block-heading\"><strong><span class=\"has-inline-color has-luminous-vivid-orange-color\">REFLEKSJA<\/span><\/strong><\/h2>\n\n\n\n<p><strong>Jerzy Szymik<\/strong><\/p>\n\n\n\n<p><strong><em>KYRIE<\/em><\/strong><br>Panie,<br>jest inaczej<br>ni\u017c by\u0107 mia\u0142o<br>ani g\u00f3ry,<br>ani morwy<br>nie rzucaj\u0105 si\u0119 w morze na moje s\u0142owo<br>nieustannie idzie na burz\u0119,<br>nieustannie czerwieni si\u0119 zas\u0119pione niebo,<br>fale zalewaj\u0105 \u0142\u00f3d\u017a, a wichry i jezioro nigdy nie s\u0105 mi pos\u0142uszne<br>mam kilka ryb,<br>siedem chleb\u00f3w<br>i niesko\u0144czon\u0105 wielo\u015b\u0107 g\u0142odnych do wykarmienia<br>dotyka\u0142em tylekro\u0107<br>Twojego p\u0142aszcza,<br>a nie jestem zdrowy<br>Ojciec Niebieski<br>ma coraz mniej pracy<br>z liczeniem moich w\u0142os\u00f3w<br>a jestem w gorszym<br>po\u0142o\u017ceniu ni\u017c Jair,<br>bo nie mam c\u00f3rki<br>mam oczy, a nie widz\u0119,<br>mam uszy, a nie s\u0142ysz\u0119;<br>cz\u0119sto te\u017c wpadam w ogie\u0144 i w wod\u0119<br>moje oczy wilgotniej\u0105 nieraz,<br>ale nie od twojej \u015bliny,<br>st\u0105d te\u017c widz\u0119 niewyra\u017anie<br>ani odci\u0119ta prawica,<br>ani wy\u0142upione oko<br>nie uczyni\u0142y mnie lepszym<br>t\u0119skni\u0119 za Tob\u0105.<br>Ulituj si\u0119 nade mn\u0105.<br>Je\u015bli chcesz, mo\u017cesz mnie oczy\u015bci\u0107<\/p>\n\n\n\n<p><span style=\"color:#1e73be\" class=\"has-inline-color\"><a href=\"http:\/\/www.jerszym.katowice.opoka.org.pl\/index.php?view=poezja\" target=\"_blank\" rel=\"noreferrer noopener\">http:\/\/www.jerszym.katowice.opoka.org.pl\/index.php?view=poezja<\/a><\/span><\/p>\n\n\n\n<p><strong>Jerzy Szymik<\/strong><\/p>\n\n\n\n<p><strong><em>CHOROBA, BRAK LEKU. MODLITWA<\/em><\/strong><\/p>\n\n\n\n<p><br>Kocham ci\u0119 jak Irlandi\u0119 (z piosenki)<br>Bo\u017ce drogi,<br>jakie to wszystko by\u0142oby proste,<br>cholernie proste. Jak\u017ce byliby\u015bmy szcz\u0119\u015bliwi,<br>wyciszeni, skupieni na tym co pewne i niewa\u017cne. Jakie\u017c to<br>symfonie konstruktywne przetacza\u0142yby si\u0119 przez nasz\u0105<br>uporz\u0105dkowan\u0105 wyobra\u017ani\u0119<br>jaki\u017c jasny,<br>jaki\u017c pi\u0119kny by\u0142by cel<br>Gdyby\u015bmy tylko nie kochali.<br>Na (nie)szcz\u0119\u015bcie<br>mi\u0142o\u015b\u0107 jest nasz\u0105 przypad\u0142o\u015bci\u0105 nieuleczaln\u0105.<br>Niekt\u00f3rzy powiadaj\u0105, \u017ce odpowiedzialne za ten stan rzeczy s\u0105 geny.<br>A najodwa\u017cniejsi, \u017ce nasz pocz\u0105tek w Tobie.<br>Choroba atakuje<br>coraz to nowe tkanki, narz\u0105dy.<br>Potem fina\u0142, czyli<br>niszcz\u0105ce przerzuty.<br>Bo\u017ce,<br>wyko\u0144czy nas ta mi\u0142o\u015b\u0107,<br>wyko\u0144czy.<br>Ukrzy\u017cuje.<\/p>\n\n\n\n<p><span style=\"color:#1e73be\" class=\"has-inline-color\"><a href=\"http:\/\/www.jerszym.katowice.opoka.org.pl\/index.php?view=poezja\" target=\"_blank\" rel=\"noreferrer noopener\">http:\/\/www.jerszym.katowice.opoka.org.pl\/index.php?view=poezja<\/a><\/span><\/p>\n\n\n<div class=\"wp-block-image\">\n<figure class=\"aligncenter size-large is-resized\"><a href=\"https:\/\/www.wga.hu\/html\/a\/andrea\/sarto\/2\/lastsup.html\" target=\"_blank\" rel=\"noopener noreferrer\"><img loading=\"lazy\" decoding=\"async\" width=\"1024\" height=\"607\" src=\"https:\/\/poezjaiewangelia.pl\/wp-content\/uploads\/2020\/06\/Andrea-del-Sarto-Ostatnia-Wieczerza-1024x607.jpg\" alt=\"Andrea del Sarto Ostatnia Wieczerza\" class=\"wp-image-8535\" style=\"width:472px;height:279px\" title=\"Andrea del Sarto Ostatnia Wieczerza\"\/><\/a><figcaption class=\"wp-element-caption\"><center><em>Andrea del Sarto Ostatnia Wieczerza<\/em><\/center><\/figcaption><\/figure>\n<\/div>\n\n\n<p><strong>Jerzy Szymik<\/strong><\/p>\n\n\n\n<p><strong><em>KYRIE<\/em><\/strong><\/p>\n\n\n\n<p>Panie,<br>jest inacz<br>ni\u017c by\u0107 mia\u0142o<br>ani g\u00f3ry,<br>ani morwy<br>nie rzucaj\u0105 si\u0119 w morze na moje s\u0142owo<br>nieustannie idzie na burz\u0119,<br>nieustannie czerwieni si\u0119 zas\u0119pione niebo,<br>fale zalewaj\u0105 \u0142\u00f3d\u017a, a wichry i jezioro nigdy nie s\u0105 mi pos\u0142uszne<br>mam kilka ryb,<br>siedem chleb\u00f3w<br>i niesko\u0144czon\u0105 wielo\u015b\u0107 g\u0142odnych do wykarmienia<br>dotyka\u0142em tylekro\u0107<br>Twojego p\u0142aszcza,<br>a nie jestem zdrowy<br>Ojciec Niebieski<br>ma coraz mniej pracy<br>z liczeniem moich w\u0142os\u00f3w<br>a jestem w gorszym<br>po\u0142o\u017ceniu ni\u017c Jair,<br>bo nie mam c\u00f3rki<br>mam oczy, a nie widz\u0119,<br>mam uszy, a nie s\u0142ysz\u0119;<br>cz\u0119sto te\u017c wpadam w ogie\u0144 i w wod\u0119<br>moje oczy wilgotniej\u0105 nieraz,<br>ale nie od twojej \u015bliny,<br>st\u0105d te\u017c widz\u0119 niewyra\u017anie<br>ani odci\u0119ta prawica,<br>ani wy\u0142upione oko<br>nie uczyni\u0142y mnie lepszym<br>t\u0119skni\u0119 za Tob\u0105.<br>Ulituj si\u0119 nade mn\u0105.<br>Je\u015bli chcesz, mo\u017cesz mnie oczy\u015bci\u0107<\/p>\n\n\n\n<p class=\"has-text-align-center\"><a href=\"https:\/\/poezjaiewangelia.pl\/?page_id=5559#Gora\"><span style=\"color:#1e73be\" class=\"has-inline-color\">Do g\u00f3ry<\/span><\/a><\/p>\n","protected":false},"excerpt":{"rendered":"<p>i Rok A,&nbsp; &nbsp;Rok B,&nbsp; &nbsp;Rok C: Powr\u00f3t do \u015awi\u0119ta,&nbsp; Uroczysto\u015bci i \u015bwi\u0119ta ruchome V \u2013 VI,&nbsp; &nbsp;&nbsp;Powr\u00f3t do Linki Chrystusa Kap\u0142ana rok A: Mt 26, 36-42; Modlitwa i trwoga konania 36 Wtedy przyszed\u0142 Jezus z nimi do ogrodu, zwanego Getsemani i rzek\u0142 do uczni\u00f3w: \u00abUsi\u0105d\u017acie tu, Ja tymczasem odejd\u0119 tam i b\u0119d\u0119 si\u0119 modli\u0142\u00bb. &hellip; <a href=\"https:\/\/poezjaiewangelia.pl\/?page_id=5559\" class=\"more-link\">Czytaj dalej <span class=\"screen-reader-text\">\u015awi\u0119to Chrystusa Najwy\u017cszego i Wiecznego Kap\u0142ana rok A, B, C; (czwartek po Pentecoste)<\/span><\/a><\/p>\n","protected":false},"author":1,"featured_media":0,"parent":4779,"menu_order":2,"comment_status":"closed","ping_status":"closed","template":"","meta":{"_monsterinsights_skip_tracking":false,"_monsterinsights_sitenote_active":false,"_monsterinsights_sitenote_note":"","_monsterinsights_sitenote_category":0,"footnotes":""},"class_list":["post-5559","page","type-page","status-publish","hentry"],"aioseo_notices":[],"_links":{"self":[{"href":"https:\/\/poezjaiewangelia.pl\/index.php?rest_route=\/wp\/v2\/pages\/5559","targetHints":{"allow":["GET"]}}],"collection":[{"href":"https:\/\/poezjaiewangelia.pl\/index.php?rest_route=\/wp\/v2\/pages"}],"about":[{"href":"https:\/\/poezjaiewangelia.pl\/index.php?rest_route=\/wp\/v2\/types\/page"}],"author":[{"embeddable":true,"href":"https:\/\/poezjaiewangelia.pl\/index.php?rest_route=\/wp\/v2\/users\/1"}],"replies":[{"embeddable":true,"href":"https:\/\/poezjaiewangelia.pl\/index.php?rest_route=%2Fwp%2Fv2%2Fcomments&post=5559"}],"version-history":[{"count":77,"href":"https:\/\/poezjaiewangelia.pl\/index.php?rest_route=\/wp\/v2\/pages\/5559\/revisions"}],"predecessor-version":[{"id":10515,"href":"https:\/\/poezjaiewangelia.pl\/index.php?rest_route=\/wp\/v2\/pages\/5559\/revisions\/10515"}],"up":[{"embeddable":true,"href":"https:\/\/poezjaiewangelia.pl\/index.php?rest_route=\/wp\/v2\/pages\/4779"}],"wp:attachment":[{"href":"https:\/\/poezjaiewangelia.pl\/index.php?rest_route=%2Fwp%2Fv2%2Fmedia&parent=5559"}],"curies":[{"name":"wp","href":"https:\/\/api.w.org\/{rel}","templated":true}]}}