{"id":979,"date":"2015-12-13T22:37:14","date_gmt":"2015-12-13T22:37:14","guid":{"rendered":"http:\/\/ewangelia-w-poezji.home.pl\/autoinstalator\/wordpress1\/?page_id=979"},"modified":"2022-12-05T21:11:15","modified_gmt":"2022-12-05T20:11:15","slug":"niedziele-2-12-b","status":"publish","type":"page","link":"https:\/\/poezjaiewangelia.pl\/?page_id=979","title":{"rendered":"20 Niedziela zwyk\u0142a rok A, B, C;"},"content":{"rendered":"\n<p><span style=\"color: #ffff00;\"><a id=\"S979\"><\/a><a id=\"Gora\"><\/a>i<\/span><\/p>\n\n\n<div class=\"wp-block-image\">\n<figure class=\"aligncenter size-large is-resized\"><a href=\"https:\/\/commons.wikimedia.org\/wiki\/File:The_Miracle_of_the_Loaves_and_Fishes_MET_DT5476.jpg\" target=\"_blank\" rel=\"noopener noreferrer\"><img loading=\"lazy\" decoding=\"async\" src=\"https:\/\/poezjaiewangelia.pl\/wp-content\/uploads\/2020\/05\/Tintoretto-Cud-chleba-i-ryb-1024x453.jpg\" alt=\"Tintoretto Cud chleba i ryb\" class=\"wp-image-7984\" width=\"587\" height=\"259\" title=\"Tintoretto Cud chleba i ryb\"\/><\/a><figcaption class=\"wp-element-caption\"><center><em>Tintoretto Cud chleba i ryb<\/em><\/center><\/figcaption><\/figure>\n<\/div>\n\n<div class=\"wp-block-image\">\n<figure class=\"alignright size-large is-resized\"><img loading=\"lazy\" decoding=\"async\" src=\"https:\/\/poezjaiewangelia.pl\/wp-content\/uploads\/2018\/11\/Zielona-r\u00f3\u017ca-e1587421321818.png\" alt=\"Zielona r\u00f3\u017ca\" class=\"wp-image-4943\" width=\"113\" height=\"113\"\/><figcaption class=\"wp-element-caption\">Kolor szat<\/figcaption><\/figure>\n<\/div>\n\n\n<hr class=\"wp-block-separator has-text-color has-luminous-vivid-amber-color has-css-opacity has-luminous-vivid-amber-background-color has-background is-style-dots\"\/>\n\n\n\n<p><span style=\"color: #1e73be;\"><a style=\"color: #1e73be;\" href=\"https:\/\/poezjaiewangelia.pl\/?page_id=979#NZ20A\">20 Niedziela zwyk\u0142a rok A<\/a>&nbsp; &nbsp; <a style=\"color: #1e73be;\" href=\"https:\/\/poezjaiewangelia.pl\/?page_id=979#NZ20B\">20 Niedziela zwyk\u0142a rok B<\/a>&nbsp; &nbsp; <a style=\"color: #1e73be;\" href=\"https:\/\/poezjaiewangelia.pl\/?page_id=979#NZ20C\">20 Niedziela zwyk\u0142a rok C<\/a><\/span><\/p>\n\n\n\n<hr class=\"wp-block-separator has-text-color has-luminous-vivid-amber-color has-css-opacity has-luminous-vivid-amber-background-color has-background is-style-dots\"\/>\n\n\n\n<p><span style=\"color: #1e73be;\"><a style=\"color: #1e73be;\" href=\"https:\/\/poezjaiewangelia.pl\/?page_id=61#S61\">Powr\u00f3t do Niedziele zwyk\u0142e, <\/a>&nbsp;<\/span><a id=\"NZ20A\"><\/a><span style=\"color: #1e73be;\">&nbsp; <a style=\"color: #1e73be;\" href=\"https:\/\/poezjaiewangelia.pl\/?page_id=988#S988\">Niedziele zwyk\u0142e 19 \u2013 23<\/a>,&nbsp; <a style=\"color: #1e73be;\" href=\"https:\/\/poezjaiewangelia.pl\/?page_id=703#S703\">Powr\u00f3t do Linki<\/a><\/span><\/p>\n\n\n<div class=\"wp-block-image\">\n<figure class=\"alignleft size-large\"><a href=\"https:\/\/pl.wikipedia.org\/w\/index.php?title=Plik:Labarum.png&amp;filetimestamp=20050723191929\" target=\"_blank\" rel=\"noopener noreferrer\"><img loading=\"lazy\" decoding=\"async\" width=\"100\" height=\"100\" src=\"https:\/\/poezjaiewangelia.pl\/wp-content\/uploads\/2015\/12\/Labarum-Krzyz-Konstantyna-A1.jpg\" alt=\"Labarum Krzy\u017c Konstantyna\" class=\"wp-image-422\" title=\"Labarum Krzy\u017c Konstantyna\"\/><\/a><\/figure>\n<\/div>\n\n\n<hr class=\"wp-block-separator has-text-color has-luminous-vivid-amber-color has-css-opacity has-luminous-vivid-amber-background-color has-background is-style-dots\"\/>\n\n\n\n<p><strong>20 NZ rok A: Ewangelia: Mt 15, 21 \u2013 28;<\/strong><\/p>\n\n\n\n<h2 class=\"wp-block-heading\"><span style=\"color:#008000\" class=\"has-inline-color\">S\u0142owo Bo\u017ce<\/span><\/h2>\n\n\n\n<p><strong>Wiara kobiety kananejskiej<\/strong><\/p>\n<p>21 Potem Jezus odszed\u0142 stamt\u0105d i pod\u0105\u017cy\u0142 w stron\u0119 Tyru i Sydonu.<br>22 A oto kobieta kananejska, wyszed\u0142szy z tamtych okolic, wo\u0142a\u0142a: \u00abUlituj si\u0119 nade mn\u0105, Panie, Synu Dawida! Moja c\u00f3rka jest ci\u0119\u017cko dr\u0119czona przez z\u0142ego ducha\u00bb.<br>23 Lecz On nie odezwa\u0142 si\u0119 do niej ani s\u0142owem. Na to podeszli Jego uczniowie i prosili Go: \u00abOdpraw j\u0105, bo krzyczy za nami!\u00bb<br>24 Lecz On odpowiedzia\u0142: \u00abJestem pos\u0142any tylko do owiec, kt\u00f3re pogin\u0119\u0142y z domu Izraela\u00bb.<br>25 A ona przysz\u0142a, upad\u0142a przed Nim i prosi\u0142a: \u00abPanie, dopom\u00f3\u017c mi!\u00bb<br><span style=\"color: #993300;\"><strong>26 On jednak odpar\u0142: \u00abNiedobrze jest zabra\u0107 chleb dzieciom a rzuci\u0107 psom\u00bb.<\/strong><\/span><br><span style=\"color: #993300;\"><strong>27 A ona odrzek\u0142a: \u00abTak, Panie, lecz i szczeni\u0119ta jedz\u0105 z okruszyn, kt\u00f3re spadaj\u0105 ze sto\u0142\u00f3w ich pan\u00f3w\u00bb.<\/strong><\/span><br><span style=\"color: #993300;\"><strong>28 Wtedy Jezus jej odpowiedzia\u0142: \u00abO niewiasto wielka jest twoja wiara; niech ci si\u0119 stanie, jak chcesz!\u00bb Od tej chwili jej c\u00f3rka by\u0142a zdrowa.<\/strong><\/span><\/p>\n\n\n\n<h2 class=\"wp-block-heading\"><span style=\"color:#008000\" class=\"has-inline-color\">Refleksja<\/span><\/h2>\n\n\n<div class=\"wp-block-image\">\n<figure class=\"alignright size-large is-resized\"><a href=\"https:\/\/www.wga.hu\/framex-e.html?file=html\/j\/juan\/2\/polypty3.html&amp;find=Canaanite+woman\" target=\"_blank\" rel=\"noopener noreferrer\"><img loading=\"lazy\" decoding=\"async\" src=\"https:\/\/poezjaiewangelia.pl\/wp-content\/uploads\/2015\/12\/Juan-de-Flandes-Jezus-i-kobieta-kananejska-e1462301638688.jpg\" alt=\"Juan de Flandes Jezus i kobieta kananejska\" class=\"wp-image-2492\" width=\"321\" height=\"437\" title=\"Juan de Flandes Jezus i kobieta kananejska\"\/><\/a><figcaption class=\"wp-element-caption\"><center><em>Juan de Flandes Jezus i kobieta kananejska<\/em><\/center><\/figcaption><\/figure>\n<\/div>\n\n\n<p><em><strong>M\u00f3j Bo\u017ce<\/strong><\/em><\/p>\n\n\n\n<p>Sikorka co podros\u0142a biskup co zmizernia\u0142<br>pani co w\u0142osy suszy\u0142a r\u0119cznikiem<br>a teraz m\u0119\u017cowi w domu suszy g\u0142ow\u0119<br>wo\u0142a\u0142a \u201em\u00f3j ty piesku\u201d<br>a teraz nie wo\u0142a<\/p>\n\n\n\n<p>bo mi\u0142o\u015b\u0107 nieszcz\u0119\u015bliwa ucieka od szcz\u0119\u015bcia<br>wytresowana oswojonych gryzie<br>o\u015blica kt\u00f3ra bardziej dziwi<br>nie wtedy gdy m\u00f3wi ale kiedy milczy<br>stryj co po \u015bmierci wpad\u0142 nagle do domu<br>przy partyjnym zi\u0119ciu usiad\u0142 niewidzialny<\/p>\n\n\n\n<p>przyszed\u0142em ukl\u0105k\u0142em pyta\u0142em m\u00f3j Bo\u017ce<br>dlaczego jest niewiara gdy wszystko by\u0107 mo\u017ce<\/p>\n\n\n\n<p><em><strong>\u00abNie przyszed\u0142em pana nawraca\u0107\u00bb, Pozna\u0144 2009, str. 390<\/strong><\/em><\/p>\n\n\n\n<p><strong>Jan Twardowski<\/strong><\/p>\n\n\n\n<p><em><strong>Nie wiadomo komu<\/strong><\/em><\/p>\n\n\n\n<p>daj si\u0119 modli\u0107 nie wiedz\u0105c za kogo i o co<br>bo Ty wiesz najlepiej czego nam potrzeba<br>kto ma dzisiaj wyzdrowie\u0107<br>a kogo ma stukn\u0105\u0107 \u015bmier\u0107<br>lub inaczej piorun sympatyczny<br>komu zabra\u0107 masz urz\u0105d by przywr\u00f3ci\u0107 rozum<br>droga nie zna swej drogi<br>kwiat o sobie nie wie<br>s\u0142owik nie narzeka \u017ce nie sypia noc\u0105<br>g\u0119\u015b si\u0119 nawet nie dziwi \u017ce ma oczy z boku<br>stara ma\u0142pa nie zgadnie czemu nie siwieje<br>\u015bwi\u0119ty \u015bnieg bo spada nie wiadomo komu<br>\u015bwi\u0119te to co przychodzi wci\u0105\u017c wbrew naszej woli<\/p>\n\n\n\n<p><em><strong>\u00abNie przyszed\u0142em pana nawraca\u0107\u00bb, Pozna\u0144 2009, str. 279<\/strong><\/em><\/p>\n\n\n\n<p class=\"has-text-align-center has-text-color\"><a href=\"https:\/\/poezjaiewangelia.pl\/?page_id=979#Gora\"><span style=\"color:#1e73be\" class=\"has-inline-color\">Do g\u00f3ry<\/span><\/a><\/p>\n\n\n\n<p><span style=\"color: #1e73be;\"><a style=\"color: #1e73be;\" href=\"https:\/\/poezjaiewangelia.pl\/?page_id=61#S61\">Powr\u00f3t do Niedziele zwyk\u0142e&nbsp;<\/a>&nbsp;<\/span><a id=\"NZ20B\"><\/a><span style=\"color: #1e73be;\">&nbsp;&nbsp;&nbsp;<a style=\"color: #1e73be;\" href=\"https:\/\/poezjaiewangelia.pl\/?page_id=703#S703\">Powr\u00f3t do Linki<\/a><\/span><\/p>\n\n\n<div class=\"wp-block-image\">\n<figure class=\"alignleft size-large\"><a href=\"https:\/\/pl.wikipedia.org\/w\/index.php?title=Plik:Labarum.png&amp;filetimestamp=20050723191929\" target=\"_blank\" rel=\"noopener noreferrer\"><img loading=\"lazy\" decoding=\"async\" width=\"100\" height=\"100\" src=\"https:\/\/poezjaiewangelia.pl\/wp-content\/uploads\/2015\/12\/Labarum-Krzyz-Konstantyna-C1.jpg\" alt=\"Labarum Krzy\u017c Konstantyna\" class=\"wp-image-424\" title=\"Labarum Krzy\u017c Konstantyna\"\/><\/a><\/figure>\n<\/div>\n\n\n<hr class=\"wp-block-separator has-text-color has-luminous-vivid-amber-color has-css-opacity has-luminous-vivid-amber-background-color has-background is-style-dots\"\/>\n\n\n\n<p><strong>20 NZ rok B: Ewangelia: J 6, 51 \u2013 58;<\/strong><\/p>\n\n\n\n<h2 class=\"wp-block-heading\"><span style=\"color:#008000\" class=\"has-inline-color\">S\u0142owo Bo\u017ce<\/span><\/h2>\n\n\n\n<p><strong>Mowa eucharystyczna<\/strong><\/p>\n<p><span style=\"color: #993300;\"><strong>51 Ja jestem chlebem \u017cywym, kt\u00f3ry zst\u0105pi\u0142 z nieba. Je\u015bli kto spo\u017cywa ten chleb, b\u0119dzie \u017cy\u0142 na wieki. Chlebem, kt\u00f3ry Ja dam, jest moje cia\u0142o za \u017cycie \u015bwiata\u00bb.<\/strong><\/span><br><strong><span style=\"color: #993300;\">52 Sprzeczali si\u0119 wi\u0119c mi\u0119dzy sob\u0105 \u017bydzi m\u00f3wi\u0105c: \u00abJak On mo\u017ce nam da\u0107 [swoje] cia\u0142o do spo\u017cycia?\u00bb<\/span><\/strong><br>53 Rzek\u0142 do nich Jezus: \u00abZaprawd\u0119, zaprawd\u0119, powiadam wam: Je\u017celi nie b\u0119dziecie spo\u017cywali Cia\u0142a Syna Cz\u0142owieczego i nie b\u0119dziecie pili Krwi Jego, nie b\u0119dziecie mieli \u017cycia w sobie.<br>54 Kto spo\u017cywa moje Cia\u0142o i pije moj\u0105 Krew, ma \u017cycie wieczne, a Ja go wskrzesz\u0119 w dniu ostatecznym.<br>55 Cia\u0142o moje jest prawdziwym pokarmem, a Krew moja jest prawdziwym napojem.<br>56 Kto spo\u017cywa moje Cia\u0142o i Krew moj\u0105 pije, trwa we Mnie, a Ja w nim.<br>57 Jak Mnie pos\u0142a\u0142 \u017cyj\u0105cy Ojciec, a Ja \u017cyj\u0119 przez9 Ojca, tak i ten, kto Mnie spo\u017cywa, b\u0119dzie \u017cy\u0142 przeze Mnie<br>58 To jest chleb, kt\u00f3ry z nieba zst\u0105pi\u0142 \u2013 nie jest on taki jak ten, kt\u00f3ry jedli wasi przodkowie, a poumierali. Kto spo\u017cywa ten chleb, b\u0119dzie \u017cy\u0142 na wieki\u00bb.<\/p>\n\n\n\n<h2 class=\"wp-block-heading\"><span style=\"color:#008000\" class=\"has-inline-color\">Refleksja<\/span><\/h2>\n\n\n<div class=\"wp-block-image\">\n<figure class=\"alignright size-large is-resized\"><a href=\"https:\/\/www.wga.hu\/framex-e.html?file=html\/b\/bartolom\/fra\/christ4e.html&amp;find=glorification+of+Christ\" target=\"_blank\" rel=\"noopener noreferrer\"><img loading=\"lazy\" decoding=\"async\" src=\"https:\/\/poezjaiewangelia.pl\/wp-content\/uploads\/2015\/12\/e7a56a6bef644ea678df43a75647265c-e1461423600762.jpg\" alt=\"Fra Bartolomeo Jezus i Ewangeli\u015bci\" class=\"wp-image-2550\" width=\"302\" height=\"414\" title=\"Fra Bartolomeo Jezus i Ewangeli\u015bci\"\/><\/a><figcaption class=\"wp-element-caption\"><center><em>Fra Bartolomeo Jezus i Ewangeli\u015bci<\/em><\/center><\/figcaption><\/figure>\n<\/div>\n\n\n<p><strong>Jan Twardowski<\/strong><\/p>\n\n\n\n<p><em><strong>Teorie<\/strong><\/em><\/p>\n\n\n\n<p>Podnosz\u0119 Ci\u0119 we mszy \u015bwi\u0119tej<br>niezgrabnie r\u0119koma obiema<br>cho\u0107 m\u00f3wi\u0105<br>\u017ce usprawiedliwia Ci\u0119 tylko to \u017ce Ci\u0119 nie ma<br>nie pierwszy raz nie ostatni<br>patrz\u0119 w Twe oczy Panie<br>cho\u0107 m\u00f3wi\u0105<br>\u017ce zabili Ci\u0119 \u017cydzi a teraz chrze\u015bcijanie<br>lecz wszystkie nasze teorie<br>spisane nie spisane<br>najpierw s\u0105 niedorzeczne<br>potem niebezpieczne<br>a wreszcie dawno znane<\/p>\n\n\n\n<p>wi\u0119c tylko s\u0142ysz\u0119 sercem Twe d\u0142onie zawsze \u017cywe<br>a\u017c \u0142zy w kolejce staj\u0105 \u2014 niem\u0105dre i prawdziwe<\/p>\n\n\n\n<p><em><strong>\u00abNie przyszed\u0142em pana nawraca\u0107\u00bb, Pozna\u0144 2009, str. 270<\/strong><\/em><\/p>\n\n\n\n<p><strong>Wojciech B\u0105k<\/strong><\/p>\n\n\n\n<p><strong>* * *<\/strong><br>Niechaj Ci\u0119 przyjm\u0119, aby \u017cadna \u015bciana<br>Ni tchnienie mi\u0119dzy nami ju\u017c nie sta\u0142o \u2014<br>Oto Krew Twoja w mojej krwi rozlana<br>I Cia\u0142em Twoim \u017cyje moje cia\u0142o!<\/p>\n\n\n\n<p>Ty\u015b nie jest mn\u0105 \u2014 a jestem pe\u0142ny Ciebie,<br>Jakbym nie sob\u0105 by\u0142 \u2014 lecz Twym naczyniem \u2014<br>I s\u0142ysz\u0119: g\u0142os Tw\u00f3j d\u017awi\u0119czy w moim \u015bpiewie \u2014<br>I czuj\u0119: oddech Tw\u00f3j z p\u0142uc moich p\u0142ynie!<\/p>\n\n\n\n<p>Nie ma mnie. Jeste\u015b tylko Ty. Jam jest narz\u0119dziem<br>I \u015blepo si\u0119 podda\u0142em \u2014 Tob\u0105 jestem!<br>I Krew Twa \u017ar\u00f3d\u0142em w ciele si\u0119 przelewa\u2026<\/p>\n\n\n\n<p>I coraz wi\u0119cej Ciebie \u2014 ka\u017cdym gestem<br>Zakre\u015blam Twoj\u0105 wol\u0119 \u2014 ni\u0105 dojrzewam \u2014<br>Ty, kt\u00f3ry\u015b by\u0142 i jest, i b\u0119dziesz!<\/p>\n\n\n\n<p><em><strong>\u00abIntencje serca\u00bb, Pozna\u0144 1985, str. 301<\/strong><\/em><\/p>\n\n\n\n<p class=\"has-text-align-center has-text-color\"><a href=\"https:\/\/poezjaiewangelia.pl\/?page_id=979#Gora\"><span style=\"color:#1e73be\" class=\"has-inline-color\">Do g\u00f3ry<\/span><\/a><\/p>\n\n\n\n<p><span style=\"color: #1e73be;\"><a style=\"color: #1e73be;\" href=\"https:\/\/poezjaiewangelia.pl\/?page_id=61#S61\">Powr\u00f3t do Niedziele zwyk\u0142e&nbsp;<\/a>&nbsp;<\/span><a id=\"NZ20C\"><\/a><span style=\"color: #1e73be;\">&nbsp;&nbsp;&nbsp;<a style=\"color: #1e73be;\" href=\"https:\/\/poezjaiewangelia.pl\/?page_id=703#S703\">Powr\u00f3t do Linki<\/a><\/span><\/p>\n\n\n<div class=\"wp-block-image\">\n<figure class=\"alignleft size-large\"><a href=\"https:\/\/pl.wikipedia.org\/w\/index.php?title=Plik:Labarum.png&amp;filetimestamp=20050723191929\" target=\"_blank\" rel=\"noopener noreferrer\"><img loading=\"lazy\" decoding=\"async\" width=\"100\" height=\"100\" src=\"https:\/\/poezjaiewangelia.pl\/wp-content\/uploads\/2015\/12\/Labarum-Krzyz-Konstantyna-B1.jpg\" alt=\"Labarum Krzy\u017c Konstantyna\" class=\"wp-image-423\" title=\"Labarum Krzy\u017c Konstantyna\"\/><\/a><\/figure>\n<\/div>\n\n\n<hr class=\"wp-block-separator has-text-color has-luminous-vivid-amber-color has-css-opacity has-luminous-vivid-amber-background-color has-background is-style-dots\"\/>\n\n\n\n<p><strong>20 NZ rok C: Ewangelia: \u0141k 12, 49 \u2013 53;<\/strong><\/p>\n\n\n\n<h2 class=\"wp-block-heading\"><span style=\"color:#008000\" class=\"has-inline-color\">S\u0142owo Bo\u017ce<\/span><\/h2>\n\n\n\n<p><strong>Za Jezusem lub przeciw Niemu<\/strong><\/p>\n<p><span style=\"color: #993300;\"><strong>49 Przyszed\u0142em rzuci\u0107 ogie\u0144 na ziemi\u0119 i jak\u017ce bardzo pragn\u0119, \u017ceby on ju\u017c zap\u0142on\u0105\u0142<\/strong><\/span><br \/>50 Chrzest mam przyj\u0105\u0107 i jakiej doznaj\u0119 udr\u0119ki, a\u017c si\u0119 to stanie.<br \/>51 Czy my\u015blicie, \u017ce przyszed\u0142em da\u0107 ziemi pok\u00f3j? Nie, powiadam wam, lecz roz\u0142am.<br \/>52 Odt\u0105d bowiem pi\u0119cioro b\u0119dzie rozdwojonych w jednym domu: troje stanie przeciw dwojgu, a dwoje przeciw trojgu;<br \/>53 ojciec przeciw synowi, a syn przeciw ojcu; matka przeciw c\u00f3rce, a c\u00f3rka przeciw matce; te\u015bciowa przeciw synowej, a synowa przeciw te\u015bciowej\u00bb.<\/p>\n\n\n\n<h2 class=\"wp-block-heading\"><span style=\"color:#008000\" class=\"has-inline-color\">Refleksja<\/span><\/h2>\n\n\n<div class=\"wp-block-image\">\n<figure class=\"alignright size-large is-resized\"><a href=\"https:\/\/www.wga.hu\/framex-e.html?file=html\/t\/tiziano\/01b\/2descent.html&amp;find=Pentecost\" target=\"_blank\" rel=\"noopener noreferrer\"><img loading=\"lazy\" decoding=\"async\" src=\"https:\/\/poezjaiewangelia.pl\/wp-content\/uploads\/2015\/12\/d2fef52de9de015aafb034ca8d45931a-e1459767224235.jpg\" alt=\"Vecellio Tiziano Zes\u0142anie Ducha \u015aw.\" class=\"wp-image-2945\" width=\"270\" height=\"372\" title=\"Vecellio Tiziano Zes\u0142anie Ducha \u015aw.\"\/><\/a><figcaption class=\"wp-element-caption\"><center><em>Vecellio Tiziano Zes\u0142anie Ducha \u015aw.<\/em><\/center><\/figcaption><\/figure>\n<\/div>\n\n\n<p><strong>Janusz Pasierb<\/strong><\/p>\n\n\n\n<p><em><strong>Przez ogie\u0144<\/strong><\/em><\/p>\n\n\n\n<p>nie oddziela mnie od \u015bwiat\u0142a<br>gruby mur czy cienka \u015bciana<br>tylko ogie\u0144<\/p>\n\n\n\n<p>nie odr\u00f3\u017cnia mnie od rzeczy<br>oddech ani serca bicie<br>tylko ogie\u0144<\/p>\n\n\n\n<p>nie zbli\u017ca mnie do cz\u0142owieka<br>jego moja krew i cia\u0142o<br>tylko ogie\u0144<\/p>\n\n\n\n<p>i z Bogiem mnie nie po\u0142\u0105czy<br>ob\u0142ok ch\u0142odny czy powietrze<br>tylko ogie\u0144<\/p>\n\n\n\n<p><em><strong>\u00abWiersze religijne\u00bb, Pozna\u0144 \u2013 Warszawa 1983, str. 8.<\/strong><\/em><\/p>\n\n\n\n<p><strong>Jan Twardowski&nbsp;<\/strong><\/p>\n\n\n\n<p><em><strong>Ogie\u0144<\/strong><\/em><\/p>\n\n\n\n<p>Patrz\u0119 Jezus na brzegu<br>wydawa\u0142 si\u0119 \u0142atwy<br>taki do serca na co dzie\u0144<br>M\u00f3wi\u0142: \u2013 Przyjd\u017a<br>czekam<br>tylko nie licz na cuda<br>do mnie si\u0119 idzie przez ogie\u0144.<\/p>\n\n\n\n<p><em><strong>\u00abNie przyszed\u0142em pana nawraca\u0107\u00bb, Pozna\u0144 2009, str. 483<\/strong><\/em><\/p>\n\n\n\n<p class=\"has-text-align-center has-text-color\"><a href=\"https:\/\/poezjaiewangelia.pl\/?page_id=979#Gora\"><span style=\"color:#1e73be\" class=\"has-inline-color\">Do g\u00f3ry<\/span><\/a><\/p>\n","protected":false},"excerpt":{"rendered":"<p>i 20 Niedziela zwyk\u0142a rok A&nbsp; &nbsp; 20 Niedziela zwyk\u0142a rok B&nbsp; &nbsp; 20 Niedziela zwyk\u0142a rok C Powr\u00f3t do Niedziele zwyk\u0142e, &nbsp;&nbsp; Niedziele zwyk\u0142e 19 \u2013 23,&nbsp; Powr\u00f3t do Linki 20 NZ rok A: Ewangelia: Mt 15, 21 \u2013 28; Wiara kobiety kananejskiej 21 Potem Jezus odszed\u0142 stamt\u0105d i pod\u0105\u017cy\u0142 w stron\u0119 Tyru i &hellip; <a href=\"https:\/\/poezjaiewangelia.pl\/?page_id=979\" class=\"more-link\">Czytaj dalej <span class=\"screen-reader-text\">20 Niedziela zwyk\u0142a rok A, B, C;<\/span><\/a><\/p>\n","protected":false},"author":1,"featured_media":0,"parent":988,"menu_order":2,"comment_status":"closed","ping_status":"closed","template":"","meta":{"_monsterinsights_skip_tracking":false,"_monsterinsights_sitenote_active":false,"_monsterinsights_sitenote_note":"","_monsterinsights_sitenote_category":0,"footnotes":""},"class_list":["post-979","page","type-page","status-publish","hentry"],"aioseo_notices":[],"_links":{"self":[{"href":"https:\/\/poezjaiewangelia.pl\/index.php?rest_route=\/wp\/v2\/pages\/979","targetHints":{"allow":["GET"]}}],"collection":[{"href":"https:\/\/poezjaiewangelia.pl\/index.php?rest_route=\/wp\/v2\/pages"}],"about":[{"href":"https:\/\/poezjaiewangelia.pl\/index.php?rest_route=\/wp\/v2\/types\/page"}],"author":[{"embeddable":true,"href":"https:\/\/poezjaiewangelia.pl\/index.php?rest_route=\/wp\/v2\/users\/1"}],"replies":[{"embeddable":true,"href":"https:\/\/poezjaiewangelia.pl\/index.php?rest_route=%2Fwp%2Fv2%2Fcomments&post=979"}],"version-history":[{"count":117,"href":"https:\/\/poezjaiewangelia.pl\/index.php?rest_route=\/wp\/v2\/pages\/979\/revisions"}],"predecessor-version":[{"id":10227,"href":"https:\/\/poezjaiewangelia.pl\/index.php?rest_route=\/wp\/v2\/pages\/979\/revisions\/10227"}],"up":[{"embeddable":true,"href":"https:\/\/poezjaiewangelia.pl\/index.php?rest_route=\/wp\/v2\/pages\/988"}],"wp:attachment":[{"href":"https:\/\/poezjaiewangelia.pl\/index.php?rest_route=%2Fwp%2Fv2%2Fmedia&parent=979"}],"curies":[{"name":"wp","href":"https:\/\/api.w.org\/{rel}","templated":true}]}}